{"id":71563,"date":"2024-06-19T15:15:21","date_gmt":"2024-06-19T15:15:21","guid":{"rendered":"https:\/\/dev.baudouin.com\/?page_id=71563"},"modified":"2024-06-21T07:55:12","modified_gmt":"2024-06-21T07:55:12","slug":"applicazioni-industriali","status":"publish","type":"page","link":"https:\/\/dev.baudouin.com\/it\/applicazioni-industriali\/","title":{"rendered":"Applicazioni Industriali"},"content":{"rendered":"<style>\n    .page-hero {\n        background-image:linear-gradient(rgba(0, 0, 0, 0.25), rgba(0, 0, 0, 0.25)), url('https:\/\/dev.baudouin.com\/wp-content\/uploads\/2024\/06\/Industrial-solutions-applications.png');\n        background-repeat: no-repeat;\n    }\n    p, h2 {\n        color: #fff;\n    }\n    @media screen and (min-width: 768px) {\n        .page-hero {\n        background-image:linear-gradient(rgba(0, 0, 0, 0.25), rgba(0, 0, 0, 0.25)), url('https:\/\/dev.baudouin.com\/wp-content\/uploads\/2024\/06\/Industrial-engines-1.png');\n    }\n    }\n<\/style>\n<section id=\"page-hero-block_8bca19789b33c4069eda74ce0a9823e6\" class=\"page-hero py-[85px] lg:py-[100px] xl:pt-[100px] xl:pb-[242px] bg-dark-blue \">\n        <div class=\"hero-container mx-auto my-0 md:max-w-[1920px]\">\n        \n            \n        \n        <div class=\"page-hero__container flex flex-col-reverse md:flex-row lg:justify-between\">\n            <div class=\"page-hero__container--left text-center text-white lg:text-left\">\n                                    <div class=\"page-hero__container--left__breadcrumbs mb-7 lg:mb-[32px]\">\n                        <p id=\"breadcrumbs\" class=\"text-xsm text-white leading-5 font-semibold uppercase\"><span><span><a href=\"https:\/\/dev.baudouin.com\/it\/\">Home<\/a><\/span><\/span><\/p>                    <\/div>\n                                <h1 class=\"text-white  mb-[12px] uppercase font-bold md:mb-2.5 lg:mb-[33px]\">Applicazioni industriali <\/h1>\n                <!-- <p class=\"text-gray-form leading-[21px] w-full md:text-sm md:leading-6 md:max-w-[564px]\"><p>Dal 1918, Baudouin si \u00e8 costruita una reputazione di qualit\u00e0 e affidabilit\u00e0. Oggi Baudouin \u00e8 orgogliosa di offrire una gamma polivalente di motori industriali mobili e fissi.<\/p>\n<\/p> -->\n                <p>Dal 1918, Baudouin si \u00e8 costruita una reputazione di qualit\u00e0 e affidabilit\u00e0. Oggi Baudouin \u00e8 orgogliosa di offrire una gamma polivalente di motori industriali mobili e fissi.<\/p>\n            <\/div>\n           \n            \n        <\/div>\n\n    <\/div>\n<\/section>\n\n\n<div class=\"wp-block-group alignfull is-layout-constrained wp-block-group-is-layout-constrained\"><\/div>\n\n\n\n<div class=\"wp-block-group ghostkit-custom-2qqkUG is-layout-flow wp-block-group-is-layout-flow\">\n<div class=\"wp-block-columns is-layout-flex wp-container-core-columns-is-layout-1 wp-block-columns-is-layout-flex\">\n<div class=\"wp-block-column ghostkit-custom-X3dFF is-layout-flow wp-block-column-is-layout-flow\">\n<div class=\"wp-block-cover is-light has-custom-content-position is-position-bottom-center ghostkit-custom-ZfoML2\"><span aria-hidden=\"true\" class=\"wp-block-cover__background has-background-dim-30 has-background-dim\" style=\"background-color:#bf9769\"><\/span><img loading=\"lazy\" decoding=\"async\" width=\"1300\" height=\"1100\" class=\"wp-block-cover__image-background wp-image-71640\" alt=\"\" src=\"https:\/\/dev.baudouin.com\/wp-content\/uploads\/2024\/06\/Water-pump-stationnary.png\" data-object-fit=\"cover\" srcset=\"https:\/\/dev.baudouin.com\/wp-content\/uploads\/2024\/06\/Water-pump-stationnary.png 1300w, https:\/\/dev.baudouin.com\/wp-content\/uploads\/2024\/06\/Water-pump-stationnary-300x254.png 300w, https:\/\/dev.baudouin.com\/wp-content\/uploads\/2024\/06\/Water-pump-stationnary-1024x866.png 1024w, https:\/\/dev.baudouin.com\/wp-content\/uploads\/2024\/06\/Water-pump-stationnary-768x650.png 768w\" sizes=\"auto, (max-width: 1300px) 100vw, 1300px\" \/><div class=\"wp-block-cover__inner-container is-layout-flow wp-block-cover-is-layout-flow\">\n<h2 class=\"wp-block-heading has-text-align-center has-white-color has-text-color has-link-color has-large-font-size wp-elements-be93ff247339d45d1985306ecb76f613\" id=\"stationary-variable-speed\">STAZIONARIO A VELOCIT\u00c0 VARIABILE<\/h2>\n<\/div><\/div>\n\n\n\n<p class=\"has-text-align-center ghostkit-custom-JOOo3\">La gamma Baudouin a velocit\u00e0 variabile offre un funzionamento affidabile ed \u00e8 costruita per garantire una facile manutenzione e la resistenza alle variazioni della qualit\u00e0 del carburante per le applicazioni industriali. La gamma VS \u00e8 ottimizzata con un range che va da 30 a 1715 kW.<\/p>\n\n\n\n<div class=\"wp-block-buttons is-content-justification-center is-layout-flex wp-container-core-buttons-is-layout-1 wp-block-buttons-is-layout-flex\">\n<div class=\"wp-block-button ghostkit-custom-FVO6i\"><a class=\"wp-block-button__link has-white-color has-text-color has-background wp-element-button\" href=\"https:\/\/dev.baudouin.com\/it\/?page_id=71567\" style=\"border-radius:0px;background-color:#001e61\">SCOPRI LE NOSTRE APPLICAZIONI STAZIONARIE BAUDOUIN<\/a><\/div>\n<\/div>\n<\/div>\n\n\n\n<div class=\"wp-block-column is-layout-flow wp-block-column-is-layout-flow\">\n<div class=\"wp-block-cover is-light has-custom-content-position is-position-bottom-center ghostkit-custom-ZkkGxs\"><span aria-hidden=\"true\" class=\"wp-block-cover__background has-background-dim-30 has-background-dim\" style=\"background-color:#cd963b\"><\/span><img loading=\"lazy\" decoding=\"async\" width=\"1000\" height=\"1000\" class=\"wp-block-cover__image-background wp-image-72046\" alt=\"\" src=\"https:\/\/dev.baudouin.com\/wp-content\/uploads\/2024\/06\/Industrial-Non-Road-Mobile-applications.png\" style=\"object-position:61% 81%\" data-object-fit=\"cover\" data-object-position=\"61% 81%\" srcset=\"https:\/\/dev.baudouin.com\/wp-content\/uploads\/2024\/06\/Industrial-Non-Road-Mobile-applications.png 1000w, https:\/\/dev.baudouin.com\/wp-content\/uploads\/2024\/06\/Industrial-Non-Road-Mobile-applications-300x300.png 300w, https:\/\/dev.baudouin.com\/wp-content\/uploads\/2024\/06\/Industrial-Non-Road-Mobile-applications-150x150.png 150w, https:\/\/dev.baudouin.com\/wp-content\/uploads\/2024\/06\/Industrial-Non-Road-Mobile-applications-768x768.png 768w\" sizes=\"auto, (max-width: 1000px) 100vw, 1000px\" \/><div class=\"wp-block-cover__inner-container is-layout-flow wp-block-cover-is-layout-flow\">\n<h2 class=\"wp-block-heading has-text-align-center has-white-color has-text-color has-large-font-size\" id=\"baudouin-propulsion-engines\"><strong>MACCHINE<\/strong> <strong>MOBILI NON STRADALI<\/strong><\/h2>\n<\/div><\/div>\n\n\n\n<p class=\"has-text-align-center\">Baudouin offre un&#8217;ampia gamma di prodotti industriali flessibili per soddisfare le tue esigenze specifiche. Forniamo una variet\u00e0 di motori industriali per i settori dell&#8217;agricoltura, dell&#8217;edilizia e dei progetti speciali, garantendo la soluzione giusta per le tue esigenze.<\/p>\n\n\n\n<p><\/p>\n\n\n\n<div class=\"wp-block-buttons is-content-justification-center is-layout-flex wp-container-core-buttons-is-layout-2 wp-block-buttons-is-layout-flex\">\n<div class=\"wp-block-button\"><a class=\"wp-block-button__link has-white-color has-text-color has-background wp-element-button\" href=\"https:\/\/dev.baudouin.com\/it\/?page_id=71615\" style=\"border-radius:0px;background-color:#001e61\">SCOPRI LE NOSTRE APPLICAZIONI MOBILI BAUDOUIN<\/a><\/div>\n<\/div>\n<\/div>\n<\/div>\n<\/div>\n","protected":false},"excerpt":{"rendered":"<p>La gamma Baudouin a velocit\u00e0 variabile offre un funzionamento affidabile ed \u00e8 costruita per garantire una facile manutenzione e la resistenza alle variazioni della qualit\u00e0 del carburante per le applicazioni industriali. La&#8230;<\/p>\n","protected":false},"author":6,"featured_media":71541,"parent":0,"menu_order":0,"comment_status":"closed","ping_status":"closed","template":"","meta":{"_acf_changed":false,"content-type":"","ghostkit_customizer_options":"","ghostkit_custom_css":"","ghostkit_custom_js_head":"","ghostkit_custom_js_foot":"","ghostkit_typography":"","two_page_speed":[],"footnotes":""},"class_list":["post-71563","page","type-page","status-publish","has-post-thumbnail","hentry"],"acf":[],"yoast_head":"<!-- This site is optimized with the Yoast SEO plugin v26.8 - https:\/\/yoast.com\/product\/yoast-seo-wordpress\/ -->\n<title>Applicazioni Industriali - Baudouin<\/title>\n<meta name=\"description\" content=\"Baudouin offre prodotti versatili per uso industriale mobile e stazionario, garantendo affidabilit\u00e0 e flessibilit\u00e0 dei consumi.\" \/>\n<meta name=\"robots\" content=\"index, follow, max-snippet:-1, max-image-preview:large, max-video-preview:-1\" \/>\n<link rel=\"canonical\" href=\"https:\/\/dev.baudouin.com\/it\/applicazioni-industriali\/\" \/>\n<meta property=\"og:locale\" content=\"it_IT\" \/>\n<meta property=\"og:type\" content=\"article\" \/>\n<meta property=\"og:title\" content=\"Applicazioni Industriali - Baudouin\" \/>\n<meta property=\"og:description\" content=\"Baudouin offre prodotti versatili per uso industriale mobile e stazionario, garantendo affidabilit\u00e0 e flessibilit\u00e0 dei consumi.\" \/>\n<meta property=\"og:url\" content=\"https:\/\/dev.baudouin.com\/it\/applicazioni-industriali\/\" \/>\n<meta property=\"og:site_name\" content=\"Baudouin\" \/>\n<meta property=\"article:modified_time\" content=\"2024-06-21T07:55:12+00:00\" \/>\n<meta property=\"og:image\" content=\"https:\/\/dev.baudouin.com\/wp-content\/uploads\/2024\/06\/Industrial-engines-1-1024x410.png\" \/>\n\t<meta property=\"og:image:width\" content=\"1024\" \/>\n\t<meta property=\"og:image:height\" content=\"410\" \/>\n\t<meta property=\"og:image:type\" content=\"image\/png\" \/>\n<meta name=\"twitter:card\" content=\"summary_large_image\" \/>\n<meta name=\"twitter:label1\" content=\"Tempo di lettura stimato\" \/>\n\t<meta name=\"twitter:data1\" content=\"2 minuti\" \/>\n<script type=\"application\/ld+json\" class=\"yoast-schema-graph\">{\"@context\":\"https:\/\/schema.org\",\"@graph\":[{\"@type\":\"WebPage\",\"@id\":\"https:\/\/dev.baudouin.com\/it\/applicazioni-industriali\/\",\"url\":\"https:\/\/dev.baudouin.com\/it\/applicazioni-industriali\/\",\"name\":\"Applicazioni Industriali - Baudouin\",\"isPartOf\":{\"@id\":\"https:\/\/dev.baudouin.com\/#website\"},\"primaryImageOfPage\":{\"@id\":\"https:\/\/dev.baudouin.com\/it\/applicazioni-industriali\/#primaryimage\"},\"image\":{\"@id\":\"https:\/\/dev.baudouin.com\/it\/applicazioni-industriali\/#primaryimage\"},\"thumbnailUrl\":\"https:\/\/dev.baudouin.com\/wp-content\/uploads\/2024\/06\/Industrial-engines-1.png\",\"datePublished\":\"2024-06-19T15:15:21+00:00\",\"dateModified\":\"2024-06-21T07:55:12+00:00\",\"description\":\"Baudouin offre prodotti versatili per uso industriale mobile e stazionario, garantendo affidabilit\u00e0 e flessibilit\u00e0 dei consumi.\",\"breadcrumb\":{\"@id\":\"https:\/\/dev.baudouin.com\/it\/applicazioni-industriali\/#breadcrumb\"},\"inLanguage\":\"it-IT\",\"potentialAction\":[{\"@type\":\"ReadAction\",\"target\":[\"https:\/\/dev.baudouin.com\/it\/applicazioni-industriali\/\"]}]},{\"@type\":\"ImageObject\",\"inLanguage\":\"it-IT\",\"@id\":\"https:\/\/dev.baudouin.com\/it\/applicazioni-industriali\/#primaryimage\",\"url\":\"https:\/\/dev.baudouin.com\/wp-content\/uploads\/2024\/06\/Industrial-engines-1.png\",\"contentUrl\":\"https:\/\/dev.baudouin.com\/wp-content\/uploads\/2024\/06\/Industrial-engines-1.png\",\"width\":2500,\"height\":1000},{\"@type\":\"BreadcrumbList\",\"@id\":\"https:\/\/dev.baudouin.com\/it\/applicazioni-industriali\/#breadcrumb\",\"itemListElement\":[{\"@type\":\"ListItem\",\"position\":1,\"name\":\"Home\",\"item\":\"https:\/\/dev.baudouin.com\/it\/\"},{\"@type\":\"ListItem\",\"position\":2,\"name\":\"Applicazioni Industriali\"}]},{\"@type\":\"WebSite\",\"@id\":\"https:\/\/dev.baudouin.com\/#website\",\"url\":\"https:\/\/dev.baudouin.com\/\",\"name\":\"Baudouin\",\"description\":\"\",\"publisher\":{\"@id\":\"https:\/\/dev.baudouin.com\/#organization\"},\"potentialAction\":[{\"@type\":\"SearchAction\",\"target\":{\"@type\":\"EntryPoint\",\"urlTemplate\":\"https:\/\/dev.baudouin.com\/?s={search_term_string}\"},\"query-input\":{\"@type\":\"PropertyValueSpecification\",\"valueRequired\":true,\"valueName\":\"search_term_string\"}}],\"inLanguage\":\"it-IT\"},{\"@type\":\"Organization\",\"@id\":\"https:\/\/dev.baudouin.com\/#organization\",\"name\":\"Moteurs Baudouin\",\"alternateName\":\"Moteurs Baudouin\",\"url\":\"https:\/\/dev.baudouin.com\/\",\"logo\":{\"@type\":\"ImageObject\",\"inLanguage\":\"it-IT\",\"@id\":\"https:\/\/dev.baudouin.com\/#\/schema\/logo\/image\/\",\"url\":\"https:\/\/dev.baudouin.com\/wp-content\/uploads\/2024\/12\/Moteur-Baudouin-jpg.webp\",\"contentUrl\":\"https:\/\/dev.baudouin.com\/wp-content\/uploads\/2024\/12\/Moteur-Baudouin-jpg.webp\",\"width\":150,\"height\":150,\"caption\":\"Moteurs Baudouin\"},\"image\":{\"@id\":\"https:\/\/dev.baudouin.com\/#\/schema\/logo\/image\/\"}}]}<\/script>\n<!-- \/ Yoast SEO plugin. -->","yoast_head_json":{"title":"Applicazioni Industriali - Baudouin","description":"Baudouin offre prodotti versatili per uso industriale mobile e stazionario, garantendo affidabilit\u00e0 e flessibilit\u00e0 dei consumi.","robots":{"index":"index","follow":"follow","max-snippet":"max-snippet:-1","max-image-preview":"max-image-preview:large","max-video-preview":"max-video-preview:-1"},"canonical":"https:\/\/dev.baudouin.com\/it\/applicazioni-industriali\/","og_locale":"it_IT","og_type":"article","og_title":"Applicazioni Industriali - Baudouin","og_description":"Baudouin offre prodotti versatili per uso industriale mobile e stazionario, garantendo affidabilit\u00e0 e flessibilit\u00e0 dei consumi.","og_url":"https:\/\/dev.baudouin.com\/it\/applicazioni-industriali\/","og_site_name":"Baudouin","article_modified_time":"2024-06-21T07:55:12+00:00","og_image":[{"width":1024,"height":410,"url":"https:\/\/dev.baudouin.com\/wp-content\/uploads\/2024\/06\/Industrial-engines-1-1024x410.png","type":"image\/png"}],"twitter_card":"summary_large_image","twitter_misc":{"Tempo di lettura stimato":"2 minuti"},"schema":{"@context":"https:\/\/schema.org","@graph":[{"@type":"WebPage","@id":"https:\/\/dev.baudouin.com\/it\/applicazioni-industriali\/","url":"https:\/\/dev.baudouin.com\/it\/applicazioni-industriali\/","name":"Applicazioni Industriali - Baudouin","isPartOf":{"@id":"https:\/\/dev.baudouin.com\/#website"},"primaryImageOfPage":{"@id":"https:\/\/dev.baudouin.com\/it\/applicazioni-industriali\/#primaryimage"},"image":{"@id":"https:\/\/dev.baudouin.com\/it\/applicazioni-industriali\/#primaryimage"},"thumbnailUrl":"https:\/\/dev.baudouin.com\/wp-content\/uploads\/2024\/06\/Industrial-engines-1.png","datePublished":"2024-06-19T15:15:21+00:00","dateModified":"2024-06-21T07:55:12+00:00","description":"Baudouin offre prodotti versatili per uso industriale mobile e stazionario, garantendo affidabilit\u00e0 e flessibilit\u00e0 dei consumi.","breadcrumb":{"@id":"https:\/\/dev.baudouin.com\/it\/applicazioni-industriali\/#breadcrumb"},"inLanguage":"it-IT","potentialAction":[{"@type":"ReadAction","target":["https:\/\/dev.baudouin.com\/it\/applicazioni-industriali\/"]}]},{"@type":"ImageObject","inLanguage":"it-IT","@id":"https:\/\/dev.baudouin.com\/it\/applicazioni-industriali\/#primaryimage","url":"https:\/\/dev.baudouin.com\/wp-content\/uploads\/2024\/06\/Industrial-engines-1.png","contentUrl":"https:\/\/dev.baudouin.com\/wp-content\/uploads\/2024\/06\/Industrial-engines-1.png","width":2500,"height":1000},{"@type":"BreadcrumbList","@id":"https:\/\/dev.baudouin.com\/it\/applicazioni-industriali\/#breadcrumb","itemListElement":[{"@type":"ListItem","position":1,"name":"Home","item":"https:\/\/dev.baudouin.com\/it\/"},{"@type":"ListItem","position":2,"name":"Applicazioni Industriali"}]},{"@type":"WebSite","@id":"https:\/\/dev.baudouin.com\/#website","url":"https:\/\/dev.baudouin.com\/","name":"Baudouin","description":"","publisher":{"@id":"https:\/\/dev.baudouin.com\/#organization"},"potentialAction":[{"@type":"SearchAction","target":{"@type":"EntryPoint","urlTemplate":"https:\/\/dev.baudouin.com\/?s={search_term_string}"},"query-input":{"@type":"PropertyValueSpecification","valueRequired":true,"valueName":"search_term_string"}}],"inLanguage":"it-IT"},{"@type":"Organization","@id":"https:\/\/dev.baudouin.com\/#organization","name":"Moteurs Baudouin","alternateName":"Moteurs Baudouin","url":"https:\/\/dev.baudouin.com\/","logo":{"@type":"ImageObject","inLanguage":"it-IT","@id":"https:\/\/dev.baudouin.com\/#\/schema\/logo\/image\/","url":"https:\/\/dev.baudouin.com\/wp-content\/uploads\/2024\/12\/Moteur-Baudouin-jpg.webp","contentUrl":"https:\/\/dev.baudouin.com\/wp-content\/uploads\/2024\/12\/Moteur-Baudouin-jpg.webp","width":150,"height":150,"caption":"Moteurs Baudouin"},"image":{"@id":"https:\/\/dev.baudouin.com\/#\/schema\/logo\/image\/"}}]}},"_links":{"self":[{"href":"https:\/\/dev.baudouin.com\/it\/wp-json\/wp\/v2\/pages\/71563","targetHints":{"allow":["GET"]}}],"collection":[{"href":"https:\/\/dev.baudouin.com\/it\/wp-json\/wp\/v2\/pages"}],"about":[{"href":"https:\/\/dev.baudouin.com\/it\/wp-json\/wp\/v2\/types\/page"}],"author":[{"embeddable":true,"href":"https:\/\/dev.baudouin.com\/it\/wp-json\/wp\/v2\/users\/6"}],"replies":[{"embeddable":true,"href":"https:\/\/dev.baudouin.com\/it\/wp-json\/wp\/v2\/comments?post=71563"}],"version-history":[{"count":9,"href":"https:\/\/dev.baudouin.com\/it\/wp-json\/wp\/v2\/pages\/71563\/revisions"}],"predecessor-version":[{"id":72064,"href":"https:\/\/dev.baudouin.com\/it\/wp-json\/wp\/v2\/pages\/71563\/revisions\/72064"}],"wp:featuredmedia":[{"embeddable":true,"href":"https:\/\/dev.baudouin.com\/it\/wp-json\/wp\/v2\/media\/71541"}],"wp:attachment":[{"href":"https:\/\/dev.baudouin.com\/it\/wp-json\/wp\/v2\/media?parent=71563"}],"curies":[{"name":"wp","href":"https:\/\/api.w.org\/{rel}","templated":true}]}}