{"id":62359,"date":"2023-09-20T15:57:45","date_gmt":"2023-09-20T15:57:45","guid":{"rendered":"https:\/\/dev.baudouin.com\/baudouin-scr-solutions\/"},"modified":"2025-04-07T09:37:47","modified_gmt":"2025-04-07T09:37:47","slug":"baudouin-scr-solutions","status":"publish","type":"page","link":"https:\/\/dev.baudouin.com\/it\/baudouin-scr-solutions\/","title":{"rendered":"Soluzioni SCR Baudouin"},"content":{"rendered":"<style>\n    .page-hero {\n        background-image:linear-gradient(rgba(0, 0, 0, 0.25), rgba(0, 0, 0, 0.25)), url('https:\/\/dev.baudouin.com\/wp-content\/uploads\/2023\/11\/moteurs-baudouin-scr-solutions-mobile-header.jpg');\n        background-repeat: no-repeat;\n    }\n    p, h2 {\n        color: #fff;\n    }\n    @media screen and (min-width: 768px) {\n        .page-hero {\n        background-image:linear-gradient(rgba(0, 0, 0, 0.25), rgba(0, 0, 0, 0.25)), url('https:\/\/dev.baudouin.com\/wp-content\/uploads\/2023\/11\/moteurs-baudouin-scr-solutions-desktop-header-1.jpg');\n    }\n    }\n<\/style>\n<section id=\"page-hero-block_4a4cf424075afa11a3ef4aed44f775c5\" class=\"page-hero py-[85px] lg:py-[100px] xl:pt-[100px] xl:pb-[242px] bg-dark-blue \">\n        <div class=\"hero-container mx-auto my-0 md:max-w-[1920px]\">\n        \n            \n        \n        <div class=\"page-hero__container flex flex-col-reverse md:flex-row lg:justify-between\">\n            <div class=\"page-hero__container--left text-center text-white lg:text-left\">\n                                    <div class=\"page-hero__container--left__breadcrumbs mb-7 lg:mb-[32px]\">\n                        <p id=\"breadcrumbs\" class=\"text-xsm text-white leading-5 font-semibold uppercase\"><span><span><a href=\"https:\/\/dev.baudouin.com\/it\/\">Home<\/a><\/span><\/span><\/p>                    <\/div>\n                                <h1 class=\"text-white  mb-[12px] uppercase font-bold md:mb-2.5 lg:mb-[33px]\">SOLUZIONI SCR BAUDOUIN<\/h1>\n                <!-- <p class=\"text-gray-form leading-[21px] w-full md:text-sm md:leading-6 md:max-w-[564px]\"><p>La tecnologia SCR \u00e8 un solido sistema di controllo delle emissioni che riduce notevolmente le emissioni di ossidi di azoto (NOx). Combinando SCR con i nostri motori, miglioriamo le prestazioni ambientali e manteniamo un&#8217;ottimale generazione di energia.<\/p>\n<\/p> -->\n                <p>La tecnologia SCR \u00e8 un solido sistema di controllo delle emissioni che riduce notevolmente le emissioni di ossidi di azoto (NOx). Combinando SCR con i nostri motori, miglioriamo le prestazioni ambientali e manteniamo un&#8217;ottimale generazione di energia.<\/p>\n            <\/div>\n           \n            \n        <\/div>\n\n    <\/div>\n<\/section>\n\n\n<div class=\"wp-block-group is-layout-constrained wp-block-group-is-layout-constrained\">\n<div class=\"wp-block-columns ghostkit-custom-2tcmjy is-layout-flex wp-container-core-columns-is-layout-1 wp-block-columns-is-layout-flex\">\n<div class=\"wp-block-column ghostkit-custom-Z1pt0Y4 is-layout-flow wp-block-column-is-layout-flow\">\n<figure class=\"wp-block-image aligncenter size-full is-resized ghostkit-custom-1Xxlyc\"><img loading=\"lazy\" decoding=\"async\" width=\"208\" height=\"208\" src=\"https:\/\/dev.baudouin.com\/wp-content\/uploads\/2023\/10\/moteurs-baudouin-nox-emmisions.jpg\" alt=\"\" class=\"wp-image-60575\" style=\"width:100px;height:undefinedpx\" srcset=\"https:\/\/dev.baudouin.com\/wp-content\/uploads\/2023\/10\/moteurs-baudouin-nox-emmisions.jpg 208w, https:\/\/dev.baudouin.com\/wp-content\/uploads\/2023\/10\/moteurs-baudouin-nox-emmisions-150x150.jpg 150w\" sizes=\"auto, (max-width: 208px) 100vw, 208px\" \/><\/figure>\n\n\n\n<h2 class=\"wp-block-heading has-text-align-center ghostkit-custom-ZK9Jxz has-text-color\" id=\"riduzione-delle-emissioni-nocive-di-ossidi-di-azoto-nox\" style=\"color:#001e61;font-size:18px\">RIDUZIONE DELLE EMISSIONI NOCIVE DI OSSIDI DI AZOTO (NOX)<\/h2>\n\n\n\n<p class=\"has-text-align-center ghostkit-custom-LbdqE\">La nostra tecnologia SCR riduce notevolmente le emissioni di ossidi di azoto (NOx) grazie all&#8217;iniezione di una soluzione a base di urea nel sistema di scarico. Questa reazione chimica converte gli NOx negli inoffensivi azoto e vapore acqueo, garantendo la conformit\u00e0 con le pi\u00f9 stringenti normative sulle emissioni.<\/p>\n<\/div>\n\n\n\n<div class=\"wp-block-column ghostkit-custom-2sB9Qn is-layout-flow wp-block-column-is-layout-flow\">\n<figure class=\"wp-block-image aligncenter size-full is-resized ghostkit-custom-Z1frcRf\"><img loading=\"lazy\" decoding=\"async\" width=\"208\" height=\"208\" src=\"https:\/\/dev.baudouin.com\/wp-content\/uploads\/2023\/10\/moteurs-baudouin-noise-reduction.jpg\" alt=\"\" class=\"wp-image-60571\" style=\"width:100px;height:undefinedpx\" srcset=\"https:\/\/dev.baudouin.com\/wp-content\/uploads\/2023\/10\/moteurs-baudouin-noise-reduction.jpg 208w, https:\/\/dev.baudouin.com\/wp-content\/uploads\/2023\/10\/moteurs-baudouin-noise-reduction-150x150.jpg 150w\" sizes=\"auto, (max-width: 208px) 100vw, 208px\" \/><\/figure>\n\n\n\n<h2 class=\"wp-block-heading has-text-align-center ghostkit-custom-2t8Qms has-text-color\" id=\"riduzione-della-rumorosita\" style=\"color:#001e61;font-size:18px\">RIDUZIONE DELLA RUMOROSIT\u00c0<\/h2>\n\n\n\n<p class=\"has-text-align-center ghostkit-custom-Z1k5LB7\">I sistemi SCR richiedono un controllo preciso della miscela carburante-aria per garantire una riduzione efficiente degli NOx. Questa ottimizzazione porta a un processo di combustione pi\u00f9 completo e controllato, con una riduzione al minimo della rumorosit\u00e0 della combustione.<\/p>\n<\/div>\n<\/div>\n<\/div>\n\n\n\n<div class=\"wp-block-group is-layout-constrained wp-block-group-is-layout-constrained\">\n<div class=\"wp-block-columns is-layout-flex wp-container-core-columns-is-layout-2 wp-block-columns-is-layout-flex\">\n<div class=\"wp-block-column is-layout-flow wp-block-column-is-layout-flow\">\n<h2 class=\"wp-block-heading has-text-align-left ghostkit-custom-Zj6FFO has-text-color\" id=\"soluzioni-scr-post-trattamento\" style=\"color:#c7d53d;font-size:40px\">SOLUZIONI SCR POST-TRATTAMENTO<\/h2>\n\n\n\n<h2 class=\"wp-block-heading has-text-align-left ghostkit-custom-2mOILM has-text-color\" id=\"imo-iii-epa-4-eu-stage-v-solutions\" style=\"color:#001e61;font-size:18px\">IMO III, EPA 4 &amp; EU STAGE V SOLUTIONS<\/h2>\n<\/div>\n<\/div>\n<\/div>\n\n\n\n<div class=\"wp-block-group ghostkit-custom-1opsA9 is-layout-constrained wp-block-group-is-layout-constrained\">\n<div class=\"wp-block-columns is-layout-flex wp-container-core-columns-is-layout-3 wp-block-columns-is-layout-flex\">\n<div class=\"wp-block-column is-layout-flow wp-block-column-is-layout-flow\">\n<p class=\"has-text-align-left ghostkit-custom-Z24r6Y6 has-text-color\" style=\"color:#001e61\"><strong>Rispetto di standard di emissione pi\u00f9 elevati<\/strong><\/p>\n\n\n\n<p>I motori marini sono soggetti a restrizioni sempre pi\u00f9 severe sulle emissioni di scarico. Baudouin \u00e8 orgoglioso di essere uno dei pochi produttori di motori ad alta velocit\u00e0 a offrire soluzioni certificate IMO III ed EPA III, EPA 4 e EU Stage V. I nostri motori avanzati soddisfano i pi\u00f9 recenti standard stabiliti per i mari internazionali, le coste statunitensi, le imbarcazioni da diporto e le vie d&#8217;acqua interne.<\/p>\n<\/div>\n\n\n\n<div class=\"wp-block-column is-layout-flow wp-block-column-is-layout-flow\">\n<p class=\"has-text-align-left ghostkit-custom-Z1neUrJ has-text-color\" style=\"color:#001e61\"><strong>Una tecnologia non vincolante<\/strong><\/p>\n\n\n\n<p>I nostri motori avanzati M26.3 soddisfano i requisiti IMO III, EPA Tier 4 e EU Stage V, offrendo un risparmio di carburante superiore senza compromettere la potenza del motore. Abbiamo completamente riprogettato il ciclo di combustione modificando il sistema di iniezione e la camera di combustione, ricalibrando contemporaneamente i parametri di iniezione. Il risultato \u00e8 un motore pi\u00f9 pulito, con prestazioni migliori senza compromettere l&#8217;affidabilit\u00e0. Abbiamo inoltre sviluppato un sistema di riduzione catalitica selettiva (SCR) ottimizzato per soddisfare i requisiti IMO III ed EPA Tier 4.<\/p>\n<\/div>\n<\/div>\n<\/div>\n\n\n\n<div class=\"wp-block-group ghostkit-custom-1GLRHw is-layout-constrained wp-block-group-is-layout-constrained\">\n<div class=\"wp-block-columns is-layout-flex wp-container-core-columns-is-layout-4 wp-block-columns-is-layout-flex\">\n<div class=\"wp-block-column is-layout-flow wp-block-column-is-layout-flow\">\n<p class=\"has-text-align-left ghostkit-custom-1S4osj has-text-color\" style=\"color:#001e61\"><strong>Un sistema compatto e flessibile<\/strong><\/p>\n\n\n\n<p>+ Facile integrazione nella linea di propulsione<br>+ Repowering e costruzione di nuove navi<br>+ Ampia gamma di disposizioni dei componenti del sistema<br>+ Configurazioni di montaggio dell&#8217;SCR adattabili<br>+ Sistema compatto di dosaggio dell&#8217;urea &#8220;airless&#8221; che non richiede alcuna installazione aggiuntiva.<br>+ Compatibilit\u00e0 con HVO<\/p>\n<\/div>\n\n\n\n<div class=\"wp-block-column is-layout-flow wp-block-column-is-layout-flow\">\n<p class=\"has-text-align-left ghostkit-custom-ZP6XSu has-text-color\" style=\"color:#001e61\"><strong>I nostri motori avanzati offrono<\/strong><\/p>\n\n\n\n<p>+ Un motore pi\u00f9 pulito con la stessa potenza<br>+ Fino al 5% di riduzione nel consumo medio di carburante<br>+ Un programma di manutenzione ottimizzato in base al motore<br>+ Un design modulare estremamente compatto<br>+ Una flessibilit\u00e0 di installazione superiore<br>+ Fino a 25 dB di riduzione del rumore<\/p>\n<\/div>\n<\/div>\n<\/div>\n\n\n\n<div class=\"wp-block-group ghostkit-custom-wuRJK is-layout-constrained wp-block-group-is-layout-constrained\">\n<div class=\"wp-block-columns is-layout-flex wp-container-core-columns-is-layout-5 wp-block-columns-is-layout-flex\">\n<div class=\"wp-block-column is-layout-flow wp-block-column-is-layout-flow\">\n<h2 class=\"wp-block-heading has-text-align-left ghostkit-custom-112aio has-text-color\" id=\"the-baudouin-global-service-network\" style=\"color:#001e61;font-size:18px\">CONFIGURAZIONI MODULARI<\/h2>\n<\/div>\n<\/div>\n\n\n\n<div class=\"wp-block-columns is-layout-flex wp-container-core-columns-is-layout-6 wp-block-columns-is-layout-flex\">\n<div class=\"wp-block-column is-layout-flow wp-block-column-is-layout-flow\">\n<figure class=\"wp-block-image aligncenter size-full is-resized\"><img loading=\"lazy\" decoding=\"async\" width=\"741\" height=\"514\" src=\"https:\/\/dev.baudouin.com\/wp-content\/uploads\/2023\/10\/moteurs-baudouin-scr-stand-alone-installation.png\" alt=\"\" class=\"wp-image-60595\" style=\"object-fit:cover;width:304px;height:200px\" srcset=\"https:\/\/dev.baudouin.com\/wp-content\/uploads\/2023\/10\/moteurs-baudouin-scr-stand-alone-installation.png 741w, https:\/\/dev.baudouin.com\/wp-content\/uploads\/2023\/10\/moteurs-baudouin-scr-stand-alone-installation-300x208.png 300w\" sizes=\"auto, (max-width: 741px) 100vw, 741px\" \/><\/figure>\n\n\n\n<p class=\"has-text-align-center ghostkit-custom-Z1PSGVi has-text-color\" style=\"color:#001e61\">Installazione indipendente<\/p>\n<\/div>\n\n\n\n<div class=\"wp-block-column is-layout-flow wp-block-column-is-layout-flow\">\n<figure class=\"wp-block-image aligncenter size-full is-resized\"><img loading=\"lazy\" decoding=\"async\" width=\"745\" height=\"514\" src=\"https:\/\/dev.baudouin.com\/wp-content\/uploads\/2023\/10\/moteurs-baudouin-scr-over-engine-installation.png\" alt=\"\" class=\"wp-image-60583\" style=\"width:undefinedpx;height:200px\" srcset=\"https:\/\/dev.baudouin.com\/wp-content\/uploads\/2023\/10\/moteurs-baudouin-scr-over-engine-installation.png 745w, https:\/\/dev.baudouin.com\/wp-content\/uploads\/2023\/10\/moteurs-baudouin-scr-over-engine-installation-300x207.png 300w\" sizes=\"auto, (max-width: 745px) 100vw, 745px\" \/><\/figure>\n\n\n\n<p class=\"has-text-align-center ghostkit-custom-Z1GMMwH has-text-color\" style=\"color:#001e61\">Installazione sopra il motore (tipica)<\/p>\n<\/div>\n\n\n\n<div class=\"wp-block-column is-layout-flow wp-block-column-is-layout-flow\">\n<figure class=\"wp-block-image aligncenter size-large is-resized\"><img loading=\"lazy\" decoding=\"async\" width=\"1024\" height=\"501\" src=\"https:\/\/dev.baudouin.com\/wp-content\/uploads\/2023\/10\/moteurs-baudouin-scr-over-gearbox-installation-1024x501.png\" alt=\"\" class=\"wp-image-60587\" style=\"object-fit:contain;width:581px;height:200px\" srcset=\"https:\/\/dev.baudouin.com\/wp-content\/uploads\/2023\/10\/moteurs-baudouin-scr-over-gearbox-installation-1024x501.png 1024w, https:\/\/dev.baudouin.com\/wp-content\/uploads\/2023\/10\/moteurs-baudouin-scr-over-gearbox-installation-300x147.png 300w, https:\/\/dev.baudouin.com\/wp-content\/uploads\/2023\/10\/moteurs-baudouin-scr-over-gearbox-installation-768x376.png 768w, https:\/\/dev.baudouin.com\/wp-content\/uploads\/2023\/10\/moteurs-baudouin-scr-over-gearbox-installation.png 1050w\" sizes=\"auto, (max-width: 1024px) 100vw, 1024px\" \/><\/figure>\n\n\n\n<p class=\"has-text-align-center ghostkit-custom-ZWkBlc has-text-color\" style=\"color:#001e61\">Installazione sopra il cambio (tipica)<\/p>\n<\/div>\n<\/div>\n<\/div>\n\n\n\n<div class=\"wp-block-group ghostkit-custom-1fBwt2 is-layout-constrained wp-block-group-is-layout-constrained\">\n<div class=\"wp-block-columns is-layout-flex wp-container-core-columns-is-layout-7 wp-block-columns-is-layout-flex\">\n<div class=\"wp-block-column is-layout-flow wp-block-column-is-layout-flow\">\n<h2 class=\"wp-block-heading has-text-align-left ghostkit-custom-Z2nGfJf has-text-color\" id=\"the-baudouin-global-service-network\" style=\"color:#001e61;font-size:18px\">FLESSIBILIT\u00c0 DI INSTALLAZIONE SUPERIORE<\/h2>\n\n\n\n<figure class=\"wp-block-image size-large\"><img loading=\"lazy\" decoding=\"async\" width=\"1024\" height=\"451\" src=\"https:\/\/dev.baudouin.com\/wp-content\/uploads\/2023\/10\/moteurs-baudouin-scr-flexibility-1024x451.jpg\" alt=\"\" class=\"wp-image-60579\" srcset=\"https:\/\/dev.baudouin.com\/wp-content\/uploads\/2023\/10\/moteurs-baudouin-scr-flexibility-1024x451.jpg 1024w, https:\/\/dev.baudouin.com\/wp-content\/uploads\/2023\/10\/moteurs-baudouin-scr-flexibility-300x132.jpg 300w, https:\/\/dev.baudouin.com\/wp-content\/uploads\/2023\/10\/moteurs-baudouin-scr-flexibility-768x338.jpg 768w, https:\/\/dev.baudouin.com\/wp-content\/uploads\/2023\/10\/moteurs-baudouin-scr-flexibility-1536x676.jpg 1536w, https:\/\/dev.baudouin.com\/wp-content\/uploads\/2023\/10\/moteurs-baudouin-scr-flexibility-2048x901.jpg 2048w\" sizes=\"auto, (max-width: 1024px) 100vw, 1024px\" \/><\/figure>\n<\/div>\n<\/div>\n<\/div>\n\n\n\n<div class=\"wp-block-cover aligncenter ghostkit-custom-Z1YvKCm\"><span aria-hidden=\"true\" class=\"wp-block-cover__background has-background-dim-60 has-background-dim\"><\/span><img loading=\"lazy\" decoding=\"async\" width=\"2500\" height=\"1000\" class=\"wp-block-cover__image-background wp-image-60887\" alt=\"\" src=\"https:\/\/dev.baudouin.com\/wp-content\/uploads\/2023\/10\/moteurs-baudouin-news-header.jpg\" data-object-fit=\"cover\" srcset=\"https:\/\/dev.baudouin.com\/wp-content\/uploads\/2023\/10\/moteurs-baudouin-news-header.jpg 2500w, https:\/\/dev.baudouin.com\/wp-content\/uploads\/2023\/10\/moteurs-baudouin-news-header-300x120.jpg 300w, https:\/\/dev.baudouin.com\/wp-content\/uploads\/2023\/10\/moteurs-baudouin-news-header-1024x410.jpg 1024w, https:\/\/dev.baudouin.com\/wp-content\/uploads\/2023\/10\/moteurs-baudouin-news-header-768x307.jpg 768w, https:\/\/dev.baudouin.com\/wp-content\/uploads\/2023\/10\/moteurs-baudouin-news-header-1536x614.jpg 1536w, https:\/\/dev.baudouin.com\/wp-content\/uploads\/2023\/10\/moteurs-baudouin-news-header-2048x819.jpg 2048w\" sizes=\"auto, (max-width: 2500px) 100vw, 2500px\" \/><div class=\"wp-block-cover__inner-container is-layout-flow wp-block-cover-is-layout-flow\">\n<h5 class=\"wp-block-heading has-text-align-center ghostkit-custom-Ztva3w has-white-color has-text-color\" id=\"become-a-trusted-partner-1\">Per saperne di pi\u00f9 sulle soluzioni SCR<\/h5>\n\n\n\n<p class=\"has-text-align-center ghostkit-custom-1R8W09 has-white-color has-text-color\">Per ulteriori informazioni sul nostro motore SCR compatibile con il settore marino, scaricare la nostra guida ai prodotti marini.<\/p>\n\n\n\n<div class=\"wp-block-buttons is-content-justification-center is-layout-flex wp-container-core-buttons-is-layout-1 wp-block-buttons-is-layout-flex\">\n<div class=\"wp-block-button\"><a class=\"wp-block-button__link has-white-background-color has-text-color has-background wp-element-button\" href=\"https:\/\/dev.baudouin.com\/wp-content\/uploads\/2024\/08\/Marine-Product-Guide-032025-V2.pdf\" style=\"border-radius:0px;color:#706f6f\">Scaricamento<\/a><\/div>\n<\/div>\n<\/div><\/div>\n","protected":false},"excerpt":{"rendered":"<p>RIDUZIONE DELLE EMISSIONI NOCIVE DI OSSIDI DI AZOTO (NOX) La nostra tecnologia SCR riduce notevolmente le emissioni di ossidi di azoto (NOx) grazie all&#8217;iniezione di una soluzione a base di urea nel&#8230;<\/p>\n","protected":false},"author":1,"featured_media":61899,"parent":0,"menu_order":0,"comment_status":"closed","ping_status":"closed","template":"","meta":{"_acf_changed":false,"content-type":"","ghostkit_customizer_options":"","ghostkit_custom_css":"","ghostkit_custom_js_head":"","ghostkit_custom_js_foot":"","ghostkit_typography":"","two_page_speed":[],"footnotes":""},"class_list":["post-62359","page","type-page","status-publish","has-post-thumbnail","hentry"],"acf":[],"yoast_head":"<!-- This site is optimized with the Yoast SEO plugin v26.8 - https:\/\/yoast.com\/product\/yoast-seo-wordpress\/ -->\n<title>Soluzioni SCR Baudouin - Baudouin<\/title>\n<meta name=\"description\" content=\"By combining SCR with our engines, we enhance environmental performance while maintaining optimal power output.\" \/>\n<meta name=\"robots\" content=\"index, follow, max-snippet:-1, max-image-preview:large, max-video-preview:-1\" \/>\n<link rel=\"canonical\" href=\"https:\/\/dev.baudouin.com\/it\/baudouin-scr-solutions\/\" \/>\n<meta property=\"og:locale\" content=\"it_IT\" \/>\n<meta property=\"og:type\" content=\"article\" \/>\n<meta property=\"og:title\" content=\"Soluzioni SCR Baudouin - Baudouin\" \/>\n<meta property=\"og:description\" content=\"By combining SCR with our engines, we enhance environmental performance while maintaining optimal power output.\" \/>\n<meta property=\"og:url\" content=\"https:\/\/dev.baudouin.com\/it\/baudouin-scr-solutions\/\" \/>\n<meta property=\"og:site_name\" content=\"Baudouin\" \/>\n<meta property=\"article:modified_time\" content=\"2025-04-07T09:37:47+00:00\" \/>\n<meta property=\"og:image\" content=\"https:\/\/dev.baudouin.com\/wp-content\/uploads\/2023\/11\/moteurs-baudouin-scr-solutions-mobile-header.jpg\" \/>\n\t<meta property=\"og:image:width\" content=\"1000\" \/>\n\t<meta property=\"og:image:height\" content=\"1000\" \/>\n\t<meta property=\"og:image:type\" content=\"image\/jpeg\" \/>\n<meta name=\"twitter:card\" content=\"summary_large_image\" \/>\n<meta name=\"twitter:label1\" content=\"Tempo di lettura stimato\" \/>\n\t<meta name=\"twitter:data1\" content=\"4 minuti\" \/>\n<script type=\"application\/ld+json\" class=\"yoast-schema-graph\">{\"@context\":\"https:\/\/schema.org\",\"@graph\":[{\"@type\":\"WebPage\",\"@id\":\"https:\/\/dev.baudouin.com\/it\/baudouin-scr-solutions\/\",\"url\":\"https:\/\/dev.baudouin.com\/it\/baudouin-scr-solutions\/\",\"name\":\"Soluzioni SCR Baudouin - Baudouin\",\"isPartOf\":{\"@id\":\"https:\/\/dev.baudouin.com\/#website\"},\"primaryImageOfPage\":{\"@id\":\"https:\/\/dev.baudouin.com\/it\/baudouin-scr-solutions\/#primaryimage\"},\"image\":{\"@id\":\"https:\/\/dev.baudouin.com\/it\/baudouin-scr-solutions\/#primaryimage\"},\"thumbnailUrl\":\"https:\/\/dev.baudouin.com\/wp-content\/uploads\/2023\/11\/moteurs-baudouin-scr-solutions-mobile-header.jpg\",\"datePublished\":\"2023-09-20T15:57:45+00:00\",\"dateModified\":\"2025-04-07T09:37:47+00:00\",\"description\":\"By combining SCR with our engines, we enhance environmental performance while maintaining optimal power output.\",\"breadcrumb\":{\"@id\":\"https:\/\/dev.baudouin.com\/it\/baudouin-scr-solutions\/#breadcrumb\"},\"inLanguage\":\"it-IT\",\"potentialAction\":[{\"@type\":\"ReadAction\",\"target\":[\"https:\/\/dev.baudouin.com\/it\/baudouin-scr-solutions\/\"]}]},{\"@type\":\"ImageObject\",\"inLanguage\":\"it-IT\",\"@id\":\"https:\/\/dev.baudouin.com\/it\/baudouin-scr-solutions\/#primaryimage\",\"url\":\"https:\/\/dev.baudouin.com\/wp-content\/uploads\/2023\/11\/moteurs-baudouin-scr-solutions-mobile-header.jpg\",\"contentUrl\":\"https:\/\/dev.baudouin.com\/wp-content\/uploads\/2023\/11\/moteurs-baudouin-scr-solutions-mobile-header.jpg\",\"width\":1000,\"height\":1000,\"caption\":\"Passenger boat carrying cars.\"},{\"@type\":\"BreadcrumbList\",\"@id\":\"https:\/\/dev.baudouin.com\/it\/baudouin-scr-solutions\/#breadcrumb\",\"itemListElement\":[{\"@type\":\"ListItem\",\"position\":1,\"name\":\"Home\",\"item\":\"https:\/\/dev.baudouin.com\/it\/\"},{\"@type\":\"ListItem\",\"position\":2,\"name\":\"Soluzioni SCR Baudouin\"}]},{\"@type\":\"WebSite\",\"@id\":\"https:\/\/dev.baudouin.com\/#website\",\"url\":\"https:\/\/dev.baudouin.com\/\",\"name\":\"Baudouin\",\"description\":\"\",\"publisher\":{\"@id\":\"https:\/\/dev.baudouin.com\/#organization\"},\"potentialAction\":[{\"@type\":\"SearchAction\",\"target\":{\"@type\":\"EntryPoint\",\"urlTemplate\":\"https:\/\/dev.baudouin.com\/?s={search_term_string}\"},\"query-input\":{\"@type\":\"PropertyValueSpecification\",\"valueRequired\":true,\"valueName\":\"search_term_string\"}}],\"inLanguage\":\"it-IT\"},{\"@type\":\"Organization\",\"@id\":\"https:\/\/dev.baudouin.com\/#organization\",\"name\":\"Moteurs Baudouin\",\"alternateName\":\"Moteurs Baudouin\",\"url\":\"https:\/\/dev.baudouin.com\/\",\"logo\":{\"@type\":\"ImageObject\",\"inLanguage\":\"it-IT\",\"@id\":\"https:\/\/dev.baudouin.com\/#\/schema\/logo\/image\/\",\"url\":\"https:\/\/dev.baudouin.com\/wp-content\/uploads\/2024\/12\/Moteur-Baudouin-jpg.webp\",\"contentUrl\":\"https:\/\/dev.baudouin.com\/wp-content\/uploads\/2024\/12\/Moteur-Baudouin-jpg.webp\",\"width\":150,\"height\":150,\"caption\":\"Moteurs Baudouin\"},\"image\":{\"@id\":\"https:\/\/dev.baudouin.com\/#\/schema\/logo\/image\/\"}}]}<\/script>\n<!-- \/ Yoast SEO plugin. -->","yoast_head_json":{"title":"Soluzioni SCR Baudouin - Baudouin","description":"By combining SCR with our engines, we enhance environmental performance while maintaining optimal power output.","robots":{"index":"index","follow":"follow","max-snippet":"max-snippet:-1","max-image-preview":"max-image-preview:large","max-video-preview":"max-video-preview:-1"},"canonical":"https:\/\/dev.baudouin.com\/it\/baudouin-scr-solutions\/","og_locale":"it_IT","og_type":"article","og_title":"Soluzioni SCR Baudouin - Baudouin","og_description":"By combining SCR with our engines, we enhance environmental performance while maintaining optimal power output.","og_url":"https:\/\/dev.baudouin.com\/it\/baudouin-scr-solutions\/","og_site_name":"Baudouin","article_modified_time":"2025-04-07T09:37:47+00:00","og_image":[{"width":1000,"height":1000,"url":"https:\/\/dev.baudouin.com\/wp-content\/uploads\/2023\/11\/moteurs-baudouin-scr-solutions-mobile-header.jpg","type":"image\/jpeg"}],"twitter_card":"summary_large_image","twitter_misc":{"Tempo di lettura stimato":"4 minuti"},"schema":{"@context":"https:\/\/schema.org","@graph":[{"@type":"WebPage","@id":"https:\/\/dev.baudouin.com\/it\/baudouin-scr-solutions\/","url":"https:\/\/dev.baudouin.com\/it\/baudouin-scr-solutions\/","name":"Soluzioni SCR Baudouin - Baudouin","isPartOf":{"@id":"https:\/\/dev.baudouin.com\/#website"},"primaryImageOfPage":{"@id":"https:\/\/dev.baudouin.com\/it\/baudouin-scr-solutions\/#primaryimage"},"image":{"@id":"https:\/\/dev.baudouin.com\/it\/baudouin-scr-solutions\/#primaryimage"},"thumbnailUrl":"https:\/\/dev.baudouin.com\/wp-content\/uploads\/2023\/11\/moteurs-baudouin-scr-solutions-mobile-header.jpg","datePublished":"2023-09-20T15:57:45+00:00","dateModified":"2025-04-07T09:37:47+00:00","description":"By combining SCR with our engines, we enhance environmental performance while maintaining optimal power output.","breadcrumb":{"@id":"https:\/\/dev.baudouin.com\/it\/baudouin-scr-solutions\/#breadcrumb"},"inLanguage":"it-IT","potentialAction":[{"@type":"ReadAction","target":["https:\/\/dev.baudouin.com\/it\/baudouin-scr-solutions\/"]}]},{"@type":"ImageObject","inLanguage":"it-IT","@id":"https:\/\/dev.baudouin.com\/it\/baudouin-scr-solutions\/#primaryimage","url":"https:\/\/dev.baudouin.com\/wp-content\/uploads\/2023\/11\/moteurs-baudouin-scr-solutions-mobile-header.jpg","contentUrl":"https:\/\/dev.baudouin.com\/wp-content\/uploads\/2023\/11\/moteurs-baudouin-scr-solutions-mobile-header.jpg","width":1000,"height":1000,"caption":"Passenger boat carrying cars."},{"@type":"BreadcrumbList","@id":"https:\/\/dev.baudouin.com\/it\/baudouin-scr-solutions\/#breadcrumb","itemListElement":[{"@type":"ListItem","position":1,"name":"Home","item":"https:\/\/dev.baudouin.com\/it\/"},{"@type":"ListItem","position":2,"name":"Soluzioni SCR Baudouin"}]},{"@type":"WebSite","@id":"https:\/\/dev.baudouin.com\/#website","url":"https:\/\/dev.baudouin.com\/","name":"Baudouin","description":"","publisher":{"@id":"https:\/\/dev.baudouin.com\/#organization"},"potentialAction":[{"@type":"SearchAction","target":{"@type":"EntryPoint","urlTemplate":"https:\/\/dev.baudouin.com\/?s={search_term_string}"},"query-input":{"@type":"PropertyValueSpecification","valueRequired":true,"valueName":"search_term_string"}}],"inLanguage":"it-IT"},{"@type":"Organization","@id":"https:\/\/dev.baudouin.com\/#organization","name":"Moteurs Baudouin","alternateName":"Moteurs Baudouin","url":"https:\/\/dev.baudouin.com\/","logo":{"@type":"ImageObject","inLanguage":"it-IT","@id":"https:\/\/dev.baudouin.com\/#\/schema\/logo\/image\/","url":"https:\/\/dev.baudouin.com\/wp-content\/uploads\/2024\/12\/Moteur-Baudouin-jpg.webp","contentUrl":"https:\/\/dev.baudouin.com\/wp-content\/uploads\/2024\/12\/Moteur-Baudouin-jpg.webp","width":150,"height":150,"caption":"Moteurs Baudouin"},"image":{"@id":"https:\/\/dev.baudouin.com\/#\/schema\/logo\/image\/"}}]}},"_links":{"self":[{"href":"https:\/\/dev.baudouin.com\/it\/wp-json\/wp\/v2\/pages\/62359","targetHints":{"allow":["GET"]}}],"collection":[{"href":"https:\/\/dev.baudouin.com\/it\/wp-json\/wp\/v2\/pages"}],"about":[{"href":"https:\/\/dev.baudouin.com\/it\/wp-json\/wp\/v2\/types\/page"}],"author":[{"embeddable":true,"href":"https:\/\/dev.baudouin.com\/it\/wp-json\/wp\/v2\/users\/1"}],"replies":[{"embeddable":true,"href":"https:\/\/dev.baudouin.com\/it\/wp-json\/wp\/v2\/comments?post=62359"}],"version-history":[{"count":2,"href":"https:\/\/dev.baudouin.com\/it\/wp-json\/wp\/v2\/pages\/62359\/revisions"}],"predecessor-version":[{"id":77593,"href":"https:\/\/dev.baudouin.com\/it\/wp-json\/wp\/v2\/pages\/62359\/revisions\/77593"}],"wp:featuredmedia":[{"embeddable":true,"href":"https:\/\/dev.baudouin.com\/it\/wp-json\/wp\/v2\/media\/61899"}],"wp:attachment":[{"href":"https:\/\/dev.baudouin.com\/it\/wp-json\/wp\/v2\/media?parent=62359"}],"curies":[{"name":"wp","href":"https:\/\/api.w.org\/{rel}","templated":true}]}}