{"id":61988,"date":"2022-11-09T15:50:55","date_gmt":"2022-11-09T15:50:55","guid":{"rendered":"https:\/\/dev.baudouin.com\/powergen-solutions\/"},"modified":"2025-03-28T09:22:50","modified_gmt":"2025-03-28T09:22:50","slug":"powergen-solutions","status":"publish","type":"page","link":"https:\/\/dev.baudouin.com\/it\/powergen-solutions\/","title":{"rendered":"Soluzioni Powergen"},"content":{"rendered":"<style>\n    .page-hero {\n        background-image:linear-gradient(rgba(0, 0, 0, 0.25), rgba(0, 0, 0, 0.25)), url('https:\/\/dev.baudouin.com\/wp-content\/uploads\/2023\/10\/moteurs-baudouin-powergen-solutions-mobile-header.jpg');\n        background-repeat: no-repeat;\n    }\n    p, h2 {\n        color: #fff;\n    }\n    @media screen and (min-width: 768px) {\n        .page-hero {\n        background-image:linear-gradient(rgba(0, 0, 0, 0.25), rgba(0, 0, 0, 0.25)), url('https:\/\/dev.baudouin.com\/wp-content\/uploads\/2023\/10\/moteurs-baudouin-powergen-solutions-desktop-header.jpg');\n    }\n    }\n<\/style>\n<section id=\"page-hero-block_ea3bea718c187b1e996145ea18087f17\" class=\"page-hero py-[85px] lg:py-[100px] xl:pt-[100px] xl:pb-[242px] bg-dark-blue \">\n        <div class=\"hero-container mx-auto my-0 md:max-w-[1920px]\">\n        \n            \n        \n        <div class=\"page-hero__container flex flex-col-reverse md:flex-row lg:justify-between\">\n            <div class=\"page-hero__container--left text-center text-white lg:text-left\">\n                                    <div class=\"page-hero__container--left__breadcrumbs mb-7 lg:mb-[32px]\">\n                        <p id=\"breadcrumbs\" class=\"text-xsm text-white leading-5 font-semibold uppercase\"><span><span><a href=\"https:\/\/dev.baudouin.com\/it\/\">Home<\/a><\/span><\/span><\/p>                    <\/div>\n                                <h1 class=\"text-white  mb-[12px] uppercase font-bold md:mb-2.5 lg:mb-[33px]\">Soluzioni Powergen Baudouin<\/h1>\n                <!-- <p class=\"text-gray-form leading-[21px] w-full md:text-sm md:leading-6 md:max-w-[564px]\"><p>Dal 1918, Baudouin si \u00e8 costruita una reputazione di qualit\u00e0 e affidabilit\u00e0. Oggi Baudouin \u00e8 orgogliosa di offrire la gamma pi\u00f9 completa di motori diesel e a gas per la generazione di energia disponibile sul mercato.<\/p>\n<\/p> -->\n                <p>Dal 1918, Baudouin si \u00e8 costruita una reputazione di qualit\u00e0 e affidabilit\u00e0. Oggi Baudouin \u00e8 orgogliosa di offrire la gamma pi\u00f9 completa di motori diesel e a gas per la generazione di energia disponibile sul mercato.<\/p>\n            <\/div>\n           \n            \n        <\/div>\n\n    <\/div>\n<\/section>\n\n\n<div class=\"wp-block-group alignfull is-layout-constrained wp-block-group-is-layout-constrained\">\n<div style=\"height:100px\" aria-hidden=\"true\" class=\"wp-block-spacer\"><\/div>\n<\/div>\n\n\n\n<div class=\"wp-block-group ghostkit-custom-Z1ENVEn is-layout-flow wp-block-group-is-layout-flow\">\n<div class=\"wp-block-columns is-layout-flex wp-container-core-columns-is-layout-1 wp-block-columns-is-layout-flex\">\n<div class=\"wp-block-column ghostkit-custom-Z1ED32T is-layout-flow wp-block-column-is-layout-flow\">\n<div class=\"wp-block-cover has-custom-content-position is-position-bottom-center ghostkit-custom-Z1CPRwD\"><span aria-hidden=\"true\" class=\"wp-block-cover__background has-background-dim-30 has-background-dim\" style=\"background-color:#40585d\"><\/span><img data-dominant-color=\"35494f\" data-has-transparency=\"false\" style=\"--dominant-color: #35494f;\" loading=\"lazy\" decoding=\"async\" width=\"2560\" height=\"1440\" class=\"wp-block-cover__image-background wp-image-76948 not-transparent\" alt=\"\" src=\"https:\/\/dev.baudouin.com\/wp-content\/uploads\/2025\/03\/DC-Gensets-scaled.webp\" data-object-fit=\"cover\" srcset=\"https:\/\/dev.baudouin.com\/wp-content\/uploads\/2025\/03\/DC-Gensets-scaled.webp 2560w, https:\/\/dev.baudouin.com\/wp-content\/uploads\/2025\/03\/DC-Gensets-500x281.webp 500w, https:\/\/dev.baudouin.com\/wp-content\/uploads\/2025\/03\/DC-Gensets-1500x844.webp 1500w, https:\/\/dev.baudouin.com\/wp-content\/uploads\/2025\/03\/DC-Gensets-768x432.webp 768w, https:\/\/dev.baudouin.com\/wp-content\/uploads\/2025\/03\/DC-Gensets-1536x864.webp 1536w, https:\/\/dev.baudouin.com\/wp-content\/uploads\/2025\/03\/DC-Gensets-2048x1152.webp 2048w, https:\/\/dev.baudouin.com\/wp-content\/uploads\/2025\/03\/DC-Gensets-1920x1080.webp 1920w, https:\/\/dev.baudouin.com\/wp-content\/uploads\/2025\/03\/DC-Gensets-600x338.webp 600w\" sizes=\"auto, (max-width: 2560px) 100vw, 2560px\" \/><div class=\"wp-block-cover__inner-container is-layout-flow wp-block-cover-is-layout-flow\">\n<h2 class=\"wp-block-heading has-text-align-center has-white-color has-text-color has-large-font-size\" id=\"baudouin-propulsion-engines\">GENERATORI ELETTRICI<\/h2>\n<\/div><\/div>\n\n\n\n<p class=\"has-text-align-center ghostkit-custom-1gLq05\">La gamma di gruppi elettrogeni Baudouin offre una selezione di potenze progettate per soddisfare i requisiti dei data center. Con potenze fino a 5250 kVA, questi generatori pre-approvati dall&#8217;Uptime Institute forniscono soluzioni di alimentazione scalabili e affidabili e supportano il diesel HVO per una maggiore durata.<\/p>\n\n\n\n<div class=\"wp-block-buttons is-content-justification-center is-layout-flex wp-container-core-buttons-is-layout-1 wp-block-buttons-is-layout-flex\">\n<div class=\"wp-block-button ghostkit-custom-1a8xpr\"><a class=\"wp-block-button__link has-white-color has-text-color has-background wp-element-button\" href=\"https:\/\/dev.baudouin.com\/it\/engine_product-category\/generatori\/\" style=\"border-radius:0px;background-color:#001e61\">VISUALIZZA LA  GAMMA DI GRUPPI ELETTROGENI<\/a><\/div>\n<\/div>\n<\/div>\n\n\n\n<div class=\"wp-block-column ghostkit-custom-ZsFmFI is-layout-flow wp-block-column-is-layout-flow\">\n<div class=\"wp-block-cover has-custom-content-position is-position-bottom-center ghostkit-custom-Z1sXjug\"><span aria-hidden=\"true\" class=\"wp-block-cover__background has-background-dim-30 has-background-dim\"><\/span><img loading=\"lazy\" decoding=\"async\" width=\"1000\" height=\"780\" class=\"wp-block-cover__image-background wp-image-60981\" alt=\"\" src=\"https:\/\/dev.baudouin.com\/wp-content\/uploads\/2023\/10\/moteurs-baudouin-powergen-solutions-powerkit-diesel-engines.jpg\" data-object-fit=\"cover\" srcset=\"https:\/\/dev.baudouin.com\/wp-content\/uploads\/2023\/10\/moteurs-baudouin-powergen-solutions-powerkit-diesel-engines.jpg 1000w, https:\/\/dev.baudouin.com\/wp-content\/uploads\/2023\/10\/moteurs-baudouin-powergen-solutions-powerkit-diesel-engines-300x234.jpg 300w, https:\/\/dev.baudouin.com\/wp-content\/uploads\/2023\/10\/moteurs-baudouin-powergen-solutions-powerkit-diesel-engines-768x599.jpg 768w\" sizes=\"auto, (max-width: 1000px) 100vw, 1000px\" \/><div class=\"wp-block-cover__inner-container is-layout-flow wp-block-cover-is-layout-flow\">\n<h2 class=\"wp-block-heading has-text-align-center has-large-font-size\" id=\"motori-baudouin-powerkit-diesel\">MOTORI BAUDOUIN POWERKIT DIESEL<\/h2>\n<\/div><\/div>\n\n\n\n<p class=\"has-text-align-center ghostkit-custom-ZcaRxo\">La nostra gamma completa di prodotti PowerKit spazia da 18 a 4.125 kVA, una gamma che pochi produttori di motori possono eguagliare. Abbiamo raggiunto l&#8217;eccellenza nel consumo di carburante, nella ricezione del carico e nella densit\u00e0 di potenza, con PowerKit come gamma di scelta.<\/p>\n\n\n\n<div class=\"wp-block-buttons is-content-justification-center is-layout-flex wp-container-core-buttons-is-layout-2 wp-block-buttons-is-layout-flex\">\n<div class=\"wp-block-button ghostkit-custom-jDilM\"><a class=\"wp-block-button__link has-white-color has-text-color has-background wp-element-button\" href=\"\/it\/engine_product-category\/motori-baudouin-powerkit\/\" style=\"border-radius:0px;background-color:#001e61\">VISUALIZZA LA GAMMA DEI MOTORI POWERKIT DIESEL<\/a><\/div>\n<\/div>\n<\/div>\n<\/div>\n<\/div>\n\n\n\n<div class=\"wp-block-group ghostkit-custom-27wOOY is-layout-flow wp-block-group-is-layout-flow\">\n<div class=\"wp-block-columns is-layout-flex wp-container-core-columns-is-layout-2 wp-block-columns-is-layout-flex\">\n<div class=\"wp-block-column ghostkit-custom-Z1xmeE9 is-layout-flow wp-block-column-is-layout-flow\">\n<div class=\"wp-block-cover has-custom-content-position is-position-bottom-center ghostkit-custom-Z1SHBIh\"><span aria-hidden=\"true\" class=\"wp-block-cover__background has-background-dim-30 has-background-dim\"><\/span><img loading=\"lazy\" decoding=\"async\" width=\"1000\" height=\"780\" class=\"wp-block-cover__image-background wp-image-60985\" alt=\"\" src=\"https:\/\/dev.baudouin.com\/wp-content\/uploads\/2023\/10\/moteurs-baudouin-powergen-solutions-psi-rich-burn-gas-engines.jpg\" data-object-fit=\"cover\" srcset=\"https:\/\/dev.baudouin.com\/wp-content\/uploads\/2023\/10\/moteurs-baudouin-powergen-solutions-psi-rich-burn-gas-engines.jpg 1000w, https:\/\/dev.baudouin.com\/wp-content\/uploads\/2023\/10\/moteurs-baudouin-powergen-solutions-psi-rich-burn-gas-engines-300x234.jpg 300w, https:\/\/dev.baudouin.com\/wp-content\/uploads\/2023\/10\/moteurs-baudouin-powergen-solutions-psi-rich-burn-gas-engines-768x599.jpg 768w\" sizes=\"auto, (max-width: 1000px) 100vw, 1000px\" \/><div class=\"wp-block-cover__inner-container is-layout-flow wp-block-cover-is-layout-flow\">\n<h2 class=\"wp-block-heading has-text-align-center has-white-color has-text-color has-large-font-size\" id=\"baudouin-propulsion-engines\">MOTORI PSI A GAS A COMBUSTIONE GRASSA<\/h2>\n<\/div><\/div>\n\n\n\n<p class=\"has-text-align-center ghostkit-custom-24UfDF\">PSI fornisce una generazione di energia elettrica end-to-end e sistemi personalizzati di generazione di energia elettrica integrati di grandi dimensioni. I motori PSI a gas a combustione ricca sono costruiti per applicazioni pesanti e critiche. Scopri di pi\u00f9 su <a href=\"https:\/\/psiengines.com\/\" target=\"_blank\" rel=\"noreferrer noopener\">Power Systems International<strong> <\/strong>(PSI)<\/a><\/p>\n\n\n\n<div class=\"wp-block-buttons is-content-justification-center is-layout-flex wp-container-core-buttons-is-layout-3 wp-block-buttons-is-layout-flex\">\n<div class=\"wp-block-button ghostkit-custom-Z1zv7M5\"><a class=\"wp-block-button__link has-white-color has-text-color has-background wp-element-button\" href=\"\/it\/engine_product-category\/psi-a-gas-a-combustione-grassa\/\" style=\"border-radius:0px;background-color:#001e61\">VISUALIZZA LA GAMMA DI MOTORI PSI A GAS A COMBUSTIONE GRASSA<\/a><\/div>\n<\/div>\n<\/div>\n\n\n\n<div class=\"wp-block-column is-layout-flow wp-block-column-is-layout-flow\">\n<div class=\"wp-block-cover is-light has-custom-content-position is-position-bottom-center ghostkit-custom-G24H8\"><span aria-hidden=\"true\" class=\"wp-block-cover__background has-background-dim-30 has-background-dim\"><\/span><img loading=\"lazy\" decoding=\"async\" width=\"1000\" height=\"780\" class=\"wp-block-cover__image-background wp-image-60977\" alt=\"\" src=\"https:\/\/dev.baudouin.com\/wp-content\/uploads\/2023\/10\/moteurs-baudouin-powergen-solutions-lean-burn-gas-engines.jpg\" data-object-fit=\"cover\" srcset=\"https:\/\/dev.baudouin.com\/wp-content\/uploads\/2023\/10\/moteurs-baudouin-powergen-solutions-lean-burn-gas-engines.jpg 1000w, https:\/\/dev.baudouin.com\/wp-content\/uploads\/2023\/10\/moteurs-baudouin-powergen-solutions-lean-burn-gas-engines-300x234.jpg 300w, https:\/\/dev.baudouin.com\/wp-content\/uploads\/2023\/10\/moteurs-baudouin-powergen-solutions-lean-burn-gas-engines-768x599.jpg 768w\" sizes=\"auto, (max-width: 1000px) 100vw, 1000px\" \/><div class=\"wp-block-cover__inner-container is-layout-flow wp-block-cover-is-layout-flow\">\n<h2 class=\"wp-block-heading has-text-align-center has-white-color has-text-color has-large-font-size\" id=\"baudouin-propulsion-engines\">MOTORI POWERKIT A GAS E COMBUSTIONE MAGRA BAUDOUIN<\/h2>\n<\/div><\/div>\n\n\n\n<p class=\"has-text-align-center ghostkit-custom-Z5C74m\">I motori a gas Baudouin offrono una gamma di potenza da 63 a 1.750 kVA, il perfetto complemento alla generazione di energia rinnovabile, grazie alla flessibilit\u00e0 di funzionamento e all&#8217;elevata efficienza in grado di compensare l&#8217;intermittenza di queste fonti di generazione di energia.<\/p>\n\n\n\n<div class=\"wp-block-buttons is-content-justification-center is-layout-flex wp-container-core-buttons-is-layout-4 wp-block-buttons-is-layout-flex\">\n<div class=\"wp-block-button\"><a class=\"wp-block-button__link has-white-color has-text-color has-background wp-element-button\" href=\"\/it\/engine_product-category\/motori-powerkit-a-gas-a-combustione-magra\/\" style=\"border-radius:0px;background-color:#001e61\">VISUALIZZA LA GAMMA DI MOTORI POWERKIT A GAS A COMBUSTIONE MAGRA<\/a><\/div>\n<\/div>\n<\/div>\n<\/div>\n<\/div>\n","protected":false},"excerpt":{"rendered":"<p>La gamma di gruppi elettrogeni Baudouin offre una selezione di potenze progettate per soddisfare i requisiti dei data center. Con potenze fino a 5250 kVA, questi generatori pre-approvati dall&#8217;Uptime Institute forniscono soluzioni&#8230;<\/p>\n","protected":false},"author":1,"featured_media":60204,"parent":0,"menu_order":0,"comment_status":"closed","ping_status":"closed","template":"","meta":{"_acf_changed":false,"content-type":"","ghostkit_customizer_options":"","ghostkit_custom_css":"","ghostkit_custom_js_head":"","ghostkit_custom_js_foot":"","ghostkit_typography":"","two_page_speed":[],"footnotes":""},"class_list":["post-61988","page","type-page","status-publish","has-post-thumbnail","hentry"],"acf":[],"yoast_head":"<!-- This site is optimized with the Yoast SEO plugin v26.8 - https:\/\/yoast.com\/product\/yoast-seo-wordpress\/ -->\n<title>Soluzioni Powergen - Baudouin<\/title>\n<meta name=\"description\" content=\"Le soluzioni Baudouin PowerGen offrono gruppi elettrogeni ad alte prestazioni e motori a gas e diesel per applicazioni critiche.\" \/>\n<meta name=\"robots\" content=\"index, follow, max-snippet:-1, max-image-preview:large, max-video-preview:-1\" \/>\n<link rel=\"canonical\" href=\"https:\/\/dev.baudouin.com\/it\/powergen-solutions\/\" \/>\n<meta property=\"og:locale\" content=\"it_IT\" \/>\n<meta property=\"og:type\" content=\"article\" \/>\n<meta property=\"og:title\" content=\"Soluzioni Powergen - Baudouin\" \/>\n<meta property=\"og:description\" content=\"Le soluzioni Baudouin PowerGen offrono gruppi elettrogeni ad alte prestazioni e motori a gas e diesel per applicazioni critiche.\" \/>\n<meta property=\"og:url\" content=\"https:\/\/dev.baudouin.com\/it\/powergen-solutions\/\" \/>\n<meta property=\"og:site_name\" content=\"Baudouin\" \/>\n<meta property=\"article:modified_time\" content=\"2025-03-28T09:22:50+00:00\" \/>\n<meta property=\"og:image\" content=\"https:\/\/dev.baudouin.com\/wp-content\/uploads\/2023\/10\/moteurs-baudouin-powergen-solutions-mobile-header.jpg\" \/>\n\t<meta property=\"og:image:width\" content=\"1000\" \/>\n\t<meta property=\"og:image:height\" content=\"1000\" \/>\n\t<meta property=\"og:image:type\" content=\"image\/jpeg\" \/>\n<meta name=\"twitter:card\" content=\"summary_large_image\" \/>\n<meta name=\"twitter:label1\" content=\"Tempo di lettura stimato\" \/>\n\t<meta name=\"twitter:data1\" content=\"3 minuti\" \/>\n<script type=\"application\/ld+json\" class=\"yoast-schema-graph\">{\"@context\":\"https:\/\/schema.org\",\"@graph\":[{\"@type\":\"WebPage\",\"@id\":\"https:\/\/dev.baudouin.com\/it\/powergen-solutions\/\",\"url\":\"https:\/\/dev.baudouin.com\/it\/powergen-solutions\/\",\"name\":\"Soluzioni Powergen - Baudouin\",\"isPartOf\":{\"@id\":\"https:\/\/dev.baudouin.com\/#website\"},\"primaryImageOfPage\":{\"@id\":\"https:\/\/dev.baudouin.com\/it\/powergen-solutions\/#primaryimage\"},\"image\":{\"@id\":\"https:\/\/dev.baudouin.com\/it\/powergen-solutions\/#primaryimage\"},\"thumbnailUrl\":\"https:\/\/dev.baudouin.com\/wp-content\/uploads\/2023\/10\/moteurs-baudouin-powergen-solutions-mobile-header.jpg\",\"datePublished\":\"2022-11-09T15:50:55+00:00\",\"dateModified\":\"2025-03-28T09:22:50+00:00\",\"description\":\"Le soluzioni Baudouin PowerGen offrono gruppi elettrogeni ad alte prestazioni e motori a gas e diesel per applicazioni critiche.\",\"breadcrumb\":{\"@id\":\"https:\/\/dev.baudouin.com\/it\/powergen-solutions\/#breadcrumb\"},\"inLanguage\":\"it-IT\",\"potentialAction\":[{\"@type\":\"ReadAction\",\"target\":[\"https:\/\/dev.baudouin.com\/it\/powergen-solutions\/\"]}]},{\"@type\":\"ImageObject\",\"inLanguage\":\"it-IT\",\"@id\":\"https:\/\/dev.baudouin.com\/it\/powergen-solutions\/#primaryimage\",\"url\":\"https:\/\/dev.baudouin.com\/wp-content\/uploads\/2023\/10\/moteurs-baudouin-powergen-solutions-mobile-header.jpg\",\"contentUrl\":\"https:\/\/dev.baudouin.com\/wp-content\/uploads\/2023\/10\/moteurs-baudouin-powergen-solutions-mobile-header.jpg\",\"width\":1000,\"height\":1000,\"caption\":\"City skyline at night.\"},{\"@type\":\"BreadcrumbList\",\"@id\":\"https:\/\/dev.baudouin.com\/it\/powergen-solutions\/#breadcrumb\",\"itemListElement\":[{\"@type\":\"ListItem\",\"position\":1,\"name\":\"Home\",\"item\":\"https:\/\/dev.baudouin.com\/it\/\"},{\"@type\":\"ListItem\",\"position\":2,\"name\":\"Soluzioni Powergen\"}]},{\"@type\":\"WebSite\",\"@id\":\"https:\/\/dev.baudouin.com\/#website\",\"url\":\"https:\/\/dev.baudouin.com\/\",\"name\":\"Baudouin\",\"description\":\"\",\"publisher\":{\"@id\":\"https:\/\/dev.baudouin.com\/#organization\"},\"potentialAction\":[{\"@type\":\"SearchAction\",\"target\":{\"@type\":\"EntryPoint\",\"urlTemplate\":\"https:\/\/dev.baudouin.com\/?s={search_term_string}\"},\"query-input\":{\"@type\":\"PropertyValueSpecification\",\"valueRequired\":true,\"valueName\":\"search_term_string\"}}],\"inLanguage\":\"it-IT\"},{\"@type\":\"Organization\",\"@id\":\"https:\/\/dev.baudouin.com\/#organization\",\"name\":\"Moteurs Baudouin\",\"alternateName\":\"Moteurs Baudouin\",\"url\":\"https:\/\/dev.baudouin.com\/\",\"logo\":{\"@type\":\"ImageObject\",\"inLanguage\":\"it-IT\",\"@id\":\"https:\/\/dev.baudouin.com\/#\/schema\/logo\/image\/\",\"url\":\"https:\/\/dev.baudouin.com\/wp-content\/uploads\/2024\/12\/Moteur-Baudouin-jpg.webp\",\"contentUrl\":\"https:\/\/dev.baudouin.com\/wp-content\/uploads\/2024\/12\/Moteur-Baudouin-jpg.webp\",\"width\":150,\"height\":150,\"caption\":\"Moteurs Baudouin\"},\"image\":{\"@id\":\"https:\/\/dev.baudouin.com\/#\/schema\/logo\/image\/\"}}]}<\/script>\n<!-- \/ Yoast SEO plugin. -->","yoast_head_json":{"title":"Soluzioni Powergen - Baudouin","description":"Le soluzioni Baudouin PowerGen offrono gruppi elettrogeni ad alte prestazioni e motori a gas e diesel per applicazioni critiche.","robots":{"index":"index","follow":"follow","max-snippet":"max-snippet:-1","max-image-preview":"max-image-preview:large","max-video-preview":"max-video-preview:-1"},"canonical":"https:\/\/dev.baudouin.com\/it\/powergen-solutions\/","og_locale":"it_IT","og_type":"article","og_title":"Soluzioni Powergen - Baudouin","og_description":"Le soluzioni Baudouin PowerGen offrono gruppi elettrogeni ad alte prestazioni e motori a gas e diesel per applicazioni critiche.","og_url":"https:\/\/dev.baudouin.com\/it\/powergen-solutions\/","og_site_name":"Baudouin","article_modified_time":"2025-03-28T09:22:50+00:00","og_image":[{"width":1000,"height":1000,"url":"https:\/\/dev.baudouin.com\/wp-content\/uploads\/2023\/10\/moteurs-baudouin-powergen-solutions-mobile-header.jpg","type":"image\/jpeg"}],"twitter_card":"summary_large_image","twitter_misc":{"Tempo di lettura stimato":"3 minuti"},"schema":{"@context":"https:\/\/schema.org","@graph":[{"@type":"WebPage","@id":"https:\/\/dev.baudouin.com\/it\/powergen-solutions\/","url":"https:\/\/dev.baudouin.com\/it\/powergen-solutions\/","name":"Soluzioni Powergen - Baudouin","isPartOf":{"@id":"https:\/\/dev.baudouin.com\/#website"},"primaryImageOfPage":{"@id":"https:\/\/dev.baudouin.com\/it\/powergen-solutions\/#primaryimage"},"image":{"@id":"https:\/\/dev.baudouin.com\/it\/powergen-solutions\/#primaryimage"},"thumbnailUrl":"https:\/\/dev.baudouin.com\/wp-content\/uploads\/2023\/10\/moteurs-baudouin-powergen-solutions-mobile-header.jpg","datePublished":"2022-11-09T15:50:55+00:00","dateModified":"2025-03-28T09:22:50+00:00","description":"Le soluzioni Baudouin PowerGen offrono gruppi elettrogeni ad alte prestazioni e motori a gas e diesel per applicazioni critiche.","breadcrumb":{"@id":"https:\/\/dev.baudouin.com\/it\/powergen-solutions\/#breadcrumb"},"inLanguage":"it-IT","potentialAction":[{"@type":"ReadAction","target":["https:\/\/dev.baudouin.com\/it\/powergen-solutions\/"]}]},{"@type":"ImageObject","inLanguage":"it-IT","@id":"https:\/\/dev.baudouin.com\/it\/powergen-solutions\/#primaryimage","url":"https:\/\/dev.baudouin.com\/wp-content\/uploads\/2023\/10\/moteurs-baudouin-powergen-solutions-mobile-header.jpg","contentUrl":"https:\/\/dev.baudouin.com\/wp-content\/uploads\/2023\/10\/moteurs-baudouin-powergen-solutions-mobile-header.jpg","width":1000,"height":1000,"caption":"City skyline at night."},{"@type":"BreadcrumbList","@id":"https:\/\/dev.baudouin.com\/it\/powergen-solutions\/#breadcrumb","itemListElement":[{"@type":"ListItem","position":1,"name":"Home","item":"https:\/\/dev.baudouin.com\/it\/"},{"@type":"ListItem","position":2,"name":"Soluzioni Powergen"}]},{"@type":"WebSite","@id":"https:\/\/dev.baudouin.com\/#website","url":"https:\/\/dev.baudouin.com\/","name":"Baudouin","description":"","publisher":{"@id":"https:\/\/dev.baudouin.com\/#organization"},"potentialAction":[{"@type":"SearchAction","target":{"@type":"EntryPoint","urlTemplate":"https:\/\/dev.baudouin.com\/?s={search_term_string}"},"query-input":{"@type":"PropertyValueSpecification","valueRequired":true,"valueName":"search_term_string"}}],"inLanguage":"it-IT"},{"@type":"Organization","@id":"https:\/\/dev.baudouin.com\/#organization","name":"Moteurs Baudouin","alternateName":"Moteurs Baudouin","url":"https:\/\/dev.baudouin.com\/","logo":{"@type":"ImageObject","inLanguage":"it-IT","@id":"https:\/\/dev.baudouin.com\/#\/schema\/logo\/image\/","url":"https:\/\/dev.baudouin.com\/wp-content\/uploads\/2024\/12\/Moteur-Baudouin-jpg.webp","contentUrl":"https:\/\/dev.baudouin.com\/wp-content\/uploads\/2024\/12\/Moteur-Baudouin-jpg.webp","width":150,"height":150,"caption":"Moteurs Baudouin"},"image":{"@id":"https:\/\/dev.baudouin.com\/#\/schema\/logo\/image\/"}}]}},"_links":{"self":[{"href":"https:\/\/dev.baudouin.com\/it\/wp-json\/wp\/v2\/pages\/61988","targetHints":{"allow":["GET"]}}],"collection":[{"href":"https:\/\/dev.baudouin.com\/it\/wp-json\/wp\/v2\/pages"}],"about":[{"href":"https:\/\/dev.baudouin.com\/it\/wp-json\/wp\/v2\/types\/page"}],"author":[{"embeddable":true,"href":"https:\/\/dev.baudouin.com\/it\/wp-json\/wp\/v2\/users\/1"}],"replies":[{"embeddable":true,"href":"https:\/\/dev.baudouin.com\/it\/wp-json\/wp\/v2\/comments?post=61988"}],"version-history":[{"count":8,"href":"https:\/\/dev.baudouin.com\/it\/wp-json\/wp\/v2\/pages\/61988\/revisions"}],"predecessor-version":[{"id":77173,"href":"https:\/\/dev.baudouin.com\/it\/wp-json\/wp\/v2\/pages\/61988\/revisions\/77173"}],"wp:featuredmedia":[{"embeddable":true,"href":"https:\/\/dev.baudouin.com\/it\/wp-json\/wp\/v2\/media\/60204"}],"wp:attachment":[{"href":"https:\/\/dev.baudouin.com\/it\/wp-json\/wp\/v2\/media?parent=61988"}],"curies":[{"name":"wp","href":"https:\/\/api.w.org\/{rel}","templated":true}]}}