{"id":62093,"date":"2023-02-16T15:04:01","date_gmt":"2023-02-16T15:04:01","guid":{"rendered":"https:\/\/dev.baudouin.com\/professional-careers\/"},"modified":"2024-03-19T14:46:25","modified_gmt":"2024-03-19T14:46:25","slug":"professional-careers","status":"publish","type":"page","link":"https:\/\/dev.baudouin.com\/fr\/professional-careers\/","title":{"rendered":"Carri\u00e8res Professionnelles"},"content":{"rendered":"<style>\n    .page-hero {\n        background-image:linear-gradient(rgba(0, 0, 0, 0.25), rgba(0, 0, 0, 0.25)), url('https:\/\/dev.baudouin.com\/wp-content\/uploads\/2023\/10\/moteurs-baudouin-professional-careers-mobile-header.jpg');\n        background-repeat: no-repeat;\n    }\n    p, h2 {\n        color: #fff;\n    }\n    @media screen and (min-width: 768px) {\n        .page-hero {\n        background-image:linear-gradient(rgba(0, 0, 0, 0.25), rgba(0, 0, 0, 0.25)), url('https:\/\/dev.baudouin.com\/wp-content\/uploads\/2023\/10\/moteurs-baudouin-professional-careers-desktop-header.jpg');\n    }\n    }\n<\/style>\n<section id=\"page-hero-block_748cd87f578de0e1da1486ca66fbe6a8\" class=\"page-hero py-[85px] lg:py-[100px] xl:pt-[100px] xl:pb-[242px] bg-dark-blue \">\n        <div class=\"hero-container mx-auto my-0 md:max-w-[1920px]\">\n        \n            \n        \n        <div class=\"page-hero__container flex flex-col-reverse md:flex-row lg:justify-between\">\n            <div class=\"page-hero__container--left text-center text-white lg:text-left\">\n                                    <div class=\"page-hero__container--left__breadcrumbs mb-7 lg:mb-[32px]\">\n                        <p id=\"breadcrumbs\" class=\"text-xsm text-white leading-5 font-semibold uppercase\"><span><span><a href=\"https:\/\/dev.baudouin.com\/fr\/\">Home<\/a><\/span><\/span><\/p>                    <\/div>\n                                <h1 class=\"text-white  mb-[12px] uppercase font-bold md:mb-2.5 lg:mb-[33px]\">CARRI\u00c8RES PROFESSIONNELLES<\/h1>\n                <!-- <p class=\"text-gray-form leading-[21px] w-full md:text-sm md:leading-6 md:max-w-[564px]\"><p>En tant qu&rsquo;entreprise leader dans le domaine de la fabrication de moteurs et de l&rsquo;innovation, nous sommes ravis de pouvoir vous offrir des opportunit\u00e9s de carri\u00e8re exceptionnelles au sein de notre organisation.<\/p>\n<\/p> -->\n                <p>En tant qu&rsquo;entreprise leader dans le domaine de la fabrication de moteurs et de l&rsquo;innovation, nous sommes ravis de pouvoir vous offrir des opportunit\u00e9s de carri\u00e8re exceptionnelles au sein de notre organisation.<\/p>\n            <\/div>\n           \n            \n        <\/div>\n\n    <\/div>\n<\/section>\n\n\n<div class=\"wp-block-group ghostkit-custom-ZJ2WuY is-layout-constrained wp-block-group-is-layout-constrained\">\n<div class=\"wp-block-columns is-layout-flex wp-container-core-columns-is-layout-1 wp-block-columns-is-layout-flex\">\n<div class=\"wp-block-column ghostkit-custom-Z1vJtV7 is-layout-flow wp-block-column-is-layout-flow\">\n<p>Forts d&rsquo;un riche h\u00e9ritage de plusieurs d\u00e9cennies, nous nous sommes impos\u00e9s comme un leader mondial dans la fabrication de moteurs fiables et performants pour diverses industries. En tant que professionnel, vous aurez la possibilit\u00e9 de travailler avec une \u00e9quipe d&rsquo;experts d\u00e9vou\u00e9s et de contribuer \u00e0 des projets novateurs qui fa\u00e7onnent l&rsquo;avenir de notre industrie. Nous pensons que nos employ\u00e9s sont notre plus grand atout et nous nous engageons \u00e0 favoriser une culture de collaboration, d&rsquo;innovation et de d\u00e9veloppement personnel. Vous trouverez un \u00e9ventail d&rsquo;opportunit\u00e9s de carri\u00e8re dans diverses domaines, notamment l&rsquo;ing\u00e9nierie, la recherche et le d\u00e9veloppement, les op\u00e9rations, les ventes, le marketing, etc.<\/p>\n<\/div>\n<\/div>\n<\/div>\n\n\n\n<section id=\"rm-carousel-block_4a273bf5c8f90d62894029e3291e293a\" class=\"rm-carousel px-[30px] md:px-[70px] pt-[80px] pb-[85px]\">\n  <div class=\"flex-col items-center\">\n    <h2 class=\"text-center mb-[22px] md:mb-[50px] lg:mb-[90px]\">NOTRE PROC\u00c9DURE D&rsquo;EMBAUCHE<\/h2>\n\n            <div class=\"rm-carousel-container md:px-[70px] 2xl:px-[104px]\">\n            <div class=\"swiper-wrapper\">\n                                    <div class=\"swiper-slide rm-single\" data-counter=\"1\">\n                        <div class=\"grid grid-cols-1 gap-y-[28px] lg:grid-cols-2 lg:gap-x-[30px] xl:gap-[50px] lg:content-center\">\n                            <div class=\"image flex lg:justify-end\">\n                                <img decoding=\"async\" src=\"https:\/\/dev.baudouin.com\/wp-content\/uploads\/2023\/10\/moteurs-baudouin-application-process-apply.jpg\" alt=\"Person typing on a laptop.\">\n                            <\/div>\n                            <div class=\"text-container flex flex-col items-center text-center lg:text-left lg:items-start lg:justify-center\">\n                                <h3 class=\"mb-[37px]\">POSTULEZ\u00a0:<\/h3>\n                                <p class=\"\">Trouvez l&#8217;emploi de vos r\u00eaves sur notre page carri\u00e8re ou sur LinkedIn et postulez.<\/p>\n                            <\/div>\n                        <\/div>\n                    <\/div>\n                                    <div class=\"swiper-slide rm-single\" data-counter=\"2\">\n                        <div class=\"grid grid-cols-1 gap-y-[28px] lg:grid-cols-2 lg:gap-x-[30px] xl:gap-[50px] lg:content-center\">\n                            <div class=\"image flex lg:justify-end\">\n                                <img decoding=\"async\" src=\"https:\/\/dev.baudouin.com\/wp-content\/uploads\/2023\/10\/moteurs-baudouin-application-process-first-contact.jpg\" alt=\"Women on phone call writing notes.\">\n                            <\/div>\n                            <div class=\"text-container flex flex-col items-center text-center lg:text-left lg:items-start lg:justify-center\">\n                                <h3 class=\"mb-[37px]\">Premier contact<\/h3>\n                                <p class=\"\">Bonne nouvelle\u00a0! Votre profil nous int\u00e9resse, notre \u00e9quipe de recrutement vous appellera pour en savoir plus sur vos exp\u00e9riences et vos attentes. <\/p>\n                            <\/div>\n                        <\/div>\n                    <\/div>\n                                    <div class=\"swiper-slide rm-single\" data-counter=\"3\">\n                        <div class=\"grid grid-cols-1 gap-y-[28px] lg:grid-cols-2 lg:gap-x-[30px] xl:gap-[50px] lg:content-center\">\n                            <div class=\"image flex lg:justify-end\">\n                                <img decoding=\"async\" src=\"https:\/\/dev.baudouin.com\/wp-content\/uploads\/2023\/10\/moteurs-baudouin-application-process-lets-meet.jpg\" alt=\"Woman shaking a man's hand.\">\n                            <\/div>\n                            <div class=\"text-container flex flex-col items-center text-center lg:text-left lg:items-start lg:justify-center\">\n                                <h3 class=\"mb-[37px]\">Rencontrons-nous!<\/h3>\n                                <p class=\"\">Vous serez contact\u00e9 pour un entretien avec le responsable du recrutement afin que nous puissions en savoir plus sur vous. Cela peut se faire par vid\u00e9o ou en personne. <\/p>\n                            <\/div>\n                        <\/div>\n                    <\/div>\n                                    <div class=\"swiper-slide rm-single\" data-counter=\"4\">\n                        <div class=\"grid grid-cols-1 gap-y-[28px] lg:grid-cols-2 lg:gap-x-[30px] xl:gap-[50px] lg:content-center\">\n                            <div class=\"image flex lg:justify-end\">\n                                <img decoding=\"async\" src=\"https:\/\/dev.baudouin.com\/wp-content\/uploads\/2023\/10\/moteurs-baudouin-application-process-last-step.jpg\" alt=\"Man in conversation.\">\n                            <\/div>\n                            <div class=\"text-container flex flex-col items-center text-center lg:text-left lg:items-start lg:justify-center\">\n                                <h3 class=\"mb-[37px]\">Derni\u00e8re \u00e9tape<\/h3>\n                                <p class=\"\">En fonction du poste, nous vous contacterons pour un entretien en personne avec une \u00e9quipe \u00e9largie afin de d\u00e9terminer si vous correspondez au poste et de vous donner une id\u00e9e de l&rsquo;entreprise.<\/p>\n                            <\/div>\n                        <\/div>\n                    <\/div>\n                                    <div class=\"swiper-slide rm-single\" data-counter=\"5\">\n                        <div class=\"grid grid-cols-1 gap-y-[28px] lg:grid-cols-2 lg:gap-x-[30px] xl:gap-[50px] lg:content-center\">\n                            <div class=\"image flex lg:justify-end\">\n                                <img decoding=\"async\" src=\"https:\/\/dev.baudouin.com\/wp-content\/uploads\/2023\/10\/moteurs-baudouin-application-process-congratulations.jpg\" alt=\"Woman joyfully looking at phone.\">\n                            <\/div>\n                            <div class=\"text-container flex flex-col items-center text-center lg:text-left lg:items-start lg:justify-center\">\n                                <h3 class=\"mb-[37px]\">F\u00e9licitations!<\/h3>\n                                <p class=\"\">Vous avez r\u00e9ussi! Nous vous contacterons pour vous faire une offre et discuter du moment o\u00f9 vous pourrez commencer.  <\/p>\n                            <\/div>\n                        <\/div>\n                    <\/div>\n                                    <div class=\"swiper-slide rm-single\" data-counter=\"6\">\n                        <div class=\"grid grid-cols-1 gap-y-[28px] lg:grid-cols-2 lg:gap-x-[30px] xl:gap-[50px] lg:content-center\">\n                            <div class=\"image flex lg:justify-end\">\n                                <img decoding=\"async\" src=\"https:\/\/dev.baudouin.com\/wp-content\/uploads\/2023\/10\/moteurs-baudouin-application-process-welcome.jpg\" alt=\"Four people smiling, one with hand outstretched to shake.\">\n                            <\/div>\n                            <div class=\"text-container flex flex-col items-center text-center lg:text-left lg:items-start lg:justify-center\">\n                                <h3 class=\"mb-[37px]\">Bienvenue chez Baudouin<\/h3>\n                                <p class=\"\">Votre int\u00e9gration commence ici\u00a0! Vous rencontrerez tous les d\u00e9partements de l&rsquo;entreprise, d\u00e9couvrirez nos valeurs, notre vision, notre mission et notre culture et recevrez  les formations et tous les outils n\u00e9cessaires \u00e0 votre r\u00f4le. <\/p>\n                            <\/div>\n                        <\/div>\n                    <\/div>\n                            <\/div>\n            <div class=\"recruitment-pagination mt-[45px] w-full flex justify-center lg:mt-[98px]\">\n\n            <\/div>\n            <div class=\"rm-carousel__next \">\n                <img decoding=\"async\" src=\"https:\/\/dev.baudouin.com\/wp-content\/themes\/baudouin-latest\/assets\/chevron-nav.svg\" alt=\"next\">\n            <\/div>\n            <div class=\"rm-carousel__prev \">\n                <img decoding=\"async\" src=\"https:\/\/dev.baudouin.com\/wp-content\/themes\/baudouin-latest\/assets\/chevron-nav.svg\" alt=\"previous\">\n            <\/div>\n        <\/div>\n      <\/div>\n<\/section>\n\n\n\n<div class=\"wp-block-group ghostkit-custom-Z1jgah1 is-layout-constrained wp-block-group-is-layout-constrained\">\n<div class=\"wp-block-columns is-layout-flex wp-container-core-columns-is-layout-2 wp-block-columns-is-layout-flex\">\n<div class=\"wp-block-column ghostkit-custom-2r3t2a is-layout-flow wp-block-column-is-layout-flow\">\n<p>En rejoignant notre \u00e9quipe, vous aurez la chance de travailler avec des technologies de pointe, de collaborer avec des experts du secteur et de relever des d\u00e9fis passionnants qui \u00e9largiront vos comp\u00e9tences et acc\u00e9l\u00e9reront votre d\u00e9veloppement professionnel. Nous offrons un environnement de travail favorable et inclusif qui encourage la cr\u00e9ativit\u00e9, l&rsquo;initiative et l&rsquo;apprentissage continu. En explorant notre page sur les carri\u00e8res professionnelles, vous trouverez des informations d\u00e9taill\u00e9es.<\/p>\n<\/div>\n<\/div>\n<\/div>\n\n\n\n<div class=\"wp-block-group ghostkit-custom-Z1y1eFu is-layout-constrained wp-block-group-is-layout-constrained\">\n<div class=\"wp-block-columns is-layout-flex wp-container-core-columns-is-layout-3 wp-block-columns-is-layout-flex\">\n<div class=\"wp-block-column is-layout-flow wp-block-column-is-layout-flow\">\n<div class=\"wp-block-cover is-light ghostkit-custom-Z1wKW9f\" style=\"min-height:248px;aspect-ratio:unset;\"><span aria-hidden=\"true\" class=\"wp-block-cover__background has-background-dim\"><\/span><img loading=\"lazy\" decoding=\"async\" width=\"1300\" height=\"1000\" class=\"wp-block-cover__image-background wp-image-60925\" alt=\"\" src=\"https:\/\/dev.baudouin.com\/wp-content\/uploads\/2023\/10\/moteurs-baudouin-view-open-positions.jpg\" data-object-fit=\"cover\" srcset=\"https:\/\/dev.baudouin.com\/wp-content\/uploads\/2023\/10\/moteurs-baudouin-view-open-positions.jpg 1300w, https:\/\/dev.baudouin.com\/wp-content\/uploads\/2023\/10\/moteurs-baudouin-view-open-positions-300x231.jpg 300w, https:\/\/dev.baudouin.com\/wp-content\/uploads\/2023\/10\/moteurs-baudouin-view-open-positions-1024x788.jpg 1024w, https:\/\/dev.baudouin.com\/wp-content\/uploads\/2023\/10\/moteurs-baudouin-view-open-positions-768x591.jpg 768w\" sizes=\"auto, (max-width: 1300px) 100vw, 1300px\" \/><div class=\"wp-block-cover__inner-container is-layout-constrained wp-container-core-cover-is-layout-1 wp-block-cover-is-layout-constrained\">\n<div class=\"wp-block-buttons is-content-justification-center is-layout-flex wp-container-core-buttons-is-layout-1 wp-block-buttons-is-layout-flex\">\n<div class=\"wp-block-button\"><a class=\"wp-block-button__link has-white-color has-text-color has-background wp-element-button\" href=\"https:\/\/flatchr.io\/fr\/company\/societeinternationaledesmoteursbaudouin\/\" style=\"border-radius:0px;background-color:#001e61\" target=\"_blank\" rel=\"noreferrer noopener\">NOS OPPORTUNITES PROFESSIONNELLES<\/a><\/div>\n<\/div>\n<\/div><\/div>\n<\/div>\n\n\n\n<div class=\"wp-block-column is-layout-flow wp-block-column-is-layout-flow\">\n<div class=\"wp-block-cover ghostkit-custom-d97rn\" style=\"min-height:246px;aspect-ratio:unset;\"><span aria-hidden=\"true\" class=\"wp-block-cover__background has-background-dim\"><\/span><img loading=\"lazy\" decoding=\"async\" width=\"1300\" height=\"1000\" class=\"wp-block-cover__image-background wp-image-60921\" alt=\"\" src=\"https:\/\/dev.baudouin.com\/wp-content\/uploads\/2023\/10\/moteurs-baudouin-unsolicited-applications.jpg\" data-object-fit=\"cover\" srcset=\"https:\/\/dev.baudouin.com\/wp-content\/uploads\/2023\/10\/moteurs-baudouin-unsolicited-applications.jpg 1300w, https:\/\/dev.baudouin.com\/wp-content\/uploads\/2023\/10\/moteurs-baudouin-unsolicited-applications-300x231.jpg 300w, https:\/\/dev.baudouin.com\/wp-content\/uploads\/2023\/10\/moteurs-baudouin-unsolicited-applications-1024x788.jpg 1024w, https:\/\/dev.baudouin.com\/wp-content\/uploads\/2023\/10\/moteurs-baudouin-unsolicited-applications-768x591.jpg 768w\" sizes=\"auto, (max-width: 1300px) 100vw, 1300px\" \/><div class=\"wp-block-cover__inner-container is-layout-constrained wp-block-cover-is-layout-constrained\">\n<div class=\"wp-block-buttons is-content-justification-center is-layout-flex wp-container-core-buttons-is-layout-2 wp-block-buttons-is-layout-flex\">\n<div class=\"wp-block-button\"><a class=\"wp-block-button__link has-background wp-element-button\" href=\"mailto:recruitment@dev.baudouin.com\" style=\"border-radius:0px;background-color:#001e61\">CANDIDATURES SPONTAN\u00c9ES<\/a><\/div>\n<\/div>\n<\/div><\/div>\n<\/div>\n<\/div>\n<\/div>\n","protected":false},"excerpt":{"rendered":"<p>Forts d&rsquo;un riche h\u00e9ritage de plusieurs d\u00e9cennies, nous nous sommes impos\u00e9s comme un leader mondial dans la fabrication de moteurs fiables et performants pour diverses industries. En tant que professionnel, vous aurez&#8230;<\/p>\n","protected":false},"author":1,"featured_media":60918,"parent":0,"menu_order":0,"comment_status":"closed","ping_status":"closed","template":"","meta":{"_acf_changed":false,"content-type":"","ghostkit_customizer_options":"","ghostkit_custom_css":"","ghostkit_custom_js_head":"","ghostkit_custom_js_foot":"","ghostkit_typography":"","two_page_speed":[],"footnotes":""},"class_list":["post-62093","page","type-page","status-publish","has-post-thumbnail","hentry"],"acf":[],"yoast_head":"<!-- This site is optimized with the Yoast SEO plugin v26.8 - https:\/\/yoast.com\/product\/yoast-seo-wordpress\/ -->\n<title>Carri\u00e8res Professionnelles - Baudouin<\/title>\n<meta name=\"description\" content=\"As a leading company in the field of engine manufacturing and innovation, we can offer you a gateway to exceptional career opportunities.\" \/>\n<meta name=\"robots\" content=\"index, follow, max-snippet:-1, max-image-preview:large, max-video-preview:-1\" \/>\n<link rel=\"canonical\" href=\"https:\/\/dev.baudouin.com\/fr\/professional-careers\/\" \/>\n<meta property=\"og:locale\" content=\"fr_FR\" \/>\n<meta property=\"og:type\" content=\"article\" \/>\n<meta property=\"og:title\" content=\"Carri\u00e8res Professionnelles - Baudouin\" \/>\n<meta property=\"og:description\" content=\"As a leading company in the field of engine manufacturing and innovation, we can offer you a gateway to exceptional career opportunities.\" \/>\n<meta property=\"og:url\" content=\"https:\/\/dev.baudouin.com\/fr\/professional-careers\/\" \/>\n<meta property=\"og:site_name\" content=\"Baudouin\" \/>\n<meta property=\"article:modified_time\" content=\"2024-03-19T14:46:25+00:00\" \/>\n<meta property=\"og:image\" content=\"https:\/\/dev.baudouin.com\/wp-content\/uploads\/2023\/10\/moteurs-baudouin-professional-careers-mobile-header.jpg\" \/>\n\t<meta property=\"og:image:width\" content=\"1000\" \/>\n\t<meta property=\"og:image:height\" content=\"1000\" \/>\n\t<meta property=\"og:image:type\" content=\"image\/jpeg\" \/>\n<meta name=\"twitter:card\" content=\"summary_large_image\" \/>\n<meta name=\"twitter:label1\" content=\"Dur\u00e9e de lecture estim\u00e9e\" \/>\n\t<meta name=\"twitter:data1\" content=\"2 minutes\" \/>\n<script type=\"application\/ld+json\" class=\"yoast-schema-graph\">{\"@context\":\"https:\/\/schema.org\",\"@graph\":[{\"@type\":\"WebPage\",\"@id\":\"https:\/\/dev.baudouin.com\/fr\/professional-careers\/\",\"url\":\"https:\/\/dev.baudouin.com\/fr\/professional-careers\/\",\"name\":\"Carri\u00e8res Professionnelles - Baudouin\",\"isPartOf\":{\"@id\":\"https:\/\/dev.baudouin.com\/#website\"},\"primaryImageOfPage\":{\"@id\":\"https:\/\/dev.baudouin.com\/fr\/professional-careers\/#primaryimage\"},\"image\":{\"@id\":\"https:\/\/dev.baudouin.com\/fr\/professional-careers\/#primaryimage\"},\"thumbnailUrl\":\"https:\/\/dev.baudouin.com\/wp-content\/uploads\/2023\/10\/moteurs-baudouin-professional-careers-mobile-header.jpg\",\"datePublished\":\"2023-02-16T15:04:01+00:00\",\"dateModified\":\"2024-03-19T14:46:25+00:00\",\"description\":\"As a leading company in the field of engine manufacturing and innovation, we can offer you a gateway to exceptional career opportunities.\",\"breadcrumb\":{\"@id\":\"https:\/\/dev.baudouin.com\/fr\/professional-careers\/#breadcrumb\"},\"inLanguage\":\"fr-FR\",\"potentialAction\":[{\"@type\":\"ReadAction\",\"target\":[\"https:\/\/dev.baudouin.com\/fr\/professional-careers\/\"]}]},{\"@type\":\"ImageObject\",\"inLanguage\":\"fr-FR\",\"@id\":\"https:\/\/dev.baudouin.com\/fr\/professional-careers\/#primaryimage\",\"url\":\"https:\/\/dev.baudouin.com\/wp-content\/uploads\/2023\/10\/moteurs-baudouin-professional-careers-mobile-header.jpg\",\"contentUrl\":\"https:\/\/dev.baudouin.com\/wp-content\/uploads\/2023\/10\/moteurs-baudouin-professional-careers-mobile-header.jpg\",\"width\":1000,\"height\":1000,\"caption\":\"A group of people looking at blueprints.\"},{\"@type\":\"BreadcrumbList\",\"@id\":\"https:\/\/dev.baudouin.com\/fr\/professional-careers\/#breadcrumb\",\"itemListElement\":[{\"@type\":\"ListItem\",\"position\":1,\"name\":\"Home\",\"item\":\"https:\/\/dev.baudouin.com\/fr\/\"},{\"@type\":\"ListItem\",\"position\":2,\"name\":\"Carri\u00e8res Professionnelles\"}]},{\"@type\":\"WebSite\",\"@id\":\"https:\/\/dev.baudouin.com\/#website\",\"url\":\"https:\/\/dev.baudouin.com\/\",\"name\":\"Baudouin\",\"description\":\"\",\"publisher\":{\"@id\":\"https:\/\/dev.baudouin.com\/#organization\"},\"potentialAction\":[{\"@type\":\"SearchAction\",\"target\":{\"@type\":\"EntryPoint\",\"urlTemplate\":\"https:\/\/dev.baudouin.com\/?s={search_term_string}\"},\"query-input\":{\"@type\":\"PropertyValueSpecification\",\"valueRequired\":true,\"valueName\":\"search_term_string\"}}],\"inLanguage\":\"fr-FR\"},{\"@type\":\"Organization\",\"@id\":\"https:\/\/dev.baudouin.com\/#organization\",\"name\":\"Moteurs Baudouin\",\"alternateName\":\"Moteurs Baudouin\",\"url\":\"https:\/\/dev.baudouin.com\/\",\"logo\":{\"@type\":\"ImageObject\",\"inLanguage\":\"fr-FR\",\"@id\":\"https:\/\/dev.baudouin.com\/#\/schema\/logo\/image\/\",\"url\":\"https:\/\/dev.baudouin.com\/wp-content\/uploads\/2024\/12\/Moteur-Baudouin-jpg.webp\",\"contentUrl\":\"https:\/\/dev.baudouin.com\/wp-content\/uploads\/2024\/12\/Moteur-Baudouin-jpg.webp\",\"width\":150,\"height\":150,\"caption\":\"Moteurs Baudouin\"},\"image\":{\"@id\":\"https:\/\/dev.baudouin.com\/#\/schema\/logo\/image\/\"}}]}<\/script>\n<!-- \/ Yoast SEO plugin. -->","yoast_head_json":{"title":"Carri\u00e8res Professionnelles - Baudouin","description":"As a leading company in the field of engine manufacturing and innovation, we can offer you a gateway to exceptional career opportunities.","robots":{"index":"index","follow":"follow","max-snippet":"max-snippet:-1","max-image-preview":"max-image-preview:large","max-video-preview":"max-video-preview:-1"},"canonical":"https:\/\/dev.baudouin.com\/fr\/professional-careers\/","og_locale":"fr_FR","og_type":"article","og_title":"Carri\u00e8res Professionnelles - Baudouin","og_description":"As a leading company in the field of engine manufacturing and innovation, we can offer you a gateway to exceptional career opportunities.","og_url":"https:\/\/dev.baudouin.com\/fr\/professional-careers\/","og_site_name":"Baudouin","article_modified_time":"2024-03-19T14:46:25+00:00","og_image":[{"width":1000,"height":1000,"url":"https:\/\/dev.baudouin.com\/wp-content\/uploads\/2023\/10\/moteurs-baudouin-professional-careers-mobile-header.jpg","type":"image\/jpeg"}],"twitter_card":"summary_large_image","twitter_misc":{"Dur\u00e9e de lecture estim\u00e9e":"2 minutes"},"schema":{"@context":"https:\/\/schema.org","@graph":[{"@type":"WebPage","@id":"https:\/\/dev.baudouin.com\/fr\/professional-careers\/","url":"https:\/\/dev.baudouin.com\/fr\/professional-careers\/","name":"Carri\u00e8res Professionnelles - Baudouin","isPartOf":{"@id":"https:\/\/dev.baudouin.com\/#website"},"primaryImageOfPage":{"@id":"https:\/\/dev.baudouin.com\/fr\/professional-careers\/#primaryimage"},"image":{"@id":"https:\/\/dev.baudouin.com\/fr\/professional-careers\/#primaryimage"},"thumbnailUrl":"https:\/\/dev.baudouin.com\/wp-content\/uploads\/2023\/10\/moteurs-baudouin-professional-careers-mobile-header.jpg","datePublished":"2023-02-16T15:04:01+00:00","dateModified":"2024-03-19T14:46:25+00:00","description":"As a leading company in the field of engine manufacturing and innovation, we can offer you a gateway to exceptional career opportunities.","breadcrumb":{"@id":"https:\/\/dev.baudouin.com\/fr\/professional-careers\/#breadcrumb"},"inLanguage":"fr-FR","potentialAction":[{"@type":"ReadAction","target":["https:\/\/dev.baudouin.com\/fr\/professional-careers\/"]}]},{"@type":"ImageObject","inLanguage":"fr-FR","@id":"https:\/\/dev.baudouin.com\/fr\/professional-careers\/#primaryimage","url":"https:\/\/dev.baudouin.com\/wp-content\/uploads\/2023\/10\/moteurs-baudouin-professional-careers-mobile-header.jpg","contentUrl":"https:\/\/dev.baudouin.com\/wp-content\/uploads\/2023\/10\/moteurs-baudouin-professional-careers-mobile-header.jpg","width":1000,"height":1000,"caption":"A group of people looking at blueprints."},{"@type":"BreadcrumbList","@id":"https:\/\/dev.baudouin.com\/fr\/professional-careers\/#breadcrumb","itemListElement":[{"@type":"ListItem","position":1,"name":"Home","item":"https:\/\/dev.baudouin.com\/fr\/"},{"@type":"ListItem","position":2,"name":"Carri\u00e8res Professionnelles"}]},{"@type":"WebSite","@id":"https:\/\/dev.baudouin.com\/#website","url":"https:\/\/dev.baudouin.com\/","name":"Baudouin","description":"","publisher":{"@id":"https:\/\/dev.baudouin.com\/#organization"},"potentialAction":[{"@type":"SearchAction","target":{"@type":"EntryPoint","urlTemplate":"https:\/\/dev.baudouin.com\/?s={search_term_string}"},"query-input":{"@type":"PropertyValueSpecification","valueRequired":true,"valueName":"search_term_string"}}],"inLanguage":"fr-FR"},{"@type":"Organization","@id":"https:\/\/dev.baudouin.com\/#organization","name":"Moteurs Baudouin","alternateName":"Moteurs Baudouin","url":"https:\/\/dev.baudouin.com\/","logo":{"@type":"ImageObject","inLanguage":"fr-FR","@id":"https:\/\/dev.baudouin.com\/#\/schema\/logo\/image\/","url":"https:\/\/dev.baudouin.com\/wp-content\/uploads\/2024\/12\/Moteur-Baudouin-jpg.webp","contentUrl":"https:\/\/dev.baudouin.com\/wp-content\/uploads\/2024\/12\/Moteur-Baudouin-jpg.webp","width":150,"height":150,"caption":"Moteurs Baudouin"},"image":{"@id":"https:\/\/dev.baudouin.com\/#\/schema\/logo\/image\/"}}]}},"_links":{"self":[{"href":"https:\/\/dev.baudouin.com\/fr\/wp-json\/wp\/v2\/pages\/62093","targetHints":{"allow":["GET"]}}],"collection":[{"href":"https:\/\/dev.baudouin.com\/fr\/wp-json\/wp\/v2\/pages"}],"about":[{"href":"https:\/\/dev.baudouin.com\/fr\/wp-json\/wp\/v2\/types\/page"}],"author":[{"embeddable":true,"href":"https:\/\/dev.baudouin.com\/fr\/wp-json\/wp\/v2\/users\/1"}],"replies":[{"embeddable":true,"href":"https:\/\/dev.baudouin.com\/fr\/wp-json\/wp\/v2\/comments?post=62093"}],"version-history":[{"count":2,"href":"https:\/\/dev.baudouin.com\/fr\/wp-json\/wp\/v2\/pages\/62093\/revisions"}],"predecessor-version":[{"id":69233,"href":"https:\/\/dev.baudouin.com\/fr\/wp-json\/wp\/v2\/pages\/62093\/revisions\/69233"}],"wp:featuredmedia":[{"embeddable":true,"href":"https:\/\/dev.baudouin.com\/fr\/wp-json\/wp\/v2\/media\/60918"}],"wp:attachment":[{"href":"https:\/\/dev.baudouin.com\/fr\/wp-json\/wp\/v2\/media?parent=62093"}],"curies":[{"name":"wp","href":"https:\/\/api.w.org\/{rel}","templated":true}]}}