{"id":62081,"date":"2022-11-09T15:52:11","date_gmt":"2022-11-09T15:52:11","guid":{"rendered":"https:\/\/dev.baudouin.com\/careers\/"},"modified":"2024-02-28T14:38:47","modified_gmt":"2024-02-28T14:38:47","slug":"careers","status":"publish","type":"page","link":"https:\/\/dev.baudouin.com\/fr\/careers\/","title":{"rendered":"Carri\u00e8res"},"content":{"rendered":"<style>\n    .page-hero {\n        background-image:linear-gradient(rgba(0, 0, 0, 0.25), rgba(0, 0, 0, 0.25)), url('https:\/\/dev.baudouin.com\/wp-content\/uploads\/2023\/11\/moteurs-baudouin-careers-mobile-header.jpg');\n        background-repeat: no-repeat;\n    }\n    p, h2 {\n        color: #fff;\n    }\n    @media screen and (min-width: 768px) {\n        .page-hero {\n        background-image:linear-gradient(rgba(0, 0, 0, 0.25), rgba(0, 0, 0, 0.25)), url('https:\/\/dev.baudouin.com\/wp-content\/uploads\/2023\/11\/moteurs-baudouin-careers-desktop-header.jpg');\n    }\n    }\n<\/style>\n<section id=\"page-hero-block_e878cb62712d4023e0811f04e6bd2fda\" class=\"page-hero py-[85px] lg:py-[100px] xl:pt-[100px] xl:pb-[242px] bg-dark-blue \">\n        <div class=\"hero-container mx-auto my-0 md:max-w-[1920px]\">\n        \n            \n        \n        <div class=\"page-hero__container flex flex-col-reverse md:flex-row lg:justify-between\">\n            <div class=\"page-hero__container--left text-center text-white lg:text-left\">\n                                    <div class=\"page-hero__container--left__breadcrumbs mb-7 lg:mb-[32px]\">\n                        <p id=\"breadcrumbs\" class=\"text-xsm text-white leading-5 font-semibold uppercase\"><span><span><a href=\"https:\/\/dev.baudouin.com\/fr\/\">Home<\/a><\/span><\/span><\/p>                    <\/div>\n                                <h1 class=\"text-white  mb-[12px] uppercase font-bold md:mb-2.5 lg:mb-[33px]\">CARRI\u00c8RES BAUDOUIN<\/h1>\n                <!-- <p class=\"text-gray-form leading-[21px] w-full md:text-sm md:leading-6 md:max-w-[564px]\"><p class=\"page-text\">Chez Baudouin, chaque jour est une nouvelle occasion de mettre nos comp\u00e9tences et notre talent au service de la satisfaction du client. Chaque jour, notre \u00e9quipe prend soin de nos partenaires pour favoriser leur r\u00e9ussite commerciale. Travailler pour Baudouin, c&rsquo;est travailler pour un leader dans les secteurs de la production d&rsquo;\u00e9nergie et de la marine. D\u00e9veloppez tout votre potentiel en rejoignant notre \u00e9quipe d\u00e8s maintenant.<\/p>\n<\/p> -->\n                <p class=\"page-text\">Chez Baudouin, chaque jour est une nouvelle occasion de mettre nos comp\u00e9tences et notre talent au service de la satisfaction du client. Chaque jour, notre \u00e9quipe prend soin de nos partenaires pour favoriser leur r\u00e9ussite commerciale. Travailler pour Baudouin, c&rsquo;est travailler pour un leader dans les secteurs de la production d&rsquo;\u00e9nergie et de la marine. D\u00e9veloppez tout votre potentiel en rejoignant notre \u00e9quipe d\u00e8s maintenant.<\/p>\n            <\/div>\n           \n            \n        <\/div>\n\n    <\/div>\n<\/section>\n\n\n<div class=\"wp-block-group has-background is-layout-constrained wp-block-group-is-layout-constrained\" style=\"background-color:#ffffff00\"><\/div>\n\n\n\n<div class=\"wp-block-group ghostkit-custom-ZRq1Ig is-layout-constrained wp-block-group-is-layout-constrained\">\n<div class=\"wp-block-columns is-layout-flex wp-container-core-columns-is-layout-1 wp-block-columns-is-layout-flex\">\n<div class=\"wp-block-column is-layout-flow wp-block-column-is-layout-flow\">\n<div class=\"wp-block-cover has-custom-content-position is-position-bottom-center ghostkit-custom-ZfoML2\"><span aria-hidden=\"true\" class=\"wp-block-cover__background has-background-dim\"><\/span><img loading=\"lazy\" decoding=\"async\" width=\"1000\" height=\"780\" class=\"wp-block-cover__image-background wp-image-61151\" alt=\"\" src=\"https:\/\/dev.baudouin.com\/wp-content\/uploads\/2023\/11\/moteurs-baudouin-student-careers.jpg\" data-object-fit=\"cover\" srcset=\"https:\/\/dev.baudouin.com\/wp-content\/uploads\/2023\/11\/moteurs-baudouin-student-careers.jpg 1000w, https:\/\/dev.baudouin.com\/wp-content\/uploads\/2023\/11\/moteurs-baudouin-student-careers-300x234.jpg 300w, https:\/\/dev.baudouin.com\/wp-content\/uploads\/2023\/11\/moteurs-baudouin-student-careers-768x599.jpg 768w\" sizes=\"auto, (max-width: 1000px) 100vw, 1000px\" \/><div class=\"wp-block-cover__inner-container is-layout-flow wp-block-cover-is-layout-flow\">\n<h2 class=\"wp-block-heading has-text-align-center\" id=\"baudouin-propulsion-engines\">\u00c9TUDIANTS   <\/h2>\n<\/div><\/div>\n\n\n\n<div class=\"wp-block-buttons is-content-justification-center is-layout-flex wp-container-core-buttons-is-layout-1 wp-block-buttons-is-layout-flex\">\n<div class=\"wp-block-button\"><a class=\"wp-block-button__link has-white-color has-text-color has-background wp-element-button\" href=\"\/fr\/student-opportunities\/\" style=\"border-radius:0px;background-color:#001e61\">En savoir plus<\/a><\/div>\n<\/div>\n<\/div>\n\n\n\n<div class=\"wp-block-column is-layout-flow wp-block-column-is-layout-flow\">\n<div class=\"wp-block-cover is-light has-custom-content-position is-position-bottom-center ghostkit-custom-ZkkGxs\"><span aria-hidden=\"true\" class=\"wp-block-cover__background has-background-dim\"><\/span><img loading=\"lazy\" decoding=\"async\" width=\"1000\" height=\"780\" class=\"wp-block-cover__image-background wp-image-61155\" alt=\"\" src=\"https:\/\/dev.baudouin.com\/wp-content\/uploads\/2023\/11\/motuers-baudouin-professional-careers.jpg\" data-object-fit=\"cover\" srcset=\"https:\/\/dev.baudouin.com\/wp-content\/uploads\/2023\/11\/motuers-baudouin-professional-careers.jpg 1000w, https:\/\/dev.baudouin.com\/wp-content\/uploads\/2023\/11\/motuers-baudouin-professional-careers-300x234.jpg 300w, https:\/\/dev.baudouin.com\/wp-content\/uploads\/2023\/11\/motuers-baudouin-professional-careers-768x599.jpg 768w\" sizes=\"auto, (max-width: 1000px) 100vw, 1000px\" \/><div class=\"wp-block-cover__inner-container is-layout-flow wp-block-cover-is-layout-flow\">\n<h2 class=\"wp-block-heading has-text-align-center has-white-color has-text-color\" id=\"baudouin-propulsion-engines\">PROFESSIONNELS    <\/h2>\n<\/div><\/div>\n\n\n\n<div class=\"wp-block-buttons is-content-justification-center is-layout-flex wp-container-core-buttons-is-layout-2 wp-block-buttons-is-layout-flex\">\n<div class=\"wp-block-button\"><a class=\"wp-block-button__link has-white-color has-text-color has-background wp-element-button\" href=\"\/fr\/professional-careers\/\" style=\"border-radius:0px;background-color:#001e61\">En savoir plus<\/a><\/div>\n<\/div>\n<\/div>\n<\/div>\n<\/div>\n\n\n\n<h3 class=\"wp-block-heading has-text-align-center ghostkit-d-block ghostkit-custom-W6kPY has-text-color\" id=\"nos-valeurs-fondamentales\" style=\"color:#001e61;font-size:35px\">NOS VALEURS FONDAMENTALES<\/h3>\n\n\n\n<div class=\"wp-block-group ghostkit-custom-Z1JaPxj is-layout-flow wp-block-group-is-layout-flow\">\n<div class=\"wp-block-columns is-layout-flex wp-container-core-columns-is-layout-2 wp-block-columns-is-layout-flex\">\n<div class=\"wp-block-column ghostkit-custom-ZJyL9a is-layout-flow wp-block-column-is-layout-flow\">\n<figure class=\"wp-block-image size-large ghostkit-custom-Z29Azbp\"><img decoding=\"async\" src=\"https:\/\/dev.baudouin.com\/wp-content\/uploads\/2023\/10\/baudouin-ccommitment-1024x788.jpg\" alt=\"\" class=\"wp-image-58749\"\/><\/figure>\n\n\n\n<h5 class=\"wp-block-heading has-text-align-center ghostkit-custom-1lW2RC has-text-color\" id=\"engagement\" style=\"color:#001e61\">ENGAGEMENT<\/h5>\n\n\n\n<p class=\"has-text-align-center ghostkit-custom-Z259gLM has-text-color\" style=\"color:#706f6f\">Nous agissons avec int\u00e9grit\u00e9 pour apporter une satisfaction maximale \u00e0 nos clients et partenaires.<\/p>\n<\/div>\n\n\n\n<div class=\"wp-block-column ghostkit-custom-1MWtzV is-layout-flow wp-block-column-is-layout-flow\">\n<figure class=\"wp-block-image size-large ghostkit-custom-Z4jlnj\"><img decoding=\"async\" src=\"https:\/\/dev.baudouin.com\/wp-content\/uploads\/2023\/10\/baudouin-responsibility-1024x788.jpg\" alt=\"\" class=\"wp-image-58742\"\/><\/figure>\n\n\n\n<h5 class=\"wp-block-heading has-text-align-center ghostkit-custom-1uwkVw has-text-color\" id=\"our-history\" style=\"color:#001e61\">RESPONSABILIT\u00c9<\/h5>\n\n\n\n<p class=\"has-text-align-center ghostkit-custom-ZzIk8E has-text-color\" style=\"color:#706f6f\">Nous nous engageons \u00e0 apporter de la valeur \u00e0 notre entreprise, \u00e0 nos coll\u00e8gues et \u00e0 notre communaut\u00e9.<\/p>\n<\/div>\n\n\n\n<div class=\"wp-block-column is-layout-flow wp-block-column-is-layout-flow\">\n<figure class=\"wp-block-image size-large ghostkit-custom-OYFYS\"><img decoding=\"async\" src=\"https:\/\/dev.baudouin.com\/wp-content\/uploads\/2023\/10\/baudouin-diversity-1024x788.jpg\" alt=\"\" class=\"wp-image-58753\"\/><\/figure>\n\n\n\n<h5 class=\"wp-block-heading has-text-align-center ghostkit-custom-1bMl7H has-text-color\" id=\"diversite\" style=\"color:#001e61\">DIVERSIT\u00c9<\/h5>\n\n\n\n<p class=\"has-text-align-center ghostkit-custom-28GeI1 has-text-color\" style=\"color:#706f6f\">Nous encourageons une communication efficace pour collaborer avec notre \u00e9quipe diversifi\u00e9e. Nous favorisons un environnement de travail inclusif afin de maximiser l&rsquo;innovation, le travail d&rsquo;\u00e9quipe et la cr\u00e9ativit\u00e9.<\/p>\n<\/div>\n<\/div>\n\n\n\n<h2 class=\"wp-block-heading has-text-align-center ghostkit-custom-ZVDWYj has-text-color\" id=\"nos-dernieres-opportunites\" style=\"color:#001e61;font-size:35px\">NOS DERNI\u00c8RES OPPORTUNIT\u00c9S<\/h2>\n\n\n\n<iframe \nsrc=\"https:\/\/careers.flatchr.io\/company\/societeinternationaledesmoteursbaudouin?iframe=true&#038;btn_color=001e61&#038;background_color=FFFFFF\" \nwidth=\"100%\" height=\"600px\" frameborder=\"0\" marginwidth=\"0\" marginheight=\"0\" style=\"margin-top:50px;padding-left:30px;padding-right:30px\">\n<\/iframe>\n<\/div>\n\n\n\n<div class=\"wp-block-cover aligncenter ghostkit-custom-1uzAkj\"><span aria-hidden=\"true\" class=\"wp-block-cover__background has-background-dim-40 has-background-dim\"><\/span><img loading=\"lazy\" decoding=\"async\" width=\"2500\" height=\"1000\" class=\"wp-block-cover__image-background wp-image-60161\" alt=\"\" src=\"https:\/\/dev.baudouin.com\/wp-content\/uploads\/2023\/10\/moteurs-baudouin-we-are-baudouin.jpg\" data-object-fit=\"cover\" srcset=\"https:\/\/dev.baudouin.com\/wp-content\/uploads\/2023\/10\/moteurs-baudouin-we-are-baudouin.jpg 2500w, https:\/\/dev.baudouin.com\/wp-content\/uploads\/2023\/10\/moteurs-baudouin-we-are-baudouin-300x120.jpg 300w, https:\/\/dev.baudouin.com\/wp-content\/uploads\/2023\/10\/moteurs-baudouin-we-are-baudouin-1024x410.jpg 1024w, https:\/\/dev.baudouin.com\/wp-content\/uploads\/2023\/10\/moteurs-baudouin-we-are-baudouin-768x307.jpg 768w, https:\/\/dev.baudouin.com\/wp-content\/uploads\/2023\/10\/moteurs-baudouin-we-are-baudouin-1536x614.jpg 1536w, https:\/\/dev.baudouin.com\/wp-content\/uploads\/2023\/10\/moteurs-baudouin-we-are-baudouin-2048x819.jpg 2048w\" sizes=\"auto, (max-width: 2500px) 100vw, 2500px\" \/><div class=\"wp-block-cover__inner-container is-layout-flow wp-block-cover-is-layout-flow\">\n<h5 class=\"wp-block-heading has-text-align-center ghostkit-custom-ipn7X has-white-color has-text-color\" id=\"become-a-trusted-partner-1\">NOUS SOMMES BAUDOUIN<\/h5>\n\n\n\n<p class=\"has-text-align-center ghostkit-custom-1R8W09 has-white-color has-text-color\">Baudouin fournit des solutions innovantes, fiables et durables pour les secteurs de la marine et de la production d&rsquo;\u00e9nergie, en s&rsquo;engageant \u00e0 satisfaire ses clients, \u00e0 respecter l&rsquo;environnement et \u00e0 utiliser des technologies de pointe.<\/p>\n\n\n\n<div class=\"wp-block-buttons is-content-justification-center is-layout-flex wp-container-core-buttons-is-layout-3 wp-block-buttons-is-layout-flex\">\n<div class=\"wp-block-button\"><a class=\"wp-block-button__link has-white-background-color has-text-color has-background wp-element-button\" href=\"\/fr\/our-company\/\" style=\"border-radius:0px;color:#706f6f\">\u00c0 PROPOS DE NOUS<\/a><\/div>\n<\/div>\n<\/div><\/div>\n","protected":false},"excerpt":{"rendered":"<p>NOS VALEURS FONDAMENTALES ENGAGEMENT Nous agissons avec int\u00e9grit\u00e9 pour apporter une satisfaction maximale \u00e0 nos clients et partenaires. RESPONSABILIT\u00c9 Nous nous engageons \u00e0 apporter de la valeur \u00e0 notre entreprise, \u00e0 nos&#8230;<\/p>\n","protected":false},"author":1,"featured_media":61148,"parent":0,"menu_order":0,"comment_status":"closed","ping_status":"closed","template":"","meta":{"_acf_changed":false,"content-type":"","ghostkit_customizer_options":"","ghostkit_custom_css":"","ghostkit_custom_js_head":"","ghostkit_custom_js_foot":"","ghostkit_typography":"","two_page_speed":[],"footnotes":""},"class_list":["post-62081","page","type-page","status-publish","has-post-thumbnail","hentry"],"acf":[],"yoast_head":"<!-- This site is optimized with the Yoast SEO plugin v26.8 - https:\/\/yoast.com\/product\/yoast-seo-wordpress\/ -->\n<title>Carri\u00e8res - Baudouin<\/title>\n<meta name=\"description\" content=\"Working for Baudouin means working for a leader in the power generation and marine industries. Reach your full potential and join the team!\" \/>\n<meta name=\"robots\" content=\"index, follow, max-snippet:-1, max-image-preview:large, max-video-preview:-1\" \/>\n<link rel=\"canonical\" href=\"https:\/\/dev.baudouin.com\/fr\/careers\/\" \/>\n<meta property=\"og:locale\" content=\"fr_FR\" \/>\n<meta property=\"og:type\" content=\"article\" \/>\n<meta property=\"og:title\" content=\"Carri\u00e8res - Baudouin\" \/>\n<meta property=\"og:description\" content=\"Working for Baudouin means working for a leader in the power generation and marine industries. Reach your full potential and join the team!\" \/>\n<meta property=\"og:url\" content=\"https:\/\/dev.baudouin.com\/fr\/careers\/\" \/>\n<meta property=\"og:site_name\" content=\"Baudouin\" \/>\n<meta property=\"article:modified_time\" content=\"2024-02-28T14:38:47+00:00\" \/>\n<meta property=\"og:image\" content=\"https:\/\/dev.baudouin.com\/wp-content\/uploads\/2023\/11\/moteurs-baudouin-careers-mobile-header.jpg\" \/>\n\t<meta property=\"og:image:width\" content=\"1000\" \/>\n\t<meta property=\"og:image:height\" content=\"1000\" \/>\n\t<meta property=\"og:image:type\" content=\"image\/jpeg\" \/>\n<meta name=\"twitter:card\" content=\"summary_large_image\" \/>\n<meta name=\"twitter:label1\" content=\"Dur\u00e9e de lecture estim\u00e9e\" \/>\n\t<meta name=\"twitter:data1\" content=\"2 minutes\" \/>\n<script type=\"application\/ld+json\" class=\"yoast-schema-graph\">{\"@context\":\"https:\/\/schema.org\",\"@graph\":[{\"@type\":\"WebPage\",\"@id\":\"https:\/\/dev.baudouin.com\/fr\/careers\/\",\"url\":\"https:\/\/dev.baudouin.com\/fr\/careers\/\",\"name\":\"Carri\u00e8res - Baudouin\",\"isPartOf\":{\"@id\":\"https:\/\/dev.baudouin.com\/#website\"},\"primaryImageOfPage\":{\"@id\":\"https:\/\/dev.baudouin.com\/fr\/careers\/#primaryimage\"},\"image\":{\"@id\":\"https:\/\/dev.baudouin.com\/fr\/careers\/#primaryimage\"},\"thumbnailUrl\":\"https:\/\/dev.baudouin.com\/wp-content\/uploads\/2023\/11\/moteurs-baudouin-careers-mobile-header.jpg\",\"datePublished\":\"2022-11-09T15:52:11+00:00\",\"dateModified\":\"2024-02-28T14:38:47+00:00\",\"description\":\"Working for Baudouin means working for a leader in the power generation and marine industries. Reach your full potential and join the team!\",\"breadcrumb\":{\"@id\":\"https:\/\/dev.baudouin.com\/fr\/careers\/#breadcrumb\"},\"inLanguage\":\"fr-FR\",\"potentialAction\":[{\"@type\":\"ReadAction\",\"target\":[\"https:\/\/dev.baudouin.com\/fr\/careers\/\"]}]},{\"@type\":\"ImageObject\",\"inLanguage\":\"fr-FR\",\"@id\":\"https:\/\/dev.baudouin.com\/fr\/careers\/#primaryimage\",\"url\":\"https:\/\/dev.baudouin.com\/wp-content\/uploads\/2023\/11\/moteurs-baudouin-careers-mobile-header.jpg\",\"contentUrl\":\"https:\/\/dev.baudouin.com\/wp-content\/uploads\/2023\/11\/moteurs-baudouin-careers-mobile-header.jpg\",\"width\":1000,\"height\":1000,\"caption\":\"Group writing.\"},{\"@type\":\"BreadcrumbList\",\"@id\":\"https:\/\/dev.baudouin.com\/fr\/careers\/#breadcrumb\",\"itemListElement\":[{\"@type\":\"ListItem\",\"position\":1,\"name\":\"Home\",\"item\":\"https:\/\/dev.baudouin.com\/fr\/\"},{\"@type\":\"ListItem\",\"position\":2,\"name\":\"Carri\u00e8res\"}]},{\"@type\":\"WebSite\",\"@id\":\"https:\/\/dev.baudouin.com\/#website\",\"url\":\"https:\/\/dev.baudouin.com\/\",\"name\":\"Baudouin\",\"description\":\"\",\"publisher\":{\"@id\":\"https:\/\/dev.baudouin.com\/#organization\"},\"potentialAction\":[{\"@type\":\"SearchAction\",\"target\":{\"@type\":\"EntryPoint\",\"urlTemplate\":\"https:\/\/dev.baudouin.com\/?s={search_term_string}\"},\"query-input\":{\"@type\":\"PropertyValueSpecification\",\"valueRequired\":true,\"valueName\":\"search_term_string\"}}],\"inLanguage\":\"fr-FR\"},{\"@type\":\"Organization\",\"@id\":\"https:\/\/dev.baudouin.com\/#organization\",\"name\":\"Moteurs Baudouin\",\"alternateName\":\"Moteurs Baudouin\",\"url\":\"https:\/\/dev.baudouin.com\/\",\"logo\":{\"@type\":\"ImageObject\",\"inLanguage\":\"fr-FR\",\"@id\":\"https:\/\/dev.baudouin.com\/#\/schema\/logo\/image\/\",\"url\":\"https:\/\/dev.baudouin.com\/wp-content\/uploads\/2024\/12\/Moteur-Baudouin-jpg.webp\",\"contentUrl\":\"https:\/\/dev.baudouin.com\/wp-content\/uploads\/2024\/12\/Moteur-Baudouin-jpg.webp\",\"width\":150,\"height\":150,\"caption\":\"Moteurs Baudouin\"},\"image\":{\"@id\":\"https:\/\/dev.baudouin.com\/#\/schema\/logo\/image\/\"}}]}<\/script>\n<!-- \/ Yoast SEO plugin. -->","yoast_head_json":{"title":"Carri\u00e8res - Baudouin","description":"Working for Baudouin means working for a leader in the power generation and marine industries. Reach your full potential and join the team!","robots":{"index":"index","follow":"follow","max-snippet":"max-snippet:-1","max-image-preview":"max-image-preview:large","max-video-preview":"max-video-preview:-1"},"canonical":"https:\/\/dev.baudouin.com\/fr\/careers\/","og_locale":"fr_FR","og_type":"article","og_title":"Carri\u00e8res - Baudouin","og_description":"Working for Baudouin means working for a leader in the power generation and marine industries. Reach your full potential and join the team!","og_url":"https:\/\/dev.baudouin.com\/fr\/careers\/","og_site_name":"Baudouin","article_modified_time":"2024-02-28T14:38:47+00:00","og_image":[{"width":1000,"height":1000,"url":"https:\/\/dev.baudouin.com\/wp-content\/uploads\/2023\/11\/moteurs-baudouin-careers-mobile-header.jpg","type":"image\/jpeg"}],"twitter_card":"summary_large_image","twitter_misc":{"Dur\u00e9e de lecture estim\u00e9e":"2 minutes"},"schema":{"@context":"https:\/\/schema.org","@graph":[{"@type":"WebPage","@id":"https:\/\/dev.baudouin.com\/fr\/careers\/","url":"https:\/\/dev.baudouin.com\/fr\/careers\/","name":"Carri\u00e8res - Baudouin","isPartOf":{"@id":"https:\/\/dev.baudouin.com\/#website"},"primaryImageOfPage":{"@id":"https:\/\/dev.baudouin.com\/fr\/careers\/#primaryimage"},"image":{"@id":"https:\/\/dev.baudouin.com\/fr\/careers\/#primaryimage"},"thumbnailUrl":"https:\/\/dev.baudouin.com\/wp-content\/uploads\/2023\/11\/moteurs-baudouin-careers-mobile-header.jpg","datePublished":"2022-11-09T15:52:11+00:00","dateModified":"2024-02-28T14:38:47+00:00","description":"Working for Baudouin means working for a leader in the power generation and marine industries. Reach your full potential and join the team!","breadcrumb":{"@id":"https:\/\/dev.baudouin.com\/fr\/careers\/#breadcrumb"},"inLanguage":"fr-FR","potentialAction":[{"@type":"ReadAction","target":["https:\/\/dev.baudouin.com\/fr\/careers\/"]}]},{"@type":"ImageObject","inLanguage":"fr-FR","@id":"https:\/\/dev.baudouin.com\/fr\/careers\/#primaryimage","url":"https:\/\/dev.baudouin.com\/wp-content\/uploads\/2023\/11\/moteurs-baudouin-careers-mobile-header.jpg","contentUrl":"https:\/\/dev.baudouin.com\/wp-content\/uploads\/2023\/11\/moteurs-baudouin-careers-mobile-header.jpg","width":1000,"height":1000,"caption":"Group writing."},{"@type":"BreadcrumbList","@id":"https:\/\/dev.baudouin.com\/fr\/careers\/#breadcrumb","itemListElement":[{"@type":"ListItem","position":1,"name":"Home","item":"https:\/\/dev.baudouin.com\/fr\/"},{"@type":"ListItem","position":2,"name":"Carri\u00e8res"}]},{"@type":"WebSite","@id":"https:\/\/dev.baudouin.com\/#website","url":"https:\/\/dev.baudouin.com\/","name":"Baudouin","description":"","publisher":{"@id":"https:\/\/dev.baudouin.com\/#organization"},"potentialAction":[{"@type":"SearchAction","target":{"@type":"EntryPoint","urlTemplate":"https:\/\/dev.baudouin.com\/?s={search_term_string}"},"query-input":{"@type":"PropertyValueSpecification","valueRequired":true,"valueName":"search_term_string"}}],"inLanguage":"fr-FR"},{"@type":"Organization","@id":"https:\/\/dev.baudouin.com\/#organization","name":"Moteurs Baudouin","alternateName":"Moteurs Baudouin","url":"https:\/\/dev.baudouin.com\/","logo":{"@type":"ImageObject","inLanguage":"fr-FR","@id":"https:\/\/dev.baudouin.com\/#\/schema\/logo\/image\/","url":"https:\/\/dev.baudouin.com\/wp-content\/uploads\/2024\/12\/Moteur-Baudouin-jpg.webp","contentUrl":"https:\/\/dev.baudouin.com\/wp-content\/uploads\/2024\/12\/Moteur-Baudouin-jpg.webp","width":150,"height":150,"caption":"Moteurs Baudouin"},"image":{"@id":"https:\/\/dev.baudouin.com\/#\/schema\/logo\/image\/"}}]}},"_links":{"self":[{"href":"https:\/\/dev.baudouin.com\/fr\/wp-json\/wp\/v2\/pages\/62081","targetHints":{"allow":["GET"]}}],"collection":[{"href":"https:\/\/dev.baudouin.com\/fr\/wp-json\/wp\/v2\/pages"}],"about":[{"href":"https:\/\/dev.baudouin.com\/fr\/wp-json\/wp\/v2\/types\/page"}],"author":[{"embeddable":true,"href":"https:\/\/dev.baudouin.com\/fr\/wp-json\/wp\/v2\/users\/1"}],"replies":[{"embeddable":true,"href":"https:\/\/dev.baudouin.com\/fr\/wp-json\/wp\/v2\/comments?post=62081"}],"version-history":[{"count":1,"href":"https:\/\/dev.baudouin.com\/fr\/wp-json\/wp\/v2\/pages\/62081\/revisions"}],"predecessor-version":[{"id":67276,"href":"https:\/\/dev.baudouin.com\/fr\/wp-json\/wp\/v2\/pages\/62081\/revisions\/67276"}],"wp:featuredmedia":[{"embeddable":true,"href":"https:\/\/dev.baudouin.com\/fr\/wp-json\/wp\/v2\/media\/61148"}],"wp:attachment":[{"href":"https:\/\/dev.baudouin.com\/fr\/wp-json\/wp\/v2\/media?parent=62081"}],"curies":[{"name":"wp","href":"https:\/\/api.w.org\/{rel}","templated":true}]}}