{"id":62062,"date":"2022-11-09T15:52:32","date_gmt":"2022-11-09T15:52:32","guid":{"rendered":"https:\/\/dev.baudouin.com\/contact\/"},"modified":"2025-06-23T13:44:25","modified_gmt":"2025-06-23T13:44:25","slug":"contact","status":"publish","type":"page","link":"https:\/\/dev.baudouin.com\/fr\/contact\/","title":{"rendered":"Contact"},"content":{"rendered":"<style>\n    .page-hero {\n        background-image:linear-gradient(rgba(0, 0, 0, 0.25), rgba(0, 0, 0, 0.25)), url('https:\/\/dev.baudouin.com\/wp-content\/uploads\/2023\/10\/moteurs-baudouin-contact-mobile-header.jpg');\n        background-repeat: no-repeat;\n    }\n    p, h2 {\n        color: #fff;\n    }\n    @media screen and (min-width: 768px) {\n        .page-hero {\n        background-image:linear-gradient(rgba(0, 0, 0, 0.25), rgba(0, 0, 0, 0.25)), url('https:\/\/dev.baudouin.com\/wp-content\/uploads\/2023\/10\/moteurs-baudouin-contact-desktop-header.jpg');\n    }\n    }\n<\/style>\n<section id=\"page-hero-block_6f75dc9bc5a0eb77d3ceb6e0126358b3\" class=\"page-hero py-[85px] lg:py-[100px] xl:pt-[100px] xl:pb-[242px] bg-dark-blue \">\n        <div class=\"hero-container mx-auto my-0 md:max-w-[1920px]\">\n        \n            \n        \n        <div class=\"page-hero__container flex flex-col-reverse md:flex-row lg:justify-between\">\n            <div class=\"page-hero__container--left text-center text-white lg:text-left\">\n                                <h1 class=\"text-white  mb-[12px] uppercase font-bold md:mb-2.5 lg:mb-[33px]\">CONTACT<\/h1>\n                <!-- <p class=\"text-gray-form leading-[21px] w-full md:text-sm md:leading-6 md:max-w-[564px]\"><p>Baudouin et son r\u00e9seau sont l\u00e0 pour r\u00e9pondre \u00e0 toutes vos demandes, qu&rsquo;elles soient techniques ou non. Chez Baudouin, nous nous engageons \u00e0 fournir \u00e0 nos clients un service et une assistance d\u00e9vou\u00e9s.<\/p>\n<\/p> -->\n                <p>Baudouin et son r\u00e9seau sont l\u00e0 pour r\u00e9pondre \u00e0 toutes vos demandes, qu&rsquo;elles soient techniques ou non. Chez Baudouin, nous nous engageons \u00e0 fournir \u00e0 nos clients un service et une assistance d\u00e9vou\u00e9s.<\/p>\n            <\/div>\n           \n            \n        <\/div>\n\n    <\/div>\n<\/section>\n\n\n<div class=\"wp-block-group ghostkit-custom-Z1JaPxj is-layout-flow wp-block-group-is-layout-flow\">\n<div class=\"wp-block-columns is-layout-flex wp-container-core-columns-is-layout-1 wp-block-columns-is-layout-flex\">\n<div class=\"wp-block-column ghostkit-custom-ZJyL9a is-layout-flow wp-block-column-is-layout-flow\">\n<figure class=\"wp-block-image size-large ghostkit-custom-Z15zkcD\"><img loading=\"lazy\" decoding=\"async\" width=\"1024\" height=\"788\" src=\"https:\/\/dev.baudouin.com\/wp-content\/uploads\/2023\/10\/moteurs-baudouin-engine-requests-1024x788.jpg\" alt=\"\" class=\"wp-image-60874\" srcset=\"https:\/\/dev.baudouin.com\/wp-content\/uploads\/2023\/10\/moteurs-baudouin-engine-requests-1024x788.jpg 1024w, https:\/\/dev.baudouin.com\/wp-content\/uploads\/2023\/10\/moteurs-baudouin-engine-requests-300x231.jpg 300w, https:\/\/dev.baudouin.com\/wp-content\/uploads\/2023\/10\/moteurs-baudouin-engine-requests-768x591.jpg 768w, https:\/\/dev.baudouin.com\/wp-content\/uploads\/2023\/10\/moteurs-baudouin-engine-requests.jpg 1300w\" sizes=\"auto, (max-width: 1024px) 100vw, 1024px\" \/><\/figure>\n\n\n\n<h5 class=\"wp-block-heading has-text-align-center ghostkit-custom-1lW2RC has-text-color\" id=\"demandes-moteur\" style=\"color:#001e61\">DEMANDES MOTEUR<\/h5>\n\n\n\n<div style=\"height:50px\" aria-hidden=\"true\" class=\"wp-block-spacer\"><\/div>\n\n\n\n<p class=\"has-text-align-center ghostkit-custom-Z259gLM\">Si vous cherchez \u00e0 acheter un nouveau moteur ou si vous rencontrez des probl\u00e8mes techniques, notre r\u00e9seau de contact de concessionnaires exp\u00e9riment\u00e9s et form\u00e9s est l\u00e0 pour vous aider \u00e0 trouver la solution id\u00e9ale pour votre application sp\u00e9cifique.<\/p>\n<\/div>\n\n\n\n<div class=\"wp-block-column ghostkit-custom-1MWtzV is-layout-flow wp-block-column-is-layout-flow\">\n<figure class=\"wp-block-image size-large ghostkit-custom-Z1Yg89j\"><img loading=\"lazy\" decoding=\"async\" width=\"1024\" height=\"788\" src=\"https:\/\/dev.baudouin.com\/wp-content\/uploads\/2023\/10\/moteurs-baudouin-spare-parts-selection-1024x788.jpg\" alt=\"\" class=\"wp-image-60656\" srcset=\"https:\/\/dev.baudouin.com\/wp-content\/uploads\/2023\/10\/moteurs-baudouin-spare-parts-selection-1024x788.jpg 1024w, https:\/\/dev.baudouin.com\/wp-content\/uploads\/2023\/10\/moteurs-baudouin-spare-parts-selection-300x231.jpg 300w, https:\/\/dev.baudouin.com\/wp-content\/uploads\/2023\/10\/moteurs-baudouin-spare-parts-selection-768x591.jpg 768w, https:\/\/dev.baudouin.com\/wp-content\/uploads\/2023\/10\/moteurs-baudouin-spare-parts-selection.jpg 1300w\" sizes=\"auto, (max-width: 1024px) 100vw, 1024px\" \/><\/figure>\n\n\n\n<h5 class=\"wp-block-heading has-text-align-center ghostkit-custom-1uwkVw has-text-color\" id=\"our-history\" style=\"color:#001e61\">PI\u00c8CES D\u00c9TACH\u00c9ES D\u2019ORIGINE<\/h5>\n\n\n\n<div style=\"height:20px\" aria-hidden=\"true\" class=\"wp-block-spacer\"><\/div>\n\n\n\n<p class=\"has-text-align-center ghostkit-custom-ZzIk8E\">Si vous travaillez d\u00e9j\u00e0 avec nous et que vous avez besoin de pi\u00e8ces de rechange, nous disposons d&rsquo;un vaste stock de pi\u00e8ces d&rsquo;origine Baudouin. Notre \u00e9quipe peut vous aider \u00e0 trouver la pi\u00e8ce exacte dont vous avez besoin et veiller \u00e0 ce qu&rsquo;elle vous soit livr\u00e9e dans les plus brefs d\u00e9lais.<\/p>\n<\/div>\n\n\n\n<div class=\"wp-block-column ghostkit-custom-s51Qv is-layout-flow wp-block-column-is-layout-flow\">\n<figure class=\"wp-block-image size-large ghostkit-custom-Chnz9\"><img loading=\"lazy\" decoding=\"async\" width=\"1024\" height=\"788\" src=\"https:\/\/dev.baudouin.com\/wp-content\/uploads\/2023\/10\/moteurs-baudouin_network-map-1024x788.jpg\" alt=\"\" class=\"wp-image-60879\" srcset=\"https:\/\/dev.baudouin.com\/wp-content\/uploads\/2023\/10\/moteurs-baudouin_network-map-1024x788.jpg 1024w, https:\/\/dev.baudouin.com\/wp-content\/uploads\/2023\/10\/moteurs-baudouin_network-map-300x231.jpg 300w, https:\/\/dev.baudouin.com\/wp-content\/uploads\/2023\/10\/moteurs-baudouin_network-map-768x591.jpg 768w, https:\/\/dev.baudouin.com\/wp-content\/uploads\/2023\/10\/moteurs-baudouin_network-map.jpg 1300w\" sizes=\"auto, (max-width: 1024px) 100vw, 1024px\" \/><\/figure>\n\n\n\n<h5 class=\"wp-block-heading has-text-align-center ghostkit-custom-1bMl7H has-text-color\" id=\"support-technique-et-service\" style=\"color:#001e61\">SUPPORT TECHNIQUE ET SERVICE<\/h5>\n\n\n\n<div style=\"height:20px\" aria-hidden=\"true\" class=\"wp-block-spacer\"><\/div>\n\n\n\n<p class=\"has-text-align-center ghostkit-custom-28GeI1\">Notre r\u00e9seau mondial vous donne acc\u00e8s \u00e0 un service et \u00e0 une assistance dans le monde entier, \u00e0 tout moment. Nous nous appuyons sur nos partenaires de confiance dans plus de 100 pays pour vous offrir la meilleure couverture de garantie et la plus grande tranquillit\u00e9 d&rsquo;esprit.<\/p>\n<\/div>\n\n\n\n<div class=\"wp-block-column is-layout-flow wp-block-column-is-layout-flow\">\n<figure class=\"wp-block-image size-full ghostkit-custom-Z12IGrz\"><img loading=\"lazy\" decoding=\"async\" width=\"1000\" height=\"780\" src=\"https:\/\/dev.baudouin.com\/wp-content\/uploads\/2023\/11\/moteurs-baudouin-trusted-partner.jpg\" alt=\"\" class=\"wp-image-61666\" srcset=\"https:\/\/dev.baudouin.com\/wp-content\/uploads\/2023\/11\/moteurs-baudouin-trusted-partner.jpg 1000w, https:\/\/dev.baudouin.com\/wp-content\/uploads\/2023\/11\/moteurs-baudouin-trusted-partner-300x234.jpg 300w, https:\/\/dev.baudouin.com\/wp-content\/uploads\/2023\/11\/moteurs-baudouin-trusted-partner-768x599.jpg 768w\" sizes=\"auto, (max-width: 1000px) 100vw, 1000px\" \/><\/figure>\n\n\n\n<h5 class=\"wp-block-heading has-text-align-center ghostkit-custom-1OaNuP has-text-color\" id=\"devenir-un-partenaire-de-service\" style=\"color:#001e61\">REJOINDRE LE RESEAU DE PARTENAIRE<\/h5>\n\n\n\n<div style=\"height:20px\" aria-hidden=\"true\" class=\"wp-block-spacer\"><\/div>\n\n\n\n<p class=\"has-text-align-center ghostkit-custom-1b8GQw\">Vous souhaitez devenir un partenaire de service agr\u00e9\u00e9 Baudouin ? Remplissez notre formulaire pour rejoindre notre r\u00e9seau mondial d\u2019experts de confiance.<\/p>\n<\/div>\n\n\n\n<div class=\"wp-block-column is-layout-flow wp-block-column-is-layout-flow\">\n<figure class=\"wp-block-image size-full ghostkit-custom-Gwb9B\"><img decoding=\"async\" src=\"https:\/\/dev.baudouin.com\/wp-content\/uploads\/2025\/01\/Use-our-new-customer-commercial-claims-form-for-faster-processing-jpg.webp\" alt=\"\" class=\"wp-image-76118\"\/><\/figure>\n\n\n\n<h5 class=\"wp-block-heading has-text-align-center ghostkit-custom-1N783B has-text-color\" id=\"devenir-un-partenaire-de-service\" style=\"color:#001e61\">RECLAMATION CLIENT<\/h5>\n\n\n\n<div style=\"height:32px\" aria-hidden=\"true\" class=\"wp-block-spacer\"><\/div>\n\n\n\n<p class=\"has-text-align-center ghostkit-custom-Z1URWvv\">Pour am\u00e9liorer la qualit\u00e9 de notre service, nous avons r\u00e9organis\u00e9 la gestion des r\u00e9clamations. D\u00e9sormais, les demandes li\u00e9es aux pi\u00e8ces de rechange et aux moteurs \u00ab avant mise en service \u00bb seront trait\u00e9es plus rapidement et efficacement..<\/p>\n<\/div>\n<\/div>\n\n\n\n<div class=\"wp-block-group ghostkit-custom-Z2box0N is-layout-constrained wp-block-group-is-layout-constrained\">\n<div class=\"wp-block-columns is-layout-flex wp-container-core-columns-is-layout-2 wp-block-columns-is-layout-flex\">\n<div class=\"wp-block-column is-layout-flow wp-block-column-is-layout-flow\">\n<div class=\"wp-block-buttons ghostkit-custom-1ikn0z is-content-justification-center is-layout-flex wp-container-core-buttons-is-layout-1 wp-block-buttons-is-layout-flex\">\n<div class=\"wp-block-button\"><a class=\"wp-block-button__link has-white-color has-text-color has-background wp-element-button\" href=\"https:\/\/dev.baudouin.com\/fr\/our-network\/\" style=\"border-radius:0px;background-color:#001e61\">TROUVER VOTRE MOTEUR<\/a><\/div>\n<\/div>\n<\/div>\n\n\n\n<div class=\"wp-block-column is-layout-flow wp-block-column-is-layout-flow\">\n<div class=\"wp-block-buttons ghostkit-custom-Z1L28k5 is-content-justification-center is-layout-flex wp-container-core-buttons-is-layout-2 wp-block-buttons-is-layout-flex\">\n<div class=\"wp-block-button\"><a class=\"wp-block-button__link has-white-color has-text-color has-background wp-element-button\" href=\"https:\/\/dev.baudouin.com\/fr\/our-network\/\" style=\"border-radius:0px;background-color:#001e61\">PIECES DE RECHANGE <\/a><\/div>\n<\/div>\n<\/div>\n\n\n\n<div class=\"wp-block-column is-layout-flow wp-block-column-is-layout-flow\">\n<div class=\"wp-block-buttons ghostkit-custom-UauoX is-content-justification-center is-layout-flex wp-container-core-buttons-is-layout-3 wp-block-buttons-is-layout-flex\">\n<div class=\"wp-block-button\"><a class=\"wp-block-button__link has-white-color has-text-color has-background wp-element-button\" href=\"https:\/\/dev.baudouin.com\/fr\/our-network\/\" style=\"border-radius:0px;background-color:#001e61\">DECOUVRIR NOTRE RESEAU<\/a><\/div>\n<\/div>\n<\/div>\n\n\n\n<div class=\"wp-block-column is-layout-flow wp-block-column-is-layout-flow\">\n<div class=\"wp-block-buttons ghostkit-custom-Z16H8kJ is-content-justification-center is-layout-flex wp-container-core-buttons-is-layout-4 wp-block-buttons-is-layout-flex\">\n<div class=\"wp-block-button\"><a class=\"wp-block-button__link has-white-color has-text-color has-background wp-element-button\" href=\"https:\/\/dev.baudouin.com\/fr\/rejoignez-notre-reseau-de-partenaires\/\" style=\"border-radius:0px;background-color:#001e61\">REJOINDRE LE RESEAU DE PARTENAIRE<\/a><\/div>\n<\/div>\n<\/div>\n\n\n\n<div class=\"wp-block-column is-layout-flow wp-block-column-is-layout-flow\">\n<div class=\"wp-block-buttons ghostkit-custom-1n5srO is-content-justification-center is-layout-flex wp-container-core-buttons-is-layout-5 wp-block-buttons-is-layout-flex\">\n<div class=\"wp-block-button\"><a class=\"wp-block-button__link has-white-color has-text-color has-background wp-element-button\" href=\"https:\/\/share.hsforms.com\/1DK0tWdzSTmGmwkjp8PVmfw4d8ee\" style=\"border-radius:0px;background-color:#001e61\">R\u00e9clamation client<\/a><\/div>\n<\/div>\n<\/div>\n<\/div>\n<\/div>\n<\/div>\n\n\n\n<h2 class=\"wp-block-heading has-text-align-center has-text-color\" id=\"contact\" style=\"color:#001e61;font-size:35px\">CONTACT<\/h2>\n\n\n\n<div class=\"wp-block-group contact-block max-w-[1120px] ghostkit-custom-ZsAMvh is-layout-constrained wp-container-core-group-is-layout-3 wp-block-group-is-layout-constrained\" style=\"padding-top:var(--wp--preset--spacing--80);padding-right:var(--wp--preset--spacing--80);padding-bottom:var(--wp--preset--spacing--80);padding-left:var(--wp--preset--spacing--80)\">\n<p class=\"ghostkit-custom-Z22sJvJ\">Nous nous engageons \u00e0 fournir \u00e0 nos clients le meilleur service et la meilleure assistance possibles. Si vous avez d&rsquo;autres questions ou pr\u00e9occupations, n&rsquo;h\u00e9sitez pas \u00e0 remplir le formulaire ci-dessous pour nous contacter.<\/p>\n\n\n\n\n\t\t\t\t\t\t<script>\n\t\t\t\t\t\t\twindow.hsFormsOnReady = window.hsFormsOnReady || [];\n\t\t\t\t\t\t\twindow.hsFormsOnReady.push(()=>{\n\t\t\t\t\t\t\t\thbspt.forms.create({\n\t\t\t\t\t\t\t\t\tportalId: 7335878,\n\t\t\t\t\t\t\t\t\tformId: \"f0849b28-a560-4c40-b0bb-7f122dbb400f\",\n\t\t\t\t\t\t\t\t\ttarget: \"#hbspt-form-1775403756000-5532898069\",\n\t\t\t\t\t\t\t\t\tregion: \"na1\",\n\t\t\t\t\t\t\t\t\t\n\t\t\t\t\t\t\t})});\n\t\t\t\t\t\t<\/script>\n\t\t\t\t\t\t<div class=\"hbspt-form\" id=\"hbspt-form-1775403756000-5532898069\"><\/div>\n<\/div>\n\n\n","protected":false},"excerpt":{"rendered":"<p>DEMANDES MOTEUR Si vous cherchez \u00e0 acheter un nouveau moteur ou si vous rencontrez des probl\u00e8mes techniques, notre r\u00e9seau de contact de concessionnaires exp\u00e9riment\u00e9s et form\u00e9s est l\u00e0 pour vous aider \u00e0&#8230;<\/p>\n","protected":false},"author":1,"featured_media":60871,"parent":0,"menu_order":0,"comment_status":"closed","ping_status":"closed","template":"","meta":{"_acf_changed":false,"content-type":"","ghostkit_customizer_options":"","ghostkit_custom_css":"","ghostkit_custom_js_head":"","ghostkit_custom_js_foot":"","ghostkit_typography":"","two_page_speed":[],"footnotes":""},"class_list":["post-62062","page","type-page","status-publish","has-post-thumbnail","hentry"],"acf":[],"yoast_head":"<!-- This site is optimized with the Yoast SEO plugin v26.8 - https:\/\/yoast.com\/product\/yoast-seo-wordpress\/ -->\n<title>Contact - Baudouin<\/title>\n<meta name=\"description\" content=\"Chez Baudouin, nous nous engageons \u00e0 fournir \u00e0 nos clients un service et une assistance d\u00e9vou\u00e9s gr\u00e2ce \u00e0 notre vaste r\u00e9seau de contact.\" \/>\n<meta name=\"robots\" content=\"index, follow, max-snippet:-1, max-image-preview:large, max-video-preview:-1\" \/>\n<link rel=\"canonical\" href=\"https:\/\/dev.baudouin.com\/fr\/contact\/\" \/>\n<meta property=\"og:locale\" content=\"fr_FR\" \/>\n<meta property=\"og:type\" content=\"article\" \/>\n<meta property=\"og:title\" content=\"Contact - Baudouin\" \/>\n<meta property=\"og:description\" content=\"Chez Baudouin, nous nous engageons \u00e0 fournir \u00e0 nos clients un service et une assistance d\u00e9vou\u00e9s gr\u00e2ce \u00e0 notre vaste r\u00e9seau de contact.\" \/>\n<meta property=\"og:url\" content=\"https:\/\/dev.baudouin.com\/fr\/contact\/\" \/>\n<meta property=\"og:site_name\" content=\"Baudouin\" \/>\n<meta property=\"article:modified_time\" content=\"2025-06-23T13:44:25+00:00\" \/>\n<meta property=\"og:image\" content=\"https:\/\/dev.baudouin.com\/wp-content\/uploads\/2023\/10\/moteurs-baudouin-contact-mobile-header.jpg\" \/>\n\t<meta property=\"og:image:width\" content=\"1000\" \/>\n\t<meta property=\"og:image:height\" content=\"1000\" \/>\n\t<meta property=\"og:image:type\" content=\"image\/jpeg\" \/>\n<meta name=\"twitter:card\" content=\"summary_large_image\" \/>\n<meta name=\"twitter:label1\" content=\"Dur\u00e9e de lecture estim\u00e9e\" \/>\n\t<meta name=\"twitter:data1\" content=\"5 minutes\" \/>\n<script type=\"application\/ld+json\" class=\"yoast-schema-graph\">{\"@context\":\"https:\/\/schema.org\",\"@graph\":[{\"@type\":\"WebPage\",\"@id\":\"https:\/\/dev.baudouin.com\/fr\/contact\/\",\"url\":\"https:\/\/dev.baudouin.com\/fr\/contact\/\",\"name\":\"Contact - Baudouin\",\"isPartOf\":{\"@id\":\"https:\/\/dev.baudouin.com\/#website\"},\"primaryImageOfPage\":{\"@id\":\"https:\/\/dev.baudouin.com\/fr\/contact\/#primaryimage\"},\"image\":{\"@id\":\"https:\/\/dev.baudouin.com\/fr\/contact\/#primaryimage\"},\"thumbnailUrl\":\"https:\/\/dev.baudouin.com\/wp-content\/uploads\/2023\/10\/moteurs-baudouin-contact-mobile-header.jpg\",\"datePublished\":\"2022-11-09T15:52:32+00:00\",\"dateModified\":\"2025-06-23T13:44:25+00:00\",\"description\":\"Chez Baudouin, nous nous engageons \u00e0 fournir \u00e0 nos clients un service et une assistance d\u00e9vou\u00e9s gr\u00e2ce \u00e0 notre vaste r\u00e9seau de contact.\",\"breadcrumb\":{\"@id\":\"https:\/\/dev.baudouin.com\/fr\/contact\/#breadcrumb\"},\"inLanguage\":\"fr-FR\",\"potentialAction\":[{\"@type\":\"ReadAction\",\"target\":[\"https:\/\/dev.baudouin.com\/fr\/contact\/\"]}]},{\"@type\":\"ImageObject\",\"inLanguage\":\"fr-FR\",\"@id\":\"https:\/\/dev.baudouin.com\/fr\/contact\/#primaryimage\",\"url\":\"https:\/\/dev.baudouin.com\/wp-content\/uploads\/2023\/10\/moteurs-baudouin-contact-mobile-header.jpg\",\"contentUrl\":\"https:\/\/dev.baudouin.com\/wp-content\/uploads\/2023\/10\/moteurs-baudouin-contact-mobile-header.jpg\",\"width\":1000,\"height\":1000,\"caption\":\"Woman in a call centre.\"},{\"@type\":\"BreadcrumbList\",\"@id\":\"https:\/\/dev.baudouin.com\/fr\/contact\/#breadcrumb\",\"itemListElement\":[{\"@type\":\"ListItem\",\"position\":1,\"name\":\"Home\",\"item\":\"https:\/\/dev.baudouin.com\/fr\/\"},{\"@type\":\"ListItem\",\"position\":2,\"name\":\"Contact\"}]},{\"@type\":\"WebSite\",\"@id\":\"https:\/\/dev.baudouin.com\/#website\",\"url\":\"https:\/\/dev.baudouin.com\/\",\"name\":\"Baudouin\",\"description\":\"\",\"publisher\":{\"@id\":\"https:\/\/dev.baudouin.com\/#organization\"},\"potentialAction\":[{\"@type\":\"SearchAction\",\"target\":{\"@type\":\"EntryPoint\",\"urlTemplate\":\"https:\/\/dev.baudouin.com\/?s={search_term_string}\"},\"query-input\":{\"@type\":\"PropertyValueSpecification\",\"valueRequired\":true,\"valueName\":\"search_term_string\"}}],\"inLanguage\":\"fr-FR\"},{\"@type\":\"Organization\",\"@id\":\"https:\/\/dev.baudouin.com\/#organization\",\"name\":\"Moteurs Baudouin\",\"alternateName\":\"Moteurs Baudouin\",\"url\":\"https:\/\/dev.baudouin.com\/\",\"logo\":{\"@type\":\"ImageObject\",\"inLanguage\":\"fr-FR\",\"@id\":\"https:\/\/dev.baudouin.com\/#\/schema\/logo\/image\/\",\"url\":\"https:\/\/dev.baudouin.com\/wp-content\/uploads\/2024\/12\/Moteur-Baudouin-jpg.webp\",\"contentUrl\":\"https:\/\/dev.baudouin.com\/wp-content\/uploads\/2024\/12\/Moteur-Baudouin-jpg.webp\",\"width\":150,\"height\":150,\"caption\":\"Moteurs Baudouin\"},\"image\":{\"@id\":\"https:\/\/dev.baudouin.com\/#\/schema\/logo\/image\/\"}}]}<\/script>\n<!-- \/ Yoast SEO plugin. -->","yoast_head_json":{"title":"Contact - Baudouin","description":"Chez Baudouin, nous nous engageons \u00e0 fournir \u00e0 nos clients un service et une assistance d\u00e9vou\u00e9s gr\u00e2ce \u00e0 notre vaste r\u00e9seau de contact.","robots":{"index":"index","follow":"follow","max-snippet":"max-snippet:-1","max-image-preview":"max-image-preview:large","max-video-preview":"max-video-preview:-1"},"canonical":"https:\/\/dev.baudouin.com\/fr\/contact\/","og_locale":"fr_FR","og_type":"article","og_title":"Contact - Baudouin","og_description":"Chez Baudouin, nous nous engageons \u00e0 fournir \u00e0 nos clients un service et une assistance d\u00e9vou\u00e9s gr\u00e2ce \u00e0 notre vaste r\u00e9seau de contact.","og_url":"https:\/\/dev.baudouin.com\/fr\/contact\/","og_site_name":"Baudouin","article_modified_time":"2025-06-23T13:44:25+00:00","og_image":[{"width":1000,"height":1000,"url":"https:\/\/dev.baudouin.com\/wp-content\/uploads\/2023\/10\/moteurs-baudouin-contact-mobile-header.jpg","type":"image\/jpeg"}],"twitter_card":"summary_large_image","twitter_misc":{"Dur\u00e9e de lecture estim\u00e9e":"5 minutes"},"schema":{"@context":"https:\/\/schema.org","@graph":[{"@type":"WebPage","@id":"https:\/\/dev.baudouin.com\/fr\/contact\/","url":"https:\/\/dev.baudouin.com\/fr\/contact\/","name":"Contact - Baudouin","isPartOf":{"@id":"https:\/\/dev.baudouin.com\/#website"},"primaryImageOfPage":{"@id":"https:\/\/dev.baudouin.com\/fr\/contact\/#primaryimage"},"image":{"@id":"https:\/\/dev.baudouin.com\/fr\/contact\/#primaryimage"},"thumbnailUrl":"https:\/\/dev.baudouin.com\/wp-content\/uploads\/2023\/10\/moteurs-baudouin-contact-mobile-header.jpg","datePublished":"2022-11-09T15:52:32+00:00","dateModified":"2025-06-23T13:44:25+00:00","description":"Chez Baudouin, nous nous engageons \u00e0 fournir \u00e0 nos clients un service et une assistance d\u00e9vou\u00e9s gr\u00e2ce \u00e0 notre vaste r\u00e9seau de contact.","breadcrumb":{"@id":"https:\/\/dev.baudouin.com\/fr\/contact\/#breadcrumb"},"inLanguage":"fr-FR","potentialAction":[{"@type":"ReadAction","target":["https:\/\/dev.baudouin.com\/fr\/contact\/"]}]},{"@type":"ImageObject","inLanguage":"fr-FR","@id":"https:\/\/dev.baudouin.com\/fr\/contact\/#primaryimage","url":"https:\/\/dev.baudouin.com\/wp-content\/uploads\/2023\/10\/moteurs-baudouin-contact-mobile-header.jpg","contentUrl":"https:\/\/dev.baudouin.com\/wp-content\/uploads\/2023\/10\/moteurs-baudouin-contact-mobile-header.jpg","width":1000,"height":1000,"caption":"Woman in a call centre."},{"@type":"BreadcrumbList","@id":"https:\/\/dev.baudouin.com\/fr\/contact\/#breadcrumb","itemListElement":[{"@type":"ListItem","position":1,"name":"Home","item":"https:\/\/dev.baudouin.com\/fr\/"},{"@type":"ListItem","position":2,"name":"Contact"}]},{"@type":"WebSite","@id":"https:\/\/dev.baudouin.com\/#website","url":"https:\/\/dev.baudouin.com\/","name":"Baudouin","description":"","publisher":{"@id":"https:\/\/dev.baudouin.com\/#organization"},"potentialAction":[{"@type":"SearchAction","target":{"@type":"EntryPoint","urlTemplate":"https:\/\/dev.baudouin.com\/?s={search_term_string}"},"query-input":{"@type":"PropertyValueSpecification","valueRequired":true,"valueName":"search_term_string"}}],"inLanguage":"fr-FR"},{"@type":"Organization","@id":"https:\/\/dev.baudouin.com\/#organization","name":"Moteurs Baudouin","alternateName":"Moteurs Baudouin","url":"https:\/\/dev.baudouin.com\/","logo":{"@type":"ImageObject","inLanguage":"fr-FR","@id":"https:\/\/dev.baudouin.com\/#\/schema\/logo\/image\/","url":"https:\/\/dev.baudouin.com\/wp-content\/uploads\/2024\/12\/Moteur-Baudouin-jpg.webp","contentUrl":"https:\/\/dev.baudouin.com\/wp-content\/uploads\/2024\/12\/Moteur-Baudouin-jpg.webp","width":150,"height":150,"caption":"Moteurs Baudouin"},"image":{"@id":"https:\/\/dev.baudouin.com\/#\/schema\/logo\/image\/"}}]}},"_links":{"self":[{"href":"https:\/\/dev.baudouin.com\/fr\/wp-json\/wp\/v2\/pages\/62062","targetHints":{"allow":["GET"]}}],"collection":[{"href":"https:\/\/dev.baudouin.com\/fr\/wp-json\/wp\/v2\/pages"}],"about":[{"href":"https:\/\/dev.baudouin.com\/fr\/wp-json\/wp\/v2\/types\/page"}],"author":[{"embeddable":true,"href":"https:\/\/dev.baudouin.com\/fr\/wp-json\/wp\/v2\/users\/1"}],"replies":[{"embeddable":true,"href":"https:\/\/dev.baudouin.com\/fr\/wp-json\/wp\/v2\/comments?post=62062"}],"version-history":[{"count":30,"href":"https:\/\/dev.baudouin.com\/fr\/wp-json\/wp\/v2\/pages\/62062\/revisions"}],"predecessor-version":[{"id":78457,"href":"https:\/\/dev.baudouin.com\/fr\/wp-json\/wp\/v2\/pages\/62062\/revisions\/78457"}],"wp:featuredmedia":[{"embeddable":true,"href":"https:\/\/dev.baudouin.com\/fr\/wp-json\/wp\/v2\/media\/60871"}],"wp:attachment":[{"href":"https:\/\/dev.baudouin.com\/fr\/wp-json\/wp\/v2\/media?parent=62062"}],"curies":[{"name":"wp","href":"https:\/\/api.w.org\/{rel}","templated":true}]}}