{"id":61980,"date":"2022-11-09T15:50:55","date_gmt":"2022-11-09T15:50:55","guid":{"rendered":"https:\/\/dev.baudouin.com\/powergen-solutions\/"},"modified":"2025-03-31T14:53:28","modified_gmt":"2025-03-31T14:53:28","slug":"powergen-solutions","status":"publish","type":"page","link":"https:\/\/dev.baudouin.com\/fr\/powergen-solutions\/","title":{"rendered":"Solutions Powergen"},"content":{"rendered":"<style>\n    .page-hero {\n        background-image:linear-gradient(rgba(0, 0, 0, 0.25), rgba(0, 0, 0, 0.25)), url('https:\/\/dev.baudouin.com\/wp-content\/uploads\/2023\/10\/moteurs-baudouin-powergen-solutions-mobile-header.jpg');\n        background-repeat: no-repeat;\n    }\n    p, h2 {\n        color: #fff;\n    }\n    @media screen and (min-width: 768px) {\n        .page-hero {\n        background-image:linear-gradient(rgba(0, 0, 0, 0.25), rgba(0, 0, 0, 0.25)), url('https:\/\/dev.baudouin.com\/wp-content\/uploads\/2023\/10\/moteurs-baudouin-powergen-solutions-desktop-header.jpg');\n    }\n    }\n<\/style>\n<section id=\"page-hero-block_2cfbc21288ccf0be8b34ef33ef1bc478\" class=\"page-hero py-[85px] lg:py-[100px] xl:pt-[100px] xl:pb-[242px] bg-dark-blue \">\n        <div class=\"hero-container mx-auto my-0 md:max-w-[1920px]\">\n        \n            \n        \n        <div class=\"page-hero__container flex flex-col-reverse md:flex-row lg:justify-between\">\n            <div class=\"page-hero__container--left text-center text-white lg:text-left\">\n                                    <div class=\"page-hero__container--left__breadcrumbs mb-7 lg:mb-[32px]\">\n                        <p id=\"breadcrumbs\" class=\"text-xsm text-white leading-5 font-semibold uppercase\"><span><span><a href=\"https:\/\/dev.baudouin.com\/fr\/\">Home<\/a><\/span><\/span><\/p>                    <\/div>\n                                <h1 class=\"text-white  mb-[12px] uppercase font-bold md:mb-2.5 lg:mb-[33px]\">Solutions Powergen Baudouin<\/h1>\n                <!-- <p class=\"text-gray-form leading-[21px] w-full md:text-sm md:leading-6 md:max-w-[564px]\"><p>Depuis 1918, Baudouin s&rsquo;est forg\u00e9 une r\u00e9putation de qualit\u00e9 et de fiabilit\u00e9. Aujourd&rsquo;hui, Baudouin est fier d&rsquo;offrir la gamme de solutions powergen la plus compl\u00e8te de moteurs diesel et gaz disponible sur le march\u00e9.<\/p>\n<\/p> -->\n                <p>Depuis 1918, Baudouin s&rsquo;est forg\u00e9 une r\u00e9putation de qualit\u00e9 et de fiabilit\u00e9. Aujourd&rsquo;hui, Baudouin est fier d&rsquo;offrir la gamme de solutions powergen la plus compl\u00e8te de moteurs diesel et gaz disponible sur le march\u00e9.<\/p>\n            <\/div>\n           \n            \n        <\/div>\n\n    <\/div>\n<\/section>\n\n\n<div class=\"wp-block-group alignfull is-layout-constrained wp-block-group-is-layout-constrained\"><\/div>\n\n\n\n<div class=\"wp-block-group ghostkit-custom-Z2qpVuK is-layout-flow wp-block-group-is-layout-flow\">\n<div class=\"wp-block-group ghostkit-custom-Z1zGjqw is-layout-flow wp-block-group-is-layout-flow\">\n<div class=\"wp-block-group ghostkit-custom-Z1ENVEn is-layout-flow wp-block-group-is-layout-flow\">\n<div class=\"wp-block-columns is-layout-flex wp-container-core-columns-is-layout-1 wp-block-columns-is-layout-flex\">\n<div class=\"wp-block-column ghostkit-custom-Z1ED32T is-layout-flow wp-block-column-is-layout-flow\">\n<div class=\"wp-block-cover has-custom-content-position is-position-bottom-center ghostkit-custom-Z1CPRwD\"><span aria-hidden=\"true\" class=\"wp-block-cover__background has-background-dim-30 has-background-dim\" style=\"background-color:#40585d\"><\/span><img data-dominant-color=\"35494f\" data-has-transparency=\"false\" style=\"--dominant-color: #35494f;\" loading=\"lazy\" decoding=\"async\" width=\"2560\" height=\"1440\" class=\"wp-block-cover__image-background wp-image-76948 not-transparent\" alt=\"Solutions powergen de groupe electrogenes. \" src=\"https:\/\/dev.baudouin.com\/wp-content\/uploads\/2025\/03\/DC-Gensets-scaled.webp\" data-object-fit=\"cover\" srcset=\"https:\/\/dev.baudouin.com\/wp-content\/uploads\/2025\/03\/DC-Gensets-scaled.webp 2560w, https:\/\/dev.baudouin.com\/wp-content\/uploads\/2025\/03\/DC-Gensets-500x281.webp 500w, https:\/\/dev.baudouin.com\/wp-content\/uploads\/2025\/03\/DC-Gensets-1500x844.webp 1500w, https:\/\/dev.baudouin.com\/wp-content\/uploads\/2025\/03\/DC-Gensets-768x432.webp 768w, https:\/\/dev.baudouin.com\/wp-content\/uploads\/2025\/03\/DC-Gensets-1536x864.webp 1536w, https:\/\/dev.baudouin.com\/wp-content\/uploads\/2025\/03\/DC-Gensets-2048x1152.webp 2048w, https:\/\/dev.baudouin.com\/wp-content\/uploads\/2025\/03\/DC-Gensets-1920x1080.webp 1920w, https:\/\/dev.baudouin.com\/wp-content\/uploads\/2025\/03\/DC-Gensets-600x338.webp 600w\" sizes=\"auto, (max-width: 2560px) 100vw, 2560px\" \/><div class=\"wp-block-cover__inner-container is-layout-flow wp-block-cover-is-layout-flow\">\n<h2 class=\"wp-block-heading has-text-align-center has-white-color has-text-color has-large-font-size\" id=\"baudouin-propulsion-engines\">GROUPES ELECTROGENES<\/h2>\n<\/div><\/div>\n\n\n\n<p class=\"has-text-align-center ghostkit-custom-1gLq05\">La gamme de groupes \u00e9lectrog\u00e8nes Baudouin offre une s\u00e9lection de puissances con\u00e7ues pour r\u00e9pondre aux exigences des centres de donn\u00e9es. Avec des puissances allant jusqu&rsquo;\u00e0 5250 kVA, ces groupes \u00e9lectrog\u00e8nes pr\u00e9-approuv\u00e9s par l&rsquo;Uptime Institute fournissent des solutions d&rsquo;alimentation \u00e9volutives et fiables tout en prenant en charge le diesel HVO pour une meilleure durabilit\u00e9.<\/p>\n\n\n\n<div class=\"wp-block-buttons is-content-justification-center is-layout-flex wp-container-core-buttons-is-layout-1 wp-block-buttons-is-layout-flex\">\n<div class=\"wp-block-button ghostkit-custom-1a8xpr\"><a class=\"wp-block-button__link has-white-color has-text-color has-background wp-element-button\" href=\"https:\/\/dev.baudouin.com\/fr\/engine_product-category\/generateurs\/\" style=\"border-radius:0px;background-color:#001e61\">VOIR NOTRE GAMME DE GROUPES ELECTROGENES<\/a><\/div>\n<\/div>\n<\/div>\n\n\n\n<div class=\"wp-block-column ghostkit-custom-tMvCG is-layout-flow wp-block-column-is-layout-flow\">\n<div class=\"wp-block-cover has-custom-content-position is-position-bottom-center ghostkit-custom-ZnObCL\"><span aria-hidden=\"true\" class=\"wp-block-cover__background has-background-dim-30 has-background-dim\"><\/span><img loading=\"lazy\" decoding=\"async\" width=\"1000\" height=\"780\" class=\"wp-block-cover__image-background wp-image-60981\" alt=\"Solutions powergen powerkit diesel\" src=\"https:\/\/dev.baudouin.com\/wp-content\/uploads\/2023\/10\/moteurs-baudouin-powergen-solutions-powerkit-diesel-engines.jpg\" data-object-fit=\"cover\" srcset=\"https:\/\/dev.baudouin.com\/wp-content\/uploads\/2023\/10\/moteurs-baudouin-powergen-solutions-powerkit-diesel-engines.jpg 1000w, https:\/\/dev.baudouin.com\/wp-content\/uploads\/2023\/10\/moteurs-baudouin-powergen-solutions-powerkit-diesel-engines-300x234.jpg 300w, https:\/\/dev.baudouin.com\/wp-content\/uploads\/2023\/10\/moteurs-baudouin-powergen-solutions-powerkit-diesel-engines-768x599.jpg 768w\" sizes=\"auto, (max-width: 1000px) 100vw, 1000px\" \/><div class=\"wp-block-cover__inner-container is-layout-flow wp-block-cover-is-layout-flow\">\n<h2 class=\"wp-block-heading has-text-align-center has-large-font-size\" id=\"baudouin-powerkit-diesel-engines\">BAUDOUIN POWERKIT DIESEL ENGINES<\/h2>\n<\/div><\/div>\n\n\n\n<p class=\"has-text-align-center ghostkit-custom-ZVXaje\">Les moteurs PowerKit de Baudouin offrent la gamme la plus large du march\u00e9, de 18 \u00e0 4125 kVA. Ils se distinguent par leur consommation de carburant, leur acceptation de la charge et leur densit\u00e9 de puissance exceptionnelles. Ces solutions powergen sont compatibles avec le HVO et sont r\u00e9put\u00e9s pour leurs d\u00e9lais de livraison permettant de respecter les d\u00e9lais des projets.<\/p>\n\n\n\n<div class=\"wp-block-buttons is-content-justification-center is-layout-flex wp-container-core-buttons-is-layout-2 wp-block-buttons-is-layout-flex\">\n<div class=\"wp-block-button ghostkit-custom-Z2hRuRN\"><a class=\"wp-block-button__link has-white-color has-text-color has-background wp-element-button\" href=\"\/fr\/engine_product-category\/moteur-baudouin-powerkit\/\" style=\"border-radius:0px;background-color:#001e61\">VOIR NOTRE GAMME DE MOTEURS POWERKIT DIESEL<\/a><\/div>\n<\/div>\n<\/div>\n<\/div>\n<\/div>\n\n\n\n<div class=\"wp-block-columns is-layout-flex wp-container-core-columns-is-layout-2 wp-block-columns-is-layout-flex\">\n<div class=\"wp-block-column ghostkit-custom-Z16GIFR is-layout-flow wp-block-column-is-layout-flow\">\n<div class=\"wp-block-cover has-custom-content-position is-position-bottom-center ghostkit-custom-DfjXD\"><span aria-hidden=\"true\" class=\"wp-block-cover__background has-background-dim-30 has-background-dim\"><\/span><img loading=\"lazy\" decoding=\"async\" width=\"1000\" height=\"780\" class=\"wp-block-cover__image-background wp-image-60985\" alt=\"\" src=\"https:\/\/dev.baudouin.com\/wp-content\/uploads\/2023\/10\/moteurs-baudouin-powergen-solutions-psi-rich-burn-gas-engines.jpg\" data-object-fit=\"cover\" srcset=\"https:\/\/dev.baudouin.com\/wp-content\/uploads\/2023\/10\/moteurs-baudouin-powergen-solutions-psi-rich-burn-gas-engines.jpg 1000w, https:\/\/dev.baudouin.com\/wp-content\/uploads\/2023\/10\/moteurs-baudouin-powergen-solutions-psi-rich-burn-gas-engines-300x234.jpg 300w, https:\/\/dev.baudouin.com\/wp-content\/uploads\/2023\/10\/moteurs-baudouin-powergen-solutions-psi-rich-burn-gas-engines-768x599.jpg 768w\" sizes=\"auto, (max-width: 1000px) 100vw, 1000px\" \/><div class=\"wp-block-cover__inner-container is-layout-flow wp-block-cover-is-layout-flow\">\n<h2 class=\"wp-block-heading has-text-align-center has-white-color has-text-color has-large-font-size\" id=\"baudouin-propulsion-engines\">MOTEURS PSI \u00c0 GAZ \u00c0 COMBUSTION RICHE<\/h2>\n<\/div><\/div>\n\n\n\n<p class=\"has-text-align-center ghostkit-custom-Z1ouG8p\">PSI propose une gamme compl\u00e8te de solutions pour la production d&rsquo;\u00e9nergie \u00e9lectrique, comprenant des syst\u00e8mes int\u00e9gr\u00e9s sur mesure ainsi que des moteurs \u00e0 combustion riche sp\u00e9cialement adapt\u00e9s aux applications exigeantes et critiques. En savoir plus concernant <a href=\"https:\/\/psiengines.com\/\" target=\"_blank\" rel=\"noreferrer noopener\">Power Systems International<strong> <\/strong>(PSI)<\/a><\/p>\n\n\n\n<div class=\"wp-block-buttons is-content-justification-center is-layout-flex wp-container-core-buttons-is-layout-3 wp-block-buttons-is-layout-flex\">\n<div class=\"wp-block-button ghostkit-custom-ZitATY\"><a class=\"wp-block-button__link has-white-color has-text-color has-background wp-element-button\" href=\"\/fr\/engine_product-category\/psi-a-gaz-a-combustion-riche\/\" style=\"border-radius:0px;background-color:#001e61\">VOIR NOTRE GAMME DE MOTEURS PSI \u00c0 GAZ \u00c0 COMBUSTION RICHE<\/a><\/div>\n<\/div>\n<\/div>\n\n\n\n<div class=\"wp-block-column is-layout-flow wp-block-column-is-layout-flow\">\n<div class=\"wp-block-cover is-light has-custom-content-position is-position-bottom-center ghostkit-custom-ZPS7fY\"><span aria-hidden=\"true\" class=\"wp-block-cover__background has-background-dim-30 has-background-dim\"><\/span><img loading=\"lazy\" decoding=\"async\" width=\"1000\" height=\"780\" class=\"wp-block-cover__image-background wp-image-60977\" alt=\"\" src=\"https:\/\/dev.baudouin.com\/wp-content\/uploads\/2023\/10\/moteurs-baudouin-powergen-solutions-lean-burn-gas-engines.jpg\" data-object-fit=\"cover\" srcset=\"https:\/\/dev.baudouin.com\/wp-content\/uploads\/2023\/10\/moteurs-baudouin-powergen-solutions-lean-burn-gas-engines.jpg 1000w, https:\/\/dev.baudouin.com\/wp-content\/uploads\/2023\/10\/moteurs-baudouin-powergen-solutions-lean-burn-gas-engines-300x234.jpg 300w, https:\/\/dev.baudouin.com\/wp-content\/uploads\/2023\/10\/moteurs-baudouin-powergen-solutions-lean-burn-gas-engines-768x599.jpg 768w\" sizes=\"auto, (max-width: 1000px) 100vw, 1000px\" \/><div class=\"wp-block-cover__inner-container is-layout-flow wp-block-cover-is-layout-flow\">\n<h2 class=\"wp-block-heading has-text-align-center has-white-color has-text-color has-large-font-size\" id=\"baudouin-propulsion-engines\">BAUDOUIN POWERKIT LEAN BURN GAS ENGINES<\/h2>\n<\/div><\/div>\n\n\n\n<p class=\"has-text-align-center ghostkit-custom-Z103oGr\">Les moteurs \u00e0 gaz Baudouin offrent une gamme de puissance allant de 63 \u00e0 1750 kVA, ce qui constitue un compl\u00e9ment parfait \u00e0 la production d&rsquo;\u00e9nergie renouvelable, car leur souplesse de fonctionnement et leur rendement \u00e9lev\u00e9 peuvent compenser l&rsquo;intermittence de ces sources de production d&rsquo;\u00e9nergie.<\/p>\n\n\n\n<div class=\"wp-block-buttons is-content-justification-center is-layout-flex wp-container-core-buttons-is-layout-4 wp-block-buttons-is-layout-flex\">\n<div class=\"wp-block-button\"><a class=\"wp-block-button__link has-white-color has-text-color has-background wp-element-button\" href=\"\/fr\/engine_product-category\/moteur-powerkit-a-gaz-a-combustion-pauvre\/\" style=\"border-radius:0px;background-color:#001e61\">VOIR NOTRE GAMME POWERKIT \u00c0 GAZ \u00c0 COMBUSTION PAUVRE<\/a><\/div>\n<\/div>\n<\/div>\n<\/div>\n<\/div>\n<\/div>\n\n\n\n<p><\/p>\n","protected":false},"excerpt":{"rendered":"<p>La gamme de groupes \u00e9lectrog\u00e8nes Baudouin offre une s\u00e9lection de puissances con\u00e7ues pour r\u00e9pondre aux exigences des centres de donn\u00e9es. Avec des puissances allant jusqu&rsquo;\u00e0 5250 kVA, ces groupes \u00e9lectrog\u00e8nes pr\u00e9-approuv\u00e9s par&#8230;<\/p>\n","protected":false},"author":1,"featured_media":60203,"parent":0,"menu_order":0,"comment_status":"closed","ping_status":"closed","template":"","meta":{"_acf_changed":false,"content-type":"","ghostkit_customizer_options":"","ghostkit_custom_css":"","ghostkit_custom_js_head":"","ghostkit_custom_js_foot":"","ghostkit_typography":"","two_page_speed":[],"footnotes":""},"class_list":["post-61980","page","type-page","status-publish","has-post-thumbnail","hentry"],"acf":[],"yoast_head":"<!-- This site is optimized with the Yoast SEO plugin v26.8 - https:\/\/yoast.com\/product\/yoast-seo-wordpress\/ -->\n<title>Solutions Powergen - Baudouin<\/title>\n<meta name=\"description\" content=\"Les solutions powergen de Baudouin offrent des groupes \u00e9lectrog\u00e8nes et des moteurs \u00e0 gaz et diesel de haute performance.\" \/>\n<meta name=\"robots\" content=\"index, follow, max-snippet:-1, max-image-preview:large, max-video-preview:-1\" \/>\n<link rel=\"canonical\" href=\"https:\/\/dev.baudouin.com\/fr\/powergen-solutions\/\" \/>\n<meta property=\"og:locale\" content=\"fr_FR\" \/>\n<meta property=\"og:type\" content=\"article\" \/>\n<meta property=\"og:title\" content=\"Solutions Powergen - Baudouin\" \/>\n<meta property=\"og:description\" content=\"Les solutions powergen de Baudouin offrent des groupes \u00e9lectrog\u00e8nes et des moteurs \u00e0 gaz et diesel de haute performance.\" \/>\n<meta property=\"og:url\" content=\"https:\/\/dev.baudouin.com\/fr\/powergen-solutions\/\" \/>\n<meta property=\"og:site_name\" content=\"Baudouin\" \/>\n<meta property=\"article:modified_time\" content=\"2025-03-31T14:53:28+00:00\" \/>\n<meta property=\"og:image\" content=\"https:\/\/dev.baudouin.com\/wp-content\/uploads\/2023\/10\/moteurs-baudouin-powergen-solutions-mobile-header.jpg\" \/>\n\t<meta property=\"og:image:width\" content=\"1000\" \/>\n\t<meta property=\"og:image:height\" content=\"1000\" \/>\n\t<meta property=\"og:image:type\" content=\"image\/jpeg\" \/>\n<meta name=\"twitter:card\" content=\"summary_large_image\" \/>\n<meta name=\"twitter:label1\" content=\"Dur\u00e9e de lecture estim\u00e9e\" \/>\n\t<meta name=\"twitter:data1\" content=\"3 minutes\" \/>\n<script type=\"application\/ld+json\" class=\"yoast-schema-graph\">{\"@context\":\"https:\/\/schema.org\",\"@graph\":[{\"@type\":\"WebPage\",\"@id\":\"https:\/\/dev.baudouin.com\/fr\/powergen-solutions\/\",\"url\":\"https:\/\/dev.baudouin.com\/fr\/powergen-solutions\/\",\"name\":\"Solutions Powergen - Baudouin\",\"isPartOf\":{\"@id\":\"https:\/\/dev.baudouin.com\/#website\"},\"primaryImageOfPage\":{\"@id\":\"https:\/\/dev.baudouin.com\/fr\/powergen-solutions\/#primaryimage\"},\"image\":{\"@id\":\"https:\/\/dev.baudouin.com\/fr\/powergen-solutions\/#primaryimage\"},\"thumbnailUrl\":\"https:\/\/dev.baudouin.com\/wp-content\/uploads\/2023\/10\/moteurs-baudouin-powergen-solutions-mobile-header.jpg\",\"datePublished\":\"2022-11-09T15:50:55+00:00\",\"dateModified\":\"2025-03-31T14:53:28+00:00\",\"description\":\"Les solutions powergen de Baudouin offrent des groupes \u00e9lectrog\u00e8nes et des moteurs \u00e0 gaz et diesel de haute performance.\",\"breadcrumb\":{\"@id\":\"https:\/\/dev.baudouin.com\/fr\/powergen-solutions\/#breadcrumb\"},\"inLanguage\":\"fr-FR\",\"potentialAction\":[{\"@type\":\"ReadAction\",\"target\":[\"https:\/\/dev.baudouin.com\/fr\/powergen-solutions\/\"]}]},{\"@type\":\"ImageObject\",\"inLanguage\":\"fr-FR\",\"@id\":\"https:\/\/dev.baudouin.com\/fr\/powergen-solutions\/#primaryimage\",\"url\":\"https:\/\/dev.baudouin.com\/wp-content\/uploads\/2023\/10\/moteurs-baudouin-powergen-solutions-mobile-header.jpg\",\"contentUrl\":\"https:\/\/dev.baudouin.com\/wp-content\/uploads\/2023\/10\/moteurs-baudouin-powergen-solutions-mobile-header.jpg\",\"width\":1000,\"height\":1000,\"caption\":\"City skyline at night.\"},{\"@type\":\"BreadcrumbList\",\"@id\":\"https:\/\/dev.baudouin.com\/fr\/powergen-solutions\/#breadcrumb\",\"itemListElement\":[{\"@type\":\"ListItem\",\"position\":1,\"name\":\"Home\",\"item\":\"https:\/\/dev.baudouin.com\/fr\/\"},{\"@type\":\"ListItem\",\"position\":2,\"name\":\"Solutions Powergen\"}]},{\"@type\":\"WebSite\",\"@id\":\"https:\/\/dev.baudouin.com\/#website\",\"url\":\"https:\/\/dev.baudouin.com\/\",\"name\":\"Baudouin\",\"description\":\"\",\"publisher\":{\"@id\":\"https:\/\/dev.baudouin.com\/#organization\"},\"potentialAction\":[{\"@type\":\"SearchAction\",\"target\":{\"@type\":\"EntryPoint\",\"urlTemplate\":\"https:\/\/dev.baudouin.com\/?s={search_term_string}\"},\"query-input\":{\"@type\":\"PropertyValueSpecification\",\"valueRequired\":true,\"valueName\":\"search_term_string\"}}],\"inLanguage\":\"fr-FR\"},{\"@type\":\"Organization\",\"@id\":\"https:\/\/dev.baudouin.com\/#organization\",\"name\":\"Moteurs Baudouin\",\"alternateName\":\"Moteurs Baudouin\",\"url\":\"https:\/\/dev.baudouin.com\/\",\"logo\":{\"@type\":\"ImageObject\",\"inLanguage\":\"fr-FR\",\"@id\":\"https:\/\/dev.baudouin.com\/#\/schema\/logo\/image\/\",\"url\":\"https:\/\/dev.baudouin.com\/wp-content\/uploads\/2024\/12\/Moteur-Baudouin-jpg.webp\",\"contentUrl\":\"https:\/\/dev.baudouin.com\/wp-content\/uploads\/2024\/12\/Moteur-Baudouin-jpg.webp\",\"width\":150,\"height\":150,\"caption\":\"Moteurs Baudouin\"},\"image\":{\"@id\":\"https:\/\/dev.baudouin.com\/#\/schema\/logo\/image\/\"}}]}<\/script>\n<!-- \/ Yoast SEO plugin. -->","yoast_head_json":{"title":"Solutions Powergen - Baudouin","description":"Les solutions powergen de Baudouin offrent des groupes \u00e9lectrog\u00e8nes et des moteurs \u00e0 gaz et diesel de haute performance.","robots":{"index":"index","follow":"follow","max-snippet":"max-snippet:-1","max-image-preview":"max-image-preview:large","max-video-preview":"max-video-preview:-1"},"canonical":"https:\/\/dev.baudouin.com\/fr\/powergen-solutions\/","og_locale":"fr_FR","og_type":"article","og_title":"Solutions Powergen - Baudouin","og_description":"Les solutions powergen de Baudouin offrent des groupes \u00e9lectrog\u00e8nes et des moteurs \u00e0 gaz et diesel de haute performance.","og_url":"https:\/\/dev.baudouin.com\/fr\/powergen-solutions\/","og_site_name":"Baudouin","article_modified_time":"2025-03-31T14:53:28+00:00","og_image":[{"width":1000,"height":1000,"url":"https:\/\/dev.baudouin.com\/wp-content\/uploads\/2023\/10\/moteurs-baudouin-powergen-solutions-mobile-header.jpg","type":"image\/jpeg"}],"twitter_card":"summary_large_image","twitter_misc":{"Dur\u00e9e de lecture estim\u00e9e":"3 minutes"},"schema":{"@context":"https:\/\/schema.org","@graph":[{"@type":"WebPage","@id":"https:\/\/dev.baudouin.com\/fr\/powergen-solutions\/","url":"https:\/\/dev.baudouin.com\/fr\/powergen-solutions\/","name":"Solutions Powergen - Baudouin","isPartOf":{"@id":"https:\/\/dev.baudouin.com\/#website"},"primaryImageOfPage":{"@id":"https:\/\/dev.baudouin.com\/fr\/powergen-solutions\/#primaryimage"},"image":{"@id":"https:\/\/dev.baudouin.com\/fr\/powergen-solutions\/#primaryimage"},"thumbnailUrl":"https:\/\/dev.baudouin.com\/wp-content\/uploads\/2023\/10\/moteurs-baudouin-powergen-solutions-mobile-header.jpg","datePublished":"2022-11-09T15:50:55+00:00","dateModified":"2025-03-31T14:53:28+00:00","description":"Les solutions powergen de Baudouin offrent des groupes \u00e9lectrog\u00e8nes et des moteurs \u00e0 gaz et diesel de haute performance.","breadcrumb":{"@id":"https:\/\/dev.baudouin.com\/fr\/powergen-solutions\/#breadcrumb"},"inLanguage":"fr-FR","potentialAction":[{"@type":"ReadAction","target":["https:\/\/dev.baudouin.com\/fr\/powergen-solutions\/"]}]},{"@type":"ImageObject","inLanguage":"fr-FR","@id":"https:\/\/dev.baudouin.com\/fr\/powergen-solutions\/#primaryimage","url":"https:\/\/dev.baudouin.com\/wp-content\/uploads\/2023\/10\/moteurs-baudouin-powergen-solutions-mobile-header.jpg","contentUrl":"https:\/\/dev.baudouin.com\/wp-content\/uploads\/2023\/10\/moteurs-baudouin-powergen-solutions-mobile-header.jpg","width":1000,"height":1000,"caption":"City skyline at night."},{"@type":"BreadcrumbList","@id":"https:\/\/dev.baudouin.com\/fr\/powergen-solutions\/#breadcrumb","itemListElement":[{"@type":"ListItem","position":1,"name":"Home","item":"https:\/\/dev.baudouin.com\/fr\/"},{"@type":"ListItem","position":2,"name":"Solutions Powergen"}]},{"@type":"WebSite","@id":"https:\/\/dev.baudouin.com\/#website","url":"https:\/\/dev.baudouin.com\/","name":"Baudouin","description":"","publisher":{"@id":"https:\/\/dev.baudouin.com\/#organization"},"potentialAction":[{"@type":"SearchAction","target":{"@type":"EntryPoint","urlTemplate":"https:\/\/dev.baudouin.com\/?s={search_term_string}"},"query-input":{"@type":"PropertyValueSpecification","valueRequired":true,"valueName":"search_term_string"}}],"inLanguage":"fr-FR"},{"@type":"Organization","@id":"https:\/\/dev.baudouin.com\/#organization","name":"Moteurs Baudouin","alternateName":"Moteurs Baudouin","url":"https:\/\/dev.baudouin.com\/","logo":{"@type":"ImageObject","inLanguage":"fr-FR","@id":"https:\/\/dev.baudouin.com\/#\/schema\/logo\/image\/","url":"https:\/\/dev.baudouin.com\/wp-content\/uploads\/2024\/12\/Moteur-Baudouin-jpg.webp","contentUrl":"https:\/\/dev.baudouin.com\/wp-content\/uploads\/2024\/12\/Moteur-Baudouin-jpg.webp","width":150,"height":150,"caption":"Moteurs Baudouin"},"image":{"@id":"https:\/\/dev.baudouin.com\/#\/schema\/logo\/image\/"}}]}},"_links":{"self":[{"href":"https:\/\/dev.baudouin.com\/fr\/wp-json\/wp\/v2\/pages\/61980","targetHints":{"allow":["GET"]}}],"collection":[{"href":"https:\/\/dev.baudouin.com\/fr\/wp-json\/wp\/v2\/pages"}],"about":[{"href":"https:\/\/dev.baudouin.com\/fr\/wp-json\/wp\/v2\/types\/page"}],"author":[{"embeddable":true,"href":"https:\/\/dev.baudouin.com\/fr\/wp-json\/wp\/v2\/users\/1"}],"replies":[{"embeddable":true,"href":"https:\/\/dev.baudouin.com\/fr\/wp-json\/wp\/v2\/comments?post=61980"}],"version-history":[{"count":12,"href":"https:\/\/dev.baudouin.com\/fr\/wp-json\/wp\/v2\/pages\/61980\/revisions"}],"predecessor-version":[{"id":77336,"href":"https:\/\/dev.baudouin.com\/fr\/wp-json\/wp\/v2\/pages\/61980\/revisions\/77336"}],"wp:featuredmedia":[{"embeddable":true,"href":"https:\/\/dev.baudouin.com\/fr\/wp-json\/wp\/v2\/media\/60203"}],"wp:attachment":[{"href":"https:\/\/dev.baudouin.com\/fr\/wp-json\/wp\/v2\/media?parent=61980"}],"curies":[{"name":"wp","href":"https:\/\/api.w.org\/{rel}","templated":true}]}}