{"id":61944,"date":"2022-11-09T15:50:46","date_gmt":"2022-11-09T15:50:46","guid":{"rendered":"https:\/\/dev.baudouin.com\/marine-solutions\/"},"modified":"2025-04-18T12:09:15","modified_gmt":"2025-04-18T12:09:15","slug":"marine-solutions","status":"publish","type":"page","link":"https:\/\/dev.baudouin.com\/fr\/marine-solutions\/","title":{"rendered":"Solutions Marines"},"content":{"rendered":"\n<div class=\"wp-block-group fw-bleed has-white-background-color has-background is-layout-flow wp-block-group-is-layout-flow\"><\/div>\n\n\n<style>\n    .page-hero {\n        background-image:linear-gradient(rgba(0, 0, 0, 0.25), rgba(0, 0, 0, 0.25)), url('https:\/\/dev.baudouin.com\/wp-content\/uploads\/2023\/10\/moteurs-baudouin-marine-solutions-header-mobile-header.jpg');\n        background-repeat: no-repeat;\n    }\n    p, h2 {\n        color: #fff;\n    }\n    @media screen and (min-width: 768px) {\n        .page-hero {\n        background-image:linear-gradient(rgba(0, 0, 0, 0.25), rgba(0, 0, 0, 0.25)), url('https:\/\/dev.baudouin.com\/wp-content\/uploads\/2023\/10\/moteurs-baudouin-marine-solutions-desktop-header.jpg');\n    }\n    }\n<\/style>\n<section id=\"page-hero-block_4d1d58af6172ebe28365d5a0a713dd7b\" class=\"page-hero py-[85px] lg:py-[100px] xl:pt-[100px] xl:pb-[242px] bg-dark-blue \">\n        <div class=\"hero-container mx-auto my-0 md:max-w-[1920px]\">\n        \n            \n        \n        <div class=\"page-hero__container flex flex-col-reverse md:flex-row lg:justify-between\">\n            <div class=\"page-hero__container--left text-center text-white lg:text-left\">\n                                    <div class=\"page-hero__container--left__breadcrumbs mb-7 lg:mb-[32px]\">\n                        <p id=\"breadcrumbs\" class=\"text-xsm text-white leading-5 font-semibold uppercase\"><span><span><a href=\"https:\/\/dev.baudouin.com\/fr\/\">Home<\/a><\/span><\/span><\/p>                    <\/div>\n                                <h1 class=\"text-white  mb-[12px] uppercase font-bold md:mb-2.5 lg:mb-[33px]\">Solutions Marines Baudouin<\/h1>\n                <!-- <p class=\"text-gray-form leading-[21px] w-full md:text-sm md:leading-6 md:max-w-[564px]\"><p>Baudouin a la capacit\u00e9 d\u2019analyser votre environnement op\u00e9rationnel, les exigences du navire et les profils de charge pour d\u00e9finir des syst\u00e8mes sur mesure qui seront les solutions marines les plus efficaces pour les besoins de votre navire.<\/p>\n<\/p> -->\n                <p>Baudouin a la capacit\u00e9 d\u2019analyser votre environnement op\u00e9rationnel, les exigences du navire et les profils de charge pour d\u00e9finir des syst\u00e8mes sur mesure qui seront les solutions marines les plus efficaces pour les besoins de votre navire.<\/p>\n            <\/div>\n           \n            \n        <\/div>\n\n    <\/div>\n<\/section>\n\n\n<div class=\"wp-block-group ghostkit-custom-29EDcC is-layout-flow wp-block-group-is-layout-flow\">\n<div class=\"wp-block-columns is-layout-flex wp-container-core-columns-is-layout-1 wp-block-columns-is-layout-flex\">\n<div class=\"wp-block-column ghostkit-custom-ubY0e is-layout-flow wp-block-column-is-layout-flow\">\n<div class=\"wp-block-cover has-custom-content-position is-position-bottom-center ghostkit-custom-ZCGSJq\"><span aria-hidden=\"true\" class=\"wp-block-cover__background has-background-dim-30 has-background-dim\"><\/span><img loading=\"lazy\" decoding=\"async\" width=\"1734\" height=\"1105\" class=\"wp-block-cover__image-background wp-image-60972\" alt=\"Solutions marines baudouin de propulsion. \" src=\"https:\/\/dev.baudouin.com\/wp-content\/uploads\/2023\/10\/moteurs-baudouin-marine-solutions-propulsion-engines.jpg\" data-object-fit=\"cover\" srcset=\"https:\/\/dev.baudouin.com\/wp-content\/uploads\/2023\/10\/moteurs-baudouin-marine-solutions-propulsion-engines.jpg 1734w, https:\/\/dev.baudouin.com\/wp-content\/uploads\/2023\/10\/moteurs-baudouin-marine-solutions-propulsion-engines-300x191.jpg 300w, https:\/\/dev.baudouin.com\/wp-content\/uploads\/2023\/10\/moteurs-baudouin-marine-solutions-propulsion-engines-1024x653.jpg 1024w, https:\/\/dev.baudouin.com\/wp-content\/uploads\/2023\/10\/moteurs-baudouin-marine-solutions-propulsion-engines-768x489.jpg 768w, https:\/\/dev.baudouin.com\/wp-content\/uploads\/2023\/10\/moteurs-baudouin-marine-solutions-propulsion-engines-1536x979.jpg 1536w\" sizes=\"auto, (max-width: 1734px) 100vw, 1734px\" \/><div class=\"wp-block-cover__inner-container is-layout-flow wp-block-cover-is-layout-flow\">\n<h2 class=\"wp-block-heading has-text-align-center has-large-font-size\" id=\"baudouin-propulsion-engines\">MOTEURS DE PROPULSION BAUDOUIN<\/h2>\n<\/div><\/div>\n\n\n\n<p class=\"has-text-align-center ghostkit-custom-2vmh5G\"><a href=\"https:\/\/dev.baudouin.com\/fr\/engine_product-category\/moteurs-a-propulsion-marine\/\">Les Moteurs de Propulsion Marins<\/a> Baudouin assurent votre continuit\u00e9 op\u00e9rationnelle avec des performances optimales. Gr\u00e2ce \u00e0 une conception marine authentique, ils offrent une fiabilit\u00e9 \u00e9prouv\u00e9e, m\u00eame dans les conditions les plus extr\u00eames. Leur excellente efficacit\u00e9 \u00e9nerg\u00e9tique et leur temps moyen entre deux r\u00e9visions parmi les meilleurs de leur cat\u00e9gorie garantissent une utilisation durable et \u00e9conomique. De plus, leur conception intelligente permet un entretien simplifi\u00e9 et rapide, r\u00e9duisant ainsi les temps d&rsquo;arr\u00eat et optimisant la productivit\u00e9.<\/p>\n\n\n\n<div style=\"height:30px\" aria-hidden=\"true\" class=\"wp-block-spacer\"><\/div>\n\n\n\n<div class=\"wp-block-buttons is-content-justification-center is-layout-flex wp-container-core-buttons-is-layout-1 wp-block-buttons-is-layout-flex\">\n<div class=\"wp-block-button ghostkit-custom-H0iCE\"><a class=\"wp-block-button__link has-white-color has-text-color has-background wp-element-button\" href=\"https:\/\/dev.baudouin.com\/fr\/engine_product-category\/moteurs-a-propulsion-marine\/\" style=\"border-radius:0px;background-color:#001e61\">VOIR LA GAMME DE MOTEURS DE PROPULSION<\/a><\/div>\n<\/div>\n<\/div>\n\n\n\n<div class=\"wp-block-column is-layout-flow wp-block-column-is-layout-flow\">\n<div class=\"wp-block-cover has-custom-content-position is-position-bottom-center ghostkit-custom-ZEv6BN\"><span aria-hidden=\"true\" class=\"wp-block-cover__background has-background-dim-30 has-background-dim\"><\/span><img loading=\"lazy\" decoding=\"async\" width=\"1000\" height=\"780\" class=\"wp-block-cover__image-background wp-image-60964\" alt=\"Solutions marines baudouin pour G\u00e9n\u00e9rateur marins. \" src=\"https:\/\/dev.baudouin.com\/wp-content\/uploads\/2023\/10\/moteurs-baudouin-marine-solutions-generators.jpg\" data-object-fit=\"cover\" srcset=\"https:\/\/dev.baudouin.com\/wp-content\/uploads\/2023\/10\/moteurs-baudouin-marine-solutions-generators.jpg 1000w, https:\/\/dev.baudouin.com\/wp-content\/uploads\/2023\/10\/moteurs-baudouin-marine-solutions-generators-300x234.jpg 300w, https:\/\/dev.baudouin.com\/wp-content\/uploads\/2023\/10\/moteurs-baudouin-marine-solutions-generators-768x599.jpg 768w\" sizes=\"auto, (max-width: 1000px) 100vw, 1000px\" \/><div class=\"wp-block-cover__inner-container is-layout-flow wp-block-cover-is-layout-flow\">\n<h2 class=\"wp-block-heading has-text-align-center has-large-font-size\" id=\"baudouin-propulsion-engines\">G\u00c9N\u00c9RATEURS MARINS BAUDOUIN<\/h2>\n<\/div><\/div>\n\n\n\n<p class=\"has-text-align-center ghostkit-custom-NgcH4\">Les groupes \u00e9lectrog\u00e8nes marins Baudouin sont con\u00e7us pour r\u00e9pondre aux exigences \u00e9nerg\u00e9tiques des navires avec une efficacit\u00e9 optimale. Ils assurent un \u00e9quilibre parfait entre l\u2019alimentation des syst\u00e8mes de bord et la gestion de la charge, garantissant ainsi un fonctionnement fluide et fiable. Coupl\u00e9s \u00e0 des alternateurs hautement performants, ils s&rsquo;int\u00e8grent parfaitement aux syst\u00e8mes de propulsion <a href=\"https:\/\/fr.wikipedia.org\/wiki\/Moteurs_Baudouin\">Baudouin<\/a> pour une synergie totale. Gr\u00e2ce \u00e0 notre expertise, nous proposons des solutions marines compl\u00e8tes afin d\u2019optimiser la performance, la fiabilit\u00e9 et la durabilit\u00e9 des installations maritimes.<\/p>\n\n\n\n<div class=\"wp-block-buttons is-content-justification-center is-layout-flex wp-container-core-buttons-is-layout-2 wp-block-buttons-is-layout-flex\">\n<div class=\"wp-block-button\"><a class=\"wp-block-button__link has-white-color has-text-color has-background wp-element-button\" href=\"https:\/\/dev.baudouin.com\/fr\/engine_product-category\/generateurs-marins\/\" style=\"border-radius:0px;background-color:#001e61\">VOIR LA GAMME DE SOLUTIONS GENSET<\/a><\/div>\n<\/div>\n<\/div>\n<\/div>\n<\/div>\n\n\n\n<div class=\"wp-block-group ghostkit-custom-ZSwnxO is-layout-flow wp-block-group-is-layout-flow\">\n<div class=\"wp-block-columns is-layout-flex wp-container-core-columns-is-layout-2 wp-block-columns-is-layout-flex\">\n<div class=\"wp-block-column is-layout-flow wp-block-column-is-layout-flow\">\n<div class=\"wp-block-cover is-light has-custom-content-position is-position-bottom-center ghostkit-custom-mzFkC\"><span aria-hidden=\"true\" class=\"wp-block-cover__background has-background-dim\"><\/span><img loading=\"lazy\" decoding=\"async\" width=\"1734\" height=\"1105\" class=\"wp-block-cover__image-background wp-image-60968\" alt=\"Les solutions marines hybrides Baudouin. \" src=\"https:\/\/dev.baudouin.com\/wp-content\/uploads\/2023\/10\/moteurs-baudouin-marine-solutions-hybrid-systems.jpg\" data-object-fit=\"cover\" srcset=\"https:\/\/dev.baudouin.com\/wp-content\/uploads\/2023\/10\/moteurs-baudouin-marine-solutions-hybrid-systems.jpg 1734w, https:\/\/dev.baudouin.com\/wp-content\/uploads\/2023\/10\/moteurs-baudouin-marine-solutions-hybrid-systems-300x191.jpg 300w, https:\/\/dev.baudouin.com\/wp-content\/uploads\/2023\/10\/moteurs-baudouin-marine-solutions-hybrid-systems-1024x653.jpg 1024w, https:\/\/dev.baudouin.com\/wp-content\/uploads\/2023\/10\/moteurs-baudouin-marine-solutions-hybrid-systems-768x489.jpg 768w, https:\/\/dev.baudouin.com\/wp-content\/uploads\/2023\/10\/moteurs-baudouin-marine-solutions-hybrid-systems-1536x979.jpg 1536w\" sizes=\"auto, (max-width: 1734px) 100vw, 1734px\" \/><div class=\"wp-block-cover__inner-container is-layout-flow wp-block-cover-is-layout-flow\">\n<h2 class=\"wp-block-heading has-text-align-center ghostkit-custom-22oGF6 has-white-color has-text-color has-large-font-size\" id=\"baudouin-propulsion-engines\">SYST\u00c8MES HYBRIDES BAUDOUIN<\/h2>\n<\/div><\/div>\n\n\n\n<p class=\"has-text-align-center ghostkit-custom-2bYTwD\">Les solutions marines hybrides Baudouin apportent une approche innovante pour am\u00e9liorer l&rsquo;efficacit\u00e9 \u00e9nerg\u00e9tique et la performance des navires. Elles permettent une r\u00e9duction de la taille des moteurs, optimisant ainsi l\u2019espace et le poids \u00e0 bord. Leur flexibilit\u00e9 dans la gestion de la puissance et du carburant garantit une adaptation aux besoins sp\u00e9cifiques de chaque application, tout en r\u00e9duisant la consommation et les \u00e9missions. De plus, elles offrent une optimisation du cycle de maintenance, minimisant les interruptions et assurant une fiabilit\u00e9 maximale sur le long terme.<\/p>\n\n\n\n<div class=\"wp-block-buttons ghostkit-custom-Z1R1YWo is-content-justification-center is-layout-flex wp-container-core-buttons-is-layout-3 wp-block-buttons-is-layout-flex\">\n<div class=\"wp-block-button ghostkit-custom-ZPArph\"><a class=\"wp-block-button__link has-white-color has-text-color has-background wp-element-button\" href=\"https:\/\/dev.baudouin.com\/fr\/a-complete-hybrid-system-supplier\/\" style=\"border-radius:0px;background-color:#001e61\">VOIR LA GAMME DE SOLUTIONS HYBRIDES<\/a><\/div>\n<\/div>\n<\/div>\n\n\n\n<div class=\"wp-block-column is-layout-flow wp-block-column-is-layout-flow\"><\/div>\n<\/div>\n<\/div>\n\n\n\n<section id=\"partner-slider-block_fe0a181928153f0d4af0de90431552b6\" class=\"partner-slider\">\n  <div class=\"site-container flex flex-col\">\n    <h3 class=\"mb-[22px] md:mb-[50px] lg:mb-[70px] xl:mb-[90px] text-center\">Nos partenaires de confiance<\/h3>\n            <div class=\"partner-slider__box\">\n            <div class=\"partner-slider__container\">\n                <div class=\"swiper-wrapper\">\n                                                                        <div class=\"swiper-slide\">\n                                <img decoding=\"async\" src=\"https:\/\/dev.baudouin.com\/wp-content\/uploads\/2023\/08\/1-1.svg\" alt=\"South Shore logo\">\n                            <\/div>\n                                                                                                <div class=\"swiper-slide\">\n                                <img decoding=\"async\" src=\"https:\/\/dev.baudouin.com\/wp-content\/uploads\/2023\/08\/1568669582-ofatec-sa-techniques-de-l-energie-2593-1.svg\" alt=\"ofatec sa techniques de l'energie logo\">\n                            <\/div>\n                                                                                                <div class=\"swiper-slide\">\n                                <img decoding=\"async\" src=\"https:\/\/dev.baudouin.com\/wp-content\/uploads\/2023\/08\/DETROIT-VA-SOBRE-BLANCO-1.svg\" alt=\"Detroit Power System Peru logo\">\n                            <\/div>\n                                                                                                <div class=\"swiper-slide\">\n                                <img decoding=\"async\" src=\"https:\/\/dev.baudouin.com\/wp-content\/uploads\/2023\/08\/logo-dr-motor-120-1.svg\" alt=\"DR Motor logo\">\n                            <\/div>\n                                                                                                <div class=\"swiper-slide\">\n                                <img decoding=\"async\" src=\"https:\/\/dev.baudouin.com\/wp-content\/uploads\/2023\/08\/Powerhouse-2-1.svg\" alt=\"PowerHouse logo\">\n                            <\/div>\n                                                            <\/div>\n                \n            <\/div>\n            <div class=\"partner-slider__container__next \">\n                <img decoding=\"async\" src=\"https:\/\/dev.baudouin.com\/wp-content\/themes\/baudouin-latest\/assets\/chevron-nav.svg\" alt=\"next\">\n            <\/div>\n            <div class=\"partner-slider__container__prev \">\n                <img decoding=\"async\" src=\"https:\/\/dev.baudouin.com\/wp-content\/themes\/baudouin-latest\/assets\/chevron-nav.svg\" alt=\"previous\">\n            <\/div>\n        <\/div>\n      <\/div>\n<\/section>\n\n\n\n<div style=\"height:100px\" aria-hidden=\"true\" class=\"wp-block-spacer\"><\/div>\n\n\n\n<p><\/p>\n","protected":false},"excerpt":{"rendered":"<p>Les Moteurs de Propulsion Marins Baudouin assurent votre continuit\u00e9 op\u00e9rationnelle avec des performances optimales. Gr\u00e2ce \u00e0 une conception marine authentique, ils offrent une fiabilit\u00e9 \u00e9prouv\u00e9e, m\u00eame dans les conditions les plus extr\u00eames&#8230;.<\/p>\n","protected":false},"author":1,"featured_media":60191,"parent":0,"menu_order":0,"comment_status":"closed","ping_status":"closed","template":"","meta":{"_acf_changed":false,"content-type":"","ghostkit_customizer_options":"","ghostkit_custom_css":"","ghostkit_custom_js_head":"","ghostkit_custom_js_foot":"","ghostkit_typography":"","two_page_speed":[],"footnotes":""},"class_list":["post-61944","page","type-page","status-publish","has-post-thumbnail","hentry"],"acf":[],"yoast_head":"<!-- This site is optimized with the Yoast SEO plugin v26.8 - https:\/\/yoast.com\/product\/yoast-seo-wordpress\/ -->\n<title>Solutions Marines - Baudouin<\/title>\n<meta name=\"description\" content=\"Baudouin a la capacit\u00e9 d\u2019analyser votre environnement op\u00e9rationnel pour d\u00e9finir un syst\u00e8me sur mesure pour vos solutions marines.\" \/>\n<meta name=\"robots\" content=\"index, follow, max-snippet:-1, max-image-preview:large, max-video-preview:-1\" \/>\n<link rel=\"canonical\" href=\"https:\/\/dev.baudouin.com\/fr\/marine-solutions\/\" \/>\n<meta property=\"og:locale\" content=\"fr_FR\" \/>\n<meta property=\"og:type\" content=\"article\" \/>\n<meta property=\"og:title\" content=\"Solutions Marines - Baudouin\" \/>\n<meta property=\"og:description\" content=\"Baudouin a la capacit\u00e9 d\u2019analyser votre environnement op\u00e9rationnel pour d\u00e9finir un syst\u00e8me sur mesure pour vos solutions marines.\" \/>\n<meta property=\"og:url\" content=\"https:\/\/dev.baudouin.com\/fr\/marine-solutions\/\" \/>\n<meta property=\"og:site_name\" content=\"Baudouin\" \/>\n<meta property=\"article:modified_time\" content=\"2025-04-18T12:09:15+00:00\" \/>\n<meta property=\"og:image\" content=\"https:\/\/dev.baudouin.com\/wp-content\/uploads\/2023\/10\/moteurs-baudouin-marine-solutions-header-mobile-header.jpg\" \/>\n\t<meta property=\"og:image:width\" content=\"1000\" \/>\n\t<meta property=\"og:image:height\" content=\"1000\" \/>\n\t<meta property=\"og:image:type\" content=\"image\/jpeg\" \/>\n<meta name=\"twitter:card\" content=\"summary_large_image\" \/>\n<meta name=\"twitter:label1\" content=\"Dur\u00e9e de lecture estim\u00e9e\" \/>\n\t<meta name=\"twitter:data1\" content=\"3 minutes\" \/>\n<script type=\"application\/ld+json\" class=\"yoast-schema-graph\">{\"@context\":\"https:\/\/schema.org\",\"@graph\":[{\"@type\":\"WebPage\",\"@id\":\"https:\/\/dev.baudouin.com\/fr\/marine-solutions\/\",\"url\":\"https:\/\/dev.baudouin.com\/fr\/marine-solutions\/\",\"name\":\"Solutions Marines - Baudouin\",\"isPartOf\":{\"@id\":\"https:\/\/dev.baudouin.com\/#website\"},\"primaryImageOfPage\":{\"@id\":\"https:\/\/dev.baudouin.com\/fr\/marine-solutions\/#primaryimage\"},\"image\":{\"@id\":\"https:\/\/dev.baudouin.com\/fr\/marine-solutions\/#primaryimage\"},\"thumbnailUrl\":\"https:\/\/dev.baudouin.com\/wp-content\/uploads\/2023\/10\/moteurs-baudouin-marine-solutions-header-mobile-header.jpg\",\"datePublished\":\"2022-11-09T15:50:46+00:00\",\"dateModified\":\"2025-04-18T12:09:15+00:00\",\"description\":\"Baudouin a la capacit\u00e9 d\u2019analyser votre environnement op\u00e9rationnel pour d\u00e9finir un syst\u00e8me sur mesure pour vos solutions marines.\",\"breadcrumb\":{\"@id\":\"https:\/\/dev.baudouin.com\/fr\/marine-solutions\/#breadcrumb\"},\"inLanguage\":\"fr-FR\",\"potentialAction\":[{\"@type\":\"ReadAction\",\"target\":[\"https:\/\/dev.baudouin.com\/fr\/marine-solutions\/\"]}]},{\"@type\":\"ImageObject\",\"inLanguage\":\"fr-FR\",\"@id\":\"https:\/\/dev.baudouin.com\/fr\/marine-solutions\/#primaryimage\",\"url\":\"https:\/\/dev.baudouin.com\/wp-content\/uploads\/2023\/10\/moteurs-baudouin-marine-solutions-header-mobile-header.jpg\",\"contentUrl\":\"https:\/\/dev.baudouin.com\/wp-content\/uploads\/2023\/10\/moteurs-baudouin-marine-solutions-header-mobile-header.jpg\",\"width\":1000,\"height\":1000,\"caption\":\"Under the surface of water.\"},{\"@type\":\"BreadcrumbList\",\"@id\":\"https:\/\/dev.baudouin.com\/fr\/marine-solutions\/#breadcrumb\",\"itemListElement\":[{\"@type\":\"ListItem\",\"position\":1,\"name\":\"Home\",\"item\":\"https:\/\/dev.baudouin.com\/fr\/\"},{\"@type\":\"ListItem\",\"position\":2,\"name\":\"Solutions Marines\"}]},{\"@type\":\"WebSite\",\"@id\":\"https:\/\/dev.baudouin.com\/#website\",\"url\":\"https:\/\/dev.baudouin.com\/\",\"name\":\"Baudouin\",\"description\":\"\",\"publisher\":{\"@id\":\"https:\/\/dev.baudouin.com\/#organization\"},\"potentialAction\":[{\"@type\":\"SearchAction\",\"target\":{\"@type\":\"EntryPoint\",\"urlTemplate\":\"https:\/\/dev.baudouin.com\/?s={search_term_string}\"},\"query-input\":{\"@type\":\"PropertyValueSpecification\",\"valueRequired\":true,\"valueName\":\"search_term_string\"}}],\"inLanguage\":\"fr-FR\"},{\"@type\":\"Organization\",\"@id\":\"https:\/\/dev.baudouin.com\/#organization\",\"name\":\"Moteurs Baudouin\",\"alternateName\":\"Moteurs Baudouin\",\"url\":\"https:\/\/dev.baudouin.com\/\",\"logo\":{\"@type\":\"ImageObject\",\"inLanguage\":\"fr-FR\",\"@id\":\"https:\/\/dev.baudouin.com\/#\/schema\/logo\/image\/\",\"url\":\"https:\/\/dev.baudouin.com\/wp-content\/uploads\/2024\/12\/Moteur-Baudouin-jpg.webp\",\"contentUrl\":\"https:\/\/dev.baudouin.com\/wp-content\/uploads\/2024\/12\/Moteur-Baudouin-jpg.webp\",\"width\":150,\"height\":150,\"caption\":\"Moteurs Baudouin\"},\"image\":{\"@id\":\"https:\/\/dev.baudouin.com\/#\/schema\/logo\/image\/\"}}]}<\/script>\n<!-- \/ Yoast SEO plugin. -->","yoast_head_json":{"title":"Solutions Marines - Baudouin","description":"Baudouin a la capacit\u00e9 d\u2019analyser votre environnement op\u00e9rationnel pour d\u00e9finir un syst\u00e8me sur mesure pour vos solutions marines.","robots":{"index":"index","follow":"follow","max-snippet":"max-snippet:-1","max-image-preview":"max-image-preview:large","max-video-preview":"max-video-preview:-1"},"canonical":"https:\/\/dev.baudouin.com\/fr\/marine-solutions\/","og_locale":"fr_FR","og_type":"article","og_title":"Solutions Marines - Baudouin","og_description":"Baudouin a la capacit\u00e9 d\u2019analyser votre environnement op\u00e9rationnel pour d\u00e9finir un syst\u00e8me sur mesure pour vos solutions marines.","og_url":"https:\/\/dev.baudouin.com\/fr\/marine-solutions\/","og_site_name":"Baudouin","article_modified_time":"2025-04-18T12:09:15+00:00","og_image":[{"width":1000,"height":1000,"url":"https:\/\/dev.baudouin.com\/wp-content\/uploads\/2023\/10\/moteurs-baudouin-marine-solutions-header-mobile-header.jpg","type":"image\/jpeg"}],"twitter_card":"summary_large_image","twitter_misc":{"Dur\u00e9e de lecture estim\u00e9e":"3 minutes"},"schema":{"@context":"https:\/\/schema.org","@graph":[{"@type":"WebPage","@id":"https:\/\/dev.baudouin.com\/fr\/marine-solutions\/","url":"https:\/\/dev.baudouin.com\/fr\/marine-solutions\/","name":"Solutions Marines - Baudouin","isPartOf":{"@id":"https:\/\/dev.baudouin.com\/#website"},"primaryImageOfPage":{"@id":"https:\/\/dev.baudouin.com\/fr\/marine-solutions\/#primaryimage"},"image":{"@id":"https:\/\/dev.baudouin.com\/fr\/marine-solutions\/#primaryimage"},"thumbnailUrl":"https:\/\/dev.baudouin.com\/wp-content\/uploads\/2023\/10\/moteurs-baudouin-marine-solutions-header-mobile-header.jpg","datePublished":"2022-11-09T15:50:46+00:00","dateModified":"2025-04-18T12:09:15+00:00","description":"Baudouin a la capacit\u00e9 d\u2019analyser votre environnement op\u00e9rationnel pour d\u00e9finir un syst\u00e8me sur mesure pour vos solutions marines.","breadcrumb":{"@id":"https:\/\/dev.baudouin.com\/fr\/marine-solutions\/#breadcrumb"},"inLanguage":"fr-FR","potentialAction":[{"@type":"ReadAction","target":["https:\/\/dev.baudouin.com\/fr\/marine-solutions\/"]}]},{"@type":"ImageObject","inLanguage":"fr-FR","@id":"https:\/\/dev.baudouin.com\/fr\/marine-solutions\/#primaryimage","url":"https:\/\/dev.baudouin.com\/wp-content\/uploads\/2023\/10\/moteurs-baudouin-marine-solutions-header-mobile-header.jpg","contentUrl":"https:\/\/dev.baudouin.com\/wp-content\/uploads\/2023\/10\/moteurs-baudouin-marine-solutions-header-mobile-header.jpg","width":1000,"height":1000,"caption":"Under the surface of water."},{"@type":"BreadcrumbList","@id":"https:\/\/dev.baudouin.com\/fr\/marine-solutions\/#breadcrumb","itemListElement":[{"@type":"ListItem","position":1,"name":"Home","item":"https:\/\/dev.baudouin.com\/fr\/"},{"@type":"ListItem","position":2,"name":"Solutions Marines"}]},{"@type":"WebSite","@id":"https:\/\/dev.baudouin.com\/#website","url":"https:\/\/dev.baudouin.com\/","name":"Baudouin","description":"","publisher":{"@id":"https:\/\/dev.baudouin.com\/#organization"},"potentialAction":[{"@type":"SearchAction","target":{"@type":"EntryPoint","urlTemplate":"https:\/\/dev.baudouin.com\/?s={search_term_string}"},"query-input":{"@type":"PropertyValueSpecification","valueRequired":true,"valueName":"search_term_string"}}],"inLanguage":"fr-FR"},{"@type":"Organization","@id":"https:\/\/dev.baudouin.com\/#organization","name":"Moteurs Baudouin","alternateName":"Moteurs Baudouin","url":"https:\/\/dev.baudouin.com\/","logo":{"@type":"ImageObject","inLanguage":"fr-FR","@id":"https:\/\/dev.baudouin.com\/#\/schema\/logo\/image\/","url":"https:\/\/dev.baudouin.com\/wp-content\/uploads\/2024\/12\/Moteur-Baudouin-jpg.webp","contentUrl":"https:\/\/dev.baudouin.com\/wp-content\/uploads\/2024\/12\/Moteur-Baudouin-jpg.webp","width":150,"height":150,"caption":"Moteurs Baudouin"},"image":{"@id":"https:\/\/dev.baudouin.com\/#\/schema\/logo\/image\/"}}]}},"_links":{"self":[{"href":"https:\/\/dev.baudouin.com\/fr\/wp-json\/wp\/v2\/pages\/61944","targetHints":{"allow":["GET"]}}],"collection":[{"href":"https:\/\/dev.baudouin.com\/fr\/wp-json\/wp\/v2\/pages"}],"about":[{"href":"https:\/\/dev.baudouin.com\/fr\/wp-json\/wp\/v2\/types\/page"}],"author":[{"embeddable":true,"href":"https:\/\/dev.baudouin.com\/fr\/wp-json\/wp\/v2\/users\/1"}],"replies":[{"embeddable":true,"href":"https:\/\/dev.baudouin.com\/fr\/wp-json\/wp\/v2\/comments?post=61944"}],"version-history":[{"count":12,"href":"https:\/\/dev.baudouin.com\/fr\/wp-json\/wp\/v2\/pages\/61944\/revisions"}],"predecessor-version":[{"id":77773,"href":"https:\/\/dev.baudouin.com\/fr\/wp-json\/wp\/v2\/pages\/61944\/revisions\/77773"}],"wp:featuredmedia":[{"embeddable":true,"href":"https:\/\/dev.baudouin.com\/fr\/wp-json\/wp\/v2\/media\/60191"}],"wp:attachment":[{"href":"https:\/\/dev.baudouin.com\/fr\/wp-json\/wp\/v2\/media?parent=61944"}],"curies":[{"name":"wp","href":"https:\/\/api.w.org\/{rel}","templated":true}]}}