{"id":76913,"date":"2025-03-10T14:35:44","date_gmt":"2025-03-10T14:35:44","guid":{"rendered":"https:\/\/dev.baudouin.com\/?page_id=76913"},"modified":"2025-03-31T15:48:46","modified_gmt":"2025-03-31T15:48:46","slug":"motores-baudouin-powerkit","status":"publish","type":"page","link":"https:\/\/dev.baudouin.com\/es\/motores-baudouin-powerkit\/","title":{"rendered":"Motores Baudouin PowerKit"},"content":{"rendered":"<style>\n    .page-hero {\n        background-image:linear-gradient(rgba(0, 0, 0, 0.25), rgba(0, 0, 0, 0.25)), url('https:\/\/dev.baudouin.com\/wp-content\/uploads\/2025\/03\/PowerKit-engines-mobile.webp');\n        background-repeat: no-repeat;\n    }\n    p, h2 {\n        color: #fff;\n    }\n    @media screen and (min-width: 768px) {\n        .page-hero {\n        background-image:linear-gradient(rgba(0, 0, 0, 0.25), rgba(0, 0, 0, 0.25)), url('https:\/\/dev.baudouin.com\/wp-content\/uploads\/2025\/03\/PowerKit-engines.webp');\n    }\n    }\n<\/style>\n<section id=\"page-hero-block_f479a3d4a20965a8aeb56877d822c200\" class=\"page-hero py-[85px] lg:py-[100px] xl:pt-[100px] xl:pb-[242px] bg-dark-blue \">\n        <div class=\"hero-container mx-auto my-0 md:max-w-[1920px]\">\n        \n            \n        \n        <div class=\"page-hero__container flex flex-col-reverse md:flex-row lg:justify-between\">\n            <div class=\"page-hero__container--left text-center text-white lg:text-left\">\n                                    <div class=\"page-hero__container--left__breadcrumbs mb-7 lg:mb-[32px]\">\n                        <p id=\"breadcrumbs\" class=\"text-xsm text-white leading-5 font-semibold uppercase\"><span><span><a href=\"https:\/\/dev.baudouin.com\/es\/\">Home<\/a><\/span><\/span><\/p>                    <\/div>\n                                <h1 class=\"text-white  mb-[12px] uppercase font-bold md:mb-2.5 lg:mb-[33px]\">Motores Baudouin PowerKit <\/h1>\n                <!-- <p class=\"text-gray-form leading-[21px] w-full md:text-sm md:leading-6 md:max-w-[564px]\"><p>Los motores Baudouin PowerKit de Baudouin son motores de alto rendimiento disponibles en configuraciones di\u00e9sel, gas pobre y gas rico. Est\u00e1n dise\u00f1ados para ofrecer una eficiencia energ\u00e9tica \u00f3ptima, un bajo consumo de combustible y una gran fiabilidad. Adecuados para una gran variedad de industrias, cumplen las estrictas normas de rendimiento y emisiones.<\/p>\n<\/p> -->\n                <p>Los motores Baudouin PowerKit de Baudouin son motores de alto rendimiento disponibles en configuraciones di\u00e9sel, gas pobre y gas rico. Est\u00e1n dise\u00f1ados para ofrecer una eficiencia energ\u00e9tica \u00f3ptima, un bajo consumo de combustible y una gran fiabilidad. Adecuados para una gran variedad de industrias, cumplen las estrictas normas de rendimiento y emisiones.<\/p>\n            <\/div>\n           \n            \n        <\/div>\n\n    <\/div>\n<\/section>\n\n\n<div class=\"wp-block-group alignfull is-layout-constrained wp-block-group-is-layout-constrained\"><\/div>\n\n\n\n<div class=\"wp-block-group ghostkit-custom-2qqkUG is-layout-flow wp-block-group-is-layout-flow\">\n<div class=\"wp-block-columns is-layout-flex wp-container-core-columns-is-layout-1 wp-block-columns-is-layout-flex\">\n<div class=\"wp-block-column ghostkit-custom-X3dFF is-layout-flow wp-block-column-is-layout-flow\">\n<div class=\"wp-block-cover has-custom-content-position is-position-bottom-center ghostkit-custom-ZfoML2\"><span aria-hidden=\"true\" class=\"wp-block-cover__background has-background-dim-30 has-background-dim\"><\/span><img loading=\"lazy\" decoding=\"async\" width=\"1000\" height=\"780\" class=\"wp-block-cover__image-background wp-image-60981\" alt=\"\" src=\"https:\/\/dev.baudouin.com\/wp-content\/uploads\/2023\/10\/moteurs-baudouin-powergen-solutions-powerkit-diesel-engines.jpg\" data-object-fit=\"cover\" srcset=\"https:\/\/dev.baudouin.com\/wp-content\/uploads\/2023\/10\/moteurs-baudouin-powergen-solutions-powerkit-diesel-engines.jpg 1000w, https:\/\/dev.baudouin.com\/wp-content\/uploads\/2023\/10\/moteurs-baudouin-powergen-solutions-powerkit-diesel-engines-300x234.jpg 300w, https:\/\/dev.baudouin.com\/wp-content\/uploads\/2023\/10\/moteurs-baudouin-powergen-solutions-powerkit-diesel-engines-768x599.jpg 768w\" sizes=\"auto, (max-width: 1000px) 100vw, 1000px\" \/><div class=\"wp-block-cover__inner-container is-layout-flow wp-block-cover-is-layout-flow\">\n<h2 class=\"wp-block-heading has-text-align-center has-large-font-size\" id=\"motores-baudouin-powerkit-diesel\">MOTORES BAUDOUIN POWERKIT DI\u00c9SEL<\/h2>\n<\/div><\/div>\n\n\n\n<p class=\"has-text-align-center ghostkit-custom-JOOo3\">Nuestra gama completa de motores Baudouin PowerKit abarca de 18 a 4125 kVA, una gama que pocos fabricantes de motores pueden igualar. Estamos alcanzando la excelencia en consumo de combustible, admisi\u00f3n de carga y densidad de potencia, lo que convierte a PowerKit en la gama por excelencia.<\/p>\n\n\n\n<div style=\"height:55px\" aria-hidden=\"true\" class=\"wp-block-spacer\"><\/div>\n\n\n\n<div class=\"wp-block-buttons is-content-justification-center is-layout-flex wp-container-core-buttons-is-layout-1 wp-block-buttons-is-layout-flex\">\n<div class=\"wp-block-button ghostkit-custom-FVO6i\"><a class=\"wp-block-button__link has-white-color has-text-color has-background wp-element-button\" href=\"\/es\/engine_product-category\/motores-baudouin-powerkit\/\" style=\"border-radius:0px;background-color:#001e61\">VER LA GAMA DE MOTORES POWERKIT DI\u00c9SEL<\/a><\/div>\n<\/div>\n<\/div>\n\n\n\n<div class=\"wp-block-column is-layout-flow wp-block-column-is-layout-flow\">\n<div class=\"wp-block-cover is-light has-custom-content-position is-position-bottom-center ghostkit-custom-ZkkGxs\"><span aria-hidden=\"true\" class=\"wp-block-cover__background has-background-dim-30 has-background-dim\"><\/span><img loading=\"lazy\" decoding=\"async\" width=\"1000\" height=\"780\" class=\"wp-block-cover__image-background wp-image-60977\" alt=\"\" src=\"https:\/\/dev.baudouin.com\/wp-content\/uploads\/2023\/10\/moteurs-baudouin-powergen-solutions-lean-burn-gas-engines.jpg\" data-object-fit=\"cover\" srcset=\"https:\/\/dev.baudouin.com\/wp-content\/uploads\/2023\/10\/moteurs-baudouin-powergen-solutions-lean-burn-gas-engines.jpg 1000w, https:\/\/dev.baudouin.com\/wp-content\/uploads\/2023\/10\/moteurs-baudouin-powergen-solutions-lean-burn-gas-engines-300x234.jpg 300w, https:\/\/dev.baudouin.com\/wp-content\/uploads\/2023\/10\/moteurs-baudouin-powergen-solutions-lean-burn-gas-engines-768x599.jpg 768w\" sizes=\"auto, (max-width: 1000px) 100vw, 1000px\" \/><div class=\"wp-block-cover__inner-container is-layout-flow wp-block-cover-is-layout-flow\">\n<h2 class=\"wp-block-heading has-text-align-center has-white-color has-text-color has-large-font-size\" id=\"baudouin-propulsion-engines\">MOTORES BAUDOUIN POWERKIT GAS DE COMBUSTION POBRE<\/h2>\n<\/div><\/div>\n\n\n\n<p class=\"has-text-align-center ghostkit-custom-Z103oGr\">Los motores de gas Baudouin ofrecen una gama de potencia de 63 a 1750 kVA que es el complemento perfecto para la generaci\u00f3n de energ\u00eda renovable, ya que su flexibilidad de funcionamiento y su gran eficiencia pueden compensar la intermitencia de estas fuentes de generaci\u00f3n de energ\u00eda. Los motores PowerKit Gas supondr\u00e1n una oportunidad para una transici\u00f3n suave hacia las emisiones cero, hasta que se disponga de hidr\u00f3geno a gran escala y de energ\u00edas totalmente renovables.<\/p>\n\n\n\n<div class=\"wp-block-buttons is-content-justification-center is-layout-flex wp-container-core-buttons-is-layout-2 wp-block-buttons-is-layout-flex\">\n<div class=\"wp-block-button\"><a class=\"wp-block-button__link has-white-color has-text-color has-background wp-element-button\" href=\"\/es\/engine_product-category\/motores-powerkit-gas-de-combustion-pobre\/\" style=\"border-radius:0px;background-color:#001e61\">VER LA GAMA POWERKIT GAS DE COMBUSTION POBRE<\/a><\/div>\n<\/div>\n<\/div>\n<\/div>\n<\/div>\n\n\n\n<div class=\"wp-block-group ghostkit-custom-Z4oG29 is-layout-flow wp-block-group-is-layout-flow\">\n<div class=\"wp-block-columns is-layout-flex wp-container-core-columns-is-layout-2 wp-block-columns-is-layout-flex\">\n<div class=\"wp-block-column ghostkit-custom-ubY0e is-layout-flow wp-block-column-is-layout-flow\">\n<div class=\"wp-block-cover has-custom-content-position is-position-bottom-center ghostkit-custom-ZCGSJq\"><span aria-hidden=\"true\" class=\"wp-block-cover__background has-background-dim-30 has-background-dim\"><\/span><img loading=\"lazy\" decoding=\"async\" width=\"1000\" height=\"780\" class=\"wp-block-cover__image-background wp-image-60985\" alt=\"\" src=\"https:\/\/dev.baudouin.com\/wp-content\/uploads\/2023\/10\/moteurs-baudouin-powergen-solutions-psi-rich-burn-gas-engines.jpg\" data-object-fit=\"cover\" srcset=\"https:\/\/dev.baudouin.com\/wp-content\/uploads\/2023\/10\/moteurs-baudouin-powergen-solutions-psi-rich-burn-gas-engines.jpg 1000w, https:\/\/dev.baudouin.com\/wp-content\/uploads\/2023\/10\/moteurs-baudouin-powergen-solutions-psi-rich-burn-gas-engines-300x234.jpg 300w, https:\/\/dev.baudouin.com\/wp-content\/uploads\/2023\/10\/moteurs-baudouin-powergen-solutions-psi-rich-burn-gas-engines-768x599.jpg 768w\" sizes=\"auto, (max-width: 1000px) 100vw, 1000px\" \/><div class=\"wp-block-cover__inner-container is-layout-flow wp-block-cover-is-layout-flow\">\n<h2 class=\"wp-block-heading has-text-align-center has-white-color has-text-color has-large-font-size\" id=\"baudouin-propulsion-engines\">MOTORES PSI GAS DE COMBUSTI\u00d3N RICA<\/h2>\n<\/div><\/div>\n\n\n\n<p class=\"has-text-align-center ghostkit-custom-2vmh5G\">PPSI ofrece sistemas integrales de generaci\u00f3n de energ\u00eda el\u00e9ctrica y grandes sistemas integrados de generaci\u00f3n de energ\u00eda el\u00e9ctrica dise\u00f1ados a medida. Los motores de combusti\u00f3n rica de PSI est\u00e1n especialmente dise\u00f1ados para aplicaciones de servicio pesado y misi\u00f3n cr\u00edtica. M\u00e1s informaci\u00f3n sobre <a href=\"https:\/\/psiengines.com\/\" target=\"_blank\" rel=\"noreferrer noopener\">Power Systems International<strong> <\/strong>(PSI)<\/a><\/p>\n\n\n\n<div class=\"wp-block-buttons is-content-justification-center is-layout-flex wp-container-core-buttons-is-layout-3 wp-block-buttons-is-layout-flex\">\n<div class=\"wp-block-button ghostkit-custom-Z2eWofJ\"><a class=\"wp-block-button__link has-white-color has-text-color has-background wp-element-button\" href=\"\/es\/engine_product-category\/psi-gas-de-combustion-rica\/\" style=\"border-radius:0px;background-color:#001e61\">VER LA GAMA DE MOTORES PSI GAS DE COMBUSTI\u00d3N RICA<\/a><\/div>\n<\/div>\n<\/div>\n\n\n\n<div class=\"wp-block-column ghostkit-custom-28yh5H is-layout-flow wp-block-column-is-layout-flow\"><\/div>\n<\/div>\n<\/div>\n","protected":false},"excerpt":{"rendered":"<p>Nuestra gama completa de motores Baudouin PowerKit abarca de 18 a 4125 kVA, una gama que pocos fabricantes de motores pueden igualar. Estamos alcanzando la excelencia en consumo de combustible, admisi\u00f3n de&#8230;<\/p>\n","protected":false},"author":6,"featured_media":76939,"parent":0,"menu_order":0,"comment_status":"closed","ping_status":"closed","template":"","meta":{"_acf_changed":false,"content-type":"","ghostkit_customizer_options":"","ghostkit_custom_css":"","ghostkit_custom_js_head":"","ghostkit_custom_js_foot":"","ghostkit_typography":"","two_page_speed":[],"footnotes":""},"class_list":["post-76913","page","type-page","status-publish","has-post-thumbnail","hentry"],"acf":[],"yoast_head":"<!-- This site is optimized with the Yoast SEO plugin v26.8 - https:\/\/yoast.com\/product\/yoast-seo-wordpress\/ -->\n<title>Motores Baudouin PowerKit - Baudouin<\/title>\n<meta name=\"description\" content=\"Los motores Baudouin PowerKit son motores de alto rendimiento disponibles en configuraciones di\u00e9sel, gas pobre y gas rico.\" \/>\n<meta name=\"robots\" content=\"index, follow, max-snippet:-1, max-image-preview:large, max-video-preview:-1\" \/>\n<link rel=\"canonical\" href=\"https:\/\/dev.baudouin.com\/es\/motores-baudouin-powerkit\/\" \/>\n<meta property=\"og:locale\" content=\"es_ES\" \/>\n<meta property=\"og:type\" content=\"article\" \/>\n<meta property=\"og:title\" content=\"Motores Baudouin PowerKit - Baudouin\" \/>\n<meta property=\"og:description\" content=\"Los motores Baudouin PowerKit son motores de alto rendimiento disponibles en configuraciones di\u00e9sel, gas pobre y gas rico.\" \/>\n<meta property=\"og:url\" content=\"https:\/\/dev.baudouin.com\/es\/motores-baudouin-powerkit\/\" \/>\n<meta property=\"og:site_name\" content=\"Baudouin\" \/>\n<meta property=\"article:modified_time\" content=\"2025-03-31T15:48:46+00:00\" \/>\n<meta property=\"og:image\" content=\"https:\/\/dev.baudouin.com\/wp-content\/uploads\/2025\/03\/PowerKit-engines-mobile.webp\" \/>\n\t<meta property=\"og:image:width\" content=\"1000\" \/>\n\t<meta property=\"og:image:height\" content=\"780\" \/>\n\t<meta property=\"og:image:type\" content=\"image\/jpeg\" \/>\n<meta name=\"twitter:card\" content=\"summary_large_image\" \/>\n<meta name=\"twitter:label1\" content=\"Tiempo de lectura\" \/>\n\t<meta name=\"twitter:data1\" content=\"2 minutos\" \/>\n<script type=\"application\/ld+json\" class=\"yoast-schema-graph\">{\"@context\":\"https:\/\/schema.org\",\"@graph\":[{\"@type\":\"WebPage\",\"@id\":\"https:\/\/dev.baudouin.com\/es\/motores-baudouin-powerkit\/\",\"url\":\"https:\/\/dev.baudouin.com\/es\/motores-baudouin-powerkit\/\",\"name\":\"Motores Baudouin PowerKit - Baudouin\",\"isPartOf\":{\"@id\":\"https:\/\/dev.baudouin.com\/#website\"},\"primaryImageOfPage\":{\"@id\":\"https:\/\/dev.baudouin.com\/es\/motores-baudouin-powerkit\/#primaryimage\"},\"image\":{\"@id\":\"https:\/\/dev.baudouin.com\/es\/motores-baudouin-powerkit\/#primaryimage\"},\"thumbnailUrl\":\"https:\/\/dev.baudouin.com\/wp-content\/uploads\/2025\/03\/PowerKit-engines-mobile.webp\",\"datePublished\":\"2025-03-10T14:35:44+00:00\",\"dateModified\":\"2025-03-31T15:48:46+00:00\",\"description\":\"Los motores Baudouin PowerKit son motores de alto rendimiento disponibles en configuraciones di\u00e9sel, gas pobre y gas rico.\",\"breadcrumb\":{\"@id\":\"https:\/\/dev.baudouin.com\/es\/motores-baudouin-powerkit\/#breadcrumb\"},\"inLanguage\":\"es\",\"potentialAction\":[{\"@type\":\"ReadAction\",\"target\":[\"https:\/\/dev.baudouin.com\/es\/motores-baudouin-powerkit\/\"]}]},{\"@type\":\"ImageObject\",\"inLanguage\":\"es\",\"@id\":\"https:\/\/dev.baudouin.com\/es\/motores-baudouin-powerkit\/#primaryimage\",\"url\":\"https:\/\/dev.baudouin.com\/wp-content\/uploads\/2025\/03\/PowerKit-engines-mobile.webp\",\"contentUrl\":\"https:\/\/dev.baudouin.com\/wp-content\/uploads\/2025\/03\/PowerKit-engines-mobile.webp\",\"width\":1000,\"height\":780},{\"@type\":\"BreadcrumbList\",\"@id\":\"https:\/\/dev.baudouin.com\/es\/motores-baudouin-powerkit\/#breadcrumb\",\"itemListElement\":[{\"@type\":\"ListItem\",\"position\":1,\"name\":\"Home\",\"item\":\"https:\/\/dev.baudouin.com\/es\/\"},{\"@type\":\"ListItem\",\"position\":2,\"name\":\"Motores Baudouin PowerKit\"}]},{\"@type\":\"WebSite\",\"@id\":\"https:\/\/dev.baudouin.com\/#website\",\"url\":\"https:\/\/dev.baudouin.com\/\",\"name\":\"Baudouin\",\"description\":\"\",\"publisher\":{\"@id\":\"https:\/\/dev.baudouin.com\/#organization\"},\"potentialAction\":[{\"@type\":\"SearchAction\",\"target\":{\"@type\":\"EntryPoint\",\"urlTemplate\":\"https:\/\/dev.baudouin.com\/?s={search_term_string}\"},\"query-input\":{\"@type\":\"PropertyValueSpecification\",\"valueRequired\":true,\"valueName\":\"search_term_string\"}}],\"inLanguage\":\"es\"},{\"@type\":\"Organization\",\"@id\":\"https:\/\/dev.baudouin.com\/#organization\",\"name\":\"Moteurs Baudouin\",\"alternateName\":\"Moteurs Baudouin\",\"url\":\"https:\/\/dev.baudouin.com\/\",\"logo\":{\"@type\":\"ImageObject\",\"inLanguage\":\"es\",\"@id\":\"https:\/\/dev.baudouin.com\/#\/schema\/logo\/image\/\",\"url\":\"https:\/\/dev.baudouin.com\/wp-content\/uploads\/2024\/12\/Moteur-Baudouin-jpg.webp\",\"contentUrl\":\"https:\/\/dev.baudouin.com\/wp-content\/uploads\/2024\/12\/Moteur-Baudouin-jpg.webp\",\"width\":150,\"height\":150,\"caption\":\"Moteurs Baudouin\"},\"image\":{\"@id\":\"https:\/\/dev.baudouin.com\/#\/schema\/logo\/image\/\"}}]}<\/script>\n<!-- \/ Yoast SEO plugin. -->","yoast_head_json":{"title":"Motores Baudouin PowerKit - Baudouin","description":"Los motores Baudouin PowerKit son motores de alto rendimiento disponibles en configuraciones di\u00e9sel, gas pobre y gas rico.","robots":{"index":"index","follow":"follow","max-snippet":"max-snippet:-1","max-image-preview":"max-image-preview:large","max-video-preview":"max-video-preview:-1"},"canonical":"https:\/\/dev.baudouin.com\/es\/motores-baudouin-powerkit\/","og_locale":"es_ES","og_type":"article","og_title":"Motores Baudouin PowerKit - Baudouin","og_description":"Los motores Baudouin PowerKit son motores de alto rendimiento disponibles en configuraciones di\u00e9sel, gas pobre y gas rico.","og_url":"https:\/\/dev.baudouin.com\/es\/motores-baudouin-powerkit\/","og_site_name":"Baudouin","article_modified_time":"2025-03-31T15:48:46+00:00","og_image":[{"width":1000,"height":780,"url":"https:\/\/dev.baudouin.com\/wp-content\/uploads\/2025\/03\/PowerKit-engines-mobile.webp","type":"image\/jpeg"}],"twitter_card":"summary_large_image","twitter_misc":{"Tiempo de lectura":"2 minutos"},"schema":{"@context":"https:\/\/schema.org","@graph":[{"@type":"WebPage","@id":"https:\/\/dev.baudouin.com\/es\/motores-baudouin-powerkit\/","url":"https:\/\/dev.baudouin.com\/es\/motores-baudouin-powerkit\/","name":"Motores Baudouin PowerKit - Baudouin","isPartOf":{"@id":"https:\/\/dev.baudouin.com\/#website"},"primaryImageOfPage":{"@id":"https:\/\/dev.baudouin.com\/es\/motores-baudouin-powerkit\/#primaryimage"},"image":{"@id":"https:\/\/dev.baudouin.com\/es\/motores-baudouin-powerkit\/#primaryimage"},"thumbnailUrl":"https:\/\/dev.baudouin.com\/wp-content\/uploads\/2025\/03\/PowerKit-engines-mobile.webp","datePublished":"2025-03-10T14:35:44+00:00","dateModified":"2025-03-31T15:48:46+00:00","description":"Los motores Baudouin PowerKit son motores de alto rendimiento disponibles en configuraciones di\u00e9sel, gas pobre y gas rico.","breadcrumb":{"@id":"https:\/\/dev.baudouin.com\/es\/motores-baudouin-powerkit\/#breadcrumb"},"inLanguage":"es","potentialAction":[{"@type":"ReadAction","target":["https:\/\/dev.baudouin.com\/es\/motores-baudouin-powerkit\/"]}]},{"@type":"ImageObject","inLanguage":"es","@id":"https:\/\/dev.baudouin.com\/es\/motores-baudouin-powerkit\/#primaryimage","url":"https:\/\/dev.baudouin.com\/wp-content\/uploads\/2025\/03\/PowerKit-engines-mobile.webp","contentUrl":"https:\/\/dev.baudouin.com\/wp-content\/uploads\/2025\/03\/PowerKit-engines-mobile.webp","width":1000,"height":780},{"@type":"BreadcrumbList","@id":"https:\/\/dev.baudouin.com\/es\/motores-baudouin-powerkit\/#breadcrumb","itemListElement":[{"@type":"ListItem","position":1,"name":"Home","item":"https:\/\/dev.baudouin.com\/es\/"},{"@type":"ListItem","position":2,"name":"Motores Baudouin PowerKit"}]},{"@type":"WebSite","@id":"https:\/\/dev.baudouin.com\/#website","url":"https:\/\/dev.baudouin.com\/","name":"Baudouin","description":"","publisher":{"@id":"https:\/\/dev.baudouin.com\/#organization"},"potentialAction":[{"@type":"SearchAction","target":{"@type":"EntryPoint","urlTemplate":"https:\/\/dev.baudouin.com\/?s={search_term_string}"},"query-input":{"@type":"PropertyValueSpecification","valueRequired":true,"valueName":"search_term_string"}}],"inLanguage":"es"},{"@type":"Organization","@id":"https:\/\/dev.baudouin.com\/#organization","name":"Moteurs Baudouin","alternateName":"Moteurs Baudouin","url":"https:\/\/dev.baudouin.com\/","logo":{"@type":"ImageObject","inLanguage":"es","@id":"https:\/\/dev.baudouin.com\/#\/schema\/logo\/image\/","url":"https:\/\/dev.baudouin.com\/wp-content\/uploads\/2024\/12\/Moteur-Baudouin-jpg.webp","contentUrl":"https:\/\/dev.baudouin.com\/wp-content\/uploads\/2024\/12\/Moteur-Baudouin-jpg.webp","width":150,"height":150,"caption":"Moteurs Baudouin"},"image":{"@id":"https:\/\/dev.baudouin.com\/#\/schema\/logo\/image\/"}}]}},"_links":{"self":[{"href":"https:\/\/dev.baudouin.com\/es\/wp-json\/wp\/v2\/pages\/76913","targetHints":{"allow":["GET"]}}],"collection":[{"href":"https:\/\/dev.baudouin.com\/es\/wp-json\/wp\/v2\/pages"}],"about":[{"href":"https:\/\/dev.baudouin.com\/es\/wp-json\/wp\/v2\/types\/page"}],"author":[{"embeddable":true,"href":"https:\/\/dev.baudouin.com\/es\/wp-json\/wp\/v2\/users\/6"}],"replies":[{"embeddable":true,"href":"https:\/\/dev.baudouin.com\/es\/wp-json\/wp\/v2\/comments?post=76913"}],"version-history":[{"count":3,"href":"https:\/\/dev.baudouin.com\/es\/wp-json\/wp\/v2\/pages\/76913\/revisions"}],"predecessor-version":[{"id":77357,"href":"https:\/\/dev.baudouin.com\/es\/wp-json\/wp\/v2\/pages\/76913\/revisions\/77357"}],"wp:featuredmedia":[{"embeddable":true,"href":"https:\/\/dev.baudouin.com\/es\/wp-json\/wp\/v2\/media\/76939"}],"wp:attachment":[{"href":"https:\/\/dev.baudouin.com\/es\/wp-json\/wp\/v2\/media?parent=76913"}],"curies":[{"name":"wp","href":"https:\/\/api.w.org\/{rel}","templated":true}]}}