{"id":71613,"date":"2024-06-19T15:06:08","date_gmt":"2024-06-19T15:06:08","guid":{"rendered":"https:\/\/dev.baudouin.com\/?page_id=71613"},"modified":"2025-04-10T09:36:43","modified_gmt":"2025-04-10T09:36:43","slug":"maquinaria-movil-no-de-carretera-baudouin","status":"publish","type":"page","link":"https:\/\/dev.baudouin.com\/es\/maquinaria-movil-no-de-carretera-baudouin\/","title":{"rendered":"Maquinaria m\u00f3vil no de carretera Baudouin"},"content":{"rendered":"\n<div style=\"height:54px\" aria-hidden=\"true\" class=\"wp-block-spacer\"><\/div>\n\n\n\n<h1 class=\"wp-block-heading has-text-align-center has-large-font-size\" id=\"maquinaria-movil-no-de-carretera-baudouin\">Maquinaria m\u00f3vil no de carretera Baudouin<\/h1>\n\n\n\n<div class=\"wp-block-group ghostkit-custom-jUvqY is-layout-flow wp-block-group-is-layout-flow\">\n<div class=\"wp-block-columns is-layout-flex wp-container-core-columns-is-layout-1 wp-block-columns-is-layout-flex\">\n<div class=\"wp-block-column ghostkit-custom-GCbUl is-layout-flow wp-block-column-is-layout-flow\">\n<div class=\"wp-block-cover is-light has-custom-content-position is-position-bottom-center ghostkit-custom-gddBL\"><span aria-hidden=\"true\" class=\"wp-block-cover__background has-background-dim-30 has-background-dim\" style=\"background-color:#cd963b\"><\/span><img loading=\"lazy\" decoding=\"async\" width=\"1300\" height=\"1100\" class=\"wp-block-cover__image-background wp-image-71119\" alt=\"\" src=\"https:\/\/dev.baudouin.com\/wp-content\/uploads\/2024\/05\/Agricultural-sector.png\" data-object-fit=\"cover\" srcset=\"https:\/\/dev.baudouin.com\/wp-content\/uploads\/2024\/05\/Agricultural-sector.png 1300w, https:\/\/dev.baudouin.com\/wp-content\/uploads\/2024\/05\/Agricultural-sector-300x254.png 300w, https:\/\/dev.baudouin.com\/wp-content\/uploads\/2024\/05\/Agricultural-sector-1024x866.png 1024w, https:\/\/dev.baudouin.com\/wp-content\/uploads\/2024\/05\/Agricultural-sector-768x650.png 768w\" sizes=\"auto, (max-width: 1300px) 100vw, 1300px\" \/><div class=\"wp-block-cover__inner-container is-layout-flow wp-block-cover-is-layout-flow\">\n<h2 class=\"wp-block-heading has-text-align-center has-white-color has-text-color has-link-color has-large-font-size wp-elements-e7e075ab37430cfee192a013d53f2ae2\" id=\"agricultural-pump-1\">AGRICULTURA  <\/h2>\n<\/div><\/div>\n\n\n\n<p class=\"has-text-align-center ghostkit-custom-2qfKVG\">Los motores industriales Baudouin para aplicaciones m\u00f3viles son esenciales para el sector agr\u00edcola, ya que proporcionan la potencia necesaria para una amplia gama de maquinaria agr\u00edcola. Ya sea para tractores, cosechadoras o pulverizadores, estos motores est\u00e1n dise\u00f1ados para funcionar eficazmente en condiciones exigentes, garantizando un rendimiento fiable y duradero.<\/p>\n<\/div>\n\n\n\n<div class=\"wp-block-column is-layout-flow wp-block-column-is-layout-flow\">\n<div class=\"wp-block-cover is-light has-custom-content-position is-position-bottom-center ghostkit-custom-ZOSsRT\"><span aria-hidden=\"true\" class=\"wp-block-cover__background has-background-dim-30 has-background-dim\" style=\"background-color:#9a9484\"><\/span><img loading=\"lazy\" decoding=\"async\" width=\"1300\" height=\"1100\" class=\"wp-block-cover__image-background wp-image-71617\" alt=\"\" src=\"https:\/\/dev.baudouin.com\/wp-content\/uploads\/2024\/06\/Construction-mobile-engine.png\" data-object-fit=\"cover\" srcset=\"https:\/\/dev.baudouin.com\/wp-content\/uploads\/2024\/06\/Construction-mobile-engine.png 1300w, https:\/\/dev.baudouin.com\/wp-content\/uploads\/2024\/06\/Construction-mobile-engine-300x254.png 300w, https:\/\/dev.baudouin.com\/wp-content\/uploads\/2024\/06\/Construction-mobile-engine-1024x866.png 1024w, https:\/\/dev.baudouin.com\/wp-content\/uploads\/2024\/06\/Construction-mobile-engine-768x650.png 768w\" sizes=\"auto, (max-width: 1300px) 100vw, 1300px\" \/><div class=\"wp-block-cover__inner-container is-layout-flow wp-block-cover-is-layout-flow\">\n<h2 class=\"wp-block-heading has-text-align-center has-large-font-size\" id=\"baudouin-propulsion-engines\"><mark style=\"background-color:rgba(0, 0, 0, 0)\" class=\"has-inline-color has-white-color\">CONSTRUCCI\u00d3N<\/mark><\/h2>\n<\/div><\/div>\n\n\n\n<p class=\"has-text-align-center ghostkit-custom-1yWFUx\">En el sector de la construcci\u00f3n, equipos como excavadoras, bulldozers, manipuladoras, volquetes y gr\u00faas dependen de motores dise\u00f1ados para aplicaciones m\u00f3viles. Estos motores ofrecen una gran potencia y un rendimiento fiable incluso en las condiciones de obra m\u00e1s duras.<\/p>\n<\/div>\n\n\n\n<div class=\"wp-block-column is-layout-flow wp-block-column-is-layout-flow\">\n<div class=\"wp-block-cover is-light has-custom-content-position is-position-bottom-center ghostkit-custom-26wEwJ\"><span aria-hidden=\"true\" class=\"wp-block-cover__background has-background-dim-30 has-background-dim\" style=\"background-color:#9b959d\"><\/span><img loading=\"lazy\" decoding=\"async\" width=\"1300\" height=\"1100\" class=\"wp-block-cover__image-background wp-image-71622\" alt=\"\" src=\"https:\/\/dev.baudouin.com\/wp-content\/uploads\/2024\/06\/Material-handling.png\" data-object-fit=\"cover\" srcset=\"https:\/\/dev.baudouin.com\/wp-content\/uploads\/2024\/06\/Material-handling.png 1300w, https:\/\/dev.baudouin.com\/wp-content\/uploads\/2024\/06\/Material-handling-300x254.png 300w, https:\/\/dev.baudouin.com\/wp-content\/uploads\/2024\/06\/Material-handling-1024x866.png 1024w, https:\/\/dev.baudouin.com\/wp-content\/uploads\/2024\/06\/Material-handling-768x650.png 768w\" sizes=\"auto, (max-width: 1300px) 100vw, 1300px\" \/><div class=\"wp-block-cover__inner-container is-layout-flow wp-block-cover-is-layout-flow\">\n<h2 class=\"wp-block-heading has-text-align-center has-white-color has-text-color has-large-font-size\" id=\"baudouin-propulsion-engines\">MANIPULACI\u00d3N DE MATERIALES<\/h2>\n<\/div><\/div>\n\n\n\n<p class=\"has-text-align-center ghostkit-custom-1S4BPI\">Los equipos de manipulaci\u00f3n de materiales, como carretillas elevadoras, transpaletas, gr\u00faas RTG y otros tipos de gr\u00faas, se basan en motores dise\u00f1ados para aplicaciones m\u00f3viles. Estos motores proporcionan una potencia fiable y un rendimiento eficiente, facilitando la manipulaci\u00f3n y el transporte de materiales en diversos entornos industriales.<\/p>\n<\/div>\n<\/div>\n<\/div>\n\n\n\n<div class=\"wp-block-group ghostkit-custom-Z1RMEiA is-layout-flow wp-block-group-is-layout-flow\">\n<div class=\"wp-block-columns is-layout-flex wp-container-core-columns-is-layout-2 wp-block-columns-is-layout-flex\">\n<div class=\"wp-block-column is-vertically-aligned-top ghostkit-custom-ubY0e is-layout-flow wp-block-column-is-layout-flow\">\n<div class=\"wp-block-cover is-light has-custom-content-position is-position-bottom-center ghostkit-custom-ZCGSJq\"><span aria-hidden=\"true\" class=\"wp-block-cover__background has-background-dim-30 has-background-dim\" style=\"background-color:#a4abae\"><\/span><img loading=\"lazy\" decoding=\"async\" width=\"1300\" height=\"1100\" class=\"wp-block-cover__image-background wp-image-71626\" alt=\"\" src=\"https:\/\/dev.baudouin.com\/wp-content\/uploads\/2024\/06\/Forestry.png\" data-object-fit=\"cover\" srcset=\"https:\/\/dev.baudouin.com\/wp-content\/uploads\/2024\/06\/Forestry.png 1300w, https:\/\/dev.baudouin.com\/wp-content\/uploads\/2024\/06\/Forestry-300x254.png 300w, https:\/\/dev.baudouin.com\/wp-content\/uploads\/2024\/06\/Forestry-1024x866.png 1024w, https:\/\/dev.baudouin.com\/wp-content\/uploads\/2024\/06\/Forestry-768x650.png 768w\" sizes=\"auto, (max-width: 1300px) 100vw, 1300px\" \/><div class=\"wp-block-cover__inner-container is-layout-flow wp-block-cover-is-layout-flow\">\n<h2 class=\"wp-block-heading has-text-align-center has-white-color has-text-color has-large-font-size\" id=\"baudouin-propulsion-engines\">INDUSTRIA FORESTAL<\/h2>\n<\/div><\/div>\n\n\n\n<p class=\"has-text-align-center ghostkit-custom-2vmh5G\">Baudouin permite a la industria forestal aumentar la productividad proporcionando una potencia constante y soportando entornos dif\u00edciles. Son adecuados para m\u00e1quinas como minicargadoras, cosechadoras, d\u00famperes, cargadoras compactas y trituradoras&#8230;<\/p>\n<\/div>\n\n\n\n<div class=\"wp-block-column is-vertically-aligned-top ghostkit-custom-1jYmWb is-layout-flow wp-block-column-is-layout-flow\">\n<div class=\"wp-block-cover has-custom-content-position is-position-bottom-center ghostkit-custom-ZyzBId\"><span aria-hidden=\"true\" class=\"wp-block-cover__background has-background-dim-30 has-background-dim\" style=\"background-color:#554f4c\"><\/span><img loading=\"lazy\" decoding=\"async\" width=\"1300\" height=\"1100\" class=\"wp-block-cover__image-background wp-image-71631\" alt=\"\" src=\"https:\/\/dev.baudouin.com\/wp-content\/uploads\/2024\/06\/Mining.png\" data-object-fit=\"cover\" srcset=\"https:\/\/dev.baudouin.com\/wp-content\/uploads\/2024\/06\/Mining.png 1300w, https:\/\/dev.baudouin.com\/wp-content\/uploads\/2024\/06\/Mining-300x254.png 300w, https:\/\/dev.baudouin.com\/wp-content\/uploads\/2024\/06\/Mining-1024x866.png 1024w, https:\/\/dev.baudouin.com\/wp-content\/uploads\/2024\/06\/Mining-768x650.png 768w\" sizes=\"auto, (max-width: 1300px) 100vw, 1300px\" \/><div class=\"wp-block-cover__inner-container is-layout-flow wp-block-cover-is-layout-flow\">\n<h2 class=\"wp-block-heading has-text-align-center has-large-font-size\" id=\"baudouin-propulsion-engines\">MINER\u00cdA  <\/h2>\n<\/div><\/div>\n\n\n\n<p class=\"has-text-align-center ghostkit-custom-DD43c\">Para la industria minera, Baudouin proporciona la energ\u00eda necesaria para equipos como perforadoras, cargadoras y camiones de transporte. Dise\u00f1ados para funcionar en entornos extremos, estos motores ofrecen un rendimiento fiable y una durabilidad excepcional.<\/p>\n<\/div>\n\n\n\n<div class=\"wp-block-column is-vertically-aligned-top is-layout-flow wp-block-column-is-layout-flow\">\n<div class=\"wp-block-cover has-custom-content-position is-position-bottom-center ghostkit-custom-xeTgx\"><span aria-hidden=\"true\" class=\"wp-block-cover__background has-background-dim-30 has-background-dim\" style=\"background-color:#6d8c54\"><\/span><img loading=\"lazy\" decoding=\"async\" width=\"1300\" height=\"1100\" class=\"wp-block-cover__image-background wp-image-71827\" alt=\"\" src=\"https:\/\/dev.baudouin.com\/wp-content\/uploads\/2024\/06\/Locomotive.png\" data-object-fit=\"cover\" srcset=\"https:\/\/dev.baudouin.com\/wp-content\/uploads\/2024\/06\/Locomotive.png 1300w, https:\/\/dev.baudouin.com\/wp-content\/uploads\/2024\/06\/Locomotive-300x254.png 300w, https:\/\/dev.baudouin.com\/wp-content\/uploads\/2024\/06\/Locomotive-1024x866.png 1024w, https:\/\/dev.baudouin.com\/wp-content\/uploads\/2024\/06\/Locomotive-768x650.png 768w\" sizes=\"auto, (max-width: 1300px) 100vw, 1300px\" \/><div class=\"wp-block-cover__inner-container is-layout-flow wp-block-cover-is-layout-flow\">\n<h2 class=\"wp-block-heading has-text-align-center has-white-color has-text-color has-link-color has-large-font-size wp-elements-167433d6992a864ff2d89eba496bd4e7\" id=\"baudouin-propulsion-engines\">LOCOMOTOR<\/h2>\n<\/div><\/div>\n\n\n\n<p class=\"has-text-align-center\">Para la industria ferroviaria, como el transporte de mercanc\u00edas y los equipos de apoyo log\u00edstico, son esenciales un rendimiento optimizado y una fiabilidad excepcional.<\/p>\n<\/div>\n<\/div>\n<\/div>\n\n\n\n<div class=\"wp-block-cover aligncenter ghostkit-custom-Z1YvKCm\"><span aria-hidden=\"true\" class=\"wp-block-cover__background has-background-dim-60 has-background-dim\"><\/span><img loading=\"lazy\" decoding=\"async\" width=\"2500\" height=\"1000\" class=\"wp-block-cover__image-background wp-image-60156\" alt=\"\" src=\"https:\/\/dev.baudouin.com\/wp-content\/uploads\/2023\/10\/moteurs-baudouin-become-a-trusted-partner.jpg\" data-object-fit=\"cover\" srcset=\"https:\/\/dev.baudouin.com\/wp-content\/uploads\/2023\/10\/moteurs-baudouin-become-a-trusted-partner.jpg 2500w, https:\/\/dev.baudouin.com\/wp-content\/uploads\/2023\/10\/moteurs-baudouin-become-a-trusted-partner-300x120.jpg 300w, https:\/\/dev.baudouin.com\/wp-content\/uploads\/2023\/10\/moteurs-baudouin-become-a-trusted-partner-1024x410.jpg 1024w, https:\/\/dev.baudouin.com\/wp-content\/uploads\/2023\/10\/moteurs-baudouin-become-a-trusted-partner-768x307.jpg 768w, https:\/\/dev.baudouin.com\/wp-content\/uploads\/2023\/10\/moteurs-baudouin-become-a-trusted-partner-1536x614.jpg 1536w, https:\/\/dev.baudouin.com\/wp-content\/uploads\/2023\/10\/moteurs-baudouin-become-a-trusted-partner-2048x819.jpg 2048w\" sizes=\"auto, (max-width: 2500px) 100vw, 2500px\" \/><div class=\"wp-block-cover__inner-container is-layout-flow wp-block-cover-is-layout-flow\">\n<h5 class=\"wp-block-heading has-text-align-center ghostkit-custom-Z1Yozpi has-white-color has-text-color\" id=\"become-a-trusted-partner-1\"><\/h5>\n\n\n\n<p class=\"has-text-align-center ghostkit-custom-ZyNXoB has-white-color has-text-color\"><\/p>\n<\/div><\/div>\n","protected":false},"excerpt":{"rendered":"<p>Maquinaria m\u00f3vil no de carretera Baudouin Los motores industriales Baudouin para aplicaciones m\u00f3viles son esenciales para el sector agr\u00edcola, ya que proporcionan la potencia necesaria para una amplia gama de maquinaria agr\u00edcola&#8230;.<\/p>\n","protected":false},"author":6,"featured_media":72047,"parent":0,"menu_order":0,"comment_status":"closed","ping_status":"closed","template":"","meta":{"_acf_changed":false,"content-type":"","ghostkit_customizer_options":"","ghostkit_custom_css":"","ghostkit_custom_js_head":"","ghostkit_custom_js_foot":"","ghostkit_typography":"","two_page_speed":[],"footnotes":""},"class_list":["post-71613","page","type-page","status-publish","has-post-thumbnail","hentry"],"acf":[],"yoast_head":"<!-- This site is optimized with the Yoast SEO plugin v26.8 - https:\/\/yoast.com\/product\/yoast-seo-wordpress\/ -->\n<title>Maquinaria m\u00f3vil no de carretera Baudouin - Baudouin<\/title>\n<meta name=\"description\" content=\"Baudouin ofrece maquinaria m\u00f3vil no de carretera para agricultura, construcci\u00f3n y proyectos especiales, adaptadas a sus necesidades.\" \/>\n<meta name=\"robots\" content=\"index, follow, max-snippet:-1, max-image-preview:large, max-video-preview:-1\" \/>\n<link rel=\"canonical\" href=\"https:\/\/dev.baudouin.com\/es\/maquinaria-movil-no-de-carretera-baudouin\/\" \/>\n<meta property=\"og:locale\" content=\"es_ES\" \/>\n<meta property=\"og:type\" content=\"article\" \/>\n<meta property=\"og:title\" content=\"Maquinaria m\u00f3vil no de carretera Baudouin - Baudouin\" \/>\n<meta property=\"og:description\" content=\"Baudouin ofrece maquinaria m\u00f3vil no de carretera para agricultura, construcci\u00f3n y proyectos especiales, adaptadas a sus necesidades.\" \/>\n<meta property=\"og:url\" content=\"https:\/\/dev.baudouin.com\/es\/maquinaria-movil-no-de-carretera-baudouin\/\" \/>\n<meta property=\"og:site_name\" content=\"Baudouin\" \/>\n<meta property=\"article:modified_time\" content=\"2025-04-10T09:36:43+00:00\" \/>\n<meta property=\"og:image\" content=\"https:\/\/dev.baudouin.com\/wp-content\/uploads\/2024\/06\/Industrial-Non-Road-Mobile-applications.png\" \/>\n\t<meta property=\"og:image:width\" content=\"1000\" \/>\n\t<meta property=\"og:image:height\" content=\"1000\" \/>\n\t<meta property=\"og:image:type\" content=\"image\/png\" \/>\n<meta name=\"twitter:card\" content=\"summary_large_image\" \/>\n<meta name=\"twitter:label1\" content=\"Tiempo de lectura\" \/>\n\t<meta name=\"twitter:data1\" content=\"3 minutos\" \/>\n<script type=\"application\/ld+json\" class=\"yoast-schema-graph\">{\"@context\":\"https:\/\/schema.org\",\"@graph\":[{\"@type\":\"WebPage\",\"@id\":\"https:\/\/dev.baudouin.com\/es\/maquinaria-movil-no-de-carretera-baudouin\/\",\"url\":\"https:\/\/dev.baudouin.com\/es\/maquinaria-movil-no-de-carretera-baudouin\/\",\"name\":\"Maquinaria m\u00f3vil no de carretera Baudouin - Baudouin\",\"isPartOf\":{\"@id\":\"https:\/\/dev.baudouin.com\/#website\"},\"primaryImageOfPage\":{\"@id\":\"https:\/\/dev.baudouin.com\/es\/maquinaria-movil-no-de-carretera-baudouin\/#primaryimage\"},\"image\":{\"@id\":\"https:\/\/dev.baudouin.com\/es\/maquinaria-movil-no-de-carretera-baudouin\/#primaryimage\"},\"thumbnailUrl\":\"https:\/\/dev.baudouin.com\/wp-content\/uploads\/2024\/06\/Industrial-Non-Road-Mobile-applications.png\",\"datePublished\":\"2024-06-19T15:06:08+00:00\",\"dateModified\":\"2025-04-10T09:36:43+00:00\",\"description\":\"Baudouin ofrece maquinaria m\u00f3vil no de carretera para agricultura, construcci\u00f3n y proyectos especiales, adaptadas a sus necesidades.\",\"breadcrumb\":{\"@id\":\"https:\/\/dev.baudouin.com\/es\/maquinaria-movil-no-de-carretera-baudouin\/#breadcrumb\"},\"inLanguage\":\"es\",\"potentialAction\":[{\"@type\":\"ReadAction\",\"target\":[\"https:\/\/dev.baudouin.com\/es\/maquinaria-movil-no-de-carretera-baudouin\/\"]}]},{\"@type\":\"ImageObject\",\"inLanguage\":\"es\",\"@id\":\"https:\/\/dev.baudouin.com\/es\/maquinaria-movil-no-de-carretera-baudouin\/#primaryimage\",\"url\":\"https:\/\/dev.baudouin.com\/wp-content\/uploads\/2024\/06\/Industrial-Non-Road-Mobile-applications.png\",\"contentUrl\":\"https:\/\/dev.baudouin.com\/wp-content\/uploads\/2024\/06\/Industrial-Non-Road-Mobile-applications.png\",\"width\":1000,\"height\":1000},{\"@type\":\"BreadcrumbList\",\"@id\":\"https:\/\/dev.baudouin.com\/es\/maquinaria-movil-no-de-carretera-baudouin\/#breadcrumb\",\"itemListElement\":[{\"@type\":\"ListItem\",\"position\":1,\"name\":\"Home\",\"item\":\"https:\/\/dev.baudouin.com\/es\/\"},{\"@type\":\"ListItem\",\"position\":2,\"name\":\"Maquinaria m\u00f3vil no de carretera Baudouin\"}]},{\"@type\":\"WebSite\",\"@id\":\"https:\/\/dev.baudouin.com\/#website\",\"url\":\"https:\/\/dev.baudouin.com\/\",\"name\":\"Baudouin\",\"description\":\"\",\"publisher\":{\"@id\":\"https:\/\/dev.baudouin.com\/#organization\"},\"potentialAction\":[{\"@type\":\"SearchAction\",\"target\":{\"@type\":\"EntryPoint\",\"urlTemplate\":\"https:\/\/dev.baudouin.com\/?s={search_term_string}\"},\"query-input\":{\"@type\":\"PropertyValueSpecification\",\"valueRequired\":true,\"valueName\":\"search_term_string\"}}],\"inLanguage\":\"es\"},{\"@type\":\"Organization\",\"@id\":\"https:\/\/dev.baudouin.com\/#organization\",\"name\":\"Moteurs Baudouin\",\"alternateName\":\"Moteurs Baudouin\",\"url\":\"https:\/\/dev.baudouin.com\/\",\"logo\":{\"@type\":\"ImageObject\",\"inLanguage\":\"es\",\"@id\":\"https:\/\/dev.baudouin.com\/#\/schema\/logo\/image\/\",\"url\":\"https:\/\/dev.baudouin.com\/wp-content\/uploads\/2024\/12\/Moteur-Baudouin-jpg.webp\",\"contentUrl\":\"https:\/\/dev.baudouin.com\/wp-content\/uploads\/2024\/12\/Moteur-Baudouin-jpg.webp\",\"width\":150,\"height\":150,\"caption\":\"Moteurs Baudouin\"},\"image\":{\"@id\":\"https:\/\/dev.baudouin.com\/#\/schema\/logo\/image\/\"}}]}<\/script>\n<!-- \/ Yoast SEO plugin. -->","yoast_head_json":{"title":"Maquinaria m\u00f3vil no de carretera Baudouin - Baudouin","description":"Baudouin ofrece maquinaria m\u00f3vil no de carretera para agricultura, construcci\u00f3n y proyectos especiales, adaptadas a sus necesidades.","robots":{"index":"index","follow":"follow","max-snippet":"max-snippet:-1","max-image-preview":"max-image-preview:large","max-video-preview":"max-video-preview:-1"},"canonical":"https:\/\/dev.baudouin.com\/es\/maquinaria-movil-no-de-carretera-baudouin\/","og_locale":"es_ES","og_type":"article","og_title":"Maquinaria m\u00f3vil no de carretera Baudouin - Baudouin","og_description":"Baudouin ofrece maquinaria m\u00f3vil no de carretera para agricultura, construcci\u00f3n y proyectos especiales, adaptadas a sus necesidades.","og_url":"https:\/\/dev.baudouin.com\/es\/maquinaria-movil-no-de-carretera-baudouin\/","og_site_name":"Baudouin","article_modified_time":"2025-04-10T09:36:43+00:00","og_image":[{"width":1000,"height":1000,"url":"https:\/\/dev.baudouin.com\/wp-content\/uploads\/2024\/06\/Industrial-Non-Road-Mobile-applications.png","type":"image\/png"}],"twitter_card":"summary_large_image","twitter_misc":{"Tiempo de lectura":"3 minutos"},"schema":{"@context":"https:\/\/schema.org","@graph":[{"@type":"WebPage","@id":"https:\/\/dev.baudouin.com\/es\/maquinaria-movil-no-de-carretera-baudouin\/","url":"https:\/\/dev.baudouin.com\/es\/maquinaria-movil-no-de-carretera-baudouin\/","name":"Maquinaria m\u00f3vil no de carretera Baudouin - Baudouin","isPartOf":{"@id":"https:\/\/dev.baudouin.com\/#website"},"primaryImageOfPage":{"@id":"https:\/\/dev.baudouin.com\/es\/maquinaria-movil-no-de-carretera-baudouin\/#primaryimage"},"image":{"@id":"https:\/\/dev.baudouin.com\/es\/maquinaria-movil-no-de-carretera-baudouin\/#primaryimage"},"thumbnailUrl":"https:\/\/dev.baudouin.com\/wp-content\/uploads\/2024\/06\/Industrial-Non-Road-Mobile-applications.png","datePublished":"2024-06-19T15:06:08+00:00","dateModified":"2025-04-10T09:36:43+00:00","description":"Baudouin ofrece maquinaria m\u00f3vil no de carretera para agricultura, construcci\u00f3n y proyectos especiales, adaptadas a sus necesidades.","breadcrumb":{"@id":"https:\/\/dev.baudouin.com\/es\/maquinaria-movil-no-de-carretera-baudouin\/#breadcrumb"},"inLanguage":"es","potentialAction":[{"@type":"ReadAction","target":["https:\/\/dev.baudouin.com\/es\/maquinaria-movil-no-de-carretera-baudouin\/"]}]},{"@type":"ImageObject","inLanguage":"es","@id":"https:\/\/dev.baudouin.com\/es\/maquinaria-movil-no-de-carretera-baudouin\/#primaryimage","url":"https:\/\/dev.baudouin.com\/wp-content\/uploads\/2024\/06\/Industrial-Non-Road-Mobile-applications.png","contentUrl":"https:\/\/dev.baudouin.com\/wp-content\/uploads\/2024\/06\/Industrial-Non-Road-Mobile-applications.png","width":1000,"height":1000},{"@type":"BreadcrumbList","@id":"https:\/\/dev.baudouin.com\/es\/maquinaria-movil-no-de-carretera-baudouin\/#breadcrumb","itemListElement":[{"@type":"ListItem","position":1,"name":"Home","item":"https:\/\/dev.baudouin.com\/es\/"},{"@type":"ListItem","position":2,"name":"Maquinaria m\u00f3vil no de carretera Baudouin"}]},{"@type":"WebSite","@id":"https:\/\/dev.baudouin.com\/#website","url":"https:\/\/dev.baudouin.com\/","name":"Baudouin","description":"","publisher":{"@id":"https:\/\/dev.baudouin.com\/#organization"},"potentialAction":[{"@type":"SearchAction","target":{"@type":"EntryPoint","urlTemplate":"https:\/\/dev.baudouin.com\/?s={search_term_string}"},"query-input":{"@type":"PropertyValueSpecification","valueRequired":true,"valueName":"search_term_string"}}],"inLanguage":"es"},{"@type":"Organization","@id":"https:\/\/dev.baudouin.com\/#organization","name":"Moteurs Baudouin","alternateName":"Moteurs Baudouin","url":"https:\/\/dev.baudouin.com\/","logo":{"@type":"ImageObject","inLanguage":"es","@id":"https:\/\/dev.baudouin.com\/#\/schema\/logo\/image\/","url":"https:\/\/dev.baudouin.com\/wp-content\/uploads\/2024\/12\/Moteur-Baudouin-jpg.webp","contentUrl":"https:\/\/dev.baudouin.com\/wp-content\/uploads\/2024\/12\/Moteur-Baudouin-jpg.webp","width":150,"height":150,"caption":"Moteurs Baudouin"},"image":{"@id":"https:\/\/dev.baudouin.com\/#\/schema\/logo\/image\/"}}]}},"_links":{"self":[{"href":"https:\/\/dev.baudouin.com\/es\/wp-json\/wp\/v2\/pages\/71613","targetHints":{"allow":["GET"]}}],"collection":[{"href":"https:\/\/dev.baudouin.com\/es\/wp-json\/wp\/v2\/pages"}],"about":[{"href":"https:\/\/dev.baudouin.com\/es\/wp-json\/wp\/v2\/types\/page"}],"author":[{"embeddable":true,"href":"https:\/\/dev.baudouin.com\/es\/wp-json\/wp\/v2\/users\/6"}],"replies":[{"embeddable":true,"href":"https:\/\/dev.baudouin.com\/es\/wp-json\/wp\/v2\/comments?post=71613"}],"version-history":[{"count":6,"href":"https:\/\/dev.baudouin.com\/es\/wp-json\/wp\/v2\/pages\/71613\/revisions"}],"predecessor-version":[{"id":75685,"href":"https:\/\/dev.baudouin.com\/es\/wp-json\/wp\/v2\/pages\/71613\/revisions\/75685"}],"wp:featuredmedia":[{"embeddable":true,"href":"https:\/\/dev.baudouin.com\/es\/wp-json\/wp\/v2\/media\/72047"}],"wp:attachment":[{"href":"https:\/\/dev.baudouin.com\/es\/wp-json\/wp\/v2\/media?parent=71613"}],"curies":[{"name":"wp","href":"https:\/\/api.w.org\/{rel}","templated":true}]}}