{"id":62097,"date":"2023-02-16T15:04:01","date_gmt":"2023-02-16T15:04:01","guid":{"rendered":"https:\/\/dev.baudouin.com\/professional-careers\/"},"modified":"2025-04-10T09:30:01","modified_gmt":"2025-04-10T09:30:01","slug":"professional-careers","status":"publish","type":"page","link":"https:\/\/dev.baudouin.com\/es\/professional-careers\/","title":{"rendered":"Oportunidades Profesionales"},"content":{"rendered":"<style>\n    .page-hero {\n        background-image:linear-gradient(rgba(0, 0, 0, 0.25), rgba(0, 0, 0, 0.25)), url('https:\/\/dev.baudouin.com\/wp-content\/uploads\/2023\/10\/moteurs-baudouin-professional-careers-mobile-header.jpg');\n        background-repeat: no-repeat;\n    }\n    p, h2 {\n        color: #fff;\n    }\n    @media screen and (min-width: 768px) {\n        .page-hero {\n        background-image:linear-gradient(rgba(0, 0, 0, 0.25), rgba(0, 0, 0, 0.25)), url('https:\/\/dev.baudouin.com\/wp-content\/uploads\/2023\/10\/moteurs-baudouin-professional-careers-desktop-header.jpg');\n    }\n    }\n<\/style>\n<section id=\"page-hero-block_11e1c4a9ead46ee27d6724574d63e8c8\" class=\"page-hero py-[85px] lg:py-[100px] xl:pt-[100px] xl:pb-[242px] bg-dark-blue \">\n        <div class=\"hero-container mx-auto my-0 md:max-w-[1920px]\">\n        \n            \n        \n        <div class=\"page-hero__container flex flex-col-reverse md:flex-row lg:justify-between\">\n            <div class=\"page-hero__container--left text-center text-white lg:text-left\">\n                                    <div class=\"page-hero__container--left__breadcrumbs mb-7 lg:mb-[32px]\">\n                        <p id=\"breadcrumbs\" class=\"text-xsm text-white leading-5 font-semibold uppercase\"><span><span><a href=\"https:\/\/dev.baudouin.com\/es\/\">Home<\/a><\/span><\/span><\/p>                    <\/div>\n                                <h1 class=\"text-white  mb-[12px] uppercase font-bold md:mb-2.5 lg:mb-[33px]\">Oportunidades Profesionales<\/h1>\n                <!-- <p class=\"text-gray-form leading-[21px] w-full md:text-sm md:leading-6 md:max-w-[564px]\"><p>Como empresa l\u00edder en el sector de la fabricaci\u00f3n e innovaci\u00f3n de motores, estamos encantados de ofrecerle una pasarela a oportunidades profesionales de excepcion dentro de nuestra organizaci\u00f3n.<\/p>\n<\/p> -->\n                <p>Como empresa l\u00edder en el sector de la fabricaci\u00f3n e innovaci\u00f3n de motores, estamos encantados de ofrecerle una pasarela a oportunidades profesionales de excepcion dentro de nuestra organizaci\u00f3n.<\/p>\n            <\/div>\n           \n            \n        <\/div>\n\n    <\/div>\n<\/section>\n\n\n<div class=\"wp-block-group ghostkit-custom-ZJ2WuY is-layout-constrained wp-block-group-is-layout-constrained\">\n<div class=\"wp-block-columns is-layout-flex wp-container-core-columns-is-layout-1 wp-block-columns-is-layout-flex\">\n<div class=\"wp-block-column ghostkit-custom-Z1vJtV7 is-layout-flow wp-block-column-is-layout-flow\">\n<p>Con un gran legado de varias d\u00e9cadas, nos hemos consolidado como l\u00edder mundial en el suministro de <a href=\"https:\/\/dev.baudouin.com\/es\/marine-solutions\/\">motores <\/a>fiables y de alto rendimiento para diversos sectores. Como profesional, tendr\u00e1 la oportunidad de trabajar junto a un equipo de expertos especializados y contribuir en proyectos innovadores que dan forma al futuro de nuestro sector. Creemos que nuestros empleados son nuestro mayor activo, y nos comprometemos a fomentar una cultura de colaboraci\u00f3n, innovaci\u00f3n y crecimiento personal. Aqu\u00ed encontrar\u00e1 una serie de oportunidades profesionales en diversas disciplinas, como ingenier\u00eda, investigaci\u00f3n y desarrollo, operaciones, ventas, marketing, etc.<\/p>\n<\/div>\n<\/div>\n<\/div>\n\n\n\n<section id=\"rm-carousel-block_7694a323fdb9a5b9753b1dcee88050a2\" class=\"rm-carousel px-[30px] md:px-[70px] pt-[80px] pb-[85px]\">\n  <div class=\"flex-col items-center\">\n    <h2 class=\"text-center mb-[22px] md:mb-[50px] lg:mb-[90px]\">NUESTRO PROCESO DE CONTRATACI\u00d3N<\/h2>\n\n            <div class=\"rm-carousel-container md:px-[70px] 2xl:px-[104px]\">\n            <div class=\"swiper-wrapper\">\n                                    <div class=\"swiper-slide rm-single\" data-counter=\"1\">\n                        <div class=\"grid grid-cols-1 gap-y-[28px] lg:grid-cols-2 lg:gap-x-[30px] xl:gap-[50px] lg:content-center\">\n                            <div class=\"image flex lg:justify-end\">\n                                <img decoding=\"async\" src=\"https:\/\/dev.baudouin.com\/wp-content\/uploads\/2023\/10\/moteurs-baudouin-application-process-apply.jpg\" alt=\"Person typing on a laptop.\">\n                            <\/div>\n                            <div class=\"text-container flex flex-col items-center text-center lg:text-left lg:items-start lg:justify-center\">\n                                <h3 class=\"mb-[37px]\">PRESENTE SU SOLICITUD:<\/h3>\n                                <p class=\"\">Encuentra el trabajo de tus sue\u00f1os en nuestra p\u00e1gina de empleo o en LinkedIn y presenta tu candidatura.<\/p>\n                            <\/div>\n                        <\/div>\n                    <\/div>\n                                    <div class=\"swiper-slide rm-single\" data-counter=\"2\">\n                        <div class=\"grid grid-cols-1 gap-y-[28px] lg:grid-cols-2 lg:gap-x-[30px] xl:gap-[50px] lg:content-center\">\n                            <div class=\"image flex lg:justify-end\">\n                                <img decoding=\"async\" src=\"https:\/\/dev.baudouin.com\/wp-content\/uploads\/2023\/10\/moteurs-baudouin-application-process-first-contact.jpg\" alt=\"Women on phone call writing notes.\">\n                            <\/div>\n                            <div class=\"text-container flex flex-col items-center text-center lg:text-left lg:items-start lg:justify-center\">\n                                <h3 class=\"mb-[37px]\">Primer contacto<\/h3>\n                                <p class=\"\">\u00a1Buenas noticias! Tu perfil nos ha parecido interesante, nuestro equipo de contrataci\u00f3n te llamar\u00e1 para saber m\u00e1s sobre tu experiencia y expectativas. <\/p>\n                            <\/div>\n                        <\/div>\n                    <\/div>\n                                    <div class=\"swiper-slide rm-single\" data-counter=\"3\">\n                        <div class=\"grid grid-cols-1 gap-y-[28px] lg:grid-cols-2 lg:gap-x-[30px] xl:gap-[50px] lg:content-center\">\n                            <div class=\"image flex lg:justify-end\">\n                                <img decoding=\"async\" src=\"https:\/\/dev.baudouin.com\/wp-content\/uploads\/2023\/10\/moteurs-baudouin-application-process-lets-meet.jpg\" alt=\"Woman shaking a man's hand.\">\n                            <\/div>\n                            <div class=\"text-container flex flex-col items-center text-center lg:text-left lg:items-start lg:justify-center\">\n                                <h3 class=\"mb-[37px]\">\u00a1Vamos a conocernos!<\/h3>\n                                <p class=\"\">Nos pondremos en contacto contigo para concertar una entrevista con el responsable de contrataci\u00f3n, as\u00ed podremos saber m\u00e1s sobre ti. Puede ser por videoconferencia o en persona. <\/p>\n                            <\/div>\n                        <\/div>\n                    <\/div>\n                                    <div class=\"swiper-slide rm-single\" data-counter=\"4\">\n                        <div class=\"grid grid-cols-1 gap-y-[28px] lg:grid-cols-2 lg:gap-x-[30px] xl:gap-[50px] lg:content-center\">\n                            <div class=\"image flex lg:justify-end\">\n                                <img decoding=\"async\" src=\"https:\/\/dev.baudouin.com\/wp-content\/uploads\/2023\/10\/moteurs-baudouin-application-process-last-step.jpg\" alt=\"Man in conversation.\">\n                            <\/div>\n                            <div class=\"text-container flex flex-col items-center text-center lg:text-left lg:items-start lg:justify-center\">\n                                <h3 class=\"mb-[37px]\">\u00daltimo paso<\/h3>\n                                <p class=\"\">Dependiendo del puesto, nos pondremos en contacto para una entrevista en persona con un equipo m\u00e1s amplio con el fin de entender la idoneidad y darte una idea de la empresa.<\/p>\n                            <\/div>\n                        <\/div>\n                    <\/div>\n                                    <div class=\"swiper-slide rm-single\" data-counter=\"5\">\n                        <div class=\"grid grid-cols-1 gap-y-[28px] lg:grid-cols-2 lg:gap-x-[30px] xl:gap-[50px] lg:content-center\">\n                            <div class=\"image flex lg:justify-end\">\n                                <img decoding=\"async\" src=\"https:\/\/dev.baudouin.com\/wp-content\/uploads\/2023\/10\/moteurs-baudouin-application-process-congratulations.jpg\" alt=\"Woman joyfully looking at phone.\">\n                            <\/div>\n                            <div class=\"text-container flex flex-col items-center text-center lg:text-left lg:items-start lg:justify-center\">\n                                <h3 class=\"mb-[37px]\">\u00a1Enhorabuena!<\/h3>\n                                <p class=\"\">\u00a1Lo has conseguido! Nos pondremos en contacto contigo para hacerte una oferta y hablar de cu\u00e1ndo puedes incorporarte.  <\/p>\n                            <\/div>\n                        <\/div>\n                    <\/div>\n                                    <div class=\"swiper-slide rm-single\" data-counter=\"6\">\n                        <div class=\"grid grid-cols-1 gap-y-[28px] lg:grid-cols-2 lg:gap-x-[30px] xl:gap-[50px] lg:content-center\">\n                            <div class=\"image flex lg:justify-end\">\n                                <img decoding=\"async\" src=\"https:\/\/dev.baudouin.com\/wp-content\/uploads\/2023\/10\/moteurs-baudouin-application-process-welcome.jpg\" alt=\"Four people smiling, one with hand outstretched to shake.\">\n                            <\/div>\n                            <div class=\"text-container flex flex-col items-center text-center lg:text-left lg:items-start lg:justify-center\">\n                                <h3 class=\"mb-[37px]\">Bienvenido a Baudouin <\/h3>\n                                <p class=\"\">\u00a1Tu incorporaci\u00f3n comienza aqu\u00ed! Te reunir\u00e1s con todos los departamentos de la empresa, conocer\u00e1s nuestros valores, visi\u00f3n, misi\u00f3n y cultura y recibir\u00e1s toda la formaci\u00f3n y herramientas necesarias para tu puesto. <\/p>\n                            <\/div>\n                        <\/div>\n                    <\/div>\n                            <\/div>\n            <div class=\"recruitment-pagination mt-[45px] w-full flex justify-center lg:mt-[98px]\">\n\n            <\/div>\n            <div class=\"rm-carousel__next \">\n                <img decoding=\"async\" src=\"https:\/\/dev.baudouin.com\/wp-content\/themes\/baudouin-latest\/assets\/chevron-nav.svg\" alt=\"next\">\n            <\/div>\n            <div class=\"rm-carousel__prev \">\n                <img decoding=\"async\" src=\"https:\/\/dev.baudouin.com\/wp-content\/themes\/baudouin-latest\/assets\/chevron-nav.svg\" alt=\"previous\">\n            <\/div>\n        <\/div>\n      <\/div>\n<\/section>\n\n\n\n<div class=\"wp-block-group ghostkit-custom-Z1jgah1 is-layout-constrained wp-block-group-is-layout-constrained\">\n<div class=\"wp-block-columns is-layout-flex wp-container-core-columns-is-layout-2 wp-block-columns-is-layout-flex\">\n<div class=\"wp-block-column ghostkit-custom-2r3t2a is-layout-flow wp-block-column-is-layout-flow\">\n<p>Al unirse a nuestro equipo, tendr\u00e1 la oportunidad de trabajar con tecnolog\u00edas de vanguardia, colaborar con expertos del sector y afrontar retos apasionantes que ampliar\u00e1n su conjunto de habilidades y acelerar\u00e1n tu desarrollo profesional. Ofrecemos un entorno de trabajo solidario e integrador que fomenta la creatividad, la iniciativa y el aprendizaje continuo. A medida que explores nuestra P\u00e1gina de oportunidades profesionales, encontrar\u00e1s informaci\u00f3n detallada.<\/p>\n<\/div>\n<\/div>\n<\/div>\n\n\n\n<div class=\"wp-block-group ghostkit-custom-Z1y1eFu is-layout-constrained wp-block-group-is-layout-constrained\">\n<div class=\"wp-block-columns is-layout-flex wp-container-core-columns-is-layout-3 wp-block-columns-is-layout-flex\">\n<div class=\"wp-block-column is-layout-flow wp-block-column-is-layout-flow\">\n<div class=\"wp-block-cover is-light ghostkit-custom-Z1wKW9f\" style=\"min-height:248px;aspect-ratio:unset;\"><span aria-hidden=\"true\" class=\"wp-block-cover__background has-background-dim\"><\/span><img loading=\"lazy\" decoding=\"async\" width=\"1300\" height=\"1000\" class=\"wp-block-cover__image-background wp-image-60925\" alt=\"oportunidades profesionales\" src=\"https:\/\/dev.baudouin.com\/wp-content\/uploads\/2023\/10\/moteurs-baudouin-view-open-positions.jpg\" data-object-fit=\"cover\" srcset=\"https:\/\/dev.baudouin.com\/wp-content\/uploads\/2023\/10\/moteurs-baudouin-view-open-positions.jpg 1300w, https:\/\/dev.baudouin.com\/wp-content\/uploads\/2023\/10\/moteurs-baudouin-view-open-positions-300x231.jpg 300w, https:\/\/dev.baudouin.com\/wp-content\/uploads\/2023\/10\/moteurs-baudouin-view-open-positions-1024x788.jpg 1024w, https:\/\/dev.baudouin.com\/wp-content\/uploads\/2023\/10\/moteurs-baudouin-view-open-positions-768x591.jpg 768w\" sizes=\"auto, (max-width: 1300px) 100vw, 1300px\" \/><div class=\"wp-block-cover__inner-container is-layout-constrained wp-container-core-cover-is-layout-1 wp-block-cover-is-layout-constrained\">\n<div class=\"wp-block-buttons is-content-justification-center is-layout-flex wp-container-core-buttons-is-layout-1 wp-block-buttons-is-layout-flex\">\n<div class=\"wp-block-button\"><a class=\"wp-block-button__link has-white-color has-text-color has-background wp-element-button\" href=\"https:\/\/flatchr.io\/es\/company\/societeinternationaledesmoteursbaudouin\/\" style=\"border-radius:0px;background-color:#001e61\" target=\"_blank\" rel=\"noreferrer noopener\">VER VACANTES DISPONIBLES<\/a><\/div>\n<\/div>\n<\/div><\/div>\n<\/div>\n\n\n\n<div class=\"wp-block-column is-layout-flow wp-block-column-is-layout-flow\">\n<div class=\"wp-block-cover ghostkit-custom-d97rn\" style=\"min-height:246px;aspect-ratio:unset;\"><span aria-hidden=\"true\" class=\"wp-block-cover__background has-background-dim\"><\/span><img loading=\"lazy\" decoding=\"async\" width=\"1300\" height=\"1000\" class=\"wp-block-cover__image-background wp-image-60921\" alt=\"oportunidades profesionales\" src=\"https:\/\/dev.baudouin.com\/wp-content\/uploads\/2023\/10\/moteurs-baudouin-unsolicited-applications.jpg\" data-object-fit=\"cover\" srcset=\"https:\/\/dev.baudouin.com\/wp-content\/uploads\/2023\/10\/moteurs-baudouin-unsolicited-applications.jpg 1300w, https:\/\/dev.baudouin.com\/wp-content\/uploads\/2023\/10\/moteurs-baudouin-unsolicited-applications-300x231.jpg 300w, https:\/\/dev.baudouin.com\/wp-content\/uploads\/2023\/10\/moteurs-baudouin-unsolicited-applications-1024x788.jpg 1024w, https:\/\/dev.baudouin.com\/wp-content\/uploads\/2023\/10\/moteurs-baudouin-unsolicited-applications-768x591.jpg 768w\" sizes=\"auto, (max-width: 1300px) 100vw, 1300px\" \/><div class=\"wp-block-cover__inner-container is-layout-constrained wp-block-cover-is-layout-constrained\">\n<div class=\"wp-block-buttons is-content-justification-center is-layout-flex wp-container-core-buttons-is-layout-2 wp-block-buttons-is-layout-flex\">\n<div class=\"wp-block-button\"><a class=\"wp-block-button__link has-background wp-element-button\" href=\"mailto:recruitment@dev.baudouin.com\" style=\"border-radius:0px;background-color:#001e61\">CANDIDATURAS ESPONT\u00c1NEAS<\/a><\/div>\n<\/div>\n<\/div><\/div>\n<\/div>\n<\/div>\n<\/div>\n","protected":false},"excerpt":{"rendered":"<p>Con un gran legado de varias d\u00e9cadas, nos hemos consolidado como l\u00edder mundial en el suministro de motores fiables y de alto rendimiento para diversos sectores. Como profesional, tendr\u00e1 la oportunidad de&#8230;<\/p>\n","protected":false},"author":1,"featured_media":60920,"parent":0,"menu_order":0,"comment_status":"closed","ping_status":"closed","template":"","meta":{"_acf_changed":false,"content-type":"","ghostkit_customizer_options":"","ghostkit_custom_css":"","ghostkit_custom_js_head":"","ghostkit_custom_js_foot":"","ghostkit_typography":"","two_page_speed":[],"footnotes":""},"class_list":["post-62097","page","type-page","status-publish","has-post-thumbnail","hentry"],"acf":[],"yoast_head":"<!-- This site is optimized with the Yoast SEO plugin v26.8 - https:\/\/yoast.com\/product\/yoast-seo-wordpress\/ -->\n<title>Oportunidades Profesionales - Baudouin<\/title>\n<meta name=\"description\" content=\"Como empresa l\u00edder en el campo de la fabricaci\u00f3n de motores, podemos ofrecerle una puerta de acceso a oportunidades profesionales.\" \/>\n<meta name=\"robots\" content=\"index, follow, max-snippet:-1, max-image-preview:large, max-video-preview:-1\" \/>\n<link rel=\"canonical\" href=\"https:\/\/dev.baudouin.com\/es\/professional-careers\/\" \/>\n<meta property=\"og:locale\" content=\"es_ES\" \/>\n<meta property=\"og:type\" content=\"article\" \/>\n<meta property=\"og:title\" content=\"Oportunidades Profesionales - Baudouin\" \/>\n<meta property=\"og:description\" content=\"Como empresa l\u00edder en el campo de la fabricaci\u00f3n de motores, podemos ofrecerle una puerta de acceso a oportunidades profesionales.\" \/>\n<meta property=\"og:url\" content=\"https:\/\/dev.baudouin.com\/es\/professional-careers\/\" \/>\n<meta property=\"og:site_name\" content=\"Baudouin\" \/>\n<meta property=\"article:modified_time\" content=\"2025-04-10T09:30:01+00:00\" \/>\n<meta property=\"og:image\" content=\"https:\/\/dev.baudouin.com\/wp-content\/uploads\/2023\/10\/moteurs-baudouin-professional-careers-mobile-header.jpg\" \/>\n\t<meta property=\"og:image:width\" content=\"1000\" \/>\n\t<meta property=\"og:image:height\" content=\"1000\" \/>\n\t<meta property=\"og:image:type\" content=\"image\/jpeg\" \/>\n<meta name=\"twitter:card\" content=\"summary_large_image\" \/>\n<meta name=\"twitter:label1\" content=\"Tiempo de lectura\" \/>\n\t<meta name=\"twitter:data1\" content=\"2 minutos\" \/>\n<script type=\"application\/ld+json\" class=\"yoast-schema-graph\">{\"@context\":\"https:\/\/schema.org\",\"@graph\":[{\"@type\":\"WebPage\",\"@id\":\"https:\/\/dev.baudouin.com\/es\/professional-careers\/\",\"url\":\"https:\/\/dev.baudouin.com\/es\/professional-careers\/\",\"name\":\"Oportunidades Profesionales - Baudouin\",\"isPartOf\":{\"@id\":\"https:\/\/dev.baudouin.com\/#website\"},\"primaryImageOfPage\":{\"@id\":\"https:\/\/dev.baudouin.com\/es\/professional-careers\/#primaryimage\"},\"image\":{\"@id\":\"https:\/\/dev.baudouin.com\/es\/professional-careers\/#primaryimage\"},\"thumbnailUrl\":\"https:\/\/dev.baudouin.com\/wp-content\/uploads\/2023\/10\/moteurs-baudouin-professional-careers-mobile-header.jpg\",\"datePublished\":\"2023-02-16T15:04:01+00:00\",\"dateModified\":\"2025-04-10T09:30:01+00:00\",\"description\":\"Como empresa l\u00edder en el campo de la fabricaci\u00f3n de motores, podemos ofrecerle una puerta de acceso a oportunidades profesionales.\",\"breadcrumb\":{\"@id\":\"https:\/\/dev.baudouin.com\/es\/professional-careers\/#breadcrumb\"},\"inLanguage\":\"es\",\"potentialAction\":[{\"@type\":\"ReadAction\",\"target\":[\"https:\/\/dev.baudouin.com\/es\/professional-careers\/\"]}]},{\"@type\":\"ImageObject\",\"inLanguage\":\"es\",\"@id\":\"https:\/\/dev.baudouin.com\/es\/professional-careers\/#primaryimage\",\"url\":\"https:\/\/dev.baudouin.com\/wp-content\/uploads\/2023\/10\/moteurs-baudouin-professional-careers-mobile-header.jpg\",\"contentUrl\":\"https:\/\/dev.baudouin.com\/wp-content\/uploads\/2023\/10\/moteurs-baudouin-professional-careers-mobile-header.jpg\",\"width\":1000,\"height\":1000,\"caption\":\"A group of people looking at blueprints.\"},{\"@type\":\"BreadcrumbList\",\"@id\":\"https:\/\/dev.baudouin.com\/es\/professional-careers\/#breadcrumb\",\"itemListElement\":[{\"@type\":\"ListItem\",\"position\":1,\"name\":\"Home\",\"item\":\"https:\/\/dev.baudouin.com\/es\/\"},{\"@type\":\"ListItem\",\"position\":2,\"name\":\"Oportunidades Profesionales\"}]},{\"@type\":\"WebSite\",\"@id\":\"https:\/\/dev.baudouin.com\/#website\",\"url\":\"https:\/\/dev.baudouin.com\/\",\"name\":\"Baudouin\",\"description\":\"\",\"publisher\":{\"@id\":\"https:\/\/dev.baudouin.com\/#organization\"},\"potentialAction\":[{\"@type\":\"SearchAction\",\"target\":{\"@type\":\"EntryPoint\",\"urlTemplate\":\"https:\/\/dev.baudouin.com\/?s={search_term_string}\"},\"query-input\":{\"@type\":\"PropertyValueSpecification\",\"valueRequired\":true,\"valueName\":\"search_term_string\"}}],\"inLanguage\":\"es\"},{\"@type\":\"Organization\",\"@id\":\"https:\/\/dev.baudouin.com\/#organization\",\"name\":\"Moteurs Baudouin\",\"alternateName\":\"Moteurs Baudouin\",\"url\":\"https:\/\/dev.baudouin.com\/\",\"logo\":{\"@type\":\"ImageObject\",\"inLanguage\":\"es\",\"@id\":\"https:\/\/dev.baudouin.com\/#\/schema\/logo\/image\/\",\"url\":\"https:\/\/dev.baudouin.com\/wp-content\/uploads\/2024\/12\/Moteur-Baudouin-jpg.webp\",\"contentUrl\":\"https:\/\/dev.baudouin.com\/wp-content\/uploads\/2024\/12\/Moteur-Baudouin-jpg.webp\",\"width\":150,\"height\":150,\"caption\":\"Moteurs Baudouin\"},\"image\":{\"@id\":\"https:\/\/dev.baudouin.com\/#\/schema\/logo\/image\/\"}}]}<\/script>\n<!-- \/ Yoast SEO plugin. -->","yoast_head_json":{"title":"Oportunidades Profesionales - Baudouin","description":"Como empresa l\u00edder en el campo de la fabricaci\u00f3n de motores, podemos ofrecerle una puerta de acceso a oportunidades profesionales.","robots":{"index":"index","follow":"follow","max-snippet":"max-snippet:-1","max-image-preview":"max-image-preview:large","max-video-preview":"max-video-preview:-1"},"canonical":"https:\/\/dev.baudouin.com\/es\/professional-careers\/","og_locale":"es_ES","og_type":"article","og_title":"Oportunidades Profesionales - Baudouin","og_description":"Como empresa l\u00edder en el campo de la fabricaci\u00f3n de motores, podemos ofrecerle una puerta de acceso a oportunidades profesionales.","og_url":"https:\/\/dev.baudouin.com\/es\/professional-careers\/","og_site_name":"Baudouin","article_modified_time":"2025-04-10T09:30:01+00:00","og_image":[{"width":1000,"height":1000,"url":"https:\/\/dev.baudouin.com\/wp-content\/uploads\/2023\/10\/moteurs-baudouin-professional-careers-mobile-header.jpg","type":"image\/jpeg"}],"twitter_card":"summary_large_image","twitter_misc":{"Tiempo de lectura":"2 minutos"},"schema":{"@context":"https:\/\/schema.org","@graph":[{"@type":"WebPage","@id":"https:\/\/dev.baudouin.com\/es\/professional-careers\/","url":"https:\/\/dev.baudouin.com\/es\/professional-careers\/","name":"Oportunidades Profesionales - Baudouin","isPartOf":{"@id":"https:\/\/dev.baudouin.com\/#website"},"primaryImageOfPage":{"@id":"https:\/\/dev.baudouin.com\/es\/professional-careers\/#primaryimage"},"image":{"@id":"https:\/\/dev.baudouin.com\/es\/professional-careers\/#primaryimage"},"thumbnailUrl":"https:\/\/dev.baudouin.com\/wp-content\/uploads\/2023\/10\/moteurs-baudouin-professional-careers-mobile-header.jpg","datePublished":"2023-02-16T15:04:01+00:00","dateModified":"2025-04-10T09:30:01+00:00","description":"Como empresa l\u00edder en el campo de la fabricaci\u00f3n de motores, podemos ofrecerle una puerta de acceso a oportunidades profesionales.","breadcrumb":{"@id":"https:\/\/dev.baudouin.com\/es\/professional-careers\/#breadcrumb"},"inLanguage":"es","potentialAction":[{"@type":"ReadAction","target":["https:\/\/dev.baudouin.com\/es\/professional-careers\/"]}]},{"@type":"ImageObject","inLanguage":"es","@id":"https:\/\/dev.baudouin.com\/es\/professional-careers\/#primaryimage","url":"https:\/\/dev.baudouin.com\/wp-content\/uploads\/2023\/10\/moteurs-baudouin-professional-careers-mobile-header.jpg","contentUrl":"https:\/\/dev.baudouin.com\/wp-content\/uploads\/2023\/10\/moteurs-baudouin-professional-careers-mobile-header.jpg","width":1000,"height":1000,"caption":"A group of people looking at blueprints."},{"@type":"BreadcrumbList","@id":"https:\/\/dev.baudouin.com\/es\/professional-careers\/#breadcrumb","itemListElement":[{"@type":"ListItem","position":1,"name":"Home","item":"https:\/\/dev.baudouin.com\/es\/"},{"@type":"ListItem","position":2,"name":"Oportunidades Profesionales"}]},{"@type":"WebSite","@id":"https:\/\/dev.baudouin.com\/#website","url":"https:\/\/dev.baudouin.com\/","name":"Baudouin","description":"","publisher":{"@id":"https:\/\/dev.baudouin.com\/#organization"},"potentialAction":[{"@type":"SearchAction","target":{"@type":"EntryPoint","urlTemplate":"https:\/\/dev.baudouin.com\/?s={search_term_string}"},"query-input":{"@type":"PropertyValueSpecification","valueRequired":true,"valueName":"search_term_string"}}],"inLanguage":"es"},{"@type":"Organization","@id":"https:\/\/dev.baudouin.com\/#organization","name":"Moteurs Baudouin","alternateName":"Moteurs Baudouin","url":"https:\/\/dev.baudouin.com\/","logo":{"@type":"ImageObject","inLanguage":"es","@id":"https:\/\/dev.baudouin.com\/#\/schema\/logo\/image\/","url":"https:\/\/dev.baudouin.com\/wp-content\/uploads\/2024\/12\/Moteur-Baudouin-jpg.webp","contentUrl":"https:\/\/dev.baudouin.com\/wp-content\/uploads\/2024\/12\/Moteur-Baudouin-jpg.webp","width":150,"height":150,"caption":"Moteurs Baudouin"},"image":{"@id":"https:\/\/dev.baudouin.com\/#\/schema\/logo\/image\/"}}]}},"_links":{"self":[{"href":"https:\/\/dev.baudouin.com\/es\/wp-json\/wp\/v2\/pages\/62097","targetHints":{"allow":["GET"]}}],"collection":[{"href":"https:\/\/dev.baudouin.com\/es\/wp-json\/wp\/v2\/pages"}],"about":[{"href":"https:\/\/dev.baudouin.com\/es\/wp-json\/wp\/v2\/types\/page"}],"author":[{"embeddable":true,"href":"https:\/\/dev.baudouin.com\/es\/wp-json\/wp\/v2\/users\/1"}],"replies":[{"embeddable":true,"href":"https:\/\/dev.baudouin.com\/es\/wp-json\/wp\/v2\/comments?post=62097"}],"version-history":[{"count":3,"href":"https:\/\/dev.baudouin.com\/es\/wp-json\/wp\/v2\/pages\/62097\/revisions"}],"predecessor-version":[{"id":77694,"href":"https:\/\/dev.baudouin.com\/es\/wp-json\/wp\/v2\/pages\/62097\/revisions\/77694"}],"wp:featuredmedia":[{"embeddable":true,"href":"https:\/\/dev.baudouin.com\/es\/wp-json\/wp\/v2\/media\/60920"}],"wp:attachment":[{"href":"https:\/\/dev.baudouin.com\/es\/wp-json\/wp\/v2\/media?parent=62097"}],"curies":[{"name":"wp","href":"https:\/\/api.w.org\/{rel}","templated":true}]}}