{"id":62066,"date":"2022-11-09T15:52:32","date_gmt":"2022-11-09T15:52:32","guid":{"rendered":"https:\/\/dev.baudouin.com\/contact\/"},"modified":"2025-06-23T14:15:22","modified_gmt":"2025-06-23T14:15:22","slug":"contact","status":"publish","type":"page","link":"https:\/\/dev.baudouin.com\/es\/contact\/","title":{"rendered":"Contacto"},"content":{"rendered":"<style>\n    .page-hero {\n        background-image:linear-gradient(rgba(0, 0, 0, 0.25), rgba(0, 0, 0, 0.25)), url('https:\/\/dev.baudouin.com\/wp-content\/uploads\/2023\/10\/moteurs-baudouin-contact-mobile-header.jpg');\n        background-repeat: no-repeat;\n    }\n    p, h2 {\n        color: #fff;\n    }\n    @media screen and (min-width: 768px) {\n        .page-hero {\n        background-image:linear-gradient(rgba(0, 0, 0, 0.25), rgba(0, 0, 0, 0.25)), url('https:\/\/dev.baudouin.com\/wp-content\/uploads\/2023\/10\/moteurs-baudouin-contact-desktop-header.jpg');\n    }\n    }\n<\/style>\n<section id=\"page-hero-block_2f463ef4ea95be7a1f927a2cce93180c\" class=\"page-hero py-[85px] lg:py-[100px] xl:pt-[100px] xl:pb-[242px] bg-dark-blue \">\n        <div class=\"hero-container mx-auto my-0 md:max-w-[1920px]\">\n        \n            \n        \n        <div class=\"page-hero__container flex flex-col-reverse md:flex-row lg:justify-between\">\n            <div class=\"page-hero__container--left text-center text-white lg:text-left\">\n                                <h1 class=\"text-white  mb-[12px] uppercase font-bold md:mb-2.5 lg:mb-[33px]\">CONTACTA CON NOSOTROS<\/h1>\n                <!-- <p class=\"text-gray-form leading-[21px] w-full md:text-sm md:leading-6 md:max-w-[564px]\"><p>Baudouin y su red est\u00e1n aqu\u00ed para atender todas sus peticiones, sean t\u00e9cnicas o no. En Baudouin, nos comprometemos a proporcionar a nuestros clientes un servicio y una asistencia especializado.<\/p>\n<\/p> -->\n                <p>Baudouin y su red est\u00e1n aqu\u00ed para atender todas sus peticiones, sean t\u00e9cnicas o no. En Baudouin, nos comprometemos a proporcionar a nuestros clientes un servicio y una asistencia especializado.<\/p>\n            <\/div>\n           \n            \n        <\/div>\n\n    <\/div>\n<\/section>\n\n\n<div class=\"wp-block-group ghostkit-custom-Z1JaPxj is-layout-flow wp-block-group-is-layout-flow\">\n<div class=\"wp-block-columns is-layout-flex wp-container-core-columns-is-layout-1 wp-block-columns-is-layout-flex\">\n<div class=\"wp-block-column ghostkit-custom-ZJyL9a is-layout-flow wp-block-column-is-layout-flow\">\n<figure class=\"wp-block-image size-large ghostkit-custom-Z15zkcD\"><img loading=\"lazy\" decoding=\"async\" width=\"1024\" height=\"788\" src=\"https:\/\/dev.baudouin.com\/wp-content\/uploads\/2023\/10\/moteurs-baudouin-engine-requests-1024x788.jpg\" alt=\"\" class=\"wp-image-60874\" srcset=\"https:\/\/dev.baudouin.com\/wp-content\/uploads\/2023\/10\/moteurs-baudouin-engine-requests-1024x788.jpg 1024w, https:\/\/dev.baudouin.com\/wp-content\/uploads\/2023\/10\/moteurs-baudouin-engine-requests-300x231.jpg 300w, https:\/\/dev.baudouin.com\/wp-content\/uploads\/2023\/10\/moteurs-baudouin-engine-requests-768x591.jpg 768w, https:\/\/dev.baudouin.com\/wp-content\/uploads\/2023\/10\/moteurs-baudouin-engine-requests.jpg 1300w\" sizes=\"auto, (max-width: 1024px) 100vw, 1024px\" \/><\/figure>\n\n\n\n<h5 class=\"wp-block-heading has-text-align-center ghostkit-custom-1lW2RC has-text-color\" id=\"solicitudes-de-motores\" style=\"color:#001e61\">SOLICITUDES DE MOTORES<\/h5>\n\n\n\n<div style=\"height:13px\" aria-hidden=\"true\" class=\"wp-block-spacer\"><\/div>\n\n\n\n<p class=\"has-text-align-center ghostkit-custom-Z259gLM\">Si desea comprar un motor nuevo o tiene problemas t\u00e9cnicos, nuestra red de distribuidores, con experiencia y formaci\u00f3n, est\u00e1 aqu\u00ed para ayudarle a encontrar la combinaci\u00f3n perfecta para su aplicaci\u00f3n espec\u00edfica.<\/p>\n<\/div>\n\n\n\n<div class=\"wp-block-column ghostkit-custom-1MWtzV is-layout-flow wp-block-column-is-layout-flow\">\n<figure class=\"wp-block-image size-large ghostkit-custom-Z1Yg89j\"><img loading=\"lazy\" decoding=\"async\" width=\"1024\" height=\"788\" src=\"https:\/\/dev.baudouin.com\/wp-content\/uploads\/2023\/10\/moteurs-baudouin-spare-parts-selection-1024x788.jpg\" alt=\"\" class=\"wp-image-60656\" srcset=\"https:\/\/dev.baudouin.com\/wp-content\/uploads\/2023\/10\/moteurs-baudouin-spare-parts-selection-1024x788.jpg 1024w, https:\/\/dev.baudouin.com\/wp-content\/uploads\/2023\/10\/moteurs-baudouin-spare-parts-selection-300x231.jpg 300w, https:\/\/dev.baudouin.com\/wp-content\/uploads\/2023\/10\/moteurs-baudouin-spare-parts-selection-768x591.jpg 768w, https:\/\/dev.baudouin.com\/wp-content\/uploads\/2023\/10\/moteurs-baudouin-spare-parts-selection.jpg 1300w\" sizes=\"auto, (max-width: 1024px) 100vw, 1024px\" \/><\/figure>\n\n\n\n<h5 class=\"wp-block-heading has-text-align-center ghostkit-custom-1uwkVw has-text-color\" id=\"our-history\" style=\"color:#001e61\">RECAMBIOS ORIGINALES<\/h5>\n\n\n\n<div style=\"height:40px\" aria-hidden=\"true\" class=\"wp-block-spacer\"><\/div>\n\n\n\n<p class=\"has-text-align-center ghostkit-custom-ZzIk8E\">Si ya trabaja con nosotros y necesita recambios, disponemos de un amplio inventario de recambios originales Baudouin. Nuestro equipo puede ayudarle a encontrar el recambio exacto que necesita y asegurarse de que se lo entregamos lo antes posible.<\/p>\n<\/div>\n\n\n\n<div class=\"wp-block-column ghostkit-custom-s51Qv is-layout-flow wp-block-column-is-layout-flow\">\n<figure class=\"wp-block-image size-large ghostkit-custom-Chnz9\"><img loading=\"lazy\" decoding=\"async\" width=\"1024\" height=\"788\" src=\"https:\/\/dev.baudouin.com\/wp-content\/uploads\/2023\/10\/moteurs-baudouin_network-map-1024x788.jpg\" alt=\"\" class=\"wp-image-60879\" srcset=\"https:\/\/dev.baudouin.com\/wp-content\/uploads\/2023\/10\/moteurs-baudouin_network-map-1024x788.jpg 1024w, https:\/\/dev.baudouin.com\/wp-content\/uploads\/2023\/10\/moteurs-baudouin_network-map-300x231.jpg 300w, https:\/\/dev.baudouin.com\/wp-content\/uploads\/2023\/10\/moteurs-baudouin_network-map-768x591.jpg 768w, https:\/\/dev.baudouin.com\/wp-content\/uploads\/2023\/10\/moteurs-baudouin_network-map.jpg 1300w\" sizes=\"auto, (max-width: 1024px) 100vw, 1024px\" \/><\/figure>\n\n\n\n<h5 class=\"wp-block-heading has-text-align-center ghostkit-custom-1bMl7H has-text-color\" id=\"asistencia-tecnica-y-servicio\" style=\"color:#001e61\">ASISTENCIA T\u00c9CNICA Y SERVICIO<\/h5>\n\n\n\n<div style=\"height:13px\" aria-hidden=\"true\" class=\"wp-block-spacer\"><\/div>\n\n\n\n<p class=\"has-text-align-center ghostkit-custom-28GeI1\">Nuestra red global le da acceso a un servicio y asistencia en todo el mundo siempre que lo necesite. Nos apoyamos en nuestros distribuidores de confianza en m\u00e1s de 100 pa\u00edses para ofrecerle la mejor cobertura de garant\u00eda y tranquilidad.<\/p>\n<\/div>\n\n\n\n<div class=\"wp-block-column is-layout-flow wp-block-column-is-layout-flow\">\n<figure class=\"wp-block-image size-full ghostkit-custom-Z12IGrz\"><img loading=\"lazy\" decoding=\"async\" width=\"1000\" height=\"780\" src=\"https:\/\/dev.baudouin.com\/wp-content\/uploads\/2023\/11\/moteurs-baudouin-trusted-partner.jpg\" alt=\"\" class=\"wp-image-61666\" srcset=\"https:\/\/dev.baudouin.com\/wp-content\/uploads\/2023\/11\/moteurs-baudouin-trusted-partner.jpg 1000w, https:\/\/dev.baudouin.com\/wp-content\/uploads\/2023\/11\/moteurs-baudouin-trusted-partner-300x234.jpg 300w, https:\/\/dev.baudouin.com\/wp-content\/uploads\/2023\/11\/moteurs-baudouin-trusted-partner-768x599.jpg 768w\" sizes=\"auto, (max-width: 1000px) 100vw, 1000px\" \/><\/figure>\n\n\n\n<h5 class=\"wp-block-heading has-text-align-center ghostkit-custom-1OaNuP has-text-color\" id=\"unase-a-nuestra-red-de-servicios\" style=\"color:#001e61\">\u00daNASE A NUESTRA RED DE SERVICIOS<\/h5>\n\n\n\n<div style=\"height:13px\" aria-hidden=\"true\" class=\"wp-block-spacer\"><\/div>\n\n\n\n<p class=\"has-text-align-center ghostkit-custom-mauJt\">\u00bfQuiere convertirse en un socio de servicio autorizado de Baudouin? Complete nuestro formulario para unirse a nuestra red global de expertos de confianza.<\/p>\n<\/div>\n\n\n\n<div class=\"wp-block-column is-layout-flow wp-block-column-is-layout-flow\">\n<figure class=\"wp-block-image size-full ghostkit-custom-Gwb9B\"><img decoding=\"async\" src=\"https:\/\/dev.baudouin.com\/wp-content\/uploads\/2025\/01\/Use-our-new-customer-commercial-claims-form-for-faster-processing-jpg.webp\" alt=\"\" class=\"wp-image-76120\"\/><\/figure>\n\n\n\n<h5 class=\"wp-block-heading has-text-align-center ghostkit-custom-1N783B has-text-color\" id=\"devenir-un-partenaire-de-service\" style=\"color:#001e61\">RECLAMACI\u00d3N DEL CLIENTE<\/h5>\n\n\n\n<div style=\"height:13px\" aria-hidden=\"true\" class=\"wp-block-spacer\"><\/div>\n\n\n\n<p class=\"has-text-align-center ghostkit-custom-Z1URWvv\">Para mejorar la calidad de nuestro servicio, hemos reorganizado la gesti\u00f3n de reclamaciones. Ahora, las solicitudes relacionadas con repuestos y motores \u00abantes de la puesta en marcha\u00bb se gestionar\u00e1n de manera m\u00e1s r\u00e1pida y eficiente.<\/p>\n<\/div>\n<\/div>\n\n\n\n<div class=\"wp-block-group ghostkit-custom-Z2box0N is-layout-constrained wp-block-group-is-layout-constrained\">\n<div class=\"wp-block-columns is-layout-flex wp-container-core-columns-is-layout-2 wp-block-columns-is-layout-flex\">\n<div class=\"wp-block-column is-layout-flow wp-block-column-is-layout-flow\">\n<div class=\"wp-block-buttons is-content-justification-center is-layout-flex wp-container-core-buttons-is-layout-1 wp-block-buttons-is-layout-flex\">\n<div class=\"wp-block-button\"><a class=\"wp-block-button__link has-white-color has-text-color has-background wp-element-button\" href=\"https:\/\/dev.baudouin.com\/es\/our-network\/\" style=\"border-radius:0px;background-color:#001e61\">ENCUENTRE SU MOTOR<\/a><\/div>\n<\/div>\n<\/div>\n\n\n\n<div class=\"wp-block-column is-layout-flow wp-block-column-is-layout-flow\">\n<div class=\"wp-block-buttons is-content-justification-center is-layout-flex wp-container-core-buttons-is-layout-2 wp-block-buttons-is-layout-flex\">\n<div class=\"wp-block-button\"><a class=\"wp-block-button__link has-white-color has-text-color has-background wp-element-button\" href=\"https:\/\/dev.baudouin.com\/es\/our-network\/\" style=\"border-radius:0px;background-color:#001e61\">Encuentre recambios<\/a><\/div>\n<\/div>\n<\/div>\n\n\n\n<div class=\"wp-block-column is-layout-flow wp-block-column-is-layout-flow\">\n<div class=\"wp-block-buttons is-content-justification-center is-layout-flex wp-container-core-buttons-is-layout-3 wp-block-buttons-is-layout-flex\">\n<div class=\"wp-block-button\"><a class=\"wp-block-button__link has-white-color has-text-color has-background wp-element-button\" href=\"https:\/\/dev.baudouin.com\/es\/our-network\/\" style=\"border-radius:0px;background-color:#001e61\">DESCUBRE NUESTRA RED<\/a><\/div>\n<\/div>\n<\/div>\n\n\n\n<div class=\"wp-block-column is-layout-flow wp-block-column-is-layout-flow\">\n<div class=\"wp-block-buttons is-content-justification-center is-layout-flex wp-container-core-buttons-is-layout-4 wp-block-buttons-is-layout-flex\">\n<div class=\"wp-block-button\"><a class=\"wp-block-button__link has-white-color has-text-color has-background wp-element-button\" href=\"https:\/\/dev.baudouin.com\/es\/unase-a-nuestra-red-de-socios\/\" style=\"border-radius:0px;background-color:#001e61\">\u00danase a nuestra red de socios<\/a><\/div>\n<\/div>\n<\/div>\n\n\n\n<div class=\"wp-block-column is-layout-flow wp-block-column-is-layout-flow\">\n<div class=\"wp-block-buttons is-content-justification-center is-layout-flex wp-container-core-buttons-is-layout-5 wp-block-buttons-is-layout-flex\">\n<div class=\"wp-block-button\"><a class=\"wp-block-button__link has-white-color has-text-color has-background wp-element-button\" href=\"https:\/\/share.hsforms.com\/1DK0tWdzSTmGmwkjp8PVmfw4d8ee\" style=\"border-radius:0px;background-color:#001e61\">Hacer una reclamaci\u00f3n<\/a><\/div>\n<\/div>\n<\/div>\n<\/div>\n<\/div>\n<\/div>\n\n\n\n<h2 class=\"wp-block-heading has-text-align-center has-text-color\" id=\"contacte-con-nosotros\" style=\"color:#001e61;font-size:35px\">CONTACTE CON NOSOTROS<\/h2>\n\n\n\n<div class=\"wp-block-group contact-block max-w-[1120px] ghostkit-custom-ZsAMvh is-layout-constrained wp-container-core-group-is-layout-3 wp-block-group-is-layout-constrained\" style=\"padding-top:var(--wp--preset--spacing--80);padding-right:var(--wp--preset--spacing--80);padding-bottom:var(--wp--preset--spacing--80);padding-left:var(--wp--preset--spacing--80)\">\n<p class=\"ghostkit-custom-Z22sJvJ\">Nos dedicamos a proporcionar a nuestros clientes el mejor servicio y asistencia posibles. Si tiene cualquier otra pregunta o duda, no dude en completar el siguiente formulario para contactarnos.<\/p>\n\n\n\n\n\t\t\t\t\t\t<script>\n\t\t\t\t\t\t\twindow.hsFormsOnReady = window.hsFormsOnReady || [];\n\t\t\t\t\t\t\twindow.hsFormsOnReady.push(()=>{\n\t\t\t\t\t\t\t\thbspt.forms.create({\n\t\t\t\t\t\t\t\t\tportalId: 7335878,\n\t\t\t\t\t\t\t\t\tformId: \"f0849b28-a560-4c40-b0bb-7f122dbb400f\",\n\t\t\t\t\t\t\t\t\ttarget: \"#hbspt-form-1775403766000-8171014938\",\n\t\t\t\t\t\t\t\t\tregion: \"na1\",\n\t\t\t\t\t\t\t\t\t\n\t\t\t\t\t\t\t})});\n\t\t\t\t\t\t<\/script>\n\t\t\t\t\t\t<div class=\"hbspt-form\" id=\"hbspt-form-1775403766000-8171014938\"><\/div>\n<\/div>\n\n\n","protected":false},"excerpt":{"rendered":"<p>SOLICITUDES DE MOTORES Si desea comprar un motor nuevo o tiene problemas t\u00e9cnicos, nuestra red de distribuidores, con experiencia y formaci\u00f3n, est\u00e1 aqu\u00ed para ayudarle a encontrar la combinaci\u00f3n perfecta para su&#8230;<\/p>\n","protected":false},"author":1,"featured_media":60873,"parent":0,"menu_order":0,"comment_status":"closed","ping_status":"closed","template":"","meta":{"_acf_changed":false,"content-type":"","ghostkit_customizer_options":"","ghostkit_custom_css":"","ghostkit_custom_js_head":"","ghostkit_custom_js_foot":"","ghostkit_typography":"","two_page_speed":[],"footnotes":""},"class_list":["post-62066","page","type-page","status-publish","has-post-thumbnail","hentry"],"acf":[],"yoast_head":"<!-- This site is optimized with the Yoast SEO plugin v26.8 - https:\/\/yoast.com\/product\/yoast-seo-wordpress\/ -->\n<title>Contacto - Baudouin<\/title>\n<meta name=\"description\" content=\"At Baudouin, we are committed to providing our customers with dedicated service and support through our wide network.\" \/>\n<meta name=\"robots\" content=\"index, follow, max-snippet:-1, max-image-preview:large, max-video-preview:-1\" \/>\n<link rel=\"canonical\" href=\"https:\/\/dev.baudouin.com\/es\/contact\/\" \/>\n<meta property=\"og:locale\" content=\"es_ES\" \/>\n<meta property=\"og:type\" content=\"article\" \/>\n<meta property=\"og:title\" content=\"Contacto - Baudouin\" \/>\n<meta property=\"og:description\" content=\"At Baudouin, we are committed to providing our customers with dedicated service and support through our wide network.\" \/>\n<meta property=\"og:url\" content=\"https:\/\/dev.baudouin.com\/es\/contact\/\" \/>\n<meta property=\"og:site_name\" content=\"Baudouin\" \/>\n<meta property=\"article:modified_time\" content=\"2025-06-23T14:15:22+00:00\" \/>\n<meta property=\"og:image\" content=\"https:\/\/dev.baudouin.com\/wp-content\/uploads\/2023\/10\/moteurs-baudouin-contact-mobile-header.jpg\" \/>\n\t<meta property=\"og:image:width\" content=\"1000\" \/>\n\t<meta property=\"og:image:height\" content=\"1000\" \/>\n\t<meta property=\"og:image:type\" content=\"image\/jpeg\" \/>\n<meta name=\"twitter:card\" content=\"summary_large_image\" \/>\n<meta name=\"twitter:label1\" content=\"Tiempo de lectura\" \/>\n\t<meta name=\"twitter:data1\" content=\"5 minutos\" \/>\n<script type=\"application\/ld+json\" class=\"yoast-schema-graph\">{\"@context\":\"https:\/\/schema.org\",\"@graph\":[{\"@type\":\"WebPage\",\"@id\":\"https:\/\/dev.baudouin.com\/es\/contact\/\",\"url\":\"https:\/\/dev.baudouin.com\/es\/contact\/\",\"name\":\"Contacto - Baudouin\",\"isPartOf\":{\"@id\":\"https:\/\/dev.baudouin.com\/#website\"},\"primaryImageOfPage\":{\"@id\":\"https:\/\/dev.baudouin.com\/es\/contact\/#primaryimage\"},\"image\":{\"@id\":\"https:\/\/dev.baudouin.com\/es\/contact\/#primaryimage\"},\"thumbnailUrl\":\"https:\/\/dev.baudouin.com\/wp-content\/uploads\/2023\/10\/moteurs-baudouin-contact-mobile-header.jpg\",\"datePublished\":\"2022-11-09T15:52:32+00:00\",\"dateModified\":\"2025-06-23T14:15:22+00:00\",\"description\":\"At Baudouin, we are committed to providing our customers with dedicated service and support through our wide network.\",\"breadcrumb\":{\"@id\":\"https:\/\/dev.baudouin.com\/es\/contact\/#breadcrumb\"},\"inLanguage\":\"es\",\"potentialAction\":[{\"@type\":\"ReadAction\",\"target\":[\"https:\/\/dev.baudouin.com\/es\/contact\/\"]}]},{\"@type\":\"ImageObject\",\"inLanguage\":\"es\",\"@id\":\"https:\/\/dev.baudouin.com\/es\/contact\/#primaryimage\",\"url\":\"https:\/\/dev.baudouin.com\/wp-content\/uploads\/2023\/10\/moteurs-baudouin-contact-mobile-header.jpg\",\"contentUrl\":\"https:\/\/dev.baudouin.com\/wp-content\/uploads\/2023\/10\/moteurs-baudouin-contact-mobile-header.jpg\",\"width\":1000,\"height\":1000,\"caption\":\"Woman in a call centre.\"},{\"@type\":\"BreadcrumbList\",\"@id\":\"https:\/\/dev.baudouin.com\/es\/contact\/#breadcrumb\",\"itemListElement\":[{\"@type\":\"ListItem\",\"position\":1,\"name\":\"Home\",\"item\":\"https:\/\/dev.baudouin.com\/es\/\"},{\"@type\":\"ListItem\",\"position\":2,\"name\":\"Contacto\"}]},{\"@type\":\"WebSite\",\"@id\":\"https:\/\/dev.baudouin.com\/#website\",\"url\":\"https:\/\/dev.baudouin.com\/\",\"name\":\"Baudouin\",\"description\":\"\",\"publisher\":{\"@id\":\"https:\/\/dev.baudouin.com\/#organization\"},\"potentialAction\":[{\"@type\":\"SearchAction\",\"target\":{\"@type\":\"EntryPoint\",\"urlTemplate\":\"https:\/\/dev.baudouin.com\/?s={search_term_string}\"},\"query-input\":{\"@type\":\"PropertyValueSpecification\",\"valueRequired\":true,\"valueName\":\"search_term_string\"}}],\"inLanguage\":\"es\"},{\"@type\":\"Organization\",\"@id\":\"https:\/\/dev.baudouin.com\/#organization\",\"name\":\"Moteurs Baudouin\",\"alternateName\":\"Moteurs Baudouin\",\"url\":\"https:\/\/dev.baudouin.com\/\",\"logo\":{\"@type\":\"ImageObject\",\"inLanguage\":\"es\",\"@id\":\"https:\/\/dev.baudouin.com\/#\/schema\/logo\/image\/\",\"url\":\"https:\/\/dev.baudouin.com\/wp-content\/uploads\/2024\/12\/Moteur-Baudouin-jpg.webp\",\"contentUrl\":\"https:\/\/dev.baudouin.com\/wp-content\/uploads\/2024\/12\/Moteur-Baudouin-jpg.webp\",\"width\":150,\"height\":150,\"caption\":\"Moteurs Baudouin\"},\"image\":{\"@id\":\"https:\/\/dev.baudouin.com\/#\/schema\/logo\/image\/\"}}]}<\/script>\n<!-- \/ Yoast SEO plugin. -->","yoast_head_json":{"title":"Contacto - Baudouin","description":"At Baudouin, we are committed to providing our customers with dedicated service and support through our wide network.","robots":{"index":"index","follow":"follow","max-snippet":"max-snippet:-1","max-image-preview":"max-image-preview:large","max-video-preview":"max-video-preview:-1"},"canonical":"https:\/\/dev.baudouin.com\/es\/contact\/","og_locale":"es_ES","og_type":"article","og_title":"Contacto - Baudouin","og_description":"At Baudouin, we are committed to providing our customers with dedicated service and support through our wide network.","og_url":"https:\/\/dev.baudouin.com\/es\/contact\/","og_site_name":"Baudouin","article_modified_time":"2025-06-23T14:15:22+00:00","og_image":[{"width":1000,"height":1000,"url":"https:\/\/dev.baudouin.com\/wp-content\/uploads\/2023\/10\/moteurs-baudouin-contact-mobile-header.jpg","type":"image\/jpeg"}],"twitter_card":"summary_large_image","twitter_misc":{"Tiempo de lectura":"5 minutos"},"schema":{"@context":"https:\/\/schema.org","@graph":[{"@type":"WebPage","@id":"https:\/\/dev.baudouin.com\/es\/contact\/","url":"https:\/\/dev.baudouin.com\/es\/contact\/","name":"Contacto - Baudouin","isPartOf":{"@id":"https:\/\/dev.baudouin.com\/#website"},"primaryImageOfPage":{"@id":"https:\/\/dev.baudouin.com\/es\/contact\/#primaryimage"},"image":{"@id":"https:\/\/dev.baudouin.com\/es\/contact\/#primaryimage"},"thumbnailUrl":"https:\/\/dev.baudouin.com\/wp-content\/uploads\/2023\/10\/moteurs-baudouin-contact-mobile-header.jpg","datePublished":"2022-11-09T15:52:32+00:00","dateModified":"2025-06-23T14:15:22+00:00","description":"At Baudouin, we are committed to providing our customers with dedicated service and support through our wide network.","breadcrumb":{"@id":"https:\/\/dev.baudouin.com\/es\/contact\/#breadcrumb"},"inLanguage":"es","potentialAction":[{"@type":"ReadAction","target":["https:\/\/dev.baudouin.com\/es\/contact\/"]}]},{"@type":"ImageObject","inLanguage":"es","@id":"https:\/\/dev.baudouin.com\/es\/contact\/#primaryimage","url":"https:\/\/dev.baudouin.com\/wp-content\/uploads\/2023\/10\/moteurs-baudouin-contact-mobile-header.jpg","contentUrl":"https:\/\/dev.baudouin.com\/wp-content\/uploads\/2023\/10\/moteurs-baudouin-contact-mobile-header.jpg","width":1000,"height":1000,"caption":"Woman in a call centre."},{"@type":"BreadcrumbList","@id":"https:\/\/dev.baudouin.com\/es\/contact\/#breadcrumb","itemListElement":[{"@type":"ListItem","position":1,"name":"Home","item":"https:\/\/dev.baudouin.com\/es\/"},{"@type":"ListItem","position":2,"name":"Contacto"}]},{"@type":"WebSite","@id":"https:\/\/dev.baudouin.com\/#website","url":"https:\/\/dev.baudouin.com\/","name":"Baudouin","description":"","publisher":{"@id":"https:\/\/dev.baudouin.com\/#organization"},"potentialAction":[{"@type":"SearchAction","target":{"@type":"EntryPoint","urlTemplate":"https:\/\/dev.baudouin.com\/?s={search_term_string}"},"query-input":{"@type":"PropertyValueSpecification","valueRequired":true,"valueName":"search_term_string"}}],"inLanguage":"es"},{"@type":"Organization","@id":"https:\/\/dev.baudouin.com\/#organization","name":"Moteurs Baudouin","alternateName":"Moteurs Baudouin","url":"https:\/\/dev.baudouin.com\/","logo":{"@type":"ImageObject","inLanguage":"es","@id":"https:\/\/dev.baudouin.com\/#\/schema\/logo\/image\/","url":"https:\/\/dev.baudouin.com\/wp-content\/uploads\/2024\/12\/Moteur-Baudouin-jpg.webp","contentUrl":"https:\/\/dev.baudouin.com\/wp-content\/uploads\/2024\/12\/Moteur-Baudouin-jpg.webp","width":150,"height":150,"caption":"Moteurs Baudouin"},"image":{"@id":"https:\/\/dev.baudouin.com\/#\/schema\/logo\/image\/"}}]}},"_links":{"self":[{"href":"https:\/\/dev.baudouin.com\/es\/wp-json\/wp\/v2\/pages\/62066","targetHints":{"allow":["GET"]}}],"collection":[{"href":"https:\/\/dev.baudouin.com\/es\/wp-json\/wp\/v2\/pages"}],"about":[{"href":"https:\/\/dev.baudouin.com\/es\/wp-json\/wp\/v2\/types\/page"}],"author":[{"embeddable":true,"href":"https:\/\/dev.baudouin.com\/es\/wp-json\/wp\/v2\/users\/1"}],"replies":[{"embeddable":true,"href":"https:\/\/dev.baudouin.com\/es\/wp-json\/wp\/v2\/comments?post=62066"}],"version-history":[{"count":18,"href":"https:\/\/dev.baudouin.com\/es\/wp-json\/wp\/v2\/pages\/62066\/revisions"}],"predecessor-version":[{"id":78463,"href":"https:\/\/dev.baudouin.com\/es\/wp-json\/wp\/v2\/pages\/62066\/revisions\/78463"}],"wp:featuredmedia":[{"embeddable":true,"href":"https:\/\/dev.baudouin.com\/es\/wp-json\/wp\/v2\/media\/60873"}],"wp:attachment":[{"href":"https:\/\/dev.baudouin.com\/es\/wp-json\/wp\/v2\/media?parent=62066"}],"curies":[{"name":"wp","href":"https:\/\/api.w.org\/{rel}","templated":true}]}}