{"id":62056,"date":"2023-09-21T09:59:13","date_gmt":"2023-09-21T09:59:13","guid":{"rendered":"https:\/\/dev.baudouin.com\/media-library\/"},"modified":"2024-02-21T09:29:40","modified_gmt":"2024-02-21T09:29:40","slug":"media-library","status":"publish","type":"page","link":"https:\/\/dev.baudouin.com\/es\/media-library\/","title":{"rendered":"Biblioteca De Medios"},"content":{"rendered":"<style>\n    .page-hero {\n        background-image:linear-gradient(rgba(0, 0, 0, 0.25), rgba(0, 0, 0, 0.25)), url('https:\/\/dev.baudouin.com\/wp-content\/uploads\/2023\/10\/moteurs-baudouin-media-library-mobile-header.jpg');\n        background-repeat: no-repeat;\n    }\n    p, h2 {\n        color: #fff;\n    }\n    @media screen and (min-width: 768px) {\n        .page-hero {\n        background-image:linear-gradient(rgba(0, 0, 0, 0.25), rgba(0, 0, 0, 0.25)), url('https:\/\/dev.baudouin.com\/wp-content\/uploads\/2023\/10\/moteurs-baudouin-media-library-desktop-header.jpg');\n    }\n    }\n<\/style>\n<section id=\"page-hero-block_a2c3da1cecc24f5875b7521ec18fe99f\" class=\"page-hero py-[85px] lg:py-[100px] xl:pt-[100px] xl:pb-[242px] bg-dark-blue \">\n        <div class=\"hero-container mx-auto my-0 md:max-w-[1920px]\">\n        \n            \n        \n        <div class=\"page-hero__container flex flex-col-reverse md:flex-row lg:justify-between\">\n            <div class=\"page-hero__container--left text-center text-white lg:text-left\">\n                                    <div class=\"page-hero__container--left__breadcrumbs mb-7 lg:mb-[32px]\">\n                        <p id=\"breadcrumbs\" class=\"text-xsm text-white leading-5 font-semibold uppercase\"><span><span><a href=\"https:\/\/dev.baudouin.com\/es\/\">Home<\/a><\/span><\/span><\/p>                    <\/div>\n                                <h1 class=\"text-white  mb-[12px] uppercase font-bold md:mb-2.5 lg:mb-[33px]\">BIBLIOTECA DE MEDIOS<\/h1>\n                <!-- <p class=\"text-gray-form leading-[21px] w-full md:text-sm md:leading-6 md:max-w-[564px]\"><p>Descubra las \u00faltimas innovaciones y proyectos de Baudouin Motors en nuestros comunicados y dossieres de prensa.<\/p>\n<\/p> -->\n                <p>Descubra las \u00faltimas innovaciones y proyectos de Baudouin Motors en nuestros comunicados y dossieres de prensa.<\/p>\n            <\/div>\n           \n            \n        <\/div>\n\n    <\/div>\n<\/section>\n\n\n<div class=\"wp-block-group is-layout-constrained wp-block-group-is-layout-constrained\">\n<div class=\"wp-block-columns ghostkit-custom-sVqsK is-layout-flex wp-container-core-columns-is-layout-1 wp-block-columns-is-layout-flex\">\n<div class=\"wp-block-column ghostkit-custom-2r3t2a is-layout-flow wp-block-column-is-layout-flow\">\n<h2 class=\"wp-block-heading has-text-align-left ghostkit-custom-2pSTlk has-text-color\" id=\"dossier-de-prensa\" style=\"color:#001e61;font-size:40px\">DOSSIER DE PRENSA<\/h2>\n\n\n\n<p class=\"has-text-align-left ghostkit-custom-118QJ6\">Periodistas o profesionales de la prensa, mant\u00e9nganse informados con nuestros dossieres de prensa. Le dar\u00e1n una visi\u00f3n completa de nuestras empresas, productos, servicios e iniciativas.<\/p>\n<\/div>\n\n\n\n<div class=\"wp-block-column ghostkit-custom-Z2wBDMB is-layout-flow wp-block-column-is-layout-flow\">\n<figure class=\"wp-block-image aligncenter size-large\"><img loading=\"lazy\" decoding=\"async\" width=\"1024\" height=\"441\" src=\"https:\/\/dev.baudouin.com\/wp-content\/uploads\/2023\/10\/moteurs-baudouin-mee-2023-press-pack-pages-1024x441.jpg\" alt=\"\" class=\"wp-image-60848\" style=\"object-fit:cover\" srcset=\"https:\/\/dev.baudouin.com\/wp-content\/uploads\/2023\/10\/moteurs-baudouin-mee-2023-press-pack-pages-1024x441.jpg 1024w, https:\/\/dev.baudouin.com\/wp-content\/uploads\/2023\/10\/moteurs-baudouin-mee-2023-press-pack-pages-300x129.jpg 300w, https:\/\/dev.baudouin.com\/wp-content\/uploads\/2023\/10\/moteurs-baudouin-mee-2023-press-pack-pages-768x331.jpg 768w, https:\/\/dev.baudouin.com\/wp-content\/uploads\/2023\/10\/moteurs-baudouin-mee-2023-press-pack-pages.jpg 1500w\" sizes=\"auto, (max-width: 1024px) 100vw, 1024px\" \/><\/figure>\n<\/div>\n<\/div>\n<\/div>\n\n\n\n<div class=\"wp-block-group ghostkit-custom-24aoT4 is-layout-flow wp-block-group-is-layout-flow\">\n<h2 class=\"wp-block-heading has-text-align-center ghostkit-custom-Z237IlF has-text-color\" id=\"powertrain-diesel-july-2023\" style=\"color:#001e61;font-size:40px\">PRENSA Y MEDIOS DE COMUNICACI\u00d3N<\/h2>\n\n\n\n<div class=\"wp-block-columns is-layout-flex wp-container-core-columns-is-layout-2 wp-block-columns-is-layout-flex\">\n<div class=\"wp-block-column ghostkit-custom-1LIVGE is-layout-flow wp-block-column-is-layout-flow\">\n<figure class=\"wp-block-image aligncenter size-full ghostkit-custom-Z3niQl is-style-default\"><img loading=\"lazy\" decoding=\"async\" width=\"1000\" height=\"727\" src=\"https:\/\/dev.baudouin.com\/wp-content\/uploads\/2023\/10\/moteurs-baudouin-press-pack-2023-24-d.jpg\" alt=\"\" class=\"wp-image-60856\" srcset=\"https:\/\/dev.baudouin.com\/wp-content\/uploads\/2023\/10\/moteurs-baudouin-press-pack-2023-24-d.jpg 1000w, https:\/\/dev.baudouin.com\/wp-content\/uploads\/2023\/10\/moteurs-baudouin-press-pack-2023-24-d-300x218.jpg 300w, https:\/\/dev.baudouin.com\/wp-content\/uploads\/2023\/10\/moteurs-baudouin-press-pack-2023-24-d-768x558.jpg 768w\" sizes=\"auto, (max-width: 1000px) 100vw, 1000px\" \/><\/figure>\n\n\n\n<h2 class=\"wp-block-heading has-text-align-center ghostkit-custom-1uVoNy has-text-color\" id=\"powertrain-diesel-july-2023\" style=\"color:#001e61;font-size:18px\">DOSSIER DE PRENSA BAUDOUIN 2023\/24<\/h2>\n\n\n\n<div class=\"wp-block-buttons is-content-justification-center is-layout-flex wp-container-core-buttons-is-layout-1 wp-block-buttons-is-layout-flex\">\n<div class=\"wp-block-button ghostkit-custom-1JueRw\"><a class=\"wp-block-button__link has-white-color has-text-color has-background wp-element-button\" href=\"\/wp-content\/uploads\/2023\/10\/10601_MB_2023-4_Press_Pack_revE2.pdf\" style=\"border-radius:0px;background-color:#001e61\" target=\"_blank\" rel=\"noreferrer noopener\">DESCARGAR<\/a><\/div>\n<\/div>\n<\/div>\n\n\n\n<div class=\"wp-block-column is-layout-flow wp-block-column-is-layout-flow\">\n<figure class=\"wp-block-image aligncenter size-full ghostkit-custom-1Kh6fB\"><img loading=\"lazy\" decoding=\"async\" width=\"1000\" height=\"727\" src=\"https:\/\/dev.baudouin.com\/wp-content\/uploads\/2023\/10\/moteurs-baudouin-mee-2023-press-pack.jpg\" alt=\"\" class=\"wp-image-60852\" srcset=\"https:\/\/dev.baudouin.com\/wp-content\/uploads\/2023\/10\/moteurs-baudouin-mee-2023-press-pack.jpg 1000w, https:\/\/dev.baudouin.com\/wp-content\/uploads\/2023\/10\/moteurs-baudouin-mee-2023-press-pack-300x218.jpg 300w, https:\/\/dev.baudouin.com\/wp-content\/uploads\/2023\/10\/moteurs-baudouin-mee-2023-press-pack-768x558.jpg 768w\" sizes=\"auto, (max-width: 1000px) 100vw, 1000px\" \/><\/figure>\n\n\n\n<h2 class=\"wp-block-heading has-text-align-center ghostkit-custom-LQR5T has-text-color\" id=\"the-baudouin-global-service-network\" style=\"color:#001e61;font-size:18px\">MIDDLE EAST ENERGY 2023 DOSSIER DE PRENSA<\/h2>\n\n\n\n<div class=\"wp-block-buttons is-content-justification-center is-layout-flex wp-container-core-buttons-is-layout-2 wp-block-buttons-is-layout-flex\">\n<div class=\"wp-block-button ghostkit-custom-H0iCE\"><a class=\"wp-block-button__link has-white-color has-text-color has-background wp-element-button\" href=\"\/wp-content\/uploads\/2023\/10\/10670_MB_MEE_2023_Press_Pack_RevE.pdf\" style=\"border-radius:0px;background-color:#001e61\" target=\"_blank\" rel=\"noreferrer noopener\">DESCARGAR<\/a><\/div>\n<\/div>\n<\/div>\n\n\n\n<div class=\"wp-block-column is-layout-flow wp-block-column-is-layout-flow\">\n<figure class=\"wp-block-image aligncenter size-full ghostkit-custom-Z15yc8X\"><img loading=\"lazy\" decoding=\"async\" width=\"1000\" height=\"727\" src=\"https:\/\/dev.baudouin.com\/wp-content\/uploads\/2023\/10\/moteurs-baudouin-6f21-press-pack.jpg\" alt=\"\" class=\"wp-image-60836\" srcset=\"https:\/\/dev.baudouin.com\/wp-content\/uploads\/2023\/10\/moteurs-baudouin-6f21-press-pack.jpg 1000w, https:\/\/dev.baudouin.com\/wp-content\/uploads\/2023\/10\/moteurs-baudouin-6f21-press-pack-300x218.jpg 300w, https:\/\/dev.baudouin.com\/wp-content\/uploads\/2023\/10\/moteurs-baudouin-6f21-press-pack-768x558.jpg 768w\" sizes=\"auto, (max-width: 1000px) 100vw, 1000px\" \/><\/figure>\n\n\n\n<h2 class=\"wp-block-heading has-text-align-center ghostkit-custom-14mAk3 has-text-color\" id=\"middle-east-energy-2023\" style=\"color:#001e61;font-size:18px\">MIDDLE EAST ENERGY 2023<\/h2>\n\n\n\n<div class=\"wp-block-buttons is-content-justification-center is-layout-flex wp-container-core-buttons-is-layout-3 wp-block-buttons-is-layout-flex\">\n<div class=\"wp-block-button ghostkit-custom-29YR6D\"><a class=\"wp-block-button__link has-white-color has-text-color has-background wp-element-button\" href=\"\/wp-content\/uploads\/2023\/10\/10341_6F21_Press_Pack_revE.pdf\" style=\"border-radius:0px;background-color:#001e61\" target=\"_blank\" rel=\"noreferrer noopener\">DESCARGAR<\/a><\/div>\n<\/div>\n<\/div>\n<\/div>\n<\/div>\n\n\n\n<div class=\"wp-block-cover aligncenter ghostkit-custom-1uzAkj\"><span aria-hidden=\"true\" class=\"wp-block-cover__background has-background-dim-40 has-background-dim\"><\/span><img loading=\"lazy\" decoding=\"async\" width=\"2500\" height=\"1000\" class=\"wp-block-cover__image-background wp-image-60161\" alt=\"\" src=\"https:\/\/dev.baudouin.com\/wp-content\/uploads\/2023\/10\/moteurs-baudouin-we-are-baudouin.jpg\" data-object-fit=\"cover\" srcset=\"https:\/\/dev.baudouin.com\/wp-content\/uploads\/2023\/10\/moteurs-baudouin-we-are-baudouin.jpg 2500w, https:\/\/dev.baudouin.com\/wp-content\/uploads\/2023\/10\/moteurs-baudouin-we-are-baudouin-300x120.jpg 300w, https:\/\/dev.baudouin.com\/wp-content\/uploads\/2023\/10\/moteurs-baudouin-we-are-baudouin-1024x410.jpg 1024w, https:\/\/dev.baudouin.com\/wp-content\/uploads\/2023\/10\/moteurs-baudouin-we-are-baudouin-768x307.jpg 768w, https:\/\/dev.baudouin.com\/wp-content\/uploads\/2023\/10\/moteurs-baudouin-we-are-baudouin-1536x614.jpg 1536w, https:\/\/dev.baudouin.com\/wp-content\/uploads\/2023\/10\/moteurs-baudouin-we-are-baudouin-2048x819.jpg 2048w\" sizes=\"auto, (max-width: 2500px) 100vw, 2500px\" \/><div class=\"wp-block-cover__inner-container is-layout-flow wp-block-cover-is-layout-flow\">\n<h5 class=\"wp-block-heading has-text-align-center ghostkit-custom-ipn7X has-white-color has-text-color\" id=\"become-a-trusted-partner-1\">SOMOS BAUDOUIN<\/h5>\n\n\n\n<p class=\"has-text-align-center ghostkit-custom-1R8W09 has-white-color has-text-color\">Baudouin proporciona soluciones innovadoras, fiables y sostenibles para la industria marina y la generaci\u00f3n de energ\u00eda y est\u00e1 comprometido con la satisfacci\u00f3n del cliente, el cuidado del medio ambiente y una tecnolog\u00eda punta.<\/p>\n\n\n\n<div class=\"wp-block-buttons is-content-justification-center is-layout-flex wp-container-core-buttons-is-layout-4 wp-block-buttons-is-layout-flex\">\n<div class=\"wp-block-button\"><a class=\"wp-block-button__link has-white-background-color has-text-color has-background wp-element-button\" href=\"\/es\/our-company\/\" style=\"border-radius:0px;color:#706f6f\">QUIENES SOMOS<\/a><\/div>\n<\/div>\n<\/div><\/div>\n","protected":false},"excerpt":{"rendered":"<p>DOSSIER DE PRENSA Periodistas o profesionales de la prensa, mant\u00e9nganse informados con nuestros dossieres de prensa. Le dar\u00e1n una visi\u00f3n completa de nuestras empresas, productos, servicios e iniciativas. PRENSA Y MEDIOS DE&#8230;<\/p>\n","protected":false},"author":1,"featured_media":60847,"parent":0,"menu_order":0,"comment_status":"closed","ping_status":"closed","template":"","meta":{"_acf_changed":false,"content-type":"","ghostkit_customizer_options":"","ghostkit_custom_css":"","ghostkit_custom_js_head":"","ghostkit_custom_js_foot":"","ghostkit_typography":"","two_page_speed":[],"footnotes":""},"class_list":["post-62056","page","type-page","status-publish","has-post-thumbnail","hentry"],"acf":[],"yoast_head":"<!-- This site is optimized with the Yoast SEO plugin v26.8 - https:\/\/yoast.com\/product\/yoast-seo-wordpress\/ -->\n<title>Biblioteca De Medios - Baudouin<\/title>\n<meta name=\"description\" content=\"Explore the latest updates, news, and valuable resources that provide insight into Baudouin&#039;s innovations and accomplishments.\" \/>\n<meta name=\"robots\" content=\"index, follow, max-snippet:-1, max-image-preview:large, max-video-preview:-1\" \/>\n<link rel=\"canonical\" href=\"https:\/\/dev.baudouin.com\/es\/media-library\/\" \/>\n<meta property=\"og:locale\" content=\"es_ES\" \/>\n<meta property=\"og:type\" content=\"article\" \/>\n<meta property=\"og:title\" content=\"Biblioteca De Medios - Baudouin\" \/>\n<meta property=\"og:description\" content=\"Explore the latest updates, news, and valuable resources that provide insight into Baudouin&#039;s innovations and accomplishments.\" \/>\n<meta property=\"og:url\" content=\"https:\/\/dev.baudouin.com\/es\/media-library\/\" \/>\n<meta property=\"og:site_name\" content=\"Baudouin\" \/>\n<meta property=\"article:modified_time\" content=\"2024-02-21T09:29:40+00:00\" \/>\n<meta property=\"og:image\" content=\"https:\/\/dev.baudouin.com\/wp-content\/uploads\/2023\/10\/moteurs-baudouin-media-library-mobile-header.jpg\" \/>\n\t<meta property=\"og:image:width\" content=\"1000\" \/>\n\t<meta property=\"og:image:height\" content=\"1000\" \/>\n\t<meta property=\"og:image:type\" content=\"image\/jpeg\" \/>\n<meta name=\"twitter:card\" content=\"summary_large_image\" \/>\n<meta name=\"twitter:label1\" content=\"Tiempo de lectura\" \/>\n\t<meta name=\"twitter:data1\" content=\"2 minutos\" \/>\n<script type=\"application\/ld+json\" class=\"yoast-schema-graph\">{\"@context\":\"https:\/\/schema.org\",\"@graph\":[{\"@type\":\"WebPage\",\"@id\":\"https:\/\/dev.baudouin.com\/es\/media-library\/\",\"url\":\"https:\/\/dev.baudouin.com\/es\/media-library\/\",\"name\":\"Biblioteca De Medios - Baudouin\",\"isPartOf\":{\"@id\":\"https:\/\/dev.baudouin.com\/#website\"},\"primaryImageOfPage\":{\"@id\":\"https:\/\/dev.baudouin.com\/es\/media-library\/#primaryimage\"},\"image\":{\"@id\":\"https:\/\/dev.baudouin.com\/es\/media-library\/#primaryimage\"},\"thumbnailUrl\":\"https:\/\/dev.baudouin.com\/wp-content\/uploads\/2023\/10\/moteurs-baudouin-media-library-mobile-header.jpg\",\"datePublished\":\"2023-09-21T09:59:13+00:00\",\"dateModified\":\"2024-02-21T09:29:40+00:00\",\"description\":\"Explore the latest updates, news, and valuable resources that provide insight into Baudouin's innovations and accomplishments.\",\"breadcrumb\":{\"@id\":\"https:\/\/dev.baudouin.com\/es\/media-library\/#breadcrumb\"},\"inLanguage\":\"es\",\"potentialAction\":[{\"@type\":\"ReadAction\",\"target\":[\"https:\/\/dev.baudouin.com\/es\/media-library\/\"]}]},{\"@type\":\"ImageObject\",\"inLanguage\":\"es\",\"@id\":\"https:\/\/dev.baudouin.com\/es\/media-library\/#primaryimage\",\"url\":\"https:\/\/dev.baudouin.com\/wp-content\/uploads\/2023\/10\/moteurs-baudouin-media-library-mobile-header.jpg\",\"contentUrl\":\"https:\/\/dev.baudouin.com\/wp-content\/uploads\/2023\/10\/moteurs-baudouin-media-library-mobile-header.jpg\",\"width\":1000,\"height\":1000,\"caption\":\"Six various icons on a laptop screen.\"},{\"@type\":\"BreadcrumbList\",\"@id\":\"https:\/\/dev.baudouin.com\/es\/media-library\/#breadcrumb\",\"itemListElement\":[{\"@type\":\"ListItem\",\"position\":1,\"name\":\"Home\",\"item\":\"https:\/\/dev.baudouin.com\/es\/\"},{\"@type\":\"ListItem\",\"position\":2,\"name\":\"Biblioteca De Medios\"}]},{\"@type\":\"WebSite\",\"@id\":\"https:\/\/dev.baudouin.com\/#website\",\"url\":\"https:\/\/dev.baudouin.com\/\",\"name\":\"Baudouin\",\"description\":\"\",\"publisher\":{\"@id\":\"https:\/\/dev.baudouin.com\/#organization\"},\"potentialAction\":[{\"@type\":\"SearchAction\",\"target\":{\"@type\":\"EntryPoint\",\"urlTemplate\":\"https:\/\/dev.baudouin.com\/?s={search_term_string}\"},\"query-input\":{\"@type\":\"PropertyValueSpecification\",\"valueRequired\":true,\"valueName\":\"search_term_string\"}}],\"inLanguage\":\"es\"},{\"@type\":\"Organization\",\"@id\":\"https:\/\/dev.baudouin.com\/#organization\",\"name\":\"Moteurs Baudouin\",\"alternateName\":\"Moteurs Baudouin\",\"url\":\"https:\/\/dev.baudouin.com\/\",\"logo\":{\"@type\":\"ImageObject\",\"inLanguage\":\"es\",\"@id\":\"https:\/\/dev.baudouin.com\/#\/schema\/logo\/image\/\",\"url\":\"https:\/\/dev.baudouin.com\/wp-content\/uploads\/2024\/12\/Moteur-Baudouin-jpg.webp\",\"contentUrl\":\"https:\/\/dev.baudouin.com\/wp-content\/uploads\/2024\/12\/Moteur-Baudouin-jpg.webp\",\"width\":150,\"height\":150,\"caption\":\"Moteurs Baudouin\"},\"image\":{\"@id\":\"https:\/\/dev.baudouin.com\/#\/schema\/logo\/image\/\"}}]}<\/script>\n<!-- \/ Yoast SEO plugin. -->","yoast_head_json":{"title":"Biblioteca De Medios - Baudouin","description":"Explore the latest updates, news, and valuable resources that provide insight into Baudouin's innovations and accomplishments.","robots":{"index":"index","follow":"follow","max-snippet":"max-snippet:-1","max-image-preview":"max-image-preview:large","max-video-preview":"max-video-preview:-1"},"canonical":"https:\/\/dev.baudouin.com\/es\/media-library\/","og_locale":"es_ES","og_type":"article","og_title":"Biblioteca De Medios - Baudouin","og_description":"Explore the latest updates, news, and valuable resources that provide insight into Baudouin's innovations and accomplishments.","og_url":"https:\/\/dev.baudouin.com\/es\/media-library\/","og_site_name":"Baudouin","article_modified_time":"2024-02-21T09:29:40+00:00","og_image":[{"width":1000,"height":1000,"url":"https:\/\/dev.baudouin.com\/wp-content\/uploads\/2023\/10\/moteurs-baudouin-media-library-mobile-header.jpg","type":"image\/jpeg"}],"twitter_card":"summary_large_image","twitter_misc":{"Tiempo de lectura":"2 minutos"},"schema":{"@context":"https:\/\/schema.org","@graph":[{"@type":"WebPage","@id":"https:\/\/dev.baudouin.com\/es\/media-library\/","url":"https:\/\/dev.baudouin.com\/es\/media-library\/","name":"Biblioteca De Medios - Baudouin","isPartOf":{"@id":"https:\/\/dev.baudouin.com\/#website"},"primaryImageOfPage":{"@id":"https:\/\/dev.baudouin.com\/es\/media-library\/#primaryimage"},"image":{"@id":"https:\/\/dev.baudouin.com\/es\/media-library\/#primaryimage"},"thumbnailUrl":"https:\/\/dev.baudouin.com\/wp-content\/uploads\/2023\/10\/moteurs-baudouin-media-library-mobile-header.jpg","datePublished":"2023-09-21T09:59:13+00:00","dateModified":"2024-02-21T09:29:40+00:00","description":"Explore the latest updates, news, and valuable resources that provide insight into Baudouin's innovations and accomplishments.","breadcrumb":{"@id":"https:\/\/dev.baudouin.com\/es\/media-library\/#breadcrumb"},"inLanguage":"es","potentialAction":[{"@type":"ReadAction","target":["https:\/\/dev.baudouin.com\/es\/media-library\/"]}]},{"@type":"ImageObject","inLanguage":"es","@id":"https:\/\/dev.baudouin.com\/es\/media-library\/#primaryimage","url":"https:\/\/dev.baudouin.com\/wp-content\/uploads\/2023\/10\/moteurs-baudouin-media-library-mobile-header.jpg","contentUrl":"https:\/\/dev.baudouin.com\/wp-content\/uploads\/2023\/10\/moteurs-baudouin-media-library-mobile-header.jpg","width":1000,"height":1000,"caption":"Six various icons on a laptop screen."},{"@type":"BreadcrumbList","@id":"https:\/\/dev.baudouin.com\/es\/media-library\/#breadcrumb","itemListElement":[{"@type":"ListItem","position":1,"name":"Home","item":"https:\/\/dev.baudouin.com\/es\/"},{"@type":"ListItem","position":2,"name":"Biblioteca De Medios"}]},{"@type":"WebSite","@id":"https:\/\/dev.baudouin.com\/#website","url":"https:\/\/dev.baudouin.com\/","name":"Baudouin","description":"","publisher":{"@id":"https:\/\/dev.baudouin.com\/#organization"},"potentialAction":[{"@type":"SearchAction","target":{"@type":"EntryPoint","urlTemplate":"https:\/\/dev.baudouin.com\/?s={search_term_string}"},"query-input":{"@type":"PropertyValueSpecification","valueRequired":true,"valueName":"search_term_string"}}],"inLanguage":"es"},{"@type":"Organization","@id":"https:\/\/dev.baudouin.com\/#organization","name":"Moteurs Baudouin","alternateName":"Moteurs Baudouin","url":"https:\/\/dev.baudouin.com\/","logo":{"@type":"ImageObject","inLanguage":"es","@id":"https:\/\/dev.baudouin.com\/#\/schema\/logo\/image\/","url":"https:\/\/dev.baudouin.com\/wp-content\/uploads\/2024\/12\/Moteur-Baudouin-jpg.webp","contentUrl":"https:\/\/dev.baudouin.com\/wp-content\/uploads\/2024\/12\/Moteur-Baudouin-jpg.webp","width":150,"height":150,"caption":"Moteurs Baudouin"},"image":{"@id":"https:\/\/dev.baudouin.com\/#\/schema\/logo\/image\/"}}]}},"_links":{"self":[{"href":"https:\/\/dev.baudouin.com\/es\/wp-json\/wp\/v2\/pages\/62056","targetHints":{"allow":["GET"]}}],"collection":[{"href":"https:\/\/dev.baudouin.com\/es\/wp-json\/wp\/v2\/pages"}],"about":[{"href":"https:\/\/dev.baudouin.com\/es\/wp-json\/wp\/v2\/types\/page"}],"author":[{"embeddable":true,"href":"https:\/\/dev.baudouin.com\/es\/wp-json\/wp\/v2\/users\/1"}],"replies":[{"embeddable":true,"href":"https:\/\/dev.baudouin.com\/es\/wp-json\/wp\/v2\/comments?post=62056"}],"version-history":[{"count":0,"href":"https:\/\/dev.baudouin.com\/es\/wp-json\/wp\/v2\/pages\/62056\/revisions"}],"wp:featuredmedia":[{"embeddable":true,"href":"https:\/\/dev.baudouin.com\/es\/wp-json\/wp\/v2\/media\/60847"}],"wp:attachment":[{"href":"https:\/\/dev.baudouin.com\/es\/wp-json\/wp\/v2\/media?parent=62056"}],"curies":[{"name":"wp","href":"https:\/\/api.w.org\/{rel}","templated":true}]}}