{"id":61984,"date":"2022-11-09T15:50:55","date_gmt":"2022-11-09T15:50:55","guid":{"rendered":"https:\/\/dev.baudouin.com\/powergen-solutions\/"},"modified":"2025-04-01T09:33:21","modified_gmt":"2025-04-01T09:33:21","slug":"powergen-solutions","status":"publish","type":"page","link":"https:\/\/dev.baudouin.com\/es\/powergen-solutions\/","title":{"rendered":"Soluciones Powergen"},"content":{"rendered":"<style>\n    .page-hero {\n        background-image:linear-gradient(rgba(0, 0, 0, 0.25), rgba(0, 0, 0, 0.25)), url('https:\/\/dev.baudouin.com\/wp-content\/uploads\/2023\/10\/moteurs-baudouin-powergen-solutions-mobile-header.jpg');\n        background-repeat: no-repeat;\n    }\n    p, h2 {\n        color: #fff;\n    }\n    @media screen and (min-width: 768px) {\n        .page-hero {\n        background-image:linear-gradient(rgba(0, 0, 0, 0.25), rgba(0, 0, 0, 0.25)), url('https:\/\/dev.baudouin.com\/wp-content\/uploads\/2023\/10\/moteurs-baudouin-powergen-solutions-desktop-header.jpg');\n    }\n    }\n<\/style>\n<section id=\"page-hero-block_d7a68b7bedcc7a527f97d9f6b459e8aa\" class=\"page-hero py-[85px] lg:py-[100px] xl:pt-[100px] xl:pb-[242px] bg-dark-blue \">\n        <div class=\"hero-container mx-auto my-0 md:max-w-[1920px]\">\n        \n            \n        \n        <div class=\"page-hero__container flex flex-col-reverse md:flex-row lg:justify-between\">\n            <div class=\"page-hero__container--left text-center text-white lg:text-left\">\n                                    <div class=\"page-hero__container--left__breadcrumbs mb-7 lg:mb-[32px]\">\n                        <p id=\"breadcrumbs\" class=\"text-xsm text-white leading-5 font-semibold uppercase\"><span><span><a href=\"https:\/\/dev.baudouin.com\/es\/\">Home<\/a><\/span><\/span><\/p>                    <\/div>\n                                <h1 class=\"text-white  mb-[12px] uppercase font-bold md:mb-2.5 lg:mb-[33px]\">Soluciones Powergen Baudouin<\/h1>\n                <!-- <p class=\"text-gray-form leading-[21px] w-full md:text-sm md:leading-6 md:max-w-[564px]\"><p>Desde 1918, Baudouin se ha forjado una reputaci\u00f3n de calidad y fiabilidad. Hoy en d\u00eda, la marca se enorgullece de ofrecer la gama m\u00e1s amplia de soluciones Powergen en Di\u00e9sel y Gas disponible en el mercado. En Soluciones Powergen, los motores de gas Baudouin, con potencias de 63 a 1750 kVA, son el complemento ideal para la generaci\u00f3n de energ\u00eda renovable.<\/p>\n<\/p> -->\n                <p>Desde 1918, Baudouin se ha forjado una reputaci\u00f3n de calidad y fiabilidad. Hoy en d\u00eda, la marca se enorgullece de ofrecer la gama m\u00e1s amplia de soluciones Powergen en Di\u00e9sel y Gas disponible en el mercado. En Soluciones Powergen, los motores de gas Baudouin, con potencias de 63 a 1750 kVA, son el complemento ideal para la generaci\u00f3n de energ\u00eda renovable.<\/p>\n            <\/div>\n           \n            \n        <\/div>\n\n    <\/div>\n<\/section>\n\n\n<div class=\"wp-block-group alignfull is-layout-constrained wp-block-group-is-layout-constrained\"><\/div>\n\n\n\n<div class=\"wp-block-group ghostkit-custom-2qqkUG is-layout-flow wp-block-group-is-layout-flow\">\n<div class=\"wp-block-columns is-layout-flex wp-container-core-columns-is-layout-1 wp-block-columns-is-layout-flex\">\n<div class=\"wp-block-column ghostkit-custom-Z1ED32T is-layout-flow wp-block-column-is-layout-flow\">\n<div class=\"wp-block-cover has-custom-content-position is-position-bottom-center ghostkit-custom-Z1CPRwD\"><span aria-hidden=\"true\" class=\"wp-block-cover__background has-background-dim-30 has-background-dim\" style=\"background-color:#40585d\"><\/span><img data-dominant-color=\"35494f\" data-has-transparency=\"false\" style=\"--dominant-color: #35494f;\" loading=\"lazy\" decoding=\"async\" width=\"2560\" height=\"1440\" class=\"wp-block-cover__image-background wp-image-76948 not-transparent\" alt=\"Soluciones powergen de grupo electrogenos. \" src=\"https:\/\/dev.baudouin.com\/wp-content\/uploads\/2025\/03\/DC-Gensets-scaled.webp\" data-object-fit=\"cover\" srcset=\"https:\/\/dev.baudouin.com\/wp-content\/uploads\/2025\/03\/DC-Gensets-scaled.webp 2560w, https:\/\/dev.baudouin.com\/wp-content\/uploads\/2025\/03\/DC-Gensets-500x281.webp 500w, https:\/\/dev.baudouin.com\/wp-content\/uploads\/2025\/03\/DC-Gensets-1500x844.webp 1500w, https:\/\/dev.baudouin.com\/wp-content\/uploads\/2025\/03\/DC-Gensets-768x432.webp 768w, https:\/\/dev.baudouin.com\/wp-content\/uploads\/2025\/03\/DC-Gensets-1536x864.webp 1536w, https:\/\/dev.baudouin.com\/wp-content\/uploads\/2025\/03\/DC-Gensets-2048x1152.webp 2048w, https:\/\/dev.baudouin.com\/wp-content\/uploads\/2025\/03\/DC-Gensets-1920x1080.webp 1920w, https:\/\/dev.baudouin.com\/wp-content\/uploads\/2025\/03\/DC-Gensets-600x338.webp 600w\" sizes=\"auto, (max-width: 2560px) 100vw, 2560px\" \/><div class=\"wp-block-cover__inner-container is-layout-flow wp-block-cover-is-layout-flow\">\n<h2 class=\"wp-block-heading has-text-align-center has-white-color has-text-color has-large-font-size\" id=\"baudouin-propulsion-engines\">GRUPOS ELECTROGENOS<\/h2>\n<\/div><\/div>\n\n\n\n<p class=\"has-text-align-center ghostkit-custom-1gLq05\">La gama Baudouin de grupos electr\u00f3genos ofrece una selecci\u00f3n de potencias dise\u00f1ada para satisfacer los exigentes requisitos de los centros de datos. Con potencias de hasta 5250 kVA, estos generadores preaprobados por el Uptime Institute garantizan soluciones de alimentaci\u00f3n escalables y fiables, asegurando un funcionamiento ininterrumpido en entornos cr\u00edticos. Adem\u00e1s, su compatibilidad con di\u00e9sel HVO no solo mejora la sostenibilidad, sino que tambi\u00e9n optimiza el rendimiento y la vida \u00fatil del equipo.<\/p>\n\n\n\n<div class=\"wp-block-buttons is-content-justification-center is-layout-flex wp-container-core-buttons-is-layout-1 wp-block-buttons-is-layout-flex\">\n<div class=\"wp-block-button ghostkit-custom-1a8xpr\"><a class=\"wp-block-button__link has-white-color has-text-color has-background wp-element-button\" href=\"https:\/\/dev.baudouin.com\/engine_product-category\/generators-sets\/\" style=\"border-radius:0px;background-color:#001e61\">VER LA GAMA DE GRUPOS ELECTROGENOS<\/a><\/div>\n<\/div>\n<\/div>\n\n\n\n<div class=\"wp-block-column ghostkit-custom-ZATzO9 is-layout-flow wp-block-column-is-layout-flow\">\n<div class=\"wp-block-cover has-custom-content-position is-position-bottom-center ghostkit-custom-2vouth\"><span aria-hidden=\"true\" class=\"wp-block-cover__background has-background-dim-30 has-background-dim\"><\/span><img loading=\"lazy\" decoding=\"async\" width=\"1000\" height=\"780\" class=\"wp-block-cover__image-background wp-image-60981\" alt=\"Soluciones Powergen de powerkit diesel\" src=\"https:\/\/dev.baudouin.com\/wp-content\/uploads\/2023\/10\/moteurs-baudouin-powergen-solutions-powerkit-diesel-engines.jpg\" data-object-fit=\"cover\" srcset=\"https:\/\/dev.baudouin.com\/wp-content\/uploads\/2023\/10\/moteurs-baudouin-powergen-solutions-powerkit-diesel-engines.jpg 1000w, https:\/\/dev.baudouin.com\/wp-content\/uploads\/2023\/10\/moteurs-baudouin-powergen-solutions-powerkit-diesel-engines-300x234.jpg 300w, https:\/\/dev.baudouin.com\/wp-content\/uploads\/2023\/10\/moteurs-baudouin-powergen-solutions-powerkit-diesel-engines-768x599.jpg 768w\" sizes=\"auto, (max-width: 1000px) 100vw, 1000px\" \/><div class=\"wp-block-cover__inner-container is-layout-flow wp-block-cover-is-layout-flow\">\n<h2 class=\"wp-block-heading has-text-align-center has-large-font-size\" id=\"motores-baudouin-powerkit-diesel\">MOTORES BAUDOUIN POWERKIT DI\u00c9SEL<\/h2>\n<\/div><\/div>\n\n\n\n<p class=\"has-text-align-center ghostkit-custom-Z2ksHUw\">Entre nuestras soluciones Powergen, destaca nuestra completa gama de productos PowerKit, que abarca de 18 a 4125 kVA, una oferta que pocos fabricantes de motores pueden igualar. Gracias a una ingenier\u00eda de vanguardia, estamos alcanzando la excelencia en consumo de combustible, respuesta a la carga y densidad de potencia. Esta combinaci\u00f3n de eficiencia y fiabilidad convierte a PowerKit en la gama de referencia para aplicaciones exigentes, garantizando un rendimiento superior en cualquier entorno.<\/p>\n\n\n\n<div class=\"wp-block-buttons is-content-justification-center is-layout-flex wp-container-core-buttons-is-layout-2 wp-block-buttons-is-layout-flex\">\n<div class=\"wp-block-button ghostkit-custom-Z2iJ8lT\"><a class=\"wp-block-button__link has-white-color has-text-color has-background wp-element-button\" href=\"\/es\/engine_product-category\/motores-baudouin-powerkit\/\" style=\"border-radius:0px;background-color:#001e61\">VER LA GAMA DE MOTORES POWERKIT DI\u00c9SEL<\/a><\/div>\n<\/div>\n<\/div>\n<\/div>\n<\/div>\n\n\n\n<div class=\"wp-block-group ghostkit-custom-17Kgpe is-layout-flow wp-block-group-is-layout-flow\">\n<div class=\"wp-block-columns is-layout-flex wp-container-core-columns-is-layout-2 wp-block-columns-is-layout-flex\">\n<div class=\"wp-block-column ghostkit-custom-ZmLPpv is-layout-flow wp-block-column-is-layout-flow\">\n<div class=\"wp-block-cover has-custom-content-position is-position-bottom-center ghostkit-custom-ZfC1Vq\"><span aria-hidden=\"true\" class=\"wp-block-cover__background has-background-dim-30 has-background-dim\"><\/span><img loading=\"lazy\" decoding=\"async\" width=\"1000\" height=\"780\" class=\"wp-block-cover__image-background wp-image-60985\" alt=\"\" src=\"https:\/\/dev.baudouin.com\/wp-content\/uploads\/2023\/10\/moteurs-baudouin-powergen-solutions-psi-rich-burn-gas-engines.jpg\" data-object-fit=\"cover\" srcset=\"https:\/\/dev.baudouin.com\/wp-content\/uploads\/2023\/10\/moteurs-baudouin-powergen-solutions-psi-rich-burn-gas-engines.jpg 1000w, https:\/\/dev.baudouin.com\/wp-content\/uploads\/2023\/10\/moteurs-baudouin-powergen-solutions-psi-rich-burn-gas-engines-300x234.jpg 300w, https:\/\/dev.baudouin.com\/wp-content\/uploads\/2023\/10\/moteurs-baudouin-powergen-solutions-psi-rich-burn-gas-engines-768x599.jpg 768w\" sizes=\"auto, (max-width: 1000px) 100vw, 1000px\" \/><div class=\"wp-block-cover__inner-container is-layout-flow wp-block-cover-is-layout-flow\">\n<h2 class=\"wp-block-heading has-text-align-center has-white-color has-text-color has-large-font-size\" id=\"baudouin-propulsion-engines\">MOTORES PSI GAS DE COMBUSTI\u00d3N RICA<\/h2>\n<\/div><\/div>\n\n\n\n<p class=\"has-text-align-center ghostkit-custom-Z1QxBvC\">PSI ofrece sistemas integrales de generaci\u00f3n de energ\u00eda el\u00e9ctrica y grandes sistemas integrados de generaci\u00f3n de energ\u00eda el\u00e9ctrica dise\u00f1ados a medida. Los motores de combusti\u00f3n rica de PSI est\u00e1n especialmente dise\u00f1ados para aplicaciones de servicio pesado y misi\u00f3n cr\u00edtica. M\u00e1s informaci\u00f3n sobre <a href=\"https:\/\/psiengines.com\/\" target=\"_blank\" rel=\"noreferrer noopener\">Power Systems International<strong> <\/strong>(PSI)<\/a><\/p>\n\n\n\n<div class=\"wp-block-buttons is-content-justification-center is-layout-flex wp-container-core-buttons-is-layout-3 wp-block-buttons-is-layout-flex\">\n<div class=\"wp-block-button ghostkit-custom-zjjPI\"><a class=\"wp-block-button__link has-white-color has-text-color has-background wp-element-button\" href=\"\/es\/engine_product-category\/psi-gas-de-combustion-rica\/\" style=\"border-radius:0px;background-color:#001e61\">VER LA GAMA DE MOTORES PSI GAS DE COMBUSTI\u00d3N RICA<\/a><\/div>\n<\/div>\n<\/div>\n\n\n\n<div class=\"wp-block-column is-layout-flow wp-block-column-is-layout-flow\">\n<div class=\"wp-block-cover is-light has-custom-content-position is-position-bottom-center ghostkit-custom-27TS7i\"><span aria-hidden=\"true\" class=\"wp-block-cover__background has-background-dim-30 has-background-dim\"><\/span><img loading=\"lazy\" decoding=\"async\" width=\"1000\" height=\"780\" class=\"wp-block-cover__image-background wp-image-60977\" alt=\"\" src=\"https:\/\/dev.baudouin.com\/wp-content\/uploads\/2023\/10\/moteurs-baudouin-powergen-solutions-lean-burn-gas-engines.jpg\" data-object-fit=\"cover\" srcset=\"https:\/\/dev.baudouin.com\/wp-content\/uploads\/2023\/10\/moteurs-baudouin-powergen-solutions-lean-burn-gas-engines.jpg 1000w, https:\/\/dev.baudouin.com\/wp-content\/uploads\/2023\/10\/moteurs-baudouin-powergen-solutions-lean-burn-gas-engines-300x234.jpg 300w, https:\/\/dev.baudouin.com\/wp-content\/uploads\/2023\/10\/moteurs-baudouin-powergen-solutions-lean-burn-gas-engines-768x599.jpg 768w\" sizes=\"auto, (max-width: 1000px) 100vw, 1000px\" \/><div class=\"wp-block-cover__inner-container is-layout-flow wp-block-cover-is-layout-flow\">\n<h2 class=\"wp-block-heading has-text-align-center has-white-color has-text-color has-large-font-size\" id=\"baudouin-propulsion-engines\">MOTORES BAUDOUIN POWERKIT GAS DE COMBUSTION POBRE<\/h2>\n<\/div><\/div>\n\n\n\n<p class=\"has-text-align-center ghostkit-custom-Z2a0tby\">En  las Soluciones Powergen, los motores de gas Baudouin ofrecen una gama de potencia de 63 a 1750 kVA, siendo el complemento perfecto para la generaci\u00f3n de energ\u00eda renovable. Gracias a su eficiencia y flexibilidad operativa, pueden compensar la intermitencia de estas fuentes y garantizar un suministro m\u00e1s estable.<\/p>\n\n\n\n<div class=\"wp-block-buttons is-content-justification-center is-layout-flex wp-container-core-buttons-is-layout-4 wp-block-buttons-is-layout-flex\">\n<div class=\"wp-block-button\"><a class=\"wp-block-button__link has-white-color has-text-color has-background wp-element-button\" href=\"\/es\/engine_product-category\/motores-powerkit-gas-de-combustion-pobre\/\" style=\"border-radius:0px;background-color:#001e61\">VER LA GAMA POWERKIT GAS DE COMBUSTION POBRE<\/a><\/div>\n<\/div>\n<\/div>\n<\/div>\n<\/div>\n","protected":false},"excerpt":{"rendered":"<p>La gama Baudouin de grupos electr\u00f3genos ofrece una selecci\u00f3n de potencias dise\u00f1ada para satisfacer los exigentes requisitos de los centros de datos. Con potencias de hasta 5250 kVA, estos generadores preaprobados por&#8230;<\/p>\n","protected":false},"author":1,"featured_media":60205,"parent":0,"menu_order":0,"comment_status":"closed","ping_status":"closed","template":"","meta":{"_acf_changed":false,"content-type":"","ghostkit_customizer_options":"","ghostkit_custom_css":"","ghostkit_custom_js_head":"","ghostkit_custom_js_foot":"","ghostkit_typography":"","two_page_speed":[],"footnotes":""},"class_list":["post-61984","page","type-page","status-publish","has-post-thumbnail","hentry"],"acf":[],"yoast_head":"<!-- This site is optimized with the Yoast SEO plugin v26.8 - https:\/\/yoast.com\/product\/yoast-seo-wordpress\/ -->\n<title>Soluciones Powergen - Baudouin<\/title>\n<meta name=\"description\" content=\"Las soluciones Powergen de Baudouin ofrecen grupos electr\u00f3genos de alto rendimiento y motores de gas y di\u00e9sel.\" \/>\n<meta name=\"robots\" content=\"index, follow, max-snippet:-1, max-image-preview:large, max-video-preview:-1\" \/>\n<link rel=\"canonical\" href=\"https:\/\/dev.baudouin.com\/es\/powergen-solutions\/\" \/>\n<meta property=\"og:locale\" content=\"es_ES\" \/>\n<meta property=\"og:type\" content=\"article\" \/>\n<meta property=\"og:title\" content=\"Soluciones Powergen - Baudouin\" \/>\n<meta property=\"og:description\" content=\"Las soluciones Powergen de Baudouin ofrecen grupos electr\u00f3genos de alto rendimiento y motores de gas y di\u00e9sel.\" \/>\n<meta property=\"og:url\" content=\"https:\/\/dev.baudouin.com\/es\/powergen-solutions\/\" \/>\n<meta property=\"og:site_name\" content=\"Baudouin\" \/>\n<meta property=\"article:modified_time\" content=\"2025-04-01T09:33:21+00:00\" \/>\n<meta property=\"og:image\" content=\"https:\/\/dev.baudouin.com\/wp-content\/uploads\/2023\/10\/moteurs-baudouin-powergen-solutions-mobile-header.jpg\" \/>\n\t<meta property=\"og:image:width\" content=\"1000\" \/>\n\t<meta property=\"og:image:height\" content=\"1000\" \/>\n\t<meta property=\"og:image:type\" content=\"image\/jpeg\" \/>\n<meta name=\"twitter:card\" content=\"summary_large_image\" \/>\n<meta name=\"twitter:label1\" content=\"Tiempo de lectura\" \/>\n\t<meta name=\"twitter:data1\" content=\"3 minutos\" \/>\n<script type=\"application\/ld+json\" class=\"yoast-schema-graph\">{\"@context\":\"https:\/\/schema.org\",\"@graph\":[{\"@type\":\"WebPage\",\"@id\":\"https:\/\/dev.baudouin.com\/es\/powergen-solutions\/\",\"url\":\"https:\/\/dev.baudouin.com\/es\/powergen-solutions\/\",\"name\":\"Soluciones Powergen - Baudouin\",\"isPartOf\":{\"@id\":\"https:\/\/dev.baudouin.com\/#website\"},\"primaryImageOfPage\":{\"@id\":\"https:\/\/dev.baudouin.com\/es\/powergen-solutions\/#primaryimage\"},\"image\":{\"@id\":\"https:\/\/dev.baudouin.com\/es\/powergen-solutions\/#primaryimage\"},\"thumbnailUrl\":\"https:\/\/dev.baudouin.com\/wp-content\/uploads\/2023\/10\/moteurs-baudouin-powergen-solutions-mobile-header.jpg\",\"datePublished\":\"2022-11-09T15:50:55+00:00\",\"dateModified\":\"2025-04-01T09:33:21+00:00\",\"description\":\"Las soluciones Powergen de Baudouin ofrecen grupos electr\u00f3genos de alto rendimiento y motores de gas y di\u00e9sel.\",\"breadcrumb\":{\"@id\":\"https:\/\/dev.baudouin.com\/es\/powergen-solutions\/#breadcrumb\"},\"inLanguage\":\"es\",\"potentialAction\":[{\"@type\":\"ReadAction\",\"target\":[\"https:\/\/dev.baudouin.com\/es\/powergen-solutions\/\"]}]},{\"@type\":\"ImageObject\",\"inLanguage\":\"es\",\"@id\":\"https:\/\/dev.baudouin.com\/es\/powergen-solutions\/#primaryimage\",\"url\":\"https:\/\/dev.baudouin.com\/wp-content\/uploads\/2023\/10\/moteurs-baudouin-powergen-solutions-mobile-header.jpg\",\"contentUrl\":\"https:\/\/dev.baudouin.com\/wp-content\/uploads\/2023\/10\/moteurs-baudouin-powergen-solutions-mobile-header.jpg\",\"width\":1000,\"height\":1000,\"caption\":\"City skyline at night.\"},{\"@type\":\"BreadcrumbList\",\"@id\":\"https:\/\/dev.baudouin.com\/es\/powergen-solutions\/#breadcrumb\",\"itemListElement\":[{\"@type\":\"ListItem\",\"position\":1,\"name\":\"Home\",\"item\":\"https:\/\/dev.baudouin.com\/es\/\"},{\"@type\":\"ListItem\",\"position\":2,\"name\":\"Soluciones Powergen\"}]},{\"@type\":\"WebSite\",\"@id\":\"https:\/\/dev.baudouin.com\/#website\",\"url\":\"https:\/\/dev.baudouin.com\/\",\"name\":\"Baudouin\",\"description\":\"\",\"publisher\":{\"@id\":\"https:\/\/dev.baudouin.com\/#organization\"},\"potentialAction\":[{\"@type\":\"SearchAction\",\"target\":{\"@type\":\"EntryPoint\",\"urlTemplate\":\"https:\/\/dev.baudouin.com\/?s={search_term_string}\"},\"query-input\":{\"@type\":\"PropertyValueSpecification\",\"valueRequired\":true,\"valueName\":\"search_term_string\"}}],\"inLanguage\":\"es\"},{\"@type\":\"Organization\",\"@id\":\"https:\/\/dev.baudouin.com\/#organization\",\"name\":\"Moteurs Baudouin\",\"alternateName\":\"Moteurs Baudouin\",\"url\":\"https:\/\/dev.baudouin.com\/\",\"logo\":{\"@type\":\"ImageObject\",\"inLanguage\":\"es\",\"@id\":\"https:\/\/dev.baudouin.com\/#\/schema\/logo\/image\/\",\"url\":\"https:\/\/dev.baudouin.com\/wp-content\/uploads\/2024\/12\/Moteur-Baudouin-jpg.webp\",\"contentUrl\":\"https:\/\/dev.baudouin.com\/wp-content\/uploads\/2024\/12\/Moteur-Baudouin-jpg.webp\",\"width\":150,\"height\":150,\"caption\":\"Moteurs Baudouin\"},\"image\":{\"@id\":\"https:\/\/dev.baudouin.com\/#\/schema\/logo\/image\/\"}}]}<\/script>\n<!-- \/ Yoast SEO plugin. -->","yoast_head_json":{"title":"Soluciones Powergen - Baudouin","description":"Las soluciones Powergen de Baudouin ofrecen grupos electr\u00f3genos de alto rendimiento y motores de gas y di\u00e9sel.","robots":{"index":"index","follow":"follow","max-snippet":"max-snippet:-1","max-image-preview":"max-image-preview:large","max-video-preview":"max-video-preview:-1"},"canonical":"https:\/\/dev.baudouin.com\/es\/powergen-solutions\/","og_locale":"es_ES","og_type":"article","og_title":"Soluciones Powergen - Baudouin","og_description":"Las soluciones Powergen de Baudouin ofrecen grupos electr\u00f3genos de alto rendimiento y motores de gas y di\u00e9sel.","og_url":"https:\/\/dev.baudouin.com\/es\/powergen-solutions\/","og_site_name":"Baudouin","article_modified_time":"2025-04-01T09:33:21+00:00","og_image":[{"width":1000,"height":1000,"url":"https:\/\/dev.baudouin.com\/wp-content\/uploads\/2023\/10\/moteurs-baudouin-powergen-solutions-mobile-header.jpg","type":"image\/jpeg"}],"twitter_card":"summary_large_image","twitter_misc":{"Tiempo de lectura":"3 minutos"},"schema":{"@context":"https:\/\/schema.org","@graph":[{"@type":"WebPage","@id":"https:\/\/dev.baudouin.com\/es\/powergen-solutions\/","url":"https:\/\/dev.baudouin.com\/es\/powergen-solutions\/","name":"Soluciones Powergen - Baudouin","isPartOf":{"@id":"https:\/\/dev.baudouin.com\/#website"},"primaryImageOfPage":{"@id":"https:\/\/dev.baudouin.com\/es\/powergen-solutions\/#primaryimage"},"image":{"@id":"https:\/\/dev.baudouin.com\/es\/powergen-solutions\/#primaryimage"},"thumbnailUrl":"https:\/\/dev.baudouin.com\/wp-content\/uploads\/2023\/10\/moteurs-baudouin-powergen-solutions-mobile-header.jpg","datePublished":"2022-11-09T15:50:55+00:00","dateModified":"2025-04-01T09:33:21+00:00","description":"Las soluciones Powergen de Baudouin ofrecen grupos electr\u00f3genos de alto rendimiento y motores de gas y di\u00e9sel.","breadcrumb":{"@id":"https:\/\/dev.baudouin.com\/es\/powergen-solutions\/#breadcrumb"},"inLanguage":"es","potentialAction":[{"@type":"ReadAction","target":["https:\/\/dev.baudouin.com\/es\/powergen-solutions\/"]}]},{"@type":"ImageObject","inLanguage":"es","@id":"https:\/\/dev.baudouin.com\/es\/powergen-solutions\/#primaryimage","url":"https:\/\/dev.baudouin.com\/wp-content\/uploads\/2023\/10\/moteurs-baudouin-powergen-solutions-mobile-header.jpg","contentUrl":"https:\/\/dev.baudouin.com\/wp-content\/uploads\/2023\/10\/moteurs-baudouin-powergen-solutions-mobile-header.jpg","width":1000,"height":1000,"caption":"City skyline at night."},{"@type":"BreadcrumbList","@id":"https:\/\/dev.baudouin.com\/es\/powergen-solutions\/#breadcrumb","itemListElement":[{"@type":"ListItem","position":1,"name":"Home","item":"https:\/\/dev.baudouin.com\/es\/"},{"@type":"ListItem","position":2,"name":"Soluciones Powergen"}]},{"@type":"WebSite","@id":"https:\/\/dev.baudouin.com\/#website","url":"https:\/\/dev.baudouin.com\/","name":"Baudouin","description":"","publisher":{"@id":"https:\/\/dev.baudouin.com\/#organization"},"potentialAction":[{"@type":"SearchAction","target":{"@type":"EntryPoint","urlTemplate":"https:\/\/dev.baudouin.com\/?s={search_term_string}"},"query-input":{"@type":"PropertyValueSpecification","valueRequired":true,"valueName":"search_term_string"}}],"inLanguage":"es"},{"@type":"Organization","@id":"https:\/\/dev.baudouin.com\/#organization","name":"Moteurs Baudouin","alternateName":"Moteurs Baudouin","url":"https:\/\/dev.baudouin.com\/","logo":{"@type":"ImageObject","inLanguage":"es","@id":"https:\/\/dev.baudouin.com\/#\/schema\/logo\/image\/","url":"https:\/\/dev.baudouin.com\/wp-content\/uploads\/2024\/12\/Moteur-Baudouin-jpg.webp","contentUrl":"https:\/\/dev.baudouin.com\/wp-content\/uploads\/2024\/12\/Moteur-Baudouin-jpg.webp","width":150,"height":150,"caption":"Moteurs Baudouin"},"image":{"@id":"https:\/\/dev.baudouin.com\/#\/schema\/logo\/image\/"}}]}},"_links":{"self":[{"href":"https:\/\/dev.baudouin.com\/es\/wp-json\/wp\/v2\/pages\/61984","targetHints":{"allow":["GET"]}}],"collection":[{"href":"https:\/\/dev.baudouin.com\/es\/wp-json\/wp\/v2\/pages"}],"about":[{"href":"https:\/\/dev.baudouin.com\/es\/wp-json\/wp\/v2\/types\/page"}],"author":[{"embeddable":true,"href":"https:\/\/dev.baudouin.com\/es\/wp-json\/wp\/v2\/users\/1"}],"replies":[{"embeddable":true,"href":"https:\/\/dev.baudouin.com\/es\/wp-json\/wp\/v2\/comments?post=61984"}],"version-history":[{"count":9,"href":"https:\/\/dev.baudouin.com\/es\/wp-json\/wp\/v2\/pages\/61984\/revisions"}],"predecessor-version":[{"id":77366,"href":"https:\/\/dev.baudouin.com\/es\/wp-json\/wp\/v2\/pages\/61984\/revisions\/77366"}],"wp:featuredmedia":[{"embeddable":true,"href":"https:\/\/dev.baudouin.com\/es\/wp-json\/wp\/v2\/media\/60205"}],"wp:attachment":[{"href":"https:\/\/dev.baudouin.com\/es\/wp-json\/wp\/v2\/media?parent=61984"}],"curies":[{"name":"wp","href":"https:\/\/api.w.org\/{rel}","templated":true}]}}