{"id":61972,"date":"2023-02-13T11:22:23","date_gmt":"2023-02-13T11:22:23","guid":{"rendered":"https:\/\/dev.baudouin.com\/baudouin-green-solutions\/"},"modified":"2025-04-10T12:29:08","modified_gmt":"2025-04-10T12:29:08","slug":"baudouin-green-solutions","status":"publish","type":"page","link":"https:\/\/dev.baudouin.com\/es\/baudouin-green-solutions\/","title":{"rendered":"Soluciones sostenibles"},"content":{"rendered":"<style>\n    .page-hero {\n        background-image:linear-gradient(rgba(0, 0, 0, 0.25), rgba(0, 0, 0, 0.25)), url('https:\/\/dev.baudouin.com\/wp-content\/uploads\/2023\/10\/moteurs-baudouin-green-solutions-mobile-header.jpg.jpg');\n        background-repeat: no-repeat;\n    }\n    p, h2 {\n        color: #fff;\n    }\n    @media screen and (min-width: 768px) {\n        .page-hero {\n        background-image:linear-gradient(rgba(0, 0, 0, 0.25), rgba(0, 0, 0, 0.25)), url('https:\/\/dev.baudouin.com\/wp-content\/uploads\/2023\/10\/moteurs-baudouin-green-solutions-desktop-header.jpg');\n    }\n    }\n<\/style>\n<section id=\"page-hero-block_e97da9a7381f434ceae0a2e4bc3f3ca4\" class=\"page-hero py-[85px] lg:py-[100px] xl:pt-[100px] xl:pb-[242px] bg-dark-blue \">\n        <div class=\"hero-container mx-auto my-0 md:max-w-[1920px]\">\n        \n            \n        \n        <div class=\"page-hero__container flex flex-col-reverse md:flex-row lg:justify-between\">\n            <div class=\"page-hero__container--left text-center text-white lg:text-left\">\n                                    <div class=\"page-hero__container--left__breadcrumbs mb-7 lg:mb-[32px]\">\n                        <p id=\"breadcrumbs\" class=\"text-xsm text-white leading-5 font-semibold uppercase\"><span><span><a href=\"https:\/\/dev.baudouin.com\/es\/\">Home<\/a><\/span><\/span><\/p>                    <\/div>\n                                <h1 class=\"text-white  mb-[12px] uppercase font-bold md:mb-2.5 lg:mb-[33px]\">SOLUCIONES SOSTENIBLES  BAUDOUIN<\/h1>\n                <!-- <p class=\"text-gray-form leading-[21px] w-full md:text-sm md:leading-6 md:max-w-[564px]\"><p>En Baudouin, nuestras iniciativas de tecnolog\u00eda ecol\u00f3gica impulsan el futuro de las industrias de generaci\u00f3n de energ\u00eda y marina, garantizando la excelencia sostenible en cada viaje de los clientes.<\/p>\n<\/p> -->\n                <p>En Baudouin, nuestras iniciativas de tecnolog\u00eda ecol\u00f3gica impulsan el futuro de las industrias de generaci\u00f3n de energ\u00eda y marina, garantizando la excelencia sostenible en cada viaje de los clientes.<\/p>\n            <\/div>\n           \n            \n        <\/div>\n\n    <\/div>\n<\/section>\n\n\n<div class=\"wp-block-group is-layout-constrained wp-block-group-is-layout-constrained\">\n<div class=\"wp-block-columns is-layout-flex wp-container-core-columns-is-layout-1 wp-block-columns-is-layout-flex\">\n<div class=\"wp-block-column is-layout-flow wp-block-column-is-layout-flow\">\n<h2 class=\"wp-block-heading has-text-align-left ghostkit-custom-Z2kKwxj has-text-color\" id=\"reducing-emissions-and-enhancing-efficiency\" style=\"color:#c7d53d;font-size:40px\">MEJORANDO LA EFICIENCIA CON SOLUCIONES SOSTENIBLES<\/h2>\n<\/div>\n<\/div>\n\n\n\n<div class=\"wp-block-columns ghostkit-custom-abzw9 is-layout-flex wp-container-core-columns-is-layout-2 wp-block-columns-is-layout-flex\">\n<div class=\"wp-block-column ghostkit-custom-1BBg0V is-layout-flow wp-block-column-is-layout-flow\">\n<p class=\"has-text-align-left ghostkit-custom-1Sgpbu\">En Baudouin, nos comprometemos a ofrecer soluciones sostenibles para minimizar el impacto medioambiental. La mayor\u00eda de nuestros motores, tanto para aplicaciones marinas como terrestres, est\u00e1n equipados con tecnolog\u00edas de \u00faltima generaci\u00f3n, dise\u00f1adas para cumplir con las normas de emisiones m\u00e1s estrictas. Para ello, aplicamos tecnolog\u00edas avanzadas, como la inyecci\u00f3n de combustible por common rail, que garantiza un suministro de combustible preciso y eficaz. Esto reduce las emisiones y mejora el ahorro de combustible.<\/p>\n<\/div>\n\n\n\n<div class=\"wp-block-column ghostkit-custom-VtuPd is-layout-flow wp-block-column-is-layout-flow\">\n<p class=\"has-text-align-left ghostkit-custom-UxgwL\">Adem\u00e1s, mediante sofisticados controladores y sensores de motor, garantizamos un rendimiento \u00f3ptimo mientras controlamos factores clave como la mezcla de combustible y aire y la recirculaci\u00f3n de los gases de escape. Nuestros avanzados sistemas de combusti\u00f3n optimizan la mezcla aire-combustible y la sincronizaci\u00f3n de la combusti\u00f3n, minimizando las emisiones y maximizando la eficiencia del combustible. As\u00ed, conseguimos el equilibrio perfecto entre rendimiento, eficiencia de combustible y emisiones mediante una meticulosa optimizaci\u00f3n y calibraci\u00f3n del motor.<\/p>\n<\/div>\n<\/div>\n<\/div>\n\n\n\n<div class=\"wp-block-group is-layout-constrained wp-block-group-is-layout-constrained\">\n<h2 class=\"wp-block-heading has-text-align-center ghostkit-custom-1EXPu4 has-text-color\" id=\"reducing-emissions-and-enhancing-efficiency\" style=\"color:#c7d53d;font-size:40px\">EN BAUDOUIN, NUESTRAS SOLUCIONES SOSTENIBLES IMPULSAN EL DESARROLLO DE MOTORES M\u00c1S ECOL\u00d3GICOS PARA UN FUTURO MEJOR<\/h2>\n\n\n\n<div class=\"wp-block-columns ghostkit-custom-1FbwSn is-layout-flex wp-container-core-columns-is-layout-3 wp-block-columns-is-layout-flex\">\n<div class=\"wp-block-column ghostkit-custom-Z1pt0Y4 is-layout-flow wp-block-column-is-layout-flow\">\n<figure class=\"wp-block-image aligncenter size-full ghostkit-custom-2oFoQY\"><img loading=\"lazy\" decoding=\"async\" width=\"1000\" height=\"780\" src=\"https:\/\/dev.baudouin.com\/wp-content\/uploads\/2023\/11\/moteurs-baudouin-scr-solutions.jpg\" alt=\"SOLUCIONES SOSTENIBLES Mar\" class=\"wp-image-61888\" srcset=\"https:\/\/dev.baudouin.com\/wp-content\/uploads\/2023\/11\/moteurs-baudouin-scr-solutions.jpg 1000w, https:\/\/dev.baudouin.com\/wp-content\/uploads\/2023\/11\/moteurs-baudouin-scr-solutions-300x234.jpg 300w, https:\/\/dev.baudouin.com\/wp-content\/uploads\/2023\/11\/moteurs-baudouin-scr-solutions-768x599.jpg 768w\" sizes=\"auto, (max-width: 1000px) 100vw, 1000px\" \/><\/figure>\n\n\n\n<div class=\"wp-block-buttons is-content-justification-center is-layout-flex wp-container-core-buttons-is-layout-1 wp-block-buttons-is-layout-flex\">\n<div class=\"wp-block-button ghostkit-custom-Z2eWofJ\"><a class=\"wp-block-button__link has-white-color has-text-color has-background wp-element-button\" href=\"https:\/\/dev.baudouin.com\/es\/baudouin-scr-solutions\/\" style=\"border-radius:0px;background-color:#001e61\">TECNOLOG\u00cdA SCR<\/a><\/div>\n<\/div>\n<\/div>\n\n\n\n<div class=\"wp-block-column ghostkit-custom-2sB9Qn is-layout-flow wp-block-column-is-layout-flow\">\n<figure class=\"wp-block-image aligncenter size-full ghostkit-custom-Z1bjW5F\"><img loading=\"lazy\" decoding=\"async\" width=\"1000\" height=\"780\" src=\"https:\/\/dev.baudouin.com\/wp-content\/uploads\/2023\/11\/moteurs-baudouin-hvo-2.jpg\" alt=\"SOLUCIONES SOSTENIBLES y ECOLOGICAS\" class=\"wp-image-61908\" style=\"object-fit:cover\" srcset=\"https:\/\/dev.baudouin.com\/wp-content\/uploads\/2023\/11\/moteurs-baudouin-hvo-2.jpg 1000w, https:\/\/dev.baudouin.com\/wp-content\/uploads\/2023\/11\/moteurs-baudouin-hvo-2-300x234.jpg 300w, https:\/\/dev.baudouin.com\/wp-content\/uploads\/2023\/11\/moteurs-baudouin-hvo-2-768x599.jpg 768w\" sizes=\"auto, (max-width: 1000px) 100vw, 1000px\" \/><\/figure>\n\n\n\n<div class=\"wp-block-buttons is-content-justification-center is-layout-flex wp-container-core-buttons-is-layout-2 wp-block-buttons-is-layout-flex\">\n<div class=\"wp-block-button\"><a class=\"wp-block-button__link has-white-color has-text-color has-background wp-element-button\" href=\"\/es\/hydrotreated-vegetable-oil-compatibility-hvo\/\" style=\"border-radius:0px;background-color:#001e61\" target=\"_blank\" rel=\"noreferrer noopener\">HVO<\/a><\/div>\n<\/div>\n<\/div>\n<\/div>\n<\/div>\n\n\n\n<div class=\"wp-block-group ghostkit-custom-12r5d2 is-layout-flow wp-block-group-is-layout-flow\">\n<h2 class=\"wp-block-heading has-text-align-center ghostkit-custom-1kXSva has-text-color\" id=\"the-baudouin-global-service-network\" style=\"color:#c7d53d;font-size:40px\">CUMPLIMIENTO DE LAS NORMAS DE EMISIONES<\/h2>\n\n\n\n<div class=\"wp-block-columns is-layout-flex wp-container-core-columns-is-layout-4 wp-block-columns-is-layout-flex\">\n<div class=\"wp-block-column is-layout-flow wp-block-column-is-layout-flow\">\n<figure class=\"wp-block-image aligncenter size-full ghostkit-custom-1ATXtu\"><img loading=\"lazy\" decoding=\"async\" width=\"70\" height=\"73\" src=\"https:\/\/dev.baudouin.com\/wp-content\/uploads\/2023\/10\/moteurs-baudouin-stage-v.png\" alt=\"\" class=\"wp-image-60524\"\/><\/figure>\n\n\n\n<h2 class=\"wp-block-heading has-text-align-center ghostkit-custom-Z1qzmku has-text-color\" id=\"the-baudouin-global-service-network\" style=\"color:#001e61;font-size:18px\">FASE 5<br>CUMPLIMIENTO DE LA NORMATIVA<\/h2>\n\n\n\n<p class=\"has-text-align-center ghostkit-custom-ZfJWzn\">Nuestros motores cumplen o superan las \u00faltimas normas (<a href=\"https:\/\/dev.baudouin.com\/es\/baudouin-motores-stage-v\/\">STAGE V<\/a>) sobre emisiones. Esto garantiza que nuestros productos cumplen con la legislaci\u00f3n medioambiental m\u00e1s avanzada a nivel mundial.<\/p>\n<\/div>\n\n\n\n<div class=\"wp-block-column is-layout-flow wp-block-column-is-layout-flow\">\n<figure class=\"wp-block-image aligncenter size-full ghostkit-custom-ZOMS0X\"><img loading=\"lazy\" decoding=\"async\" width=\"44\" height=\"87\" src=\"https:\/\/dev.baudouin.com\/wp-content\/uploads\/2023\/10\/moteurs-baudouin-epa-tier-2-epa-4.png\" alt=\"\" class=\"wp-image-60504\"\/><\/figure>\n\n\n\n<h2 class=\"wp-block-heading has-text-align-center ghostkit-custom-GAyrB has-text-color\" id=\"the-baudouin-global-service-network\" style=\"color:#001e61;font-size:18px\">EPA NIVEL 2 &amp; EPA 4<br>EFICIENCIA MEJORADA<\/h2>\n\n\n\n<p class=\"has-text-align-center ghostkit-custom-Z1Ijs4d\">Dise\u00f1ados para optimizar la combusti\u00f3n del combustible, nuestros sistemas de bajas emisiones mejoran la eficiencia general y el ahorro de combustible. Como resultado, los costes de operaci\u00f3n se reducen significativamente.<\/p>\n<\/div>\n<\/div>\n<\/div>\n","protected":false},"excerpt":{"rendered":"<p>MEJORANDO LA EFICIENCIA CON SOLUCIONES SOSTENIBLES En Baudouin, nos comprometemos a ofrecer soluciones sostenibles para minimizar el impacto medioambiental. La mayor\u00eda de nuestros motores, tanto para aplicaciones marinas como terrestres, est\u00e1n equipados&#8230;<\/p>\n","protected":false},"author":1,"featured_media":60515,"parent":0,"menu_order":0,"comment_status":"closed","ping_status":"closed","template":"","meta":{"_acf_changed":false,"content-type":"","ghostkit_customizer_options":"","ghostkit_custom_css":"","ghostkit_custom_js_head":"","ghostkit_custom_js_foot":"","ghostkit_typography":"","two_page_speed":[],"footnotes":""},"class_list":["post-61972","page","type-page","status-publish","has-post-thumbnail","hentry"],"acf":[],"yoast_head":"<!-- This site is optimized with the Yoast SEO plugin v26.8 - https:\/\/yoast.com\/product\/yoast-seo-wordpress\/ -->\n<title>Soluciones sostenibles - Baudouin<\/title>\n<meta name=\"description\" content=\"En Baudouin, nuestras iniciativas soluciones sostenibles impulsan el futuro de las industrias de generaci\u00f3n de energ\u00eda y marina.\" \/>\n<meta name=\"robots\" content=\"index, follow, max-snippet:-1, max-image-preview:large, max-video-preview:-1\" \/>\n<link rel=\"canonical\" href=\"https:\/\/dev.baudouin.com\/es\/baudouin-green-solutions\/\" \/>\n<meta property=\"og:locale\" content=\"es_ES\" \/>\n<meta property=\"og:type\" content=\"article\" \/>\n<meta property=\"og:title\" content=\"Soluciones sostenibles - Baudouin\" \/>\n<meta property=\"og:description\" content=\"En Baudouin, nuestras iniciativas soluciones sostenibles impulsan el futuro de las industrias de generaci\u00f3n de energ\u00eda y marina.\" \/>\n<meta property=\"og:url\" content=\"https:\/\/dev.baudouin.com\/es\/baudouin-green-solutions\/\" \/>\n<meta property=\"og:site_name\" content=\"Baudouin\" \/>\n<meta property=\"article:modified_time\" content=\"2025-04-10T12:29:08+00:00\" \/>\n<meta property=\"og:image\" content=\"https:\/\/dev.baudouin.com\/wp-content\/uploads\/2023\/10\/moteurs-baudouin-green-solutions-mobile-header.jpg.jpg\" \/>\n\t<meta property=\"og:image:width\" content=\"1000\" \/>\n\t<meta property=\"og:image:height\" content=\"1000\" \/>\n\t<meta property=\"og:image:type\" content=\"image\/jpeg\" \/>\n<meta name=\"twitter:card\" content=\"summary_large_image\" \/>\n<meta name=\"twitter:label1\" content=\"Tiempo de lectura\" \/>\n\t<meta name=\"twitter:data1\" content=\"3 minutos\" \/>\n<script type=\"application\/ld+json\" class=\"yoast-schema-graph\">{\"@context\":\"https:\/\/schema.org\",\"@graph\":[{\"@type\":\"WebPage\",\"@id\":\"https:\/\/dev.baudouin.com\/es\/baudouin-green-solutions\/\",\"url\":\"https:\/\/dev.baudouin.com\/es\/baudouin-green-solutions\/\",\"name\":\"Soluciones sostenibles - Baudouin\",\"isPartOf\":{\"@id\":\"https:\/\/dev.baudouin.com\/#website\"},\"primaryImageOfPage\":{\"@id\":\"https:\/\/dev.baudouin.com\/es\/baudouin-green-solutions\/#primaryimage\"},\"image\":{\"@id\":\"https:\/\/dev.baudouin.com\/es\/baudouin-green-solutions\/#primaryimage\"},\"thumbnailUrl\":\"https:\/\/dev.baudouin.com\/wp-content\/uploads\/2023\/10\/moteurs-baudouin-green-solutions-mobile-header.jpg.jpg\",\"datePublished\":\"2023-02-13T11:22:23+00:00\",\"dateModified\":\"2025-04-10T12:29:08+00:00\",\"description\":\"En Baudouin, nuestras iniciativas soluciones sostenibles impulsan el futuro de las industrias de generaci\u00f3n de energ\u00eda y marina.\",\"breadcrumb\":{\"@id\":\"https:\/\/dev.baudouin.com\/es\/baudouin-green-solutions\/#breadcrumb\"},\"inLanguage\":\"es\",\"potentialAction\":[{\"@type\":\"ReadAction\",\"target\":[\"https:\/\/dev.baudouin.com\/es\/baudouin-green-solutions\/\"]}]},{\"@type\":\"ImageObject\",\"inLanguage\":\"es\",\"@id\":\"https:\/\/dev.baudouin.com\/es\/baudouin-green-solutions\/#primaryimage\",\"url\":\"https:\/\/dev.baudouin.com\/wp-content\/uploads\/2023\/10\/moteurs-baudouin-green-solutions-mobile-header.jpg.jpg\",\"contentUrl\":\"https:\/\/dev.baudouin.com\/wp-content\/uploads\/2023\/10\/moteurs-baudouin-green-solutions-mobile-header.jpg.jpg\",\"width\":1000,\"height\":1000,\"caption\":\"Earth from space.\"},{\"@type\":\"BreadcrumbList\",\"@id\":\"https:\/\/dev.baudouin.com\/es\/baudouin-green-solutions\/#breadcrumb\",\"itemListElement\":[{\"@type\":\"ListItem\",\"position\":1,\"name\":\"Home\",\"item\":\"https:\/\/dev.baudouin.com\/es\/\"},{\"@type\":\"ListItem\",\"position\":2,\"name\":\"Soluciones sostenibles\"}]},{\"@type\":\"WebSite\",\"@id\":\"https:\/\/dev.baudouin.com\/#website\",\"url\":\"https:\/\/dev.baudouin.com\/\",\"name\":\"Baudouin\",\"description\":\"\",\"publisher\":{\"@id\":\"https:\/\/dev.baudouin.com\/#organization\"},\"potentialAction\":[{\"@type\":\"SearchAction\",\"target\":{\"@type\":\"EntryPoint\",\"urlTemplate\":\"https:\/\/dev.baudouin.com\/?s={search_term_string}\"},\"query-input\":{\"@type\":\"PropertyValueSpecification\",\"valueRequired\":true,\"valueName\":\"search_term_string\"}}],\"inLanguage\":\"es\"},{\"@type\":\"Organization\",\"@id\":\"https:\/\/dev.baudouin.com\/#organization\",\"name\":\"Moteurs Baudouin\",\"alternateName\":\"Moteurs Baudouin\",\"url\":\"https:\/\/dev.baudouin.com\/\",\"logo\":{\"@type\":\"ImageObject\",\"inLanguage\":\"es\",\"@id\":\"https:\/\/dev.baudouin.com\/#\/schema\/logo\/image\/\",\"url\":\"https:\/\/dev.baudouin.com\/wp-content\/uploads\/2024\/12\/Moteur-Baudouin-jpg.webp\",\"contentUrl\":\"https:\/\/dev.baudouin.com\/wp-content\/uploads\/2024\/12\/Moteur-Baudouin-jpg.webp\",\"width\":150,\"height\":150,\"caption\":\"Moteurs Baudouin\"},\"image\":{\"@id\":\"https:\/\/dev.baudouin.com\/#\/schema\/logo\/image\/\"}}]}<\/script>\n<!-- \/ Yoast SEO plugin. -->","yoast_head_json":{"title":"Soluciones sostenibles - Baudouin","description":"En Baudouin, nuestras iniciativas soluciones sostenibles impulsan el futuro de las industrias de generaci\u00f3n de energ\u00eda y marina.","robots":{"index":"index","follow":"follow","max-snippet":"max-snippet:-1","max-image-preview":"max-image-preview:large","max-video-preview":"max-video-preview:-1"},"canonical":"https:\/\/dev.baudouin.com\/es\/baudouin-green-solutions\/","og_locale":"es_ES","og_type":"article","og_title":"Soluciones sostenibles - Baudouin","og_description":"En Baudouin, nuestras iniciativas soluciones sostenibles impulsan el futuro de las industrias de generaci\u00f3n de energ\u00eda y marina.","og_url":"https:\/\/dev.baudouin.com\/es\/baudouin-green-solutions\/","og_site_name":"Baudouin","article_modified_time":"2025-04-10T12:29:08+00:00","og_image":[{"width":1000,"height":1000,"url":"https:\/\/dev.baudouin.com\/wp-content\/uploads\/2023\/10\/moteurs-baudouin-green-solutions-mobile-header.jpg.jpg","type":"image\/jpeg"}],"twitter_card":"summary_large_image","twitter_misc":{"Tiempo de lectura":"3 minutos"},"schema":{"@context":"https:\/\/schema.org","@graph":[{"@type":"WebPage","@id":"https:\/\/dev.baudouin.com\/es\/baudouin-green-solutions\/","url":"https:\/\/dev.baudouin.com\/es\/baudouin-green-solutions\/","name":"Soluciones sostenibles - Baudouin","isPartOf":{"@id":"https:\/\/dev.baudouin.com\/#website"},"primaryImageOfPage":{"@id":"https:\/\/dev.baudouin.com\/es\/baudouin-green-solutions\/#primaryimage"},"image":{"@id":"https:\/\/dev.baudouin.com\/es\/baudouin-green-solutions\/#primaryimage"},"thumbnailUrl":"https:\/\/dev.baudouin.com\/wp-content\/uploads\/2023\/10\/moteurs-baudouin-green-solutions-mobile-header.jpg.jpg","datePublished":"2023-02-13T11:22:23+00:00","dateModified":"2025-04-10T12:29:08+00:00","description":"En Baudouin, nuestras iniciativas soluciones sostenibles impulsan el futuro de las industrias de generaci\u00f3n de energ\u00eda y marina.","breadcrumb":{"@id":"https:\/\/dev.baudouin.com\/es\/baudouin-green-solutions\/#breadcrumb"},"inLanguage":"es","potentialAction":[{"@type":"ReadAction","target":["https:\/\/dev.baudouin.com\/es\/baudouin-green-solutions\/"]}]},{"@type":"ImageObject","inLanguage":"es","@id":"https:\/\/dev.baudouin.com\/es\/baudouin-green-solutions\/#primaryimage","url":"https:\/\/dev.baudouin.com\/wp-content\/uploads\/2023\/10\/moteurs-baudouin-green-solutions-mobile-header.jpg.jpg","contentUrl":"https:\/\/dev.baudouin.com\/wp-content\/uploads\/2023\/10\/moteurs-baudouin-green-solutions-mobile-header.jpg.jpg","width":1000,"height":1000,"caption":"Earth from space."},{"@type":"BreadcrumbList","@id":"https:\/\/dev.baudouin.com\/es\/baudouin-green-solutions\/#breadcrumb","itemListElement":[{"@type":"ListItem","position":1,"name":"Home","item":"https:\/\/dev.baudouin.com\/es\/"},{"@type":"ListItem","position":2,"name":"Soluciones sostenibles"}]},{"@type":"WebSite","@id":"https:\/\/dev.baudouin.com\/#website","url":"https:\/\/dev.baudouin.com\/","name":"Baudouin","description":"","publisher":{"@id":"https:\/\/dev.baudouin.com\/#organization"},"potentialAction":[{"@type":"SearchAction","target":{"@type":"EntryPoint","urlTemplate":"https:\/\/dev.baudouin.com\/?s={search_term_string}"},"query-input":{"@type":"PropertyValueSpecification","valueRequired":true,"valueName":"search_term_string"}}],"inLanguage":"es"},{"@type":"Organization","@id":"https:\/\/dev.baudouin.com\/#organization","name":"Moteurs Baudouin","alternateName":"Moteurs Baudouin","url":"https:\/\/dev.baudouin.com\/","logo":{"@type":"ImageObject","inLanguage":"es","@id":"https:\/\/dev.baudouin.com\/#\/schema\/logo\/image\/","url":"https:\/\/dev.baudouin.com\/wp-content\/uploads\/2024\/12\/Moteur-Baudouin-jpg.webp","contentUrl":"https:\/\/dev.baudouin.com\/wp-content\/uploads\/2024\/12\/Moteur-Baudouin-jpg.webp","width":150,"height":150,"caption":"Moteurs Baudouin"},"image":{"@id":"https:\/\/dev.baudouin.com\/#\/schema\/logo\/image\/"}}]}},"_links":{"self":[{"href":"https:\/\/dev.baudouin.com\/es\/wp-json\/wp\/v2\/pages\/61972","targetHints":{"allow":["GET"]}}],"collection":[{"href":"https:\/\/dev.baudouin.com\/es\/wp-json\/wp\/v2\/pages"}],"about":[{"href":"https:\/\/dev.baudouin.com\/es\/wp-json\/wp\/v2\/types\/page"}],"author":[{"embeddable":true,"href":"https:\/\/dev.baudouin.com\/es\/wp-json\/wp\/v2\/users\/1"}],"replies":[{"embeddable":true,"href":"https:\/\/dev.baudouin.com\/es\/wp-json\/wp\/v2\/comments?post=61972"}],"version-history":[{"count":2,"href":"https:\/\/dev.baudouin.com\/es\/wp-json\/wp\/v2\/pages\/61972\/revisions"}],"predecessor-version":[{"id":77712,"href":"https:\/\/dev.baudouin.com\/es\/wp-json\/wp\/v2\/pages\/61972\/revisions\/77712"}],"wp:featuredmedia":[{"embeddable":true,"href":"https:\/\/dev.baudouin.com\/es\/wp-json\/wp\/v2\/media\/60515"}],"wp:attachment":[{"href":"https:\/\/dev.baudouin.com\/es\/wp-json\/wp\/v2\/media?parent=61972"}],"curies":[{"name":"wp","href":"https:\/\/api.w.org\/{rel}","templated":true}]}}