{"id":61952,"date":"2022-11-09T15:50:46","date_gmt":"2022-11-09T15:50:46","guid":{"rendered":"https:\/\/dev.baudouin.com\/marine-solutions\/"},"modified":"2025-04-18T12:09:46","modified_gmt":"2025-04-18T12:09:46","slug":"marine-solutions","status":"publish","type":"page","link":"https:\/\/dev.baudouin.com\/es\/marine-solutions\/","title":{"rendered":"Marina"},"content":{"rendered":"\n<div class=\"wp-block-group fw-bleed has-white-background-color has-background is-layout-flow wp-block-group-is-layout-flow\"><\/div>\n\n\n<style>\n    .page-hero {\n        background-image:linear-gradient(rgba(0, 0, 0, 0.25), rgba(0, 0, 0, 0.25)), url('https:\/\/dev.baudouin.com\/wp-content\/uploads\/2023\/10\/moteurs-baudouin-marine-solutions-header-mobile-header.jpg');\n        background-repeat: no-repeat;\n    }\n    p, h2 {\n        color: #fff;\n    }\n    @media screen and (min-width: 768px) {\n        .page-hero {\n        background-image:linear-gradient(rgba(0, 0, 0, 0.25), rgba(0, 0, 0, 0.25)), url('https:\/\/dev.baudouin.com\/wp-content\/uploads\/2023\/10\/moteurs-baudouin-marine-solutions-desktop-header.jpg');\n    }\n    }\n<\/style>\n<section id=\"page-hero-block_f6051e7fc68cbfe00da9807316df38ff\" class=\"page-hero py-[85px] lg:py-[100px] xl:pt-[100px] xl:pb-[242px] bg-dark-blue \">\n        <div class=\"hero-container mx-auto my-0 md:max-w-[1920px]\">\n        \n            \n        \n        <div class=\"page-hero__container flex flex-col-reverse md:flex-row lg:justify-between\">\n            <div class=\"page-hero__container--left text-center text-white lg:text-left\">\n                                    <div class=\"page-hero__container--left__breadcrumbs mb-7 lg:mb-[32px]\">\n                        <p id=\"breadcrumbs\" class=\"text-xsm text-white leading-5 font-semibold uppercase\"><span><span><a href=\"https:\/\/dev.baudouin.com\/es\/\">Home<\/a><\/span><\/span><\/p>                    <\/div>\n                                <h1 class=\"text-white  mb-[12px] uppercase font-bold md:mb-2.5 lg:mb-[33px]\">Soluciones Marinas Baudouin<\/h1>\n                <!-- <p class=\"text-gray-form leading-[21px] w-full md:text-sm md:leading-6 md:max-w-[564px]\"><p>Baudouin tiene la capacidad de analizar el entorno operativo, los requisitos inherentes al barco y los perfiles de carga para definir un sistema a medida que sea la o las\u00a0 soluci\u00f3nes marinas m\u00e1s eficaz para las necesidades del mismo.<\/p>\n<\/p> -->\n                <p>Baudouin tiene la capacidad de analizar el entorno operativo, los requisitos inherentes al barco y los perfiles de carga para definir un sistema a medida que sea la o las\u00a0 soluci\u00f3nes marinas m\u00e1s eficaz para las necesidades del mismo.<\/p>\n            <\/div>\n           \n            \n        <\/div>\n\n    <\/div>\n<\/section>\n\n\n<div class=\"wp-block-group ghostkit-custom-L9Xp is-layout-flow wp-block-group-is-layout-flow\">\n<div class=\"wp-block-columns is-layout-flex wp-container-core-columns-is-layout-1 wp-block-columns-is-layout-flex\">\n<div class=\"wp-block-column ghostkit-custom-ubY0e is-layout-flow wp-block-column-is-layout-flow\">\n<div class=\"wp-block-cover has-custom-content-position is-position-bottom-center ghostkit-custom-ZCGSJq\"><span aria-hidden=\"true\" class=\"wp-block-cover__background has-background-dim-30 has-background-dim\"><\/span><img loading=\"lazy\" decoding=\"async\" width=\"1734\" height=\"1105\" class=\"wp-block-cover__image-background wp-image-60972\" alt=\"Soluciones Marinas Baudouin\" src=\"https:\/\/dev.baudouin.com\/wp-content\/uploads\/2023\/10\/moteurs-baudouin-marine-solutions-propulsion-engines.jpg\" data-object-fit=\"cover\" srcset=\"https:\/\/dev.baudouin.com\/wp-content\/uploads\/2023\/10\/moteurs-baudouin-marine-solutions-propulsion-engines.jpg 1734w, https:\/\/dev.baudouin.com\/wp-content\/uploads\/2023\/10\/moteurs-baudouin-marine-solutions-propulsion-engines-300x191.jpg 300w, https:\/\/dev.baudouin.com\/wp-content\/uploads\/2023\/10\/moteurs-baudouin-marine-solutions-propulsion-engines-1024x653.jpg 1024w, https:\/\/dev.baudouin.com\/wp-content\/uploads\/2023\/10\/moteurs-baudouin-marine-solutions-propulsion-engines-768x489.jpg 768w, https:\/\/dev.baudouin.com\/wp-content\/uploads\/2023\/10\/moteurs-baudouin-marine-solutions-propulsion-engines-1536x979.jpg 1536w\" sizes=\"auto, (max-width: 1734px) 100vw, 1734px\" \/><div class=\"wp-block-cover__inner-container is-layout-flow wp-block-cover-is-layout-flow\">\n<h2 class=\"wp-block-heading has-text-align-center has-large-font-size\" id=\"baudouin-propulsion-engines\">MOTORES DE PROPULSI\u00d3N BAUDOUIN<\/h2>\n<\/div><\/div>\n\n\n\n<p class=\"has-text-align-center ghostkit-custom-2vmh5G\">Entre las soluciones marinas se incluyen los motores de propulsi\u00f3n marina, que garantizan la continuidad operativa gracias a su dise\u00f1o genuinamente marino, su fiabilidad en las condiciones m\u00e1s extremas, su bajo consumo de combustible y su tiempo medio entre mantenimientos de su clase, adem\u00e1s de su dise\u00f1o optimizado para un mantenimiento r\u00e1pido y sencillo.<\/p>\n\n\n\n<div class=\"wp-block-buttons is-content-justification-center is-layout-flex wp-container-core-buttons-is-layout-1 wp-block-buttons-is-layout-flex\">\n<div class=\"wp-block-button ghostkit-custom-H0iCE\"><a class=\"wp-block-button__link has-white-color has-text-color has-background wp-element-button\" href=\"https:\/\/dev.baudouin.com\/es\/engine_product-category\/motores-de-propulsion-marinos\/\" style=\"border-radius:0px;background-color:#001e61\">VER LA GAMA DE MOTORES DE PROPULSI\u00d3N<\/a><\/div>\n<\/div>\n<\/div>\n\n\n\n<div class=\"wp-block-column is-layout-flow wp-block-column-is-layout-flow\">\n<div class=\"wp-block-cover has-custom-content-position is-position-bottom-center ghostkit-custom-ZEv6BN\"><span aria-hidden=\"true\" class=\"wp-block-cover__background has-background-dim-30 has-background-dim\"><\/span><img loading=\"lazy\" decoding=\"async\" width=\"1000\" height=\"780\" class=\"wp-block-cover__image-background wp-image-60964\" alt=\"Soluciones Marinas Baudouin\" src=\"https:\/\/dev.baudouin.com\/wp-content\/uploads\/2023\/10\/moteurs-baudouin-marine-solutions-generators.jpg\" data-object-fit=\"cover\" srcset=\"https:\/\/dev.baudouin.com\/wp-content\/uploads\/2023\/10\/moteurs-baudouin-marine-solutions-generators.jpg 1000w, https:\/\/dev.baudouin.com\/wp-content\/uploads\/2023\/10\/moteurs-baudouin-marine-solutions-generators-300x234.jpg 300w, https:\/\/dev.baudouin.com\/wp-content\/uploads\/2023\/10\/moteurs-baudouin-marine-solutions-generators-768x599.jpg 768w\" sizes=\"auto, (max-width: 1000px) 100vw, 1000px\" \/><div class=\"wp-block-cover__inner-container is-layout-flow wp-block-cover-is-layout-flow\">\n<h2 class=\"wp-block-heading has-text-align-center has-large-font-size\" id=\"baudouin-propulsion-engines\">GENERADORES MARINOS BAUDOUIN<\/h2>\n<\/div><\/div>\n\n\n\n<p class=\"has-text-align-center ghostkit-custom-NgcH4\">Los generadores marinos Baudouin se adaptan perfectamente a las necesidades equilibradas de <a href=\"https:\/\/es.wikipedia.org\/wiki\/Energ%C3%ADa\">energ\u00eda<\/a> a bordo y a la carga. Al combinarlos con alternadores altamente eficientes e integrarlos en los sistemas de propulsi\u00f3n Baudouin, ofrecemos una de las mejores soluciones marinas para el grupo motopropulsor embarcado.<\/p>\n\n\n\n<div class=\"wp-block-buttons is-content-justification-center is-layout-flex wp-container-core-buttons-is-layout-2 wp-block-buttons-is-layout-flex\">\n<div class=\"wp-block-button\"><a class=\"wp-block-button__link has-white-color has-text-color has-background wp-element-button\" href=\"https:\/\/dev.baudouin.com\/es\/engine_product-category\/generadores-de-energia-marinos\/\" style=\"border-radius:0px;background-color:#001e61\">VER GAMA DE GENERADORES DE ENERG\u00cdA<\/a><\/div>\n<\/div>\n<\/div>\n<\/div>\n<\/div>\n\n\n\n<div class=\"wp-block-group ghostkit-custom-ZSwnxO is-layout-flow wp-block-group-is-layout-flow\">\n<div class=\"wp-block-columns is-layout-flex wp-container-core-columns-is-layout-2 wp-block-columns-is-layout-flex\">\n<div class=\"wp-block-column is-layout-flow wp-block-column-is-layout-flow\">\n<div class=\"wp-block-cover is-light has-custom-content-position is-position-bottom-center ghostkit-custom-mzFkC\"><span aria-hidden=\"true\" class=\"wp-block-cover__background has-background-dim\"><\/span><img loading=\"lazy\" decoding=\"async\" width=\"1734\" height=\"1105\" class=\"wp-block-cover__image-background wp-image-60968\" alt=\"Soluciones Marinas Baudouin\" src=\"https:\/\/dev.baudouin.com\/wp-content\/uploads\/2023\/10\/moteurs-baudouin-marine-solutions-hybrid-systems.jpg\" data-object-fit=\"cover\" srcset=\"https:\/\/dev.baudouin.com\/wp-content\/uploads\/2023\/10\/moteurs-baudouin-marine-solutions-hybrid-systems.jpg 1734w, https:\/\/dev.baudouin.com\/wp-content\/uploads\/2023\/10\/moteurs-baudouin-marine-solutions-hybrid-systems-300x191.jpg 300w, https:\/\/dev.baudouin.com\/wp-content\/uploads\/2023\/10\/moteurs-baudouin-marine-solutions-hybrid-systems-1024x653.jpg 1024w, https:\/\/dev.baudouin.com\/wp-content\/uploads\/2023\/10\/moteurs-baudouin-marine-solutions-hybrid-systems-768x489.jpg 768w, https:\/\/dev.baudouin.com\/wp-content\/uploads\/2023\/10\/moteurs-baudouin-marine-solutions-hybrid-systems-1536x979.jpg 1536w\" sizes=\"auto, (max-width: 1734px) 100vw, 1734px\" \/><div class=\"wp-block-cover__inner-container is-layout-flow wp-block-cover-is-layout-flow\">\n<h2 class=\"wp-block-heading has-text-align-center ghostkit-custom-22oGF6 has-white-color has-text-color has-large-font-size\" id=\"baudouin-propulsion-engines\">SISTEMA H\u00cdBRIDO BAUDOUIN<\/h2>\n<\/div><\/div>\n\n\n\n<p class=\"has-text-align-center ghostkit-custom-2bYTwD\">Como proveedor de sistemas h\u00edbridos integrales, las soluciones h\u00edbridas Baudouin ofrecen opciones para reducir el tama\u00f1o de los motores, flexibilidad en la gesti\u00f3n de la potencia y el combustible y optimizaci\u00f3n del ciclo de mantenimiento.<\/p>\n\n\n\n<div class=\"wp-block-buttons ghostkit-custom-Z1R1YWo is-content-justification-center is-layout-flex wp-container-core-buttons-is-layout-3 wp-block-buttons-is-layout-flex\">\n<div class=\"wp-block-button ghostkit-custom-ZPArph\"><a class=\"wp-block-button__link has-white-color has-text-color has-background wp-element-button\" href=\"https:\/\/dev.baudouin.com\/es\/a-complete-hybrid-system-supplier\/\" style=\"border-radius:0px;background-color:#001e61\">VER GAMA H\u00cdBRIDA<\/a><\/div>\n<\/div>\n<\/div>\n\n\n\n<div class=\"wp-block-column is-layout-flow wp-block-column-is-layout-flow\"><\/div>\n<\/div>\n<\/div>\n\n\n\n<h2 class=\"wp-block-heading has-white-color has-text-color has-link-color wp-elements-b2a7c5ded229980de4af68da712acecc\" id=\"soluciones-marinas-para-las-aplicaciones-marinas\">Soluciones marinas para las aplicaciones marinas<\/h2>\n\n\n\n<h3 class=\"wp-block-heading has-white-color has-text-color has-link-color wp-elements-110be90f1fa6a45ca6ad68c9463af37d\"><\/h3>\n\n\n\n<section id=\"partner-slider-block_c7696cbcefb36a71df5026c32151208f\" class=\"partner-slider\">\n  <div class=\"site-container flex flex-col\">\n    <h3 class=\"mb-[22px] md:mb-[50px] lg:mb-[70px] xl:mb-[90px] text-center\">Nuestros distribuidores oficiales<\/h3>\n            <div class=\"partner-slider__box\">\n            <div class=\"partner-slider__container\">\n                <div class=\"swiper-wrapper\">\n                                                                        <div class=\"swiper-slide\">\n                                <img decoding=\"async\" src=\"https:\/\/dev.baudouin.com\/wp-content\/uploads\/2023\/08\/1-1.svg\" alt=\"South Shore logo\">\n                            <\/div>\n                                                                                                <div class=\"swiper-slide\">\n                                <img decoding=\"async\" src=\"https:\/\/dev.baudouin.com\/wp-content\/uploads\/2023\/08\/1568669582-ofatec-sa-techniques-de-l-energie-2593-1.svg\" alt=\"ofatec sa techniques de l'energie logo\">\n                            <\/div>\n                                                                                                <div class=\"swiper-slide\">\n                                <img decoding=\"async\" src=\"https:\/\/dev.baudouin.com\/wp-content\/uploads\/2023\/08\/DETROIT-VA-SOBRE-BLANCO-1.svg\" alt=\"Detroit Power System Peru logo\">\n                            <\/div>\n                                                                                                <div class=\"swiper-slide\">\n                                <img decoding=\"async\" src=\"https:\/\/dev.baudouin.com\/wp-content\/uploads\/2023\/08\/logo-dr-motor-120-1.svg\" alt=\"DR Motor logo\">\n                            <\/div>\n                                                                                                <div class=\"swiper-slide\">\n                                <img decoding=\"async\" src=\"https:\/\/dev.baudouin.com\/wp-content\/uploads\/2023\/08\/Powerhouse-2-1.svg\" alt=\"PowerHouse logo\">\n                            <\/div>\n                                                            <\/div>\n                \n            <\/div>\n            <div class=\"partner-slider__container__next \">\n                <img decoding=\"async\" src=\"https:\/\/dev.baudouin.com\/wp-content\/themes\/baudouin-latest\/assets\/chevron-nav.svg\" alt=\"next\">\n            <\/div>\n            <div class=\"partner-slider__container__prev \">\n                <img decoding=\"async\" src=\"https:\/\/dev.baudouin.com\/wp-content\/themes\/baudouin-latest\/assets\/chevron-nav.svg\" alt=\"previous\">\n            <\/div>\n        <\/div>\n      <\/div>\n<\/section>\n\n\n\n<div style=\"height:100px\" aria-hidden=\"true\" class=\"wp-block-spacer\"><\/div>\n\n\n\n<p><\/p>\n","protected":false},"excerpt":{"rendered":"<p>Entre las soluciones marinas se incluyen los motores de propulsi\u00f3n marina, que garantizan la continuidad operativa gracias a su dise\u00f1o genuinamente marino, su fiabilidad en las condiciones m\u00e1s extremas, su bajo consumo&#8230;<\/p>\n","protected":false},"author":1,"featured_media":60193,"parent":0,"menu_order":0,"comment_status":"closed","ping_status":"closed","template":"","meta":{"_acf_changed":false,"content-type":"","ghostkit_customizer_options":"","ghostkit_custom_css":"","ghostkit_custom_js_head":"","ghostkit_custom_js_foot":"","ghostkit_typography":"","two_page_speed":[],"footnotes":""},"class_list":["post-61952","page","type-page","status-publish","has-post-thumbnail","hentry"],"acf":[],"yoast_head":"<!-- This site is optimized with the Yoast SEO plugin v26.8 - https:\/\/yoast.com\/product\/yoast-seo-wordpress\/ -->\n<title>Marina - Baudouin<\/title>\n<meta name=\"description\" content=\"Baudouin ofrece soluciones marinas mediante el an\u00e1lisis del entorno operativo, los requisitos del buque y los perfiles de carga.\" \/>\n<meta name=\"robots\" content=\"index, follow, max-snippet:-1, max-image-preview:large, max-video-preview:-1\" \/>\n<link rel=\"canonical\" href=\"https:\/\/dev.baudouin.com\/es\/marine-solutions\/\" \/>\n<meta property=\"og:locale\" content=\"es_ES\" \/>\n<meta property=\"og:type\" content=\"article\" \/>\n<meta property=\"og:title\" content=\"Marina - Baudouin\" \/>\n<meta property=\"og:description\" content=\"Baudouin ofrece soluciones marinas mediante el an\u00e1lisis del entorno operativo, los requisitos del buque y los perfiles de carga.\" \/>\n<meta property=\"og:url\" content=\"https:\/\/dev.baudouin.com\/es\/marine-solutions\/\" \/>\n<meta property=\"og:site_name\" content=\"Baudouin\" \/>\n<meta property=\"article:modified_time\" content=\"2025-04-18T12:09:46+00:00\" \/>\n<meta property=\"og:image\" content=\"https:\/\/dev.baudouin.com\/wp-content\/uploads\/2023\/10\/moteurs-baudouin-marine-solutions-header-mobile-header.jpg\" \/>\n\t<meta property=\"og:image:width\" content=\"1000\" \/>\n\t<meta property=\"og:image:height\" content=\"1000\" \/>\n\t<meta property=\"og:image:type\" content=\"image\/jpeg\" \/>\n<meta name=\"twitter:card\" content=\"summary_large_image\" \/>\n<meta name=\"twitter:label1\" content=\"Tiempo de lectura\" \/>\n\t<meta name=\"twitter:data1\" content=\"2 minutos\" \/>\n<script type=\"application\/ld+json\" class=\"yoast-schema-graph\">{\"@context\":\"https:\/\/schema.org\",\"@graph\":[{\"@type\":\"WebPage\",\"@id\":\"https:\/\/dev.baudouin.com\/es\/marine-solutions\/\",\"url\":\"https:\/\/dev.baudouin.com\/es\/marine-solutions\/\",\"name\":\"Marina - Baudouin\",\"isPartOf\":{\"@id\":\"https:\/\/dev.baudouin.com\/#website\"},\"primaryImageOfPage\":{\"@id\":\"https:\/\/dev.baudouin.com\/es\/marine-solutions\/#primaryimage\"},\"image\":{\"@id\":\"https:\/\/dev.baudouin.com\/es\/marine-solutions\/#primaryimage\"},\"thumbnailUrl\":\"https:\/\/dev.baudouin.com\/wp-content\/uploads\/2023\/10\/moteurs-baudouin-marine-solutions-header-mobile-header.jpg\",\"datePublished\":\"2022-11-09T15:50:46+00:00\",\"dateModified\":\"2025-04-18T12:09:46+00:00\",\"description\":\"Baudouin ofrece soluciones marinas mediante el an\u00e1lisis del entorno operativo, los requisitos del buque y los perfiles de carga.\",\"breadcrumb\":{\"@id\":\"https:\/\/dev.baudouin.com\/es\/marine-solutions\/#breadcrumb\"},\"inLanguage\":\"es\",\"potentialAction\":[{\"@type\":\"ReadAction\",\"target\":[\"https:\/\/dev.baudouin.com\/es\/marine-solutions\/\"]}]},{\"@type\":\"ImageObject\",\"inLanguage\":\"es\",\"@id\":\"https:\/\/dev.baudouin.com\/es\/marine-solutions\/#primaryimage\",\"url\":\"https:\/\/dev.baudouin.com\/wp-content\/uploads\/2023\/10\/moteurs-baudouin-marine-solutions-header-mobile-header.jpg\",\"contentUrl\":\"https:\/\/dev.baudouin.com\/wp-content\/uploads\/2023\/10\/moteurs-baudouin-marine-solutions-header-mobile-header.jpg\",\"width\":1000,\"height\":1000,\"caption\":\"Under the surface of water.\"},{\"@type\":\"BreadcrumbList\",\"@id\":\"https:\/\/dev.baudouin.com\/es\/marine-solutions\/#breadcrumb\",\"itemListElement\":[{\"@type\":\"ListItem\",\"position\":1,\"name\":\"Home\",\"item\":\"https:\/\/dev.baudouin.com\/es\/\"},{\"@type\":\"ListItem\",\"position\":2,\"name\":\"Marina\"}]},{\"@type\":\"WebSite\",\"@id\":\"https:\/\/dev.baudouin.com\/#website\",\"url\":\"https:\/\/dev.baudouin.com\/\",\"name\":\"Baudouin\",\"description\":\"\",\"publisher\":{\"@id\":\"https:\/\/dev.baudouin.com\/#organization\"},\"potentialAction\":[{\"@type\":\"SearchAction\",\"target\":{\"@type\":\"EntryPoint\",\"urlTemplate\":\"https:\/\/dev.baudouin.com\/?s={search_term_string}\"},\"query-input\":{\"@type\":\"PropertyValueSpecification\",\"valueRequired\":true,\"valueName\":\"search_term_string\"}}],\"inLanguage\":\"es\"},{\"@type\":\"Organization\",\"@id\":\"https:\/\/dev.baudouin.com\/#organization\",\"name\":\"Moteurs Baudouin\",\"alternateName\":\"Moteurs Baudouin\",\"url\":\"https:\/\/dev.baudouin.com\/\",\"logo\":{\"@type\":\"ImageObject\",\"inLanguage\":\"es\",\"@id\":\"https:\/\/dev.baudouin.com\/#\/schema\/logo\/image\/\",\"url\":\"https:\/\/dev.baudouin.com\/wp-content\/uploads\/2024\/12\/Moteur-Baudouin-jpg.webp\",\"contentUrl\":\"https:\/\/dev.baudouin.com\/wp-content\/uploads\/2024\/12\/Moteur-Baudouin-jpg.webp\",\"width\":150,\"height\":150,\"caption\":\"Moteurs Baudouin\"},\"image\":{\"@id\":\"https:\/\/dev.baudouin.com\/#\/schema\/logo\/image\/\"}}]}<\/script>\n<!-- \/ Yoast SEO plugin. -->","yoast_head_json":{"title":"Marina - Baudouin","description":"Baudouin ofrece soluciones marinas mediante el an\u00e1lisis del entorno operativo, los requisitos del buque y los perfiles de carga.","robots":{"index":"index","follow":"follow","max-snippet":"max-snippet:-1","max-image-preview":"max-image-preview:large","max-video-preview":"max-video-preview:-1"},"canonical":"https:\/\/dev.baudouin.com\/es\/marine-solutions\/","og_locale":"es_ES","og_type":"article","og_title":"Marina - Baudouin","og_description":"Baudouin ofrece soluciones marinas mediante el an\u00e1lisis del entorno operativo, los requisitos del buque y los perfiles de carga.","og_url":"https:\/\/dev.baudouin.com\/es\/marine-solutions\/","og_site_name":"Baudouin","article_modified_time":"2025-04-18T12:09:46+00:00","og_image":[{"width":1000,"height":1000,"url":"https:\/\/dev.baudouin.com\/wp-content\/uploads\/2023\/10\/moteurs-baudouin-marine-solutions-header-mobile-header.jpg","type":"image\/jpeg"}],"twitter_card":"summary_large_image","twitter_misc":{"Tiempo de lectura":"2 minutos"},"schema":{"@context":"https:\/\/schema.org","@graph":[{"@type":"WebPage","@id":"https:\/\/dev.baudouin.com\/es\/marine-solutions\/","url":"https:\/\/dev.baudouin.com\/es\/marine-solutions\/","name":"Marina - Baudouin","isPartOf":{"@id":"https:\/\/dev.baudouin.com\/#website"},"primaryImageOfPage":{"@id":"https:\/\/dev.baudouin.com\/es\/marine-solutions\/#primaryimage"},"image":{"@id":"https:\/\/dev.baudouin.com\/es\/marine-solutions\/#primaryimage"},"thumbnailUrl":"https:\/\/dev.baudouin.com\/wp-content\/uploads\/2023\/10\/moteurs-baudouin-marine-solutions-header-mobile-header.jpg","datePublished":"2022-11-09T15:50:46+00:00","dateModified":"2025-04-18T12:09:46+00:00","description":"Baudouin ofrece soluciones marinas mediante el an\u00e1lisis del entorno operativo, los requisitos del buque y los perfiles de carga.","breadcrumb":{"@id":"https:\/\/dev.baudouin.com\/es\/marine-solutions\/#breadcrumb"},"inLanguage":"es","potentialAction":[{"@type":"ReadAction","target":["https:\/\/dev.baudouin.com\/es\/marine-solutions\/"]}]},{"@type":"ImageObject","inLanguage":"es","@id":"https:\/\/dev.baudouin.com\/es\/marine-solutions\/#primaryimage","url":"https:\/\/dev.baudouin.com\/wp-content\/uploads\/2023\/10\/moteurs-baudouin-marine-solutions-header-mobile-header.jpg","contentUrl":"https:\/\/dev.baudouin.com\/wp-content\/uploads\/2023\/10\/moteurs-baudouin-marine-solutions-header-mobile-header.jpg","width":1000,"height":1000,"caption":"Under the surface of water."},{"@type":"BreadcrumbList","@id":"https:\/\/dev.baudouin.com\/es\/marine-solutions\/#breadcrumb","itemListElement":[{"@type":"ListItem","position":1,"name":"Home","item":"https:\/\/dev.baudouin.com\/es\/"},{"@type":"ListItem","position":2,"name":"Marina"}]},{"@type":"WebSite","@id":"https:\/\/dev.baudouin.com\/#website","url":"https:\/\/dev.baudouin.com\/","name":"Baudouin","description":"","publisher":{"@id":"https:\/\/dev.baudouin.com\/#organization"},"potentialAction":[{"@type":"SearchAction","target":{"@type":"EntryPoint","urlTemplate":"https:\/\/dev.baudouin.com\/?s={search_term_string}"},"query-input":{"@type":"PropertyValueSpecification","valueRequired":true,"valueName":"search_term_string"}}],"inLanguage":"es"},{"@type":"Organization","@id":"https:\/\/dev.baudouin.com\/#organization","name":"Moteurs Baudouin","alternateName":"Moteurs Baudouin","url":"https:\/\/dev.baudouin.com\/","logo":{"@type":"ImageObject","inLanguage":"es","@id":"https:\/\/dev.baudouin.com\/#\/schema\/logo\/image\/","url":"https:\/\/dev.baudouin.com\/wp-content\/uploads\/2024\/12\/Moteur-Baudouin-jpg.webp","contentUrl":"https:\/\/dev.baudouin.com\/wp-content\/uploads\/2024\/12\/Moteur-Baudouin-jpg.webp","width":150,"height":150,"caption":"Moteurs Baudouin"},"image":{"@id":"https:\/\/dev.baudouin.com\/#\/schema\/logo\/image\/"}}]}},"_links":{"self":[{"href":"https:\/\/dev.baudouin.com\/es\/wp-json\/wp\/v2\/pages\/61952","targetHints":{"allow":["GET"]}}],"collection":[{"href":"https:\/\/dev.baudouin.com\/es\/wp-json\/wp\/v2\/pages"}],"about":[{"href":"https:\/\/dev.baudouin.com\/es\/wp-json\/wp\/v2\/types\/page"}],"author":[{"embeddable":true,"href":"https:\/\/dev.baudouin.com\/es\/wp-json\/wp\/v2\/users\/1"}],"replies":[{"embeddable":true,"href":"https:\/\/dev.baudouin.com\/es\/wp-json\/wp\/v2\/comments?post=61952"}],"version-history":[{"count":11,"href":"https:\/\/dev.baudouin.com\/es\/wp-json\/wp\/v2\/pages\/61952\/revisions"}],"predecessor-version":[{"id":77775,"href":"https:\/\/dev.baudouin.com\/es\/wp-json\/wp\/v2\/pages\/61952\/revisions\/77775"}],"wp:featuredmedia":[{"embeddable":true,"href":"https:\/\/dev.baudouin.com\/es\/wp-json\/wp\/v2\/media\/60193"}],"wp:attachment":[{"href":"https:\/\/dev.baudouin.com\/es\/wp-json\/wp\/v2\/media?parent=61952"}],"curies":[{"name":"wp","href":"https:\/\/api.w.org\/{rel}","templated":true}]}}